{"id":9493,"date":"2022-06-10T07:33:44","date_gmt":"2022-06-10T07:33:44","guid":{"rendered":"https:\/\/motion-x.net\/?page_id=9493"},"modified":"2022-06-23T13:47:41","modified_gmt":"2022-06-23T13:47:41","slug":"gueterverkehrskonzept-duesseldorf-2","status":"publish","type":"page","link":"https:\/\/motion-x.net\/en\/gueterverkehrskonzept-duesseldorf-2\/","title":{"rendered":"Freight transport concept D\u00fcsseldorf"},"content":{"rendered":"<div data-elementor-type=\"wp-page\" data-elementor-id=\"9493\" class=\"elementor elementor-9493\">\n\t\t\t\t\t\t\t\t\t<section class=\"elementor-section elementor-top-section elementor-element elementor-element-f4966e6 elementor-section-boxed elementor-section-height-default elementor-section-height-default\" data-id=\"f4966e6\" data-element_type=\"section\">\n\t\t\t\t\t\t<div class=\"elementor-container elementor-column-gap-default\">\n\t\t\t\t\t<div class=\"elementor-column elementor-col-100 elementor-top-column elementor-element elementor-element-6e7d4c1\" data-id=\"6e7d4c1\" data-element_type=\"column\">\n\t\t\t<div class=\"elementor-widget-wrap elementor-element-populated\">\n\t\t\t\t\t\t\t\t<div class=\"elementor-element elementor-element-7311de2 elementor-widget elementor-widget-text-editor\" data-id=\"7311de2\" data-element_type=\"widget\" data-widget_type=\"text-editor.default\">\n\t\t\t\t<div class=\"elementor-widget-container\">\n\t\t\t\t\t\t\t<h2 class=\"elementor-heading-title elementor-size-default elementor-inline-editing pen\" contenteditable=\"true\" data-elementor-setting-key=\"title\" data-pen-placeholder=\"Eingabe hier...\"><b>Freight transport concept state capital D\u00fcsseldorf<\/b>\u200b<\/h2>\t\t\t\t\t\t<\/div>\n\t\t\t\t<\/div>\n\t\t\t\t\t<\/div>\n\t\t<\/div>\n\t\t\t\t\t\t\t<\/div>\n\t\t<\/section>\n\t\t\t\t<section class=\"elementor-section elementor-top-section elementor-element elementor-element-379eca34 elementor-section-boxed elementor-section-height-default elementor-section-height-default\" data-id=\"379eca34\" data-element_type=\"section\">\n\t\t\t\t\t\t<div class=\"elementor-container elementor-column-gap-default\">\n\t\t\t\t\t<div class=\"elementor-column elementor-col-100 elementor-top-column elementor-element elementor-element-5f421aed\" data-id=\"5f421aed\" data-element_type=\"column\">\n\t\t\t<div class=\"elementor-widget-wrap elementor-element-populated\">\n\t\t\t\t\t\t\t\t<div class=\"elementor-element elementor-element-6ab49055 elementor-widget elementor-widget-text-editor\" data-id=\"6ab49055\" data-element_type=\"widget\" data-widget_type=\"text-editor.default\">\n\t\t\t\t<div class=\"elementor-widget-container\">\n\t\t\t\t\t\t\t<p><!-- wp:paragraph --><\/p>\n<p>Since the beginning of 2022, motion-X, together with Benz + Walter and LNC LogisticNetwork\nConsultants, has been developing the D\u00fcsseldorf freight traffic concept on behalf of the Office for\nTraffic Management of the state capital, D\u00fcsseldorf. The D\u00fcsseldorf freight transport concept - with a\ntime horizon until 2035 - is intended to function as a strategic framework for managing urban freight\ntransport.<br \/>Urban freight transport is shaped by the quality of existing services and logistical structures as well as\nby the performance and control of public transport networks. Thus, freight transport not only\nensures the availability of goods for the population as end customers, but also for manufacturing\nindustry and wholesale traders and is thus highly relevant for the competitiveness and accessibility of<\/p>\n<p><!-- \/wp:paragraph --><\/p>\t\t\t\t\t\t<\/div>\n\t\t\t\t<\/div>\n\t\t\t\t<div class=\"elementor-element elementor-element-a3305f9 elementor-widget elementor-widget-spacer\" data-id=\"a3305f9\" data-element_type=\"widget\" data-widget_type=\"spacer.default\">\n\t\t\t\t<div class=\"elementor-widget-container\">\n\t\t\t\t\t<div class=\"elementor-spacer\">\n\t\t\t<div class=\"elementor-spacer-inner\"><\/div>\n\t\t<\/div>\n\t\t\t\t<\/div>\n\t\t\t\t<\/div>\n\t\t\t\t\t<\/div>\n\t\t<\/div>\n\t\t\t\t\t\t\t<\/div>\n\t\t<\/section>\n\t\t\t\t<section class=\"elementor-section elementor-top-section elementor-element elementor-element-3e72002 elementor-section-boxed elementor-section-height-default elementor-section-height-default\" data-id=\"3e72002\" data-element_type=\"section\">\n\t\t\t\t\t\t<div class=\"elementor-container elementor-column-gap-default\">\n\t\t\t\t\t<div class=\"elementor-column elementor-col-100 elementor-top-column elementor-element elementor-element-4391031\" data-id=\"4391031\" data-element_type=\"column\">\n\t\t\t<div class=\"elementor-widget-wrap elementor-element-populated\">\n\t\t\t\t\t\t\t\t<div class=\"elementor-element elementor-element-5e9ab88 elementor-widget elementor-widget-image\" data-id=\"5e9ab88\" data-element_type=\"widget\" data-widget_type=\"image.default\">\n\t\t\t\t<div class=\"elementor-widget-container\">\n\t\t\t\t\t\t\t\t\t\t\t\t\t\t\t<img width=\"2160\" height=\"1048\" src=\"https:\/\/motion-x.net\/wp-content\/uploads\/2022\/06\/Bildschirmfoto-2022-06-10-um-09.47.32.jpeg\" class=\"attachment-full size-full\" alt=\"\" loading=\"lazy\" srcset=\"https:\/\/motion-x.net\/wp-content\/uploads\/2022\/06\/Bildschirmfoto-2022-06-10-um-09.47.32.jpeg 2160w, https:\/\/motion-x.net\/wp-content\/uploads\/2022\/06\/Bildschirmfoto-2022-06-10-um-09.47.32-300x146.jpeg 300w, https:\/\/motion-x.net\/wp-content\/uploads\/2022\/06\/Bildschirmfoto-2022-06-10-um-09.47.32-1024x497.jpeg 1024w, https:\/\/motion-x.net\/wp-content\/uploads\/2022\/06\/Bildschirmfoto-2022-06-10-um-09.47.32-768x373.jpeg 768w, https:\/\/motion-x.net\/wp-content\/uploads\/2022\/06\/Bildschirmfoto-2022-06-10-um-09.47.32-1536x745.jpeg 1536w, https:\/\/motion-x.net\/wp-content\/uploads\/2022\/06\/Bildschirmfoto-2022-06-10-um-09.47.32-2048x994.jpeg 2048w, https:\/\/motion-x.net\/wp-content\/uploads\/2022\/06\/Bildschirmfoto-2022-06-10-um-09.47.32-18x9.jpeg 18w\" sizes=\"(max-width: 2160px) 100vw, 2160px\" \/>\t\t\t\t\t\t\t\t\t\t\t\t\t\t\t<\/div>\n\t\t\t\t<\/div>\n\t\t\t\t\t<\/div>\n\t\t<\/div>\n\t\t\t\t\t\t\t<\/div>\n\t\t<\/section>\n\t\t\t\t<section class=\"elementor-section elementor-top-section elementor-element elementor-element-8e48d7e elementor-section-boxed elementor-section-height-default elementor-section-height-default\" data-id=\"8e48d7e\" data-element_type=\"section\">\n\t\t\t\t\t\t<div class=\"elementor-container elementor-column-gap-default\">\n\t\t\t\t\t<div class=\"elementor-column elementor-col-100 elementor-top-column elementor-element elementor-element-96b9cc3\" data-id=\"96b9cc3\" data-element_type=\"column\">\n\t\t\t<div class=\"elementor-widget-wrap elementor-element-populated\">\n\t\t\t\t\t\t\t\t<div class=\"elementor-element elementor-element-d522c73 elementor-widget elementor-widget-text-editor\" data-id=\"d522c73\" data-element_type=\"widget\" data-widget_type=\"text-editor.default\">\n\t\t\t\t<div class=\"elementor-widget-container\">\n\t\t\t\t\t\t\t<p>Therefore, it is crucial to create appropriate strategic framework conditions and to proactively\nmanage their implementation in order to ensure the functioning of urban freight transport - in a way\nthat is compatible with the city, environmentally friendly and appropriate for the future. The logistics\nindustry is growing and with it the volume of traffic and emissions, driven above all by the increase in\ndemand from e-commerce. In the context of these developments and not least because of the\nclimate emergency declared in 2019, there is a need for action on the part of the state capital,\nD\u00fcsseldorf.<\/p>\t\t\t\t\t\t<\/div>\n\t\t\t\t<\/div>\n\t\t\t\t\t<\/div>\n\t\t<\/div>\n\t\t\t\t\t\t\t<\/div>\n\t\t<\/section>\n\t\t\t\t<section class=\"elementor-section elementor-top-section elementor-element elementor-element-b5fa7db elementor-section-boxed elementor-section-height-default elementor-section-height-default\" data-id=\"b5fa7db\" data-element_type=\"section\">\n\t\t\t\t\t\t<div class=\"elementor-container elementor-column-gap-default\">\n\t\t\t\t\t<div class=\"elementor-column elementor-col-100 elementor-top-column elementor-element elementor-element-72cf81b\" data-id=\"72cf81b\" data-element_type=\"column\">\n\t\t\t<div class=\"elementor-widget-wrap elementor-element-populated\">\n\t\t\t\t\t\t\t\t<div class=\"elementor-element elementor-element-18e412a elementor-widget elementor-widget-spacer\" data-id=\"18e412a\" data-element_type=\"widget\" data-widget_type=\"spacer.default\">\n\t\t\t\t<div class=\"elementor-widget-container\">\n\t\t\t\t\t<div class=\"elementor-spacer\">\n\t\t\t<div class=\"elementor-spacer-inner\"><\/div>\n\t\t<\/div>\n\t\t\t\t<\/div>\n\t\t\t\t<\/div>\n\t\t\t\t\t<\/div>\n\t\t<\/div>\n\t\t\t\t\t\t\t<\/div>\n\t\t<\/section>\n\t\t\t\t<section class=\"elementor-section elementor-top-section elementor-element elementor-element-7b1991f elementor-section-boxed elementor-section-height-default elementor-section-height-default\" data-id=\"7b1991f\" data-element_type=\"section\">\n\t\t\t\t\t\t<div class=\"elementor-container elementor-column-gap-default\">\n\t\t\t\t\t<div class=\"elementor-column elementor-col-100 elementor-top-column elementor-element elementor-element-8b6e9d8\" data-id=\"8b6e9d8\" data-element_type=\"column\">\n\t\t\t<div class=\"elementor-widget-wrap elementor-element-populated\">\n\t\t\t\t\t\t\t\t<div class=\"elementor-element elementor-element-d1bf179 elementor-widget elementor-widget-image\" data-id=\"d1bf179\" data-element_type=\"widget\" data-widget_type=\"image.default\">\n\t\t\t\t<div class=\"elementor-widget-container\">\n\t\t\t\t\t\t\t\t\t\t\t\t\t\t\t<img width=\"2160\" height=\"1148\" src=\"https:\/\/motion-x.net\/wp-content\/uploads\/2022\/06\/Bildschirmfoto-2022-06-10-um-09.47.50.jpeg\" class=\"attachment-full size-full\" alt=\"\" loading=\"lazy\" srcset=\"https:\/\/motion-x.net\/wp-content\/uploads\/2022\/06\/Bildschirmfoto-2022-06-10-um-09.47.50.jpeg 2160w, https:\/\/motion-x.net\/wp-content\/uploads\/2022\/06\/Bildschirmfoto-2022-06-10-um-09.47.50-300x159.jpeg 300w, https:\/\/motion-x.net\/wp-content\/uploads\/2022\/06\/Bildschirmfoto-2022-06-10-um-09.47.50-1024x544.jpeg 1024w, https:\/\/motion-x.net\/wp-content\/uploads\/2022\/06\/Bildschirmfoto-2022-06-10-um-09.47.50-768x408.jpeg 768w, https:\/\/motion-x.net\/wp-content\/uploads\/2022\/06\/Bildschirmfoto-2022-06-10-um-09.47.50-1536x816.jpeg 1536w, https:\/\/motion-x.net\/wp-content\/uploads\/2022\/06\/Bildschirmfoto-2022-06-10-um-09.47.50-2048x1088.jpeg 2048w, https:\/\/motion-x.net\/wp-content\/uploads\/2022\/06\/Bildschirmfoto-2022-06-10-um-09.47.50-18x10.jpeg 18w\" sizes=\"(max-width: 2160px) 100vw, 2160px\" \/>\t\t\t\t\t\t\t\t\t\t\t\t\t\t\t<\/div>\n\t\t\t\t<\/div>\n\t\t\t\t\t<\/div>\n\t\t<\/div>\n\t\t\t\t\t\t\t<\/div>\n\t\t<\/section>\n\t\t\t\t<section class=\"elementor-section elementor-top-section elementor-element elementor-element-5e33522 elementor-section-boxed elementor-section-height-default elementor-section-height-default\" data-id=\"5e33522\" data-element_type=\"section\">\n\t\t\t\t\t\t<div class=\"elementor-container elementor-column-gap-default\">\n\t\t\t\t\t<div class=\"elementor-column elementor-col-100 elementor-top-column elementor-element elementor-element-86d34b9\" data-id=\"86d34b9\" data-element_type=\"column\">\n\t\t\t<div class=\"elementor-widget-wrap elementor-element-populated\">\n\t\t\t\t\t\t\t\t<div class=\"elementor-element elementor-element-2ab5bed elementor-widget elementor-widget-text-editor\" data-id=\"2ab5bed\" data-element_type=\"widget\" data-widget_type=\"text-editor.default\">\n\t\t\t\t<div class=\"elementor-widget-container\">\n\t\t\t\t\t\t\t<p>Under the guiding principle &quot;Strengthen competitiveness, ensure accessibility&quot;, the state capital of\nD\u00fcsseldorf has set itself the goal of promoting efficient and environmentally friendly commercial\ntransport. To this end, the freight transport concept is being developed in an integrative approach\nfrom the national Mobility Plan D (for Germany), which bundles measures and combines them into\nan overall strategy. The fundamentally high levels of acceptance of new approaches and the\nwillingness for change in urban freight transport are an important basis for successfully\nimplementing the freight transport concept. The preparation of the freight transport concept will,\ntherefore, be accompanied by a modern, multi-layered, participative process that involves relevant\nparticipants from business, politics and public administration.<\/p>\t\t\t\t\t\t<\/div>\n\t\t\t\t<\/div>\n\t\t\t\t\t<\/div>\n\t\t<\/div>\n\t\t\t\t\t\t\t<\/div>\n\t\t<\/section>\n\t\t\t\t\t\t\t<\/div>","protected":false},"excerpt":{"rendered":"<p>G\u00fcterverkehrskonzept f\u00fcr die Landeshauptstadt D\u00fcsseldorf\u200b Die motion-X GmbH entwickelt seit Anfang des Jahres 2022 gemeinsam mit der Benz + Walter GmbH sowie der LNC LogisticNetwork Consultants GmbH das G\u00fcterverkehrskonzept D\u00fcsseldorf im Auftrag des Amtes f\u00fcr Verkehrsmanagement der Landeshauptstadt D\u00fcsseldorf. Das G\u00fcterverkehrskonzept D\u00fcsseldorf \u2013 mit dem Zeithorizont bis 2035 \u2013 soll als strategisches Rahmenwerk zur Steuerung [&hellip;]<\/p>","protected":false},"author":1,"featured_media":0,"parent":0,"menu_order":0,"comment_status":"closed","ping_status":"closed","template":"","meta":[],"aioseo_notices":[],"_links":{"self":[{"href":"https:\/\/motion-x.net\/en\/wp-json\/wp\/v2\/pages\/9493"}],"collection":[{"href":"https:\/\/motion-x.net\/en\/wp-json\/wp\/v2\/pages"}],"about":[{"href":"https:\/\/motion-x.net\/en\/wp-json\/wp\/v2\/types\/page"}],"author":[{"embeddable":true,"href":"https:\/\/motion-x.net\/en\/wp-json\/wp\/v2\/users\/1"}],"replies":[{"embeddable":true,"href":"https:\/\/motion-x.net\/en\/wp-json\/wp\/v2\/comments?post=9493"}],"version-history":[{"count":33,"href":"https:\/\/motion-x.net\/en\/wp-json\/wp\/v2\/pages\/9493\/revisions"}],"predecessor-version":[{"id":9600,"href":"https:\/\/motion-x.net\/en\/wp-json\/wp\/v2\/pages\/9493\/revisions\/9600"}],"wp:attachment":[{"href":"https:\/\/motion-x.net\/en\/wp-json\/wp\/v2\/media?parent=9493"}],"curies":[{"name":"wp","href":"https:\/\/api.w.org\/{rel}","templated":true}]}}