{"id":9451,"date":"2022-06-07T15:22:06","date_gmt":"2022-06-07T15:22:06","guid":{"rendered":"https:\/\/motion-x.net\/?page_id=9451"},"modified":"2022-11-14T11:00:23","modified_gmt":"2022-11-14T11:00:23","slug":"praesenz-des-rhein-main-verkehrsverbundes-innotrans-2022","status":"publish","type":"page","link":"https:\/\/motion-x.net\/en\/praesenz-des-rhein-main-verkehrsverbundes-innotrans-2022\/","title":{"rendered":"Messestand des RMV auf der InnoTrans 2022 in Berlin"},"content":{"rendered":"<div data-elementor-type=\"wp-page\" data-elementor-id=\"9451\" class=\"elementor elementor-9451\">\n\t\t\t\t\t\t\t\t\t<section class=\"elementor-section elementor-top-section elementor-element elementor-element-0b9beea elementor-section-boxed elementor-section-height-default elementor-section-height-default\" data-id=\"0b9beea\" data-element_type=\"section\">\n\t\t\t\t\t\t<div class=\"elementor-container elementor-column-gap-default\">\n\t\t\t\t\t<div class=\"elementor-column elementor-col-100 elementor-top-column elementor-element elementor-element-da9dfd9\" data-id=\"da9dfd9\" data-element_type=\"column\">\n\t\t\t<div class=\"elementor-widget-wrap elementor-element-populated\">\n\t\t\t\t\t\t\t\t<div class=\"elementor-element elementor-element-dbf611e elementor-widget elementor-widget-text-editor\" data-id=\"dbf611e\" data-element_type=\"widget\" data-widget_type=\"text-editor.default\">\n\t\t\t\t<div class=\"elementor-widget-container\">\n\t\t\t\t\t\t\t<h2><strong>Messestand des RMV auf der InnoTrans 2022 in Berlin<\/strong><\/h2>\t\t\t\t\t\t<\/div>\n\t\t\t\t<\/div>\n\t\t\t\t\t<\/div>\n\t\t<\/div>\n\t\t\t\t\t\t\t<\/div>\n\t\t<\/section>\n\t\t\t\t<section class=\"elementor-section elementor-top-section elementor-element elementor-element-69de1db elementor-section-boxed elementor-section-height-default elementor-section-height-default\" data-id=\"69de1db\" data-element_type=\"section\">\n\t\t\t\t\t\t<div class=\"elementor-container elementor-column-gap-default\">\n\t\t\t\t\t<div class=\"elementor-column elementor-col-100 elementor-top-column elementor-element elementor-element-deacbd9\" data-id=\"deacbd9\" data-element_type=\"column\">\n\t\t\t<div class=\"elementor-widget-wrap elementor-element-populated\">\n\t\t\t\t\t\t\t\t<div class=\"elementor-element elementor-element-65e15c5 elementor-widget elementor-widget-text-editor\" data-id=\"65e15c5\" data-element_type=\"widget\" data-widget_type=\"text-editor.default\">\n\t\t\t\t<div class=\"elementor-widget-container\">\n\t\t\t\t\t\t\t<p><span style=\"font-weight: 400;\">F\u00fcr die InnoTrans 2022 kreieren die motion-X in Zusammenarbeit mit der COSALUX GmbH und dem Rhein-Main-Verkehrsbund einen v\u00f6llig neuen hybriden Messestand. Auf diesem tauschen sich digitale Besucher und physische Teilnehmer der gr\u00f6\u00dften Branchenmesse Innotrans gleicherma\u00dfen aus und k\u00f6nnen sich analog und digital frei bewegen.<\/span><\/p>\t\t\t\t\t\t<\/div>\n\t\t\t\t<\/div>\n\t\t\t\t<div class=\"elementor-element elementor-element-67af570 elementor-widget elementor-widget-spacer\" data-id=\"67af570\" data-element_type=\"widget\" data-widget_type=\"spacer.default\">\n\t\t\t\t<div class=\"elementor-widget-container\">\n\t\t\t\t\t<div class=\"elementor-spacer\">\n\t\t\t<div class=\"elementor-spacer-inner\"><\/div>\n\t\t<\/div>\n\t\t\t\t<\/div>\n\t\t\t\t<\/div>\n\t\t\t\t\t<\/div>\n\t\t<\/div>\n\t\t\t\t\t\t\t<\/div>\n\t\t<\/section>\n\t\t\t\t<section class=\"elementor-section elementor-top-section elementor-element elementor-element-c99af27 elementor-section-boxed elementor-section-height-default elementor-section-height-default\" data-id=\"c99af27\" data-element_type=\"section\">\n\t\t\t\t\t\t<div class=\"elementor-container elementor-column-gap-default\">\n\t\t\t\t\t<div class=\"elementor-column elementor-col-100 elementor-top-column elementor-element elementor-element-9a9ebc6\" data-id=\"9a9ebc6\" data-element_type=\"column\">\n\t\t\t<div class=\"elementor-widget-wrap elementor-element-populated\">\n\t\t\t\t\t\t\t\t<div class=\"elementor-element elementor-element-90cb402 elementor-widget elementor-widget-image\" data-id=\"90cb402\" data-element_type=\"widget\" data-widget_type=\"image.default\">\n\t\t\t\t<div class=\"elementor-widget-container\">\n\t\t\t\t\t\t\t\t\t\t\t\t\t\t\t<img width=\"1920\" height=\"1080\" src=\"https:\/\/motion-x.net\/wp-content\/uploads\/2022\/09\/RMV_Infotrans_Variante13Camera.013-min.png\" class=\"attachment-full size-full\" alt=\"\" loading=\"lazy\" srcset=\"https:\/\/motion-x.net\/wp-content\/uploads\/2022\/09\/RMV_Infotrans_Variante13Camera.013-min.png 1920w, https:\/\/motion-x.net\/wp-content\/uploads\/2022\/09\/RMV_Infotrans_Variante13Camera.013-min-300x169.png 300w, https:\/\/motion-x.net\/wp-content\/uploads\/2022\/09\/RMV_Infotrans_Variante13Camera.013-min-1024x576.png 1024w, https:\/\/motion-x.net\/wp-content\/uploads\/2022\/09\/RMV_Infotrans_Variante13Camera.013-min-768x432.png 768w, https:\/\/motion-x.net\/wp-content\/uploads\/2022\/09\/RMV_Infotrans_Variante13Camera.013-min-1536x864.png 1536w, https:\/\/motion-x.net\/wp-content\/uploads\/2022\/09\/RMV_Infotrans_Variante13Camera.013-min-18x10.png 18w\" sizes=\"(max-width: 1920px) 100vw, 1920px\" \/>\t\t\t\t\t\t\t\t\t\t\t\t\t\t\t<\/div>\n\t\t\t\t<\/div>\n\t\t\t\t\t<\/div>\n\t\t<\/div>\n\t\t\t\t\t\t\t<\/div>\n\t\t<\/section>\n\t\t\t\t<section class=\"elementor-section elementor-top-section elementor-element elementor-element-2fe1548 elementor-section-boxed elementor-section-height-default elementor-section-height-default\" data-id=\"2fe1548\" data-element_type=\"section\">\n\t\t\t\t\t\t<div class=\"elementor-container elementor-column-gap-default\">\n\t\t\t\t\t<div class=\"elementor-column elementor-col-100 elementor-top-column elementor-element elementor-element-cfcf145\" data-id=\"cfcf145\" data-element_type=\"column\">\n\t\t\t<div class=\"elementor-widget-wrap elementor-element-populated\">\n\t\t\t\t\t\t\t\t<div class=\"elementor-element elementor-element-39bfec3 elementor-widget elementor-widget-text-editor\" data-id=\"39bfec3\" data-element_type=\"widget\" data-widget_type=\"text-editor.default\">\n\t\t\t\t<div class=\"elementor-widget-container\">\n\t\t\t\t\t\t\t<p><span style=\"font-weight: 400;\">Die digitale Teilnahme nimmt, nicht zuletzt durch die aktuell herrschende Pandemie, einen immer h\u00f6her werdenden Stellenwert ein. Die Planbarkeit physischer Events sinkt drastisch, weshalb es von hoher Wichtigkeit ist, schnell und flexibel auf die verschiedensten Situationen reagieren zu k\u00f6nnen.\u00a0<\/span><\/p><p><span style=\"font-weight: 400;\">Dieser Herausforderung hat sich der RMV gestellt und den diesj\u00e4hrigen Messestand auf der InnoTrans 2022 kostenlos f\u00fcr digitale Besucher zug\u00e4nglich gemacht.<\/span><span style=\"font-weight: 400;\">Ganz gleich ob der Gast aufgrund der Pandemie, oder aus Gr\u00fcnden der Nachhaltigkeit und des Umweltschutzes nicht an der Messe teilnehmen kann, in diesem Jahr muss niemand auf den Messebesuch verzichten.<\/span><span style=\"font-weight: 400;\">H\u00e4ufig m\u00fcssen auch lange Strecken hinter sich gebracht werden, um an einer Messe teilnehmen zu k\u00f6nnen. Neben der Umweltbelastung ist es auch unheimlich zeitintensiv und mit enormen organisatorischen Aufwand verbunden. <\/span><\/p>\t\t\t\t\t\t<\/div>\n\t\t\t\t<\/div>\n\t\t\t\t<div class=\"elementor-element elementor-element-0f197fa elementor-widget elementor-widget-spacer\" data-id=\"0f197fa\" data-element_type=\"widget\" data-widget_type=\"spacer.default\">\n\t\t\t\t<div class=\"elementor-widget-container\">\n\t\t\t\t\t<div class=\"elementor-spacer\">\n\t\t\t<div class=\"elementor-spacer-inner\"><\/div>\n\t\t<\/div>\n\t\t\t\t<\/div>\n\t\t\t\t<\/div>\n\t\t\t\t\t<\/div>\n\t\t<\/div>\n\t\t\t\t\t\t\t<\/div>\n\t\t<\/section>\n\t\t\t\t<section class=\"elementor-section elementor-top-section elementor-element elementor-element-9ea6c99 elementor-section-boxed elementor-section-height-default elementor-section-height-default\" data-id=\"9ea6c99\" data-element_type=\"section\">\n\t\t\t\t\t\t<div class=\"elementor-container elementor-column-gap-default\">\n\t\t\t\t\t<div class=\"elementor-column elementor-col-100 elementor-top-column elementor-element elementor-element-1541ee3\" data-id=\"1541ee3\" data-element_type=\"column\">\n\t\t\t<div class=\"elementor-widget-wrap elementor-element-populated\">\n\t\t\t\t\t\t\t\t<div class=\"elementor-element elementor-element-4720fe8 elementor-widget elementor-widget-image\" data-id=\"4720fe8\" data-element_type=\"widget\" data-widget_type=\"image.default\">\n\t\t\t\t<div class=\"elementor-widget-container\">\n\t\t\t\t\t\t\t\t\t\t\t\t\t\t\t<img width=\"1920\" height=\"1080\" src=\"https:\/\/motion-x.net\/wp-content\/uploads\/2022\/09\/RMV_Infotrans_Variante13Camera.018-min.png\" class=\"attachment-full size-full\" alt=\"\" loading=\"lazy\" srcset=\"https:\/\/motion-x.net\/wp-content\/uploads\/2022\/09\/RMV_Infotrans_Variante13Camera.018-min.png 1920w, https:\/\/motion-x.net\/wp-content\/uploads\/2022\/09\/RMV_Infotrans_Variante13Camera.018-min-300x169.png 300w, https:\/\/motion-x.net\/wp-content\/uploads\/2022\/09\/RMV_Infotrans_Variante13Camera.018-min-1024x576.png 1024w, https:\/\/motion-x.net\/wp-content\/uploads\/2022\/09\/RMV_Infotrans_Variante13Camera.018-min-768x432.png 768w, https:\/\/motion-x.net\/wp-content\/uploads\/2022\/09\/RMV_Infotrans_Variante13Camera.018-min-1536x864.png 1536w, https:\/\/motion-x.net\/wp-content\/uploads\/2022\/09\/RMV_Infotrans_Variante13Camera.018-min-18x10.png 18w\" sizes=\"(max-width: 1920px) 100vw, 1920px\" \/>\t\t\t\t\t\t\t\t\t\t\t\t\t\t\t<\/div>\n\t\t\t\t<\/div>\n\t\t\t\t<div class=\"elementor-element elementor-element-3b21b8f elementor-widget elementor-widget-text-editor\" data-id=\"3b21b8f\" data-element_type=\"widget\" data-widget_type=\"text-editor.default\">\n\t\t\t\t<div class=\"elementor-widget-container\">\n\t\t\t\t\t\t\t<p><span style=\"font-weight: 400;\">Durch die Unterst\u00fctzung von f\u00fcr den RMV angepassten Telekonferenz Robotern, l\u00e4sst sich der Messestand digital von <\/span><span style=\"font-weight: 400;\">\u00fcberall<\/span><span style=\"font-weight: 400;\">&nbsp;besuchen. Sowohl f\u00fcr das Sehen, H\u00f6ren und Sprechen ist es \u00fcber die digitale Konferenz ein Kinderspiel.&nbsp;<\/span><\/p>\n<p><span style=\"font-weight: 400;\">Weiterhin lassen sich Reisekosten und Umweltemissionen einsparen, da die Mitarbeiter und externe Partner sich jederzeit f\u00fcr eine Fahrt \u00fcber den Messestand einloggen k\u00f6nnen. <\/span><span style=\"font-weight: 400;\">Hierf\u00fcr wurde eine Website gebaut, \u00fcber welche der digitale Besucher sich auf einen der Roboter einw\u00e4hlen kann.&nbsp;<\/span><\/p>\n<p><span style=\"font-weight: 400;\">An zwei Orten gleichzeitig sein &#8211; und das ganz ohne viel Aufwand!<\/span><\/p>\t\t\t\t\t\t<\/div>\n\t\t\t\t<\/div>\n\t\t\t\t<div class=\"elementor-element elementor-element-5ca4296 elementor-widget elementor-widget-spacer\" data-id=\"5ca4296\" data-element_type=\"widget\" data-widget_type=\"spacer.default\">\n\t\t\t\t<div class=\"elementor-widget-container\">\n\t\t\t\t\t<div class=\"elementor-spacer\">\n\t\t\t<div class=\"elementor-spacer-inner\"><\/div>\n\t\t<\/div>\n\t\t\t\t<\/div>\n\t\t\t\t<\/div>\n\t\t\t\t\t<\/div>\n\t\t<\/div>\n\t\t\t\t\t\t\t<\/div>\n\t\t<\/section>\n\t\t\t\t<section class=\"elementor-section elementor-top-section elementor-element elementor-element-872e298 elementor-section-boxed elementor-section-height-default elementor-section-height-default\" data-id=\"872e298\" data-element_type=\"section\">\n\t\t\t\t\t\t<div class=\"elementor-container elementor-column-gap-default\">\n\t\t\t\t\t<div class=\"elementor-column elementor-col-100 elementor-top-column elementor-element elementor-element-cc89293\" data-id=\"cc89293\" data-element_type=\"column\">\n\t\t\t<div class=\"elementor-widget-wrap elementor-element-populated\">\n\t\t\t\t\t\t\t\t<div class=\"elementor-element elementor-element-df4f3e2 elementor-widget elementor-widget-image\" data-id=\"df4f3e2\" data-element_type=\"widget\" data-widget_type=\"image.default\">\n\t\t\t\t<div class=\"elementor-widget-container\">\n\t\t\t\t\t\t\t\t\t\t\t\t\t\t\t<img width=\"1920\" height=\"1080\" src=\"https:\/\/motion-x.net\/wp-content\/uploads\/2022\/09\/RMV_Infotrans_Variante13Camera.025-min.png\" class=\"attachment-full size-full\" alt=\"\" loading=\"lazy\" srcset=\"https:\/\/motion-x.net\/wp-content\/uploads\/2022\/09\/RMV_Infotrans_Variante13Camera.025-min.png 1920w, https:\/\/motion-x.net\/wp-content\/uploads\/2022\/09\/RMV_Infotrans_Variante13Camera.025-min-300x169.png 300w, https:\/\/motion-x.net\/wp-content\/uploads\/2022\/09\/RMV_Infotrans_Variante13Camera.025-min-1024x576.png 1024w, https:\/\/motion-x.net\/wp-content\/uploads\/2022\/09\/RMV_Infotrans_Variante13Camera.025-min-768x432.png 768w, https:\/\/motion-x.net\/wp-content\/uploads\/2022\/09\/RMV_Infotrans_Variante13Camera.025-min-1536x864.png 1536w, https:\/\/motion-x.net\/wp-content\/uploads\/2022\/09\/RMV_Infotrans_Variante13Camera.025-min-18x10.png 18w\" sizes=\"(max-width: 1920px) 100vw, 1920px\" \/>\t\t\t\t\t\t\t\t\t\t\t\t\t\t\t<\/div>\n\t\t\t\t<\/div>\n\t\t\t\t\t<\/div>\n\t\t<\/div>\n\t\t\t\t\t\t\t<\/div>\n\t\t<\/section>\n\t\t\t\t<section class=\"elementor-section elementor-top-section elementor-element elementor-element-4f31ebd elementor-section-boxed elementor-section-height-default elementor-section-height-default\" data-id=\"4f31ebd\" data-element_type=\"section\">\n\t\t\t\t\t\t<div class=\"elementor-container elementor-column-gap-default\">\n\t\t\t\t\t<div class=\"elementor-column elementor-col-100 elementor-top-column elementor-element elementor-element-fb261a2\" data-id=\"fb261a2\" data-element_type=\"column\">\n\t\t\t<div class=\"elementor-widget-wrap elementor-element-populated\">\n\t\t\t\t\t\t\t\t<div class=\"elementor-element elementor-element-f9c9639 elementor-widget elementor-widget-text-editor\" data-id=\"f9c9639\" data-element_type=\"widget\" data-widget_type=\"text-editor.default\">\n\t\t\t\t<div class=\"elementor-widget-container\">\n\t\t\t\t\t\t\t<p><span style=\"font-weight: 400;\">Neben dem Roboter finden sich weitere digitale Highlights, wie eine Digital Booth und <\/span><span style=\"font-weight: 400;\">ein<\/span><span style=\"font-weight: 400;\">\u00a0Touch Table auf dem Messestand wieder.\u00a0<\/span><span style=\"font-weight: 400;\">Hier\u00fcber kann der Besucher sich \u00fcber einen Streckennetzplan \u00fcber die aktuellen und vergangenen Projekte des RMV informieren.\u00a0<\/span><span style=\"font-weight: 400;\">Auf der Website findet sich neben der Einwahl-Funktion f\u00fcr die <\/span><span style=\"font-weight: 400;\">Roboter auch<\/span><span style=\"font-weight: 400;\"> der Streckennetzplan f\u00fcr die digitalen Besucher wieder.\u00a0<\/span><span style=\"font-weight: 400;\">Somit wird dem digitalen Besucher ein gesamtes Messe Erlebnis gew\u00e4hrleistet.<\/span><\/p><p><span style=\"font-weight: 400;\">Nach dem Erkunden des Messestandes, kann der Besucher sich an der RMV Bar ein erfrischendes Getr\u00e4nk oder einen hei\u00dfen Kaffee g\u00f6nnen. Eine kleine Auszeit nach einem eindrucksvollen Messestand.\u00a0<\/span><\/p>\t\t\t\t\t\t<\/div>\n\t\t\t\t<\/div>\n\t\t\t\t\t<\/div>\n\t\t<\/div>\n\t\t\t\t\t\t\t<\/div>\n\t\t<\/section>\n\t\t\t\t<section class=\"elementor-section elementor-top-section elementor-element elementor-element-6d3d327 elementor-section-boxed elementor-section-height-default elementor-section-height-default\" data-id=\"6d3d327\" data-element_type=\"section\">\n\t\t\t\t\t\t<div class=\"elementor-container elementor-column-gap-default\">\n\t\t\t\t\t<div class=\"elementor-column elementor-col-100 elementor-top-column elementor-element elementor-element-a447a40\" data-id=\"a447a40\" data-element_type=\"column\">\n\t\t\t<div class=\"elementor-widget-wrap elementor-element-populated\">\n\t\t\t\t\t\t\t\t<div class=\"elementor-element elementor-element-cf0f480 elementor-align-center elementor-widget elementor-widget-button\" data-id=\"cf0f480\" data-element_type=\"widget\" data-widget_type=\"button.default\">\n\t\t\t\t<div class=\"elementor-widget-container\">\n\t\t\t\t\t<div class=\"elementor-button-wrapper\">\n\t\t\t<a href=\"https:\/\/xn--das-pnv-netz-7ib.de\/\" class=\"elementor-button-link elementor-button elementor-size-xl\" role=\"button\">\n\t\t\t\t\t\t<span class=\"elementor-button-content-wrapper\">\n\t\t\t\t\t\t\t<span class=\"elementor-button-icon elementor-align-icon-right\">\n\t\t\t\t<i aria-hidden=\"true\" class=\"fas fa-train\"><\/i>\t\t\t<\/span>\n\t\t\t\t\t\t<span class=\"elementor-button-text\">\u00d6PNV-Netz<\/span>\n\t\t<\/span>\n\t\t\t\t\t<\/a>\n\t\t<\/div>\n\t\t\t\t<\/div>\n\t\t\t\t<\/div>\n\t\t\t\t\t<\/div>\n\t\t<\/div>\n\t\t\t\t\t\t\t<\/div>\n\t\t<\/section>\n\t\t\t\t\t\t\t<\/div>","protected":false},"excerpt":{"rendered":"<p>Messestand des RMV auf der InnoTrans 2022 in Berlin F\u00fcr die InnoTrans 2022 kreieren die motion-X in Zusammenarbeit mit der COSALUX GmbH und dem Rhein-Main-Verkehrsbund einen v\u00f6llig neuen hybriden Messestand. Auf diesem tauschen sich digitale Besucher und physische Teilnehmer der gr\u00f6\u00dften Branchenmesse Innotrans gleicherma\u00dfen aus und k\u00f6nnen sich analog und digital frei bewegen. Die digitale [&hellip;]<\/p>","protected":false},"author":1,"featured_media":0,"parent":0,"menu_order":0,"comment_status":"closed","ping_status":"closed","template":"","meta":[],"aioseo_notices":[],"_links":{"self":[{"href":"https:\/\/motion-x.net\/en\/wp-json\/wp\/v2\/pages\/9451"}],"collection":[{"href":"https:\/\/motion-x.net\/en\/wp-json\/wp\/v2\/pages"}],"about":[{"href":"https:\/\/motion-x.net\/en\/wp-json\/wp\/v2\/types\/page"}],"author":[{"embeddable":true,"href":"https:\/\/motion-x.net\/en\/wp-json\/wp\/v2\/users\/1"}],"replies":[{"embeddable":true,"href":"https:\/\/motion-x.net\/en\/wp-json\/wp\/v2\/comments?post=9451"}],"version-history":[{"count":55,"href":"https:\/\/motion-x.net\/en\/wp-json\/wp\/v2\/pages\/9451\/revisions"}],"predecessor-version":[{"id":9679,"href":"https:\/\/motion-x.net\/en\/wp-json\/wp\/v2\/pages\/9451\/revisions\/9679"}],"wp:attachment":[{"href":"https:\/\/motion-x.net\/en\/wp-json\/wp\/v2\/media?parent=9451"}],"curies":[{"name":"wp","href":"https:\/\/api.w.org\/{rel}","templated":true}]}}