{"id":6555,"date":"2021-09-15T11:10:51","date_gmt":"2021-09-15T11:10:51","guid":{"rendered":"https:\/\/motion-x.net\/?page_id=6555"},"modified":"2021-10-21T08:27:22","modified_gmt":"2021-10-21T08:27:22","slug":"vfv-verkehrswissenschaften-frankfurtrheinmain","status":"publish","type":"page","link":"https:\/\/motion-x.net\/en\/ausstellerinhalte-2-2\/vfv-verkehrswissenschaften-frankfurtrheinmain\/","title":{"rendered":"VFV &#8211; Verkehrs-Wissenschaften Frankfurt RheinMain"},"content":{"rendered":"<div data-elementor-type=\"wp-page\" data-elementor-id=\"6555\" class=\"elementor elementor-6555\">\n\t\t\t\t\t\t\t\t\t<section class=\"elementor-section elementor-top-section elementor-element elementor-element-75d3b36e elementor-section-content-middle elementor-reverse-mobile elementor-section-boxed elementor-section-height-default elementor-section-height-default\" data-id=\"75d3b36e\" data-element_type=\"section\">\n\t\t\t\t\t\t<div class=\"elementor-container elementor-column-gap-no\">\n\t\t\t\t\t<div class=\"elementor-column elementor-col-50 elementor-top-column elementor-element elementor-element-313711f8\" data-id=\"313711f8\" data-element_type=\"column\">\n\t\t\t<div class=\"elementor-widget-wrap elementor-element-populated\">\n\t\t\t\t\t\t\t\t<div class=\"elementor-element elementor-element-35b0ee26 elementor-widget elementor-widget-heading\" data-id=\"35b0ee26\" data-element_type=\"widget\" data-widget_type=\"heading.default\">\n\t\t\t\t<div class=\"elementor-widget-container\">\n\t\t\t<h4 class=\"elementor-heading-title elementor-size-default\">\u00dcber den Aussteller<\/h4>\t\t<\/div>\n\t\t\t\t<\/div>\n\t\t\t\t<div class=\"elementor-element elementor-element-189f6f65 elementor-widget elementor-widget-text-editor\" data-id=\"189f6f65\" data-element_type=\"widget\" data-widget_type=\"text-editor.default\">\n\t\t\t\t<div class=\"elementor-widget-container\">\n\t\t\t\t\t\t\tDer &#8222;Verein zur F\u00f6rderung des Verkehrswissenschaften f\u00fcr FrankfurtRheinMain&#8220; hat sich zum Ziel gesetzt, Wissenschaft, Forschung, und Bildung auf allen Gebieten des integrierten Verkehrs in der Region zu unterst\u00fctzen. Seine Mitglieder wollen diesen in Deutschland einzigartigen Verkehrsstandort st\u00e4rken. \t\t\t\t\t\t<\/div>\n\t\t\t\t<\/div>\n\t\t\t\t<div class=\"elementor-element elementor-element-5b6e4d93 elementor-widget elementor-widget-button\" data-id=\"5b6e4d93\" data-element_type=\"widget\" data-widget_type=\"button.default\">\n\t\t\t\t<div class=\"elementor-widget-container\">\n\t\t\t\t\t<div class=\"elementor-button-wrapper\">\n\t\t\t<a href=\"#\" class=\"elementor-button-link elementor-button elementor-size-sm elementor-animation-grow\" role=\"button\">\n\t\t\t\t\t\t<span class=\"elementor-button-content-wrapper\">\n\t\t\t\t\t\t<span class=\"elementor-button-text\">Zur Website<\/span>\n\t\t<\/span>\n\t\t\t\t\t<\/a>\n\t\t<\/div>\n\t\t\t\t<\/div>\n\t\t\t\t<\/div>\n\t\t\t\t\t<\/div>\n\t\t<\/div>\n\t\t\t\t<div class=\"elementor-column elementor-col-50 elementor-top-column elementor-element elementor-element-53234a27\" data-id=\"53234a27\" data-element_type=\"column\">\n\t\t\t<div class=\"elementor-widget-wrap elementor-element-populated\">\n\t\t\t\t\t\t\t\t<div class=\"elementor-element elementor-element-7733f507 elementor-widget elementor-widget-image\" data-id=\"7733f507\" data-element_type=\"widget\" data-widget_type=\"image.default\">\n\t\t\t\t<div class=\"elementor-widget-container\">\n\t\t\t\t\t\t\t\t\t\t\t\t\t\t\t<img width=\"300\" height=\"193\" src=\"https:\/\/motion-x.net\/wp-content\/uploads\/2021\/09\/VFV_Logo_uid_613f9b9bc741e-300x193.gif\" class=\"attachment-medium size-medium\" alt=\"\" loading=\"lazy\" srcset=\"https:\/\/motion-x.net\/wp-content\/uploads\/2021\/09\/VFV_Logo_uid_613f9b9bc741e-300x193.gif 300w, https:\/\/motion-x.net\/wp-content\/uploads\/2021\/09\/VFV_Logo_uid_613f9b9bc741e-768x493.gif 768w, https:\/\/motion-x.net\/wp-content\/uploads\/2021\/09\/VFV_Logo_uid_613f9b9bc741e-18x12.gif 18w\" sizes=\"(max-width: 300px) 100vw, 300px\" \/>\t\t\t\t\t\t\t\t\t\t\t\t\t\t\t<\/div>\n\t\t\t\t<\/div>\n\t\t\t\t\t<\/div>\n\t\t<\/div>\n\t\t\t\t\t\t\t<\/div>\n\t\t<\/section>\n\t\t\t\t<section class=\"elementor-section elementor-top-section elementor-element elementor-element-edadf3e elementor-section-boxed elementor-section-height-default elementor-section-height-default\" data-id=\"edadf3e\" data-element_type=\"section\">\n\t\t\t\t\t\t<div class=\"elementor-container elementor-column-gap-default\">\n\t\t\t\t\t<div class=\"elementor-column elementor-col-100 elementor-top-column elementor-element elementor-element-e7a758f\" data-id=\"e7a758f\" data-element_type=\"column\">\n\t\t\t<div class=\"elementor-widget-wrap elementor-element-populated\">\n\t\t\t\t\t\t\t\t<div class=\"elementor-element elementor-element-fbff58d elementor-widget elementor-widget-html\" data-id=\"fbff58d\" data-element_type=\"widget\" data-widget_type=\"html.default\">\n\t\t\t\t<div class=\"elementor-widget-container\">\n\t\t\t<style>\r\n       h2.projekte {\r\n        color: #0600000F;\r\n        font-family: \"Open Sans\", Sans-serif;\r\n        font-size: 100px;\r\n        font-weight: 900;\r\n        text-transform: uppercase;\r\n      }     \r\n      .portfolio h3{ color: #000000;\r\n        font-family: \"Open Sans\", Sans-serif;\r\n        font-size: 45px;\r\n        font-weight: 700;\r\n        text-transform: uppercase;\r\n        padding: 50px 0 10px;}\r\n      .portfolio h4{ color: #000000;\r\n        font-family: \"Open Sans\", Sans-serif;\r\n        font-size: 35px;\r\n        font-weight: 700;\r\n        text-transform: uppercase;\r\n        padding: 50px 0 10px;}          \r\n      .portfolio p {\r\n        color: #7a7a7a;\r\n        font-family: Roboto, sans-serif;\r\n        font-size: 15px;\r\n        font-weight: 300;\r\n        line-height: 2em;\r\n      }<\/style><div><script type=\"text\/javascript\" src=\"https:\/\/cdn.jsdelivr.net\/npm\/jquery@3.3.1\/dist\/jquery.min.js\"><\/script><link href=\"https:\/\/cdn.jsdelivr.net\/npm\/nanogallery2@3\/dist\/css\/nanogallery2.min.css\" rel=\"stylesheet\" type=\"text\/css\"\/><script type=\"text\/javascript\" src=\"https:\/\/cdn.jsdelivr.net\/npm\/nanogallery2@3\/dist\/jquery.nanogallery2.min.js\"><\/script><h2 class=\"projekte\">PROJECTS<\/h2><div class=\"portfolio\"><h3>Junges Forum: Wir \u00fcber uns<\/h3><img src=\"https:\/\/hybrid-x-cms-assets.s3.eu-central-1.amazonaws.com\/2021\/09\/16\/VFV_Logo_uid_6142f31b3f0fc.gif\" alt=\"Junges Forum: Wir \u00fcber uns\"\/><p><h5><\/h5>Das Junge Forum ist die Jugendplattform innerhalb der DVWG e.V. und richtet sich insbesondere an Studierende und Auszubildende im Verkehrswesen sowie junge Wissenschaftler und Berufseinsteiger.<p><h5><\/h5>Wir haben es uns zur Aufgabe gemacht, jungen Nachwuchskr\u00e4ften verkehrswissenschaftliche Thematiken nahe zu bringen, uns mit den aktuellen Fragenstellungen des Verkehrssektors auseinanderzusetzen und den Dialog zwischen Wissenschaft, Praxis und Politik sowie zwischen den Generationen zu f\u00f6rdern.<p><h5><\/h5>Das Junge Forum ist eine unabh\u00e4ngige Plattform, die sich auf nationaler und europ\u00e4ischer Ebene f\u00fcr einen interdisziplin\u00e4ren Wissensaustausch einsetzt. Wir bieten unseren Mitgliedern die M\u00f6glichkeit, Kontakte zu Wissenschaftlern, jungen Berufseinsteigern und anerkannten F\u00fchrungskr\u00e4ften aufzubauen, deren fachliche Kompetenzen zu nutzen und aus deren Erfahrungen zu lernen.<\/div><\/div>\t\t<\/div>\n\t\t\t\t<\/div>\n\t\t\t\t\t<\/div>\n\t\t<\/div>\n\t\t\t\t\t\t\t<\/div>\n\t\t<\/section>\n\t\t\t\t<section class=\"elementor-section elementor-top-section elementor-element elementor-element-23be007b elementor-section-boxed elementor-section-height-default elementor-section-height-default\" data-id=\"23be007b\" data-element_type=\"section\">\n\t\t\t\t\t\t<div class=\"elementor-container elementor-column-gap-default\">\n\t\t\t\t\t<div class=\"elementor-column elementor-col-100 elementor-top-column elementor-element elementor-element-5c6ab03b\" data-id=\"5c6ab03b\" data-element_type=\"column\">\n\t\t\t<div class=\"elementor-widget-wrap elementor-element-populated\">\n\t\t\t\t\t\t\t\t<div class=\"elementor-element elementor-element-231bd9fc elementor-widget elementor-widget-spacer\" data-id=\"231bd9fc\" data-element_type=\"widget\" data-widget_type=\"spacer.default\">\n\t\t\t\t<div class=\"elementor-widget-container\">\n\t\t\t\t\t<div class=\"elementor-spacer\">\n\t\t\t<div class=\"elementor-spacer-inner\"><\/div>\n\t\t<\/div>\n\t\t\t\t<\/div>\n\t\t\t\t<\/div>\n\t\t\t\t<div class=\"elementor-element elementor-element-5843e82 elementor-widget elementor-widget-heading\" data-id=\"5843e82\" data-element_type=\"widget\" data-widget_type=\"heading.default\">\n\t\t\t\t<div class=\"elementor-widget-container\">\n\t\t\t<h2 class=\"elementor-heading-title elementor-size-large\">Zum Herunterladen<\/h2>\t\t<\/div>\n\t\t\t\t<\/div>\n\t\t\t\t\t<\/div>\n\t\t<\/div>\n\t\t\t\t\t\t\t<\/div>\n\t\t<\/section>\n\t\t\t\t<section class=\"elementor-section elementor-top-section elementor-element elementor-element-19c3d59f elementor-section-boxed elementor-section-height-default elementor-section-height-default\" data-id=\"19c3d59f\" data-element_type=\"section\">\n\t\t\t\t\t\t<div class=\"elementor-container elementor-column-gap-default\">\n\t\t\t\t\t<div class=\"elementor-column elementor-col-100 elementor-top-column elementor-element elementor-element-71b5ab75\" data-id=\"71b5ab75\" data-element_type=\"column\">\n\t\t\t<div class=\"elementor-widget-wrap elementor-element-populated\">\n\t\t\t\t\t\t\t\t<div class=\"elementor-element elementor-element-1cb3020c elementor--h-position-center elementor--v-position-middle elementor-arrows-position-inside elementor-pagination-position-inside elementor-widget elementor-widget-slides\" data-id=\"1cb3020c\" data-element_type=\"widget\" data-settings=\"{&quot;navigation&quot;:&quot;both&quot;,&quot;infinite&quot;:&quot;yes&quot;,&quot;transition&quot;:&quot;slide&quot;,&quot;transition_speed&quot;:500}\" data-widget_type=\"slides.default\">\n\t\t\t\t<div class=\"elementor-widget-container\">\n\t\t\t\t\t<div class=\"elementor-swiper\">\n\t\t\t<div class=\"elementor-slides-wrapper elementor-main-swiper swiper-container\" dir=\"ltr\" data-animation=\"fadeInUp\">\n\t\t\t\t<div class=\"swiper-wrapper elementor-slides\">\n\t\t\t\t\t\t\t\t\t\t<div class=\"elementor-repeater-item-ff65878 swiper-slide\"><div class=\"swiper-slide-bg\"><\/div><div class=\"swiper-slide-inner\" ><div class=\"swiper-slide-contents\"><div class=\"elementor-slide-heading\">Gelingt die verkehrswende ?<\/div><a href=\"https:\/\/motion-x.net\/wp-content\/uploads\/2021\/10\/VFV_C2.1_120cm_DRUCK.pdf\" target=\"_blank\" class=\"elementor-button elementor-slide-button elementor-size-sm\">Download<\/a><\/div><\/div><\/div>\t\t\t\t<\/div>\n\t\t\t\t\t\t\t<\/div>\n\t\t<\/div>\n\t\t\t\t<\/div>\n\t\t\t\t<\/div>\n\t\t\t\t\t<\/div>\n\t\t<\/div>\n\t\t\t\t\t\t\t<\/div>\n\t\t<\/section>\n\t\t\t\t\t\t\t<\/div>","protected":false},"excerpt":{"rendered":"<p>\u00dcber den Aussteller Der &#8222;Verein zur F\u00f6rderung des Verkehrswissenschaften f\u00fcr FrankfurtRheinMain&#8220; hat sich zum Ziel gesetzt, Wissenschaft, Forschung, und Bildung auf allen Gebieten des integrierten Verkehrs in der Region zu unterst\u00fctzen. Seine Mitglieder wollen diesen in Deutschland einzigartigen Verkehrsstandort st\u00e4rken. Zur Website Projekte Junges Forum: Wir \u00fcber uns Das Junge Forum ist die Jugendplattform innerhalb [&hellip;]<\/p>","protected":false},"author":1,"featured_media":6254,"parent":6508,"menu_order":0,"comment_status":"closed","ping_status":"closed","template":"","meta":[],"aioseo_notices":[],"_links":{"self":[{"href":"https:\/\/motion-x.net\/en\/wp-json\/wp\/v2\/pages\/6555"}],"collection":[{"href":"https:\/\/motion-x.net\/en\/wp-json\/wp\/v2\/pages"}],"about":[{"href":"https:\/\/motion-x.net\/en\/wp-json\/wp\/v2\/types\/page"}],"author":[{"embeddable":true,"href":"https:\/\/motion-x.net\/en\/wp-json\/wp\/v2\/users\/1"}],"replies":[{"embeddable":true,"href":"https:\/\/motion-x.net\/en\/wp-json\/wp\/v2\/comments?post=6555"}],"version-history":[{"count":6,"href":"https:\/\/motion-x.net\/en\/wp-json\/wp\/v2\/pages\/6555\/revisions"}],"predecessor-version":[{"id":7206,"href":"https:\/\/motion-x.net\/en\/wp-json\/wp\/v2\/pages\/6555\/revisions\/7206"}],"up":[{"embeddable":true,"href":"https:\/\/motion-x.net\/en\/wp-json\/wp\/v2\/pages\/6508"}],"wp:featuredmedia":[{"embeddable":true,"href":"https:\/\/motion-x.net\/en\/wp-json\/wp\/v2\/media\/6254"}],"wp:attachment":[{"href":"https:\/\/motion-x.net\/en\/wp-json\/wp\/v2\/media?parent=6555"}],"curies":[{"name":"wp","href":"https:\/\/api.w.org\/{rel}","templated":true}]}}