{"id":6548,"date":"2021-09-15T11:17:30","date_gmt":"2021-09-15T11:17:30","guid":{"rendered":"https:\/\/motion-x.net\/?page_id=6548"},"modified":"2021-10-21T08:37:24","modified_gmt":"2021-10-21T08:37:24","slug":"danalytics","status":"publish","type":"page","link":"https:\/\/motion-x.net\/en\/ausstellerinhalte-2-2\/danalytics\/","title":{"rendered":"DAnalytics"},"content":{"rendered":"<div data-elementor-type=\"wp-page\" data-elementor-id=\"6548\" class=\"elementor elementor-6548\">\n\t\t\t\t\t\t\t\t\t<section class=\"elementor-section elementor-top-section elementor-element elementor-element-685d4e26 elementor-section-content-middle elementor-reverse-mobile elementor-section-boxed elementor-section-height-default elementor-section-height-default\" data-id=\"685d4e26\" data-element_type=\"section\">\n\t\t\t\t\t\t<div class=\"elementor-container elementor-column-gap-no\">\n\t\t\t\t\t<div class=\"elementor-column elementor-col-50 elementor-top-column elementor-element elementor-element-2030993b\" data-id=\"2030993b\" data-element_type=\"column\">\n\t\t\t<div class=\"elementor-widget-wrap elementor-element-populated\">\n\t\t\t\t\t\t\t\t<div class=\"elementor-element elementor-element-6e82d906 elementor-widget elementor-widget-heading\" data-id=\"6e82d906\" data-element_type=\"widget\" data-widget_type=\"heading.default\">\n\t\t\t\t<div class=\"elementor-widget-container\">\n\t\t\t<h4 class=\"elementor-heading-title elementor-size-default\">\u00dcber den Aussteller<\/h4>\t\t<\/div>\n\t\t\t\t<\/div>\n\t\t\t\t<div class=\"elementor-element elementor-element-630711e0 elementor-widget elementor-widget-text-editor\" data-id=\"630711e0\" data-element_type=\"widget\" data-widget_type=\"text-editor.default\">\n\t\t\t\t<div class=\"elementor-widget-container\">\n\t\t\t\t\t\t\tDas Projekt DAnalytics (\u201eAdvanced Analytics f\u00fcr die Wissenschaftsstadt Darmstadt \u2013 Darmstadt-Analytics\u201c) z\u00e4hlt in Deutschland zu den innovativsten Projekten im Bereich des umweltsensitiven Verkehrsmanagements und bildet die Grundlage f\u00fcr eine nachhaltige und emissionsarme Mobilit\u00e4t in der Wissenschaftsstadt Darmstadt. Oberstes Ziel des Projekts ist die Reduktion der Schadstoffemissionen des Verkehrs, insbesondere der Stickstoffoxide. Zu den wichtigsten Projektzielen geh\u00f6rt daher die Schaffung eines datengetriebenen Verkehrsmanagements in Echtzeit, das auf Basis von aktuellen Zahlen, Daten und Fakten der Stadt Darmstadt die Grundlagen f\u00fcr ereignis- und umweltorientierte Entscheidungen in Bezug auf die Steuerung des Verkehrs schafft. Dabei wird auch die emissionsorientierte Verbesserung des Modal-Splits an den einzelnen Knotenpunkten sowie eine aktive Reduktion der Gesamtemissionen durch Verkehrsmittel betrachtet, die durch fossile Brennstoffe betrieben werden. Dar\u00fcber hinaus wird ein ganzheitliches, netzorientiertes Verst\u00e4ndnis f\u00fcr den Verkehr in Darmstadt, u.a. als Basis f\u00fcr die langfristige Verkehrsplanung, Mobilit\u00e4tsmanagement, Logistiksteuerung und Parkraummanagement, angestrebt.\t\t\t\t\t\t<\/div>\n\t\t\t\t<\/div>\n\t\t\t\t<div class=\"elementor-element elementor-element-472cc37b elementor-widget elementor-widget-button\" data-id=\"472cc37b\" data-element_type=\"widget\" data-widget_type=\"button.default\">\n\t\t\t\t<div class=\"elementor-widget-container\">\n\t\t\t\t\t<div class=\"elementor-button-wrapper\">\n\t\t\t<a href=\"#\" class=\"elementor-button-link elementor-button elementor-size-sm elementor-animation-grow\" role=\"button\">\n\t\t\t\t\t\t<span class=\"elementor-button-content-wrapper\">\n\t\t\t\t\t\t<span class=\"elementor-button-text\">Zur Website<\/span>\n\t\t<\/span>\n\t\t\t\t\t<\/a>\n\t\t<\/div>\n\t\t\t\t<\/div>\n\t\t\t\t<\/div>\n\t\t\t\t\t<\/div>\n\t\t<\/div>\n\t\t\t\t<div class=\"elementor-column elementor-col-50 elementor-top-column elementor-element elementor-element-242a803f\" data-id=\"242a803f\" data-element_type=\"column\">\n\t\t\t<div class=\"elementor-widget-wrap elementor-element-populated\">\n\t\t\t\t\t\t\t\t<div class=\"elementor-element elementor-element-4f3241cc elementor-widget elementor-widget-image\" data-id=\"4f3241cc\" data-element_type=\"widget\" data-widget_type=\"image.default\">\n\t\t\t\t<div class=\"elementor-widget-container\">\n\t\t\t\t\t\t\t\t\t\t\t\t\t\t\t<img width=\"300\" height=\"91\" src=\"https:\/\/motion-x.net\/wp-content\/uploads\/2021\/09\/Logo_uid_613f92c74b439-300x91.png\" class=\"attachment-medium size-medium\" alt=\"\" loading=\"lazy\" srcset=\"https:\/\/motion-x.net\/wp-content\/uploads\/2021\/09\/Logo_uid_613f92c74b439-300x91.png 300w, https:\/\/motion-x.net\/wp-content\/uploads\/2021\/09\/Logo_uid_613f92c74b439-1024x312.png 1024w, https:\/\/motion-x.net\/wp-content\/uploads\/2021\/09\/Logo_uid_613f92c74b439-768x234.png 768w, https:\/\/motion-x.net\/wp-content\/uploads\/2021\/09\/Logo_uid_613f92c74b439-1536x468.png 1536w, https:\/\/motion-x.net\/wp-content\/uploads\/2021\/09\/Logo_uid_613f92c74b439-18x5.png 18w, https:\/\/motion-x.net\/wp-content\/uploads\/2021\/09\/Logo_uid_613f92c74b439.png 1979w\" sizes=\"(max-width: 300px) 100vw, 300px\" \/>\t\t\t\t\t\t\t\t\t\t\t\t\t\t\t<\/div>\n\t\t\t\t<\/div>\n\t\t\t\t\t<\/div>\n\t\t<\/div>\n\t\t\t\t\t\t\t<\/div>\n\t\t<\/section>\n\t\t\t\t<section class=\"elementor-section elementor-top-section elementor-element elementor-element-1baca51 elementor-section-boxed elementor-section-height-default elementor-section-height-default\" data-id=\"1baca51\" data-element_type=\"section\">\n\t\t\t\t\t\t<div class=\"elementor-container elementor-column-gap-default\">\n\t\t\t\t\t<div class=\"elementor-column elementor-col-100 elementor-top-column elementor-element elementor-element-e32c6e7\" data-id=\"e32c6e7\" data-element_type=\"column\">\n\t\t\t<div class=\"elementor-widget-wrap elementor-element-populated\">\n\t\t\t\t\t\t\t\t<div class=\"elementor-element elementor-element-e86a4f9 elementor-widget elementor-widget-html\" data-id=\"e86a4f9\" data-element_type=\"widget\" data-widget_type=\"html.default\">\n\t\t\t\t<div class=\"elementor-widget-container\">\n\t\t\t<style>\n       h2.projekte {\n        color: #0600000F;\n        font-family: \"Open Sans\", Sans-serif;\n        font-size: 100px;\n        font-weight: 900;\n        text-transform: uppercase;\n      }     \n      .portfolio h3{ color: #000000;\n        font-family: \"Open Sans\", Sans-serif;\n        font-size: 45px;\n        font-weight: 700;\n        text-transform: uppercase;\n        padding: 50px 0 10px;}\n      .portfolio h4{ color: #000000;\n        font-family: \"Open Sans\", Sans-serif;\n        font-size: 35px;\n        font-weight: 700;\n        text-transform: uppercase;\n        padding: 50px 0 10px;}          \n      .portfolio p {\n        color: #7a7a7a;\n        font-family: Roboto, sans-serif;\n        font-size: 15px;\n        font-weight: 300;\n        line-height: 2em;\n      }<\/style>\n\n<h2 class=\"video\"><b>VIDEO<\/b><\/h2>\n\n<video playsinline=\"\" poster=\"\/wp-content\/uploads\/2021\/09\/videoposter.png\" controls preload=\"meta\" src=\"https:\/\/hybrid-x-cms-assets.s3.eu-central-1.amazonaws.com\/2021\/09\/13\/DAnalytics-Trailer_uid_613f7cd969187.mp4\"><\/video>\n\t\t<\/div>\n\t\t\t\t<\/div>\n\t\t\t\t\t<\/div>\n\t\t<\/div>\n\t\t\t\t\t\t\t<\/div>\n\t\t<\/section>\n\t\t\t\t\t\t\t<\/div>","protected":false},"excerpt":{"rendered":"<p>\u00dcber den Aussteller Das Projekt DAnalytics (\u201eAdvanced Analytics f\u00fcr die Wissenschaftsstadt Darmstadt \u2013 Darmstadt-Analytics\u201c) z\u00e4hlt in Deutschland zu den innovativsten Projekten im Bereich des umweltsensitiven Verkehrsmanagements und bildet die Grundlage f\u00fcr eine nachhaltige und emissionsarme Mobilit\u00e4t in der Wissenschaftsstadt Darmstadt. Oberstes Ziel des Projekts ist die Reduktion der Schadstoffemissionen des Verkehrs, insbesondere der Stickstoffoxide. Zu [&hellip;]<\/p>","protected":false},"author":1,"featured_media":6228,"parent":6508,"menu_order":0,"comment_status":"closed","ping_status":"closed","template":"","meta":[],"aioseo_notices":[],"_links":{"self":[{"href":"https:\/\/motion-x.net\/en\/wp-json\/wp\/v2\/pages\/6548"}],"collection":[{"href":"https:\/\/motion-x.net\/en\/wp-json\/wp\/v2\/pages"}],"about":[{"href":"https:\/\/motion-x.net\/en\/wp-json\/wp\/v2\/types\/page"}],"author":[{"embeddable":true,"href":"https:\/\/motion-x.net\/en\/wp-json\/wp\/v2\/users\/1"}],"replies":[{"embeddable":true,"href":"https:\/\/motion-x.net\/en\/wp-json\/wp\/v2\/comments?post=6548"}],"version-history":[{"count":5,"href":"https:\/\/motion-x.net\/en\/wp-json\/wp\/v2\/pages\/6548\/revisions"}],"predecessor-version":[{"id":7216,"href":"https:\/\/motion-x.net\/en\/wp-json\/wp\/v2\/pages\/6548\/revisions\/7216"}],"up":[{"embeddable":true,"href":"https:\/\/motion-x.net\/en\/wp-json\/wp\/v2\/pages\/6508"}],"wp:featuredmedia":[{"embeddable":true,"href":"https:\/\/motion-x.net\/en\/wp-json\/wp\/v2\/media\/6228"}],"wp:attachment":[{"href":"https:\/\/motion-x.net\/en\/wp-json\/wp\/v2\/media?parent=6548"}],"curies":[{"name":"wp","href":"https:\/\/api.w.org\/{rel}","templated":true}]}}