{"id":6547,"date":"2021-09-15T11:18:04","date_gmt":"2021-09-15T11:18:04","guid":{"rendered":"https:\/\/motion-x.net\/?page_id=6547"},"modified":"2021-10-21T08:05:59","modified_gmt":"2021-10-21T08:05:59","slug":"rhein-main-verkehrsverbund-rmv","status":"publish","type":"page","link":"https:\/\/motion-x.net\/en\/ausstellerinhalte-2-2\/rhein-main-verkehrsverbund-rmv\/","title":{"rendered":"Rhein-Main-Verkehrsverbund (RMV)"},"content":{"rendered":"<div data-elementor-type=\"wp-page\" data-elementor-id=\"6547\" class=\"elementor elementor-6547\">\n\t\t\t\t\t\t\t\t\t<section class=\"elementor-section elementor-top-section elementor-element elementor-element-3ae21f11 elementor-section-content-middle elementor-reverse-mobile elementor-section-boxed elementor-section-height-default elementor-section-height-default\" data-id=\"3ae21f11\" data-element_type=\"section\">\n\t\t\t\t\t\t<div class=\"elementor-container elementor-column-gap-no\">\n\t\t\t\t\t<div class=\"elementor-column elementor-col-50 elementor-top-column elementor-element elementor-element-460fc911\" data-id=\"460fc911\" data-element_type=\"column\">\n\t\t\t<div class=\"elementor-widget-wrap elementor-element-populated\">\n\t\t\t\t\t\t\t\t<div class=\"elementor-element elementor-element-20b5ff42 elementor-widget elementor-widget-heading\" data-id=\"20b5ff42\" data-element_type=\"widget\" data-widget_type=\"heading.default\">\n\t\t\t\t<div class=\"elementor-widget-container\">\n\t\t\t<h4 class=\"elementor-heading-title elementor-size-default\">\u00dcber den Aussteller<\/h4>\t\t<\/div>\n\t\t\t\t<\/div>\n\t\t\t\t<div class=\"elementor-element elementor-element-51f05beb elementor-widget elementor-widget-text-editor\" data-id=\"51f05beb\" data-element_type=\"widget\" data-widget_type=\"text-editor.default\">\n\t\t\t\t<div class=\"elementor-widget-container\">\n\t\t\t\t\t\t\tDer Rhein-Main-Verkehrsverbund (RMV) ist einer der gr\u00f6\u00dften deutschen Verkehrsverb\u00fcnde. Er koordiniert und organisiert seit 1995 den regionalen Bus- und Bahnverkehr auf rund 14.000 Quadratkilometern. Das sind rund zwei Drittel der Fl\u00e4che des Bundeslandes Hessen. Im Verbundgebiet wohnen zirka 5 Millionen Menschen. \t\t\t\t\t\t<\/div>\n\t\t\t\t<\/div>\n\t\t\t\t<div class=\"elementor-element elementor-element-4c506a3d elementor-widget elementor-widget-button\" data-id=\"4c506a3d\" data-element_type=\"widget\" data-widget_type=\"button.default\">\n\t\t\t\t<div class=\"elementor-widget-container\">\n\t\t\t\t\t<div class=\"elementor-button-wrapper\">\n\t\t\t<a href=\"https:\/\/www.rmv.de\/c\/de\/start\/\" class=\"elementor-button-link elementor-button elementor-size-sm elementor-animation-grow\" role=\"button\">\n\t\t\t\t\t\t<span class=\"elementor-button-content-wrapper\">\n\t\t\t\t\t\t<span class=\"elementor-button-text\">Zur Website<\/span>\n\t\t<\/span>\n\t\t\t\t\t<\/a>\n\t\t<\/div>\n\t\t\t\t<\/div>\n\t\t\t\t<\/div>\n\t\t\t\t\t<\/div>\n\t\t<\/div>\n\t\t\t\t<div class=\"elementor-column elementor-col-50 elementor-top-column elementor-element elementor-element-5d221ef2\" data-id=\"5d221ef2\" data-element_type=\"column\">\n\t\t\t<div class=\"elementor-widget-wrap elementor-element-populated\">\n\t\t\t\t\t\t\t\t<div class=\"elementor-element elementor-element-1ea319a0 elementor-widget elementor-widget-image\" data-id=\"1ea319a0\" data-element_type=\"widget\" data-widget_type=\"image.default\">\n\t\t\t\t<div class=\"elementor-widget-container\">\n\t\t\t\t\t\t\t\t\t\t\t\t\t\t\t<img width=\"300\" height=\"62\" src=\"https:\/\/motion-x.net\/wp-content\/uploads\/2021\/09\/768px-RMV_Logo.svg_uid_613f763f06d9b-300x62.png\" class=\"attachment-medium size-medium\" alt=\"\" loading=\"lazy\" srcset=\"https:\/\/motion-x.net\/wp-content\/uploads\/2021\/09\/768px-RMV_Logo.svg_uid_613f763f06d9b-300x62.png 300w, https:\/\/motion-x.net\/wp-content\/uploads\/2021\/09\/768px-RMV_Logo.svg_uid_613f763f06d9b-18x4.png 18w, https:\/\/motion-x.net\/wp-content\/uploads\/2021\/09\/768px-RMV_Logo.svg_uid_613f763f06d9b.png 768w\" sizes=\"(max-width: 300px) 100vw, 300px\" \/>\t\t\t\t\t\t\t\t\t\t\t\t\t\t\t<\/div>\n\t\t\t\t<\/div>\n\t\t\t\t\t<\/div>\n\t\t<\/div>\n\t\t\t\t\t\t\t<\/div>\n\t\t<\/section>\n\t\t\t\t<section class=\"elementor-section elementor-top-section elementor-element elementor-element-ec24cd1 elementor-section-boxed elementor-section-height-default elementor-section-height-default\" data-id=\"ec24cd1\" data-element_type=\"section\">\n\t\t\t\t\t\t<div class=\"elementor-container elementor-column-gap-default\">\n\t\t\t\t\t<div class=\"elementor-column elementor-col-100 elementor-top-column elementor-element elementor-element-18221f4\" data-id=\"18221f4\" data-element_type=\"column\">\n\t\t\t<div class=\"elementor-widget-wrap elementor-element-populated\">\n\t\t\t\t\t\t\t\t<div class=\"elementor-element elementor-element-782175c elementor-widget elementor-widget-html\" data-id=\"782175c\" data-element_type=\"widget\" data-widget_type=\"html.default\">\n\t\t\t\t<div class=\"elementor-widget-container\">\n\t\t\t<style>\r\n       h2.projekte {\r\n        color: #0600000F;\r\n        font-family: \"Open Sans\", Sans-serif;\r\n        font-size: 100px;\r\n        font-weight: 900;\r\n        text-transform: uppercase;\r\n      }     \r\n      .portfolio h3{ color: #000000;\r\n        font-family: \"Open Sans\", Sans-serif;\r\n        font-size: 45px;\r\n        font-weight: 700;\r\n        text-transform: uppercase;\r\n        padding: 50px 0 10px;}\r\n      .portfolio h4{ color: #000000;\r\n        font-family: \"Open Sans\", Sans-serif;\r\n        font-size: 35px;\r\n        font-weight: 700;\r\n        text-transform: uppercase;\r\n        padding: 50px 0 10px;}          \r\n      .portfolio p {\r\n        color: #7a7a7a;\r\n        font-family: Roboto, sans-serif;\r\n        font-size: 15px;\r\n        font-weight: 300;\r\n        line-height: 2em;\r\n      }<\/style><div><script type=\"text\/javascript\" src=\"https:\/\/cdn.jsdelivr.net\/npm\/jquery@3.3.1\/dist\/jquery.min.js\"><\/script><link href=\"https:\/\/cdn.jsdelivr.net\/npm\/nanogallery2@3\/dist\/css\/nanogallery2.min.css\" rel=\"stylesheet\" type=\"text\/css\"\/><script type=\"text\/javascript\" src=\"https:\/\/cdn.jsdelivr.net\/npm\/nanogallery2@3\/dist\/jquery.nanogallery2.min.js\"><\/script><h2 class=\"projekte\">PROJECTS<\/h2><div class=\"portfolio\"><h3>Rhein-Main-Verkehrsverbund (RMV)<\/h3><img src=\"https:\/\/hybrid-x-cms-assets.s3.eu-central-1.amazonaws.com\/2021\/09\/14\/RMVsmart_In-Out_Christof_Mattes_2_uid_6140c1b51de61.jpg\" alt=\"Rhein-Main-Verkehrsverbund (RMV)\"\/><h4>Video<\/h4><video playsinline=\"\" controls=\"\" preload=\"meta\" src=\"https:\/\/hybrid-x-cms-assets.s3.eu-central-1.amazonaws.com\/2021\/09\/15\/20161129_RMV_fr_RTL_H264_1080i_14mbit_uid_61419158250bc.mp4\"><\/video><p><h5><\/h5>Weit mehr als Bus und Bahn - Der Rhein-Main-Verkehrsverbund (RMV) ist einer der gr\u00f6\u00dften deutschen Verkehrsverb\u00fcnde. Er koordiniert und organisiert seit 1995 den regionalen Bus- und Bahnverkehr auf rund 14.000 Quadratkilometern. Das sind rund zwei Drittel der Fl\u00e4che des Bundeslandes Hessen. Im Verbundgebiet wohnen zirka 5 Millionen Menschen. Seit Gr\u00fcndung des RMV ist die Fahrgastnachfrage massiv gewachsen: 808 Millionen pro Werktag. Damit ist der RMV ein wichtiger Faktor f\u00fcr die Entwicklung des Rhein-Mail-Gebiets als pulsierende Metropolregion. \r\n<p><h5><\/h5>Auch \u00fcber die klassischen Themenfelder Bus, Bahn, Fahrplan, Fahrgastinformation und Tarif hinaus gestaltet der RMV die Mobilit\u00e4t von morgen in der Region ma\u00dfgeblich mit: Zum Beispiel erprobt er auf unterschiedlichsten Testfeldern die Integration autonomer Fahrzeuge in den \u00d6PNV. Au\u00dferdem startet im RMV das gr\u00f6\u00dfte On-Demand-Projekt Deutschlands. Und ab Ende 2022 wird die weltgr\u00f6\u00dfte Wasserstoff-betriebene Zugflotte im Taunusnetz des RMV fahren. <h4>Galerie<\/h4><div data-nanogallery2=\"{        &quot;itemsBaseURL&quot;: &quot;http:\/\/nanogallery2.nanostudio.org\/samples\/&quot;,        &quot;thumbnailWidth&quot;: &quot;200&quot;,        &quot;thumbnailBorderVertical&quot;: 0,        &quot;thumbnailBorderHorizontal&quot;: 0,        &quot;thumbnailLabel&quot;: {          &quot;position&quot;: &quot;overImageOnBottom&quot;        },        &quot;thumbnailAlignment&quot;: &quot;center&quot;,        &quot;thumbnailOpenImage&quot;: true      }\"><a href=\"https:\/\/hybrid-x-cms-assets.s3.eu-central-1.amazonaws.com\/2021\/09\/14\/csm_NeuePESA-Fahrzeuge_Chris_Christes_d516dbaf48_uid_6140669408600.jpg\" data-ngthumb=\"https:\/\/hybrid-x-cms-assets.s3.eu-central-1.amazonaws.com\/2021\/09\/14\/csm_NeuePESA-Fahrzeuge_Chris_Christes_d516dbaf48_uid_6140669408600.jpg\"><\/a><\/div><\/div><div class=\"portfolio\"><h3>rms<\/h3><img src=\"https:\/\/hybrid-x-cms-assets.s3.eu-central-1.amazonaws.com\/2021\/09\/14\/rms_stellenanzeige_illu_hellblau_2000_uid_6140c1ebac616.jpg\" alt=\"rms\"\/><p><h5><\/h5>Innovation macht Mobil- Die rms ist Ansprechpartnerin f\u00fcr alle Aufgaben im \u00d6PNV. Unsere Kunden unterst\u00fctzen wir mit effizienten, ganzheitlichen L\u00f6sungen. Wir entwickeln innovative Ideen und Strategien, f\u00f6rdern die Umsetzung durch Planung und Beratung, unterst\u00fctzen im operativen Gesch\u00e4ft und treiben spannende Forschungsvorhaben voran. Die rms gestaltet die Zukunft des \u00d6PNV aktiv mit: Wir arbeiten an der regionalen und bundesweiten digitalen Vernetzung, am Einsatz neuer On-Demand-Verkehre und automatisierter \u00d6PNV-Shuttles sowie an neuen Angeboten f\u00fcr die Kundenbetreuung. <p><h5><\/h5>Die rms gestaltet die Zukunft des \u00d6PNV aktiv mit: Wir arbeiten an der regionalen und bundesweiten digitalen Vernetzung, am Einsatz neuer On-Demand-Verkehre und automatisierter \u00d6PNV-Shuttles sowie an neuen Angeboten f\u00fcr die Kundenbetreuung. <h3>Facts &amp; Figures<\/h3><p><h4>Video<\/h4><video playsinline=\"\" controls=\"\" preload=\"meta\" src=\"https:\/\/hybrid-x-cms-assets.s3.eu-central-1.amazonaws.com\/2021\/09\/13\/01_2019_11_21_VDV_Hypermotion_Film_FIN_comp_uid_613f8bee3ba14.mp4\"><\/video><h5><\/h5>- Auftraggeber: Verkehrsverb\u00fcnde und -unternehmen, Aufgabentr\u00e4ger, Ministerien\r\n- \u00dcber 3.000 Projekte erfolgreich umgesetzt seit 1997\r\n- \u00dcber 200 Mitarbeiter*innen in Frankfurt am Main, Berlin und Dresden \r\n- Interdisziplin\u00e4res Team \r\n- Tochtergesellschaft des RMV (Rhein-Main-Verkehrsverbund)\r\n- Gesellschafter von Mobilligence (Berlin) \r\n<h5><\/h5>Unsere Kompetenzen im \u00d6PNV<p><p><\/p><h5><\/h5>- Software-L\u00f6sungen \r\n- Planung\r\n- \u00d6PNV-Einnahmesicherung\r\n- Forschung &amp; Innovation\r\n- Fahrgastinformation\r\n- Kundendialog\r\n- ITCS &amp; Fahrzeug-IT\r\n- eTicket &amp; Vertrieb\r\n- Qualit\u00e4tsmanagement \r\n- \u00d6PNV-Marktforschung\r\n- Personalschulungen \r\n- Mobilit\u00e4s-Consulting\r\n- Datenmanagement<br><br><br>\r\n<h1><b>GELUNGENE MOBILIT\u00c4T \r\n\u201eMADE IN GERMANY\"<br><\/b><\/h1><p><h5><\/h5>Das Ansehen der Mobilit\u00e4tswirtschaft ist in den vergangenen Jahren stark durch ein zelne Negativbeispiele gepr\u00e4gt worden, zum Beispiel durch den Bau des Berliner Flug hafens, den Diesel-Skandal, marode Br\u00fccken und \u00fcberlastete Infrastrukturen. Diese selektive \u00f6ffentliche Wahrnehmung entspricht aber nicht der Leistungsf\u00e4higkeit und Kompetenz der deutschen Mobilit\u00e4tswirtschaft. Der neu initiierte Innovationspreis der deutschen Mobilit\u00e4tswirtschaft\u201c lenkt den Fokus der \u00f6ffentlichen Wahrnehmung wieder auf die vielen positiven Entwicklungen und Leistungen der deutschen Mobili t\u00e4ts-Nerkehrswirtschaft sowie die Ingenieurskunst in diesen Bereichen. \r\nDer Innovationspreis der deutschen Mobilit\u00e4tswirtschaft\" wird erstmals am 15. No vember 2021 in der Paulskirche Frankfurt am Main verliehen und bildet damit den festlichen Auftakt zum Deutschen Mobilit\u00e4tskongress. Beide Veranstaltungen werden von der Deutschen Verkehrswissenschaftlichen Gesellschaft e.V. (DWWG) in Koopera tion mit dem Rhein-Main-Verkehrsverbund (RMV) durchgef\u00fchrt. Die Schirmherrschaft hat der Bundesminister f\u00fcr Verkehr und digitale Infrastruktur \u00fcbernommen. \r\n<p><\/p>Im ersten Jahr wird der Innovationspreis in drei Kategorien verliehen: \r\n<p><\/p><ul><\/ul><b>o<\/b> Neue und innovative Produkte oder Projekte, die die Mobilit\u00e4tswirtschaft entschei dend vorantreiben und bereits am Markt erfolgreich sind. \r\n<p><\/p><ul><\/ul><b>o<\/b> Herausragende Pers\u00f6nlichkeit, welche mit hohem pers\u00f6nlichem und fachlichem Engagement f\u00fcr den Fortschritt im Mobilit\u00e4tsbereich pr\u00e4gend ist\/war und mit ihren Leistungen wichtige Impulse gesetzt hat.\r\n<p><\/p><ul><\/ul><b>o<\/b> Sonderpreis f\u00fcr herausragende Leistungen im Mobilit\u00e4ts-Nerkehrssektor w\u00e4hrend der Corona-Pandemie. \r\n<p><\/p>Die hochkar\u00e4tige Jury aus Wissenschaft und Verkehrsverb\u00e4nden ermittelt aus den zahlreichen Bewerbungen die Preistr\u00e4ger. <h4>Galerie<\/h4><div data-nanogallery2=\"{        &quot;itemsBaseURL&quot;: &quot;http:\/\/nanogallery2.nanostudio.org\/samples\/&quot;,        &quot;thumbnailWidth&quot;: &quot;200&quot;,        &quot;thumbnailBorderVertical&quot;: 0,        &quot;thumbnailBorderHorizontal&quot;: 0,        &quot;thumbnailLabel&quot;: {          &quot;position&quot;: &quot;overImageOnBottom&quot;        },        &quot;thumbnailAlignment&quot;: &quot;center&quot;,        &quot;thumbnailOpenImage&quot;: true      }\"><a href=\"https:\/\/hybrid-x-cms-assets.s3.eu-central-1.amazonaws.com\/2021\/09\/14\/RMVsmart_In-Out_Christof_Mattes_2_uid_6140c1b51de61.jpg\" data-ngthumb=\"https:\/\/hybrid-x-cms-assets.s3.eu-central-1.amazonaws.com\/2021\/09\/14\/RMVsmart_In-Out_Christof_Mattes_2_uid_6140c1b51de61.jpg\"><\/a><a href=\"https:\/\/hybrid-x-cms-assets.s3.eu-central-1.amazonaws.com\/2021\/09\/14\/RMV_EASY_Mainkai_RMV_Arne_Landwehr_uid_6140c1b318c9e.jpg\" data-ngthumb=\"https:\/\/hybrid-x-cms-assets.s3.eu-central-1.amazonaws.com\/2021\/09\/14\/RMV_EASY_Mainkai_RMV_Arne_Landwehr_uid_6140c1b318c9e.jpg\"><\/a><a href=\"https:\/\/hybrid-x-cms-assets.s3.eu-central-1.amazonaws.com\/2021\/09\/14\/RMV-story_uid_614063e0d2fe8.jpeg\" data-ngthumb=\"https:\/\/hybrid-x-cms-assets.s3.eu-central-1.amazonaws.com\/2021\/09\/14\/RMV-story_uid_614063e0d2fe8.jpeg\"><\/a><\/div><\/div><\/div>\t\t<\/div>\n\t\t\t\t<\/div>\n\t\t\t\t\t<\/div>\n\t\t<\/div>\n\t\t\t\t\t\t\t<\/div>\n\t\t<\/section>\n\t\t\t\t\t\t\t<\/div>","protected":false},"excerpt":{"rendered":"<p>\u00dcber den Aussteller Der Rhein-Main-Verkehrsverbund (RMV) ist einer der gr\u00f6\u00dften deutschen Verkehrsverb\u00fcnde. Er koordiniert und organisiert seit 1995 den regionalen Bus- und Bahnverkehr auf rund 14.000 Quadratkilometern. Das sind rund zwei Drittel der Fl\u00e4che des Bundeslandes Hessen. Im Verbundgebiet wohnen zirka 5 Millionen Menschen. Zur Website Projekte Rhein-Main-Verkehrsverbund (RMV) Video Weit mehr als Bus und [&hellip;]<\/p>","protected":false},"author":1,"featured_media":6248,"parent":6508,"menu_order":0,"comment_status":"closed","ping_status":"closed","template":"","meta":[],"aioseo_notices":[],"_links":{"self":[{"href":"https:\/\/motion-x.net\/en\/wp-json\/wp\/v2\/pages\/6547"}],"collection":[{"href":"https:\/\/motion-x.net\/en\/wp-json\/wp\/v2\/pages"}],"about":[{"href":"https:\/\/motion-x.net\/en\/wp-json\/wp\/v2\/types\/page"}],"author":[{"embeddable":true,"href":"https:\/\/motion-x.net\/en\/wp-json\/wp\/v2\/users\/1"}],"replies":[{"embeddable":true,"href":"https:\/\/motion-x.net\/en\/wp-json\/wp\/v2\/comments?post=6547"}],"version-history":[{"count":12,"href":"https:\/\/motion-x.net\/en\/wp-json\/wp\/v2\/pages\/6547\/revisions"}],"predecessor-version":[{"id":7191,"href":"https:\/\/motion-x.net\/en\/wp-json\/wp\/v2\/pages\/6547\/revisions\/7191"}],"up":[{"embeddable":true,"href":"https:\/\/motion-x.net\/en\/wp-json\/wp\/v2\/pages\/6508"}],"wp:featuredmedia":[{"embeddable":true,"href":"https:\/\/motion-x.net\/en\/wp-json\/wp\/v2\/media\/6248"}],"wp:attachment":[{"href":"https:\/\/motion-x.net\/en\/wp-json\/wp\/v2\/media?parent=6547"}],"curies":[{"name":"wp","href":"https:\/\/api.w.org\/{rel}","templated":true}]}}