{"id":6544,"date":"2021-09-15T11:19:56","date_gmt":"2021-09-15T11:19:56","guid":{"rendered":"https:\/\/motion-x.net\/?page_id=6544"},"modified":"2021-10-21T08:39:21","modified_gmt":"2021-10-21T08:39:21","slug":"ivu-traffic-technologies-ag","status":"publish","type":"page","link":"https:\/\/motion-x.net\/en\/ausstellerinhalte-2-2\/ivu-traffic-technologies-ag\/","title":{"rendered":"IVU Traffic Technologies AG"},"content":{"rendered":"<div data-elementor-type=\"wp-page\" data-elementor-id=\"6544\" class=\"elementor elementor-6544\">\n\t\t\t\t\t\t\t\t\t<section class=\"elementor-section elementor-top-section elementor-element elementor-element-2d99c8c7 elementor-section-content-middle elementor-reverse-mobile elementor-section-boxed elementor-section-height-default elementor-section-height-default\" data-id=\"2d99c8c7\" data-element_type=\"section\">\n\t\t\t\t\t\t<div class=\"elementor-container elementor-column-gap-no\">\n\t\t\t\t\t<div class=\"elementor-column elementor-col-50 elementor-top-column elementor-element elementor-element-46074cb2\" data-id=\"46074cb2\" data-element_type=\"column\">\n\t\t\t<div class=\"elementor-widget-wrap elementor-element-populated\">\n\t\t\t\t\t\t\t\t<div class=\"elementor-element elementor-element-3e2a8c52 elementor-widget elementor-widget-heading\" data-id=\"3e2a8c52\" data-element_type=\"widget\" data-widget_type=\"heading.default\">\n\t\t\t\t<div class=\"elementor-widget-container\">\n\t\t\t<h4 class=\"elementor-heading-title elementor-size-default\">\u00dcber den Aussteller<\/h4>\t\t<\/div>\n\t\t\t\t<\/div>\n\t\t\t\t<div class=\"elementor-element elementor-element-1e02cd14 elementor-widget elementor-widget-text-editor\" data-id=\"1e02cd14\" data-element_type=\"widget\" data-widget_type=\"text-editor.default\">\n\t\t\t\t<div class=\"elementor-widget-container\">\n\t\t\t\t\t\t\tWir verstehen was Sie bewegen &#8211; Die IVU entwickelt seit \u00fcber 45 Jahren integrierte IT-Systeme f\u00fcr einen effizienten und umwelt\u00adfreundlichen \u00d6ffentlichen Verkehr. Auf Basis der IVU.suite entwickeln wir leistungsstarke IT-Produkte f\u00fcr Bus- und Bahn\u00adunter\u00adneh\u00admen. \t\t\t\t\t\t<\/div>\n\t\t\t\t<\/div>\n\t\t\t\t<div class=\"elementor-element elementor-element-1bf74015 elementor-widget elementor-widget-button\" data-id=\"1bf74015\" data-element_type=\"widget\" data-widget_type=\"button.default\">\n\t\t\t\t<div class=\"elementor-widget-container\">\n\t\t\t\t\t<div class=\"elementor-button-wrapper\">\n\t\t\t<a href=\"https:\/\/www.ivu.de\/\" class=\"elementor-button-link elementor-button elementor-size-sm elementor-animation-grow\" role=\"button\">\n\t\t\t\t\t\t<span class=\"elementor-button-content-wrapper\">\n\t\t\t\t\t\t<span class=\"elementor-button-text\">Zur Website<\/span>\n\t\t<\/span>\n\t\t\t\t\t<\/a>\n\t\t<\/div>\n\t\t\t\t<\/div>\n\t\t\t\t<\/div>\n\t\t\t\t\t<\/div>\n\t\t<\/div>\n\t\t\t\t<div class=\"elementor-column elementor-col-50 elementor-top-column elementor-element elementor-element-7ae8be6a\" data-id=\"7ae8be6a\" data-element_type=\"column\">\n\t\t\t<div class=\"elementor-widget-wrap elementor-element-populated\">\n\t\t\t\t\t\t\t\t<div class=\"elementor-element elementor-element-15921176 elementor-widget elementor-widget-image\" data-id=\"15921176\" data-element_type=\"widget\" data-widget_type=\"image.default\">\n\t\t\t\t<div class=\"elementor-widget-container\">\n\t\t\t\t\t\t\t\t\t\t\t\t\t\t\t<img width=\"300\" height=\"152\" src=\"https:\/\/motion-x.net\/wp-content\/uploads\/2021\/09\/2000px-IVU_Traffic_Technologies_Logo_2017.svg_uid_613f70a890aeb-300x152.png\" class=\"attachment-medium size-medium\" alt=\"\" loading=\"lazy\" srcset=\"https:\/\/motion-x.net\/wp-content\/uploads\/2021\/09\/2000px-IVU_Traffic_Technologies_Logo_2017.svg_uid_613f70a890aeb-300x152.png 300w, https:\/\/motion-x.net\/wp-content\/uploads\/2021\/09\/2000px-IVU_Traffic_Technologies_Logo_2017.svg_uid_613f70a890aeb-1024x519.png 1024w, https:\/\/motion-x.net\/wp-content\/uploads\/2021\/09\/2000px-IVU_Traffic_Technologies_Logo_2017.svg_uid_613f70a890aeb-768x389.png 768w, https:\/\/motion-x.net\/wp-content\/uploads\/2021\/09\/2000px-IVU_Traffic_Technologies_Logo_2017.svg_uid_613f70a890aeb-1536x778.png 1536w, https:\/\/motion-x.net\/wp-content\/uploads\/2021\/09\/2000px-IVU_Traffic_Technologies_Logo_2017.svg_uid_613f70a890aeb-18x9.png 18w, https:\/\/motion-x.net\/wp-content\/uploads\/2021\/09\/2000px-IVU_Traffic_Technologies_Logo_2017.svg_uid_613f70a890aeb-585x295.png 585w, https:\/\/motion-x.net\/wp-content\/uploads\/2021\/09\/2000px-IVU_Traffic_Technologies_Logo_2017.svg_uid_613f70a890aeb.png 2000w\" sizes=\"(max-width: 300px) 100vw, 300px\" \/>\t\t\t\t\t\t\t\t\t\t\t\t\t\t\t<\/div>\n\t\t\t\t<\/div>\n\t\t\t\t\t<\/div>\n\t\t<\/div>\n\t\t\t\t\t\t\t<\/div>\n\t\t<\/section>\n\t\t\t\t<section class=\"elementor-section elementor-top-section elementor-element elementor-element-32930c7 elementor-section-boxed elementor-section-height-default elementor-section-height-default\" data-id=\"32930c7\" data-element_type=\"section\">\n\t\t\t\t\t\t<div class=\"elementor-container elementor-column-gap-default\">\n\t\t\t\t\t<div class=\"elementor-column elementor-col-100 elementor-top-column elementor-element elementor-element-8908ab4\" data-id=\"8908ab4\" data-element_type=\"column\">\n\t\t\t<div class=\"elementor-widget-wrap elementor-element-populated\">\n\t\t\t\t\t\t\t\t<div class=\"elementor-element elementor-element-88bb77e elementor-widget elementor-widget-html\" data-id=\"88bb77e\" data-element_type=\"widget\" data-widget_type=\"html.default\">\n\t\t\t\t<div class=\"elementor-widget-container\">\n\t\t\t<style>\r\n       h2.projekte {\r\n        color: #0600000F;\r\n        font-family: \"Open Sans\", Sans-serif;\r\n        font-size: 100px;\r\n        font-weight: 900;\r\n        text-transform: uppercase;\r\n      }     \r\n      .portfolio h3{ color: #000000;\r\n        font-family: \"Open Sans\", Sans-serif;\r\n        font-size: 45px;\r\n        font-weight: 700;\r\n        text-transform: uppercase;\r\n        padding: 50px 0 10px;}\r\n      .portfolio h4{ color: #000000;\r\n        font-family: \"Open Sans\", Sans-serif;\r\n        font-size: 35px;\r\n        font-weight: 700;\r\n        text-transform: uppercase;\r\n        padding: 50px 0 10px;}          \r\n      .portfolio p {\r\n        color: #7a7a7a;\r\n        font-family: Roboto, sans-serif;\r\n        font-size: 15px;\r\n        font-weight: 300;\r\n        line-height: 2em;\r\n      }<\/style>\r\n\r\n<h2 class=\"video\"><b>VIDEO<\/b><\/h2>\r\n\r\n<video playsinline=\"\" poster=\"\/wp-content\/uploads\/2021\/09\/videoposter.png\" controls preload=\"meta\" src=\"https:\/\/hybrid-x-cms-assets.s3.eu-central-1.amazonaws.com\/2021\/09\/14\/IVU_uid_614082e57e96b.mp4\"><\/video>\r\n\t\t<\/div>\n\t\t\t\t<\/div>\n\t\t\t\t\t<\/div>\n\t\t<\/div>\n\t\t\t\t\t\t\t<\/div>\n\t\t<\/section>\n\t\t\t\t<section class=\"elementor-section elementor-top-section elementor-element elementor-element-182ee90 elementor-section-boxed elementor-section-height-default elementor-section-height-default\" data-id=\"182ee90\" data-element_type=\"section\">\n\t\t\t\t\t\t<div class=\"elementor-container elementor-column-gap-default\">\n\t\t\t\t\t<div class=\"elementor-column elementor-col-100 elementor-top-column elementor-element elementor-element-985d69d\" data-id=\"985d69d\" data-element_type=\"column\">\n\t\t\t<div class=\"elementor-widget-wrap elementor-element-populated\">\n\t\t\t\t\t\t\t\t<div class=\"elementor-element elementor-element-e1a76d7 elementor-widget elementor-widget-html\" data-id=\"e1a76d7\" data-element_type=\"widget\" data-widget_type=\"html.default\">\n\t\t\t\t<div class=\"elementor-widget-container\">\n\t\t\t<style>\r\n       h2.projekte {\r\n        color: #0600000F;\r\n        font-family: \"Open Sans\", Sans-serif;\r\n        font-size: 100px;\r\n        font-weight: 900;\r\n        text-transform: uppercase;\r\n      }     \r\n      .portfolio h3{ color: #000000;\r\n        font-family: \"Open Sans\", Sans-serif;\r\n        font-size: 45px;\r\n        font-weight: 700;\r\n        text-transform: uppercase;\r\n        padding: 50px 0 10px;}\r\n      .portfolio h4{ color: #000000;\r\n        font-family: \"Open Sans\", Sans-serif;\r\n        font-size: 35px;\r\n        font-weight: 700;\r\n        text-transform: uppercase;\r\n        padding: 50px 0 10px;}          \r\n      .portfolio p {\r\n        color: #7a7a7a;\r\n        font-family: Roboto, sans-serif;\r\n        font-size: 15px;\r\n        font-weight: 300;\r\n        line-height: 2em;\r\n      }<\/style><div><script type=\"text\/javascript\" src=\"https:\/\/cdn.jsdelivr.net\/npm\/jquery@3.3.1\/dist\/jquery.min.js\"><\/script><link href=\"https:\/\/cdn.jsdelivr.net\/npm\/nanogallery2@3\/dist\/css\/nanogallery2.min.css\" rel=\"stylesheet\" type=\"text\/css\"\/><script type=\"text\/javascript\" src=\"https:\/\/cdn.jsdelivr.net\/npm\/nanogallery2@3\/dist\/jquery.nanogallery2.min.js\"><\/script><h2 class=\"projekte\">PROJECTS<\/h2><div class=\"portfolio\"><h3>Wir verstehen was Sie bewegen<\/h3><img src=\"https:\/\/hybrid-x-cms-assets.s3.eu-central-1.amazonaws.com\/2021\/09\/14\/ivu3_uid_6140833f11efa.jpg\" alt=\"Wir verstehen was Sie bewegen\"\/><p><h5><\/h5>Ob f\u00fcnf oder f\u00fcnfzig Fahrzeuge, ein Dutzend Mitarbeitende oder zehntausend, zwei Linien oder zweihundert \u2013 Verkehrs\u00adunter\u00adnehmen leisten Bemerkens\u00adwertes, jeden Tag. Wir kennen die Heraus\u00adforderungen, vor denen Bus- und Bahn\u00adunternehmen stehen, und helfen ihnen dabei, alle Anforderungen im Blick zu behalten und ihre Aufgaben optimal zu erf\u00fcllen.:\r\nDie IVU entwickelt seit \u00fcber 45 Jahren integrierte IT-Systeme f\u00fcr einen effizienten und umwelt\u00adfreundlichen \u00d6ffentlichen Verkehr. Auf Basis der IVU.suite entwickeln wir leistungsstarke IT-Produkte f\u00fcr Bus- und Bahn\u00adunter\u00adneh\u00admen. IVU. Systeme f\u00fcr lebendige St\u00e4dte.<p>\r\n<\/p><h4>Galerie<\/h4><div data-nanogallery2=\"{        &quot;itemsBaseURL&quot;: &quot;http:\/\/nanogallery2.nanostudio.org\/samples\/&quot;,        &quot;thumbnailWidth&quot;: &quot;200&quot;,        &quot;thumbnailBorderVertical&quot;: 0,        &quot;thumbnailBorderHorizontal&quot;: 0,        &quot;thumbnailLabel&quot;: {          &quot;position&quot;: &quot;overImageOnBottom&quot;        },        &quot;thumbnailAlignment&quot;: &quot;center&quot;,        &quot;thumbnailOpenImage&quot;: true      }\"><a href=\"https:\/\/hybrid-x-cms-assets.s3.eu-central-1.amazonaws.com\/2021\/09\/14\/ivu3_uid_6140833f11efa.jpg\" data-ngthumb=\"https:\/\/hybrid-x-cms-assets.s3.eu-central-1.amazonaws.com\/2021\/09\/14\/ivu3_uid_6140833f11efa.jpg\"><\/a><a href=\"https:\/\/hybrid-x-cms-assets.s3.eu-central-1.amazonaws.com\/2021\/09\/14\/ivu2_uid_6140833f9b31e.jpg\" data-ngthumb=\"https:\/\/hybrid-x-cms-assets.s3.eu-central-1.amazonaws.com\/2021\/09\/14\/ivu2_uid_6140833f9b31e.jpg\"><\/a><a href=\"https:\/\/hybrid-x-cms-assets.s3.eu-central-1.amazonaws.com\/2021\/09\/14\/ivu45_uid_6140833ecfdce.jpg\" data-ngthumb=\"https:\/\/hybrid-x-cms-assets.s3.eu-central-1.amazonaws.com\/2021\/09\/14\/ivu45_uid_6140833ecfdce.jpg\"><\/a><\/div><\/div><\/div>\t\t<\/div>\n\t\t\t\t<\/div>\n\t\t\t\t\t<\/div>\n\t\t<\/div>\n\t\t\t\t\t\t\t<\/div>\n\t\t<\/section>\n\t\t\t\t\t\t\t<\/div>","protected":false},"excerpt":{"rendered":"<p>\u00dcber den Aussteller Wir verstehen was Sie bewegen &#8211; Die IVU entwickelt seit \u00fcber 45 Jahren integrierte IT-Systeme f\u00fcr einen effizienten und umwelt\u00adfreundlichen \u00d6ffentlichen Verkehr. Auf Basis der IVU.suite entwickeln wir leistungsstarke IT-Produkte f\u00fcr Bus- und Bahn\u00adunter\u00adneh\u00admen. Zur Website VIDEO Projekte Wir verstehen was Sie bewegen Ob f\u00fcnf oder f\u00fcnfzig Fahrzeuge, ein Dutzend Mitarbeitende oder [&hellip;]<\/p>","protected":false},"author":1,"featured_media":6241,"parent":6508,"menu_order":0,"comment_status":"closed","ping_status":"closed","template":"","meta":[],"aioseo_notices":[],"_links":{"self":[{"href":"https:\/\/motion-x.net\/en\/wp-json\/wp\/v2\/pages\/6544"}],"collection":[{"href":"https:\/\/motion-x.net\/en\/wp-json\/wp\/v2\/pages"}],"about":[{"href":"https:\/\/motion-x.net\/en\/wp-json\/wp\/v2\/types\/page"}],"author":[{"embeddable":true,"href":"https:\/\/motion-x.net\/en\/wp-json\/wp\/v2\/users\/1"}],"replies":[{"embeddable":true,"href":"https:\/\/motion-x.net\/en\/wp-json\/wp\/v2\/comments?post=6544"}],"version-history":[{"count":4,"href":"https:\/\/motion-x.net\/en\/wp-json\/wp\/v2\/pages\/6544\/revisions"}],"predecessor-version":[{"id":7222,"href":"https:\/\/motion-x.net\/en\/wp-json\/wp\/v2\/pages\/6544\/revisions\/7222"}],"up":[{"embeddable":true,"href":"https:\/\/motion-x.net\/en\/wp-json\/wp\/v2\/pages\/6508"}],"wp:featuredmedia":[{"embeddable":true,"href":"https:\/\/motion-x.net\/en\/wp-json\/wp\/v2\/media\/6241"}],"wp:attachment":[{"href":"https:\/\/motion-x.net\/en\/wp-json\/wp\/v2\/media?parent=6544"}],"curies":[{"name":"wp","href":"https:\/\/api.w.org\/{rel}","templated":true}]}}