{"id":6542,"date":"2021-09-15T11:22:15","date_gmt":"2021-09-15T11:22:15","guid":{"rendered":"https:\/\/motion-x.net\/?page_id=6542"},"modified":"2021-10-18T10:48:54","modified_gmt":"2021-10-18T10:48:54","slug":"iqs-international-quality-service-gmbh","status":"publish","type":"page","link":"https:\/\/motion-x.net\/en\/ausstellerinhalte-2-2\/iqs-international-quality-service-gmbh\/","title":{"rendered":"IQS International Quality Service GmbH"},"content":{"rendered":"<div data-elementor-type=\"wp-page\" data-elementor-id=\"6542\" class=\"elementor elementor-6542\">\n\t\t\t\t\t\t\t\t\t<section class=\"elementor-section elementor-top-section elementor-element elementor-element-14cf4bca elementor-section-content-middle elementor-reverse-mobile elementor-section-boxed elementor-section-height-default elementor-section-height-default\" data-id=\"14cf4bca\" data-element_type=\"section\">\n\t\t\t\t\t\t<div class=\"elementor-container elementor-column-gap-no\">\n\t\t\t\t\t<div class=\"elementor-column elementor-col-50 elementor-top-column elementor-element elementor-element-6ade9c96\" data-id=\"6ade9c96\" data-element_type=\"column\">\n\t\t\t<div class=\"elementor-widget-wrap elementor-element-populated\">\n\t\t\t\t\t\t\t\t<div class=\"elementor-element elementor-element-6b15a689 elementor-widget elementor-widget-heading\" data-id=\"6b15a689\" data-element_type=\"widget\" data-widget_type=\"heading.default\">\n\t\t\t\t<div class=\"elementor-widget-container\">\n\t\t\t<h4 class=\"elementor-heading-title elementor-size-default\">\u00dcber den Aussteller<\/h4>\t\t<\/div>\n\t\t\t\t<\/div>\n\t\t\t\t<div class=\"elementor-element elementor-element-15852baa elementor-widget elementor-widget-text-editor\" data-id=\"15852baa\" data-element_type=\"widget\" data-widget_type=\"text-editor.default\">\n\t\t\t\t<div class=\"elementor-widget-container\">\n\t\t\t\t\t\t\tWir sind eine hochwertige Dienstleistungsgrupppe f\u00fcr Automobil- und Sondertransporte. Wir \u00fcbernehmen hierbei zuverl\u00e4ssig die gesamte Logistik im technischen sowie kaufm\u00e4nnischen Bereich. Erfahren Sie mehr \u00fcber unsere Unternehmensgruppe sowie die vielf\u00e4ltigen Aspekte einer umfassenden Logistik, bei der die automobile Fracht ebenso wie s\u00e4mtliches zugeh\u00f6riges Equipment von der Abholung bis zur Auslieferung in den besten H\u00e4nden ist.\t\t\t\t\t\t<\/div>\n\t\t\t\t<\/div>\n\t\t\t\t<div class=\"elementor-element elementor-element-3caa2f0c elementor-widget elementor-widget-button\" data-id=\"3caa2f0c\" data-element_type=\"widget\" data-widget_type=\"button.default\">\n\t\t\t\t<div class=\"elementor-widget-container\">\n\t\t\t\t\t<div class=\"elementor-button-wrapper\">\n\t\t\t<a href=\"https:\/\/www.iqs-group.de\/iqs-startseite\" class=\"elementor-button-link elementor-button elementor-size-sm elementor-animation-grow\" role=\"button\">\n\t\t\t\t\t\t<span class=\"elementor-button-content-wrapper\">\n\t\t\t\t\t\t<span class=\"elementor-button-text\">Zur Website<\/span>\n\t\t<\/span>\n\t\t\t\t\t<\/a>\n\t\t<\/div>\n\t\t\t\t<\/div>\n\t\t\t\t<\/div>\n\t\t\t\t\t<\/div>\n\t\t<\/div>\n\t\t\t\t<div class=\"elementor-column elementor-col-50 elementor-top-column elementor-element elementor-element-77b8dcbd\" data-id=\"77b8dcbd\" data-element_type=\"column\">\n\t\t\t<div class=\"elementor-widget-wrap elementor-element-populated\">\n\t\t\t\t\t\t\t\t<div class=\"elementor-element elementor-element-b9f9ba6 elementor-widget elementor-widget-image\" data-id=\"b9f9ba6\" data-element_type=\"widget\" data-widget_type=\"image.default\">\n\t\t\t\t<div class=\"elementor-widget-container\">\n\t\t\t\t\t\t\t\t\t\t\t\t\t\t\t<img width=\"300\" height=\"104\" src=\"https:\/\/motion-x.net\/wp-content\/uploads\/2021\/09\/IQS_uid_613faf03bacbb-300x104.png\" class=\"attachment-medium size-medium\" alt=\"\" loading=\"lazy\" srcset=\"https:\/\/motion-x.net\/wp-content\/uploads\/2021\/09\/IQS_uid_613faf03bacbb-300x104.png 300w, https:\/\/motion-x.net\/wp-content\/uploads\/2021\/09\/IQS_uid_613faf03bacbb-1024x353.png 1024w, https:\/\/motion-x.net\/wp-content\/uploads\/2021\/09\/IQS_uid_613faf03bacbb-768x265.png 768w, https:\/\/motion-x.net\/wp-content\/uploads\/2021\/09\/IQS_uid_613faf03bacbb-1536x530.png 1536w, https:\/\/motion-x.net\/wp-content\/uploads\/2021\/09\/IQS_uid_613faf03bacbb-2048x707.png 2048w, https:\/\/motion-x.net\/wp-content\/uploads\/2021\/09\/IQS_uid_613faf03bacbb-18x6.png 18w\" sizes=\"(max-width: 300px) 100vw, 300px\" \/>\t\t\t\t\t\t\t\t\t\t\t\t\t\t\t<\/div>\n\t\t\t\t<\/div>\n\t\t\t\t\t<\/div>\n\t\t<\/div>\n\t\t\t\t\t\t\t<\/div>\n\t\t<\/section>\n\t\t\t\t<section class=\"elementor-section elementor-top-section elementor-element elementor-element-cdca661 elementor-section-boxed elementor-section-height-default elementor-section-height-default\" data-id=\"cdca661\" data-element_type=\"section\">\n\t\t\t\t\t\t<div class=\"elementor-container elementor-column-gap-default\">\n\t\t\t\t\t<div class=\"elementor-column elementor-col-100 elementor-top-column elementor-element elementor-element-14e42ff\" data-id=\"14e42ff\" data-element_type=\"column\">\n\t\t\t<div class=\"elementor-widget-wrap elementor-element-populated\">\n\t\t\t\t\t\t\t\t<div class=\"elementor-element elementor-element-6245aff elementor-widget elementor-widget-html\" data-id=\"6245aff\" data-element_type=\"widget\" data-widget_type=\"html.default\">\n\t\t\t\t<div class=\"elementor-widget-container\">\n\t\t\t<style>\r\n       h2.projekte {\r\n        color: #0600000F;\r\n        font-family: \"Open Sans\", Sans-serif;\r\n        font-size: 100px;\r\n        font-weight: 900;\r\n        text-transform: uppercase;\r\n      }     \r\n      .portfolio h3{ color: #000000;\r\n        font-family: \"Open Sans\", Sans-serif;\r\n        font-size: 45px;\r\n        font-weight: 700;\r\n        text-transform: uppercase;\r\n        padding: 50px 0 10px;}\r\n      .portfolio h4{ color: #000000;\r\n        font-family: \"Open Sans\", Sans-serif;\r\n        font-size: 35px;\r\n        font-weight: 700;\r\n        text-transform: uppercase;\r\n        padding: 50px 0 10px;}          \r\n      .portfolio p {\r\n        color: #7a7a7a;\r\n        font-family: Roboto, sans-serif;\r\n        font-size: 15px;\r\n        font-weight: 300;\r\n        line-height: 2em;\r\n      }<\/style><div><script type=\"text\/javascript\" src=\"https:\/\/cdn.jsdelivr.net\/npm\/jquery@3.3.1\/dist\/jquery.min.js\"><\/script><link href=\"https:\/\/cdn.jsdelivr.net\/npm\/nanogallery2@3\/dist\/css\/nanogallery2.min.css\" rel=\"stylesheet\" type=\"text\/css\"\/><script type=\"text\/javascript\" src=\"https:\/\/cdn.jsdelivr.net\/npm\/nanogallery2@3\/dist\/jquery.nanogallery2.min.js\"><\/script><h2 class=\"projekte\">PROJECTS<\/h2><div class=\"portfolio\"><h3>IQS International Quality Service GmbH<\/h3><img src=\"https:\/\/hybrid-x-cms-assets.s3.eu-central-1.amazonaws.com\/2021\/09\/16\/flugzeug_uid_61430ce1c05b8.png\" alt=\"IQS International Quality Service GmbH\"\/><p><h5><\/h5>Spezielle Kenntnisse, wie Verladetechniken und weitreichendes Wissen um die Infrastruktur und politische Besonderheiten an den verschiedenen Zielorten, kommen unseren Kunden zugute. \r\nUnsere Spezialit\u00e4t ist die automobile Sonderlogistik: Luftfracht, Seefracht, Landverkehr, Spezialtransporte Zollabwicklung, Charterabwicklung, Projektmanagement, Onboard Kurier<style>\r\n       h2.video {\r\n        color: #0600000F;\r\n        font-family: \"Open Sans\", Sans-serif;\r\n        font-size: 100px;\r\n        font-weight: 900;\r\n        text-transform: uppercase;\r\n      }     \r\n<\/style>\r\n\r\n<h2 class=\"video\">Video<\/h2>\r\n\r\n<video playsinline=\"\" poster=\"\/wp-content\/uploads\/2021\/09\/videoposter.png\" controls preload=\"meta\" src=\"https:\/\/hybrid-x-cms-assets.s3.eu-central-1.amazonaws.com\/2021\/09\/23\/Luxemburg_uid_614c81716e758.mov\"><\/video>\r\n<h4>Galerie<\/h4><div data-nanogallery2=\"{        &quot;itemsBaseURL&quot;: &quot;http:\/\/nanogallery2.nanostudio.org\/samples\/&quot;,        &quot;thumbnailWidth&quot;: &quot;200&quot;,        &quot;thumbnailBorderVertical&quot;: 0,        &quot;thumbnailBorderHorizontal&quot;: 0,        &quot;thumbnailLabel&quot;: {          &quot;position&quot;: &quot;overImageOnBottom&quot;        },        &quot;thumbnailAlignment&quot;: &quot;center&quot;,        &quot;thumbnailOpenImage&quot;: true      }\"><a href=\"https:\/\/hybrid-x-cms-assets.s3.eu-central-1.amazonaws.com\/2021\/09\/23\/Unbenannt_uid_614c820b13421.PNG\" data-ngthumb=\"https:\/\/hybrid-x-cms-assets.s3.eu-central-1.amazonaws.com\/2021\/09\/23\/Unbenannt_uid_614c820b13421.PNG\"><\/a><\/div><\/div><\/div>\t\t<\/div>\n\t\t\t\t<\/div>\n\t\t\t\t\t<\/div>\n\t\t<\/div>\n\t\t\t\t\t\t\t<\/div>\n\t\t<\/section>\n\t\t\t\t\t\t\t<\/div>","protected":false},"excerpt":{"rendered":"<p>\u00dcber den Aussteller Wir sind eine hochwertige Dienstleistungsgrupppe f\u00fcr Automobil- und Sondertransporte. Wir \u00fcbernehmen hierbei zuverl\u00e4ssig die gesamte Logistik im technischen sowie kaufm\u00e4nnischen Bereich. Erfahren Sie mehr \u00fcber unsere Unternehmensgruppe sowie die vielf\u00e4ltigen Aspekte einer umfassenden Logistik, bei der die automobile Fracht ebenso wie s\u00e4mtliches zugeh\u00f6riges Equipment von der Abholung bis zur Auslieferung in den [&hellip;]<\/p>","protected":false},"author":1,"featured_media":6239,"parent":6508,"menu_order":0,"comment_status":"closed","ping_status":"closed","template":"","meta":[],"aioseo_notices":[],"_links":{"self":[{"href":"https:\/\/motion-x.net\/en\/wp-json\/wp\/v2\/pages\/6542"}],"collection":[{"href":"https:\/\/motion-x.net\/en\/wp-json\/wp\/v2\/pages"}],"about":[{"href":"https:\/\/motion-x.net\/en\/wp-json\/wp\/v2\/types\/page"}],"author":[{"embeddable":true,"href":"https:\/\/motion-x.net\/en\/wp-json\/wp\/v2\/users\/1"}],"replies":[{"embeddable":true,"href":"https:\/\/motion-x.net\/en\/wp-json\/wp\/v2\/comments?post=6542"}],"version-history":[{"count":3,"href":"https:\/\/motion-x.net\/en\/wp-json\/wp\/v2\/pages\/6542\/revisions"}],"predecessor-version":[{"id":6659,"href":"https:\/\/motion-x.net\/en\/wp-json\/wp\/v2\/pages\/6542\/revisions\/6659"}],"up":[{"embeddable":true,"href":"https:\/\/motion-x.net\/en\/wp-json\/wp\/v2\/pages\/6508"}],"wp:featuredmedia":[{"embeddable":true,"href":"https:\/\/motion-x.net\/en\/wp-json\/wp\/v2\/media\/6239"}],"wp:attachment":[{"href":"https:\/\/motion-x.net\/en\/wp-json\/wp\/v2\/media?parent=6542"}],"curies":[{"name":"wp","href":"https:\/\/api.w.org\/{rel}","templated":true}]}}