{"id":6540,"date":"2021-09-15T11:23:56","date_gmt":"2021-09-15T11:23:56","guid":{"rendered":"https:\/\/motion-x.net\/?page_id=6540"},"modified":"2021-10-21T08:40:49","modified_gmt":"2021-10-21T08:40:49","slug":"bahnlog-bahnlogistik-gmbh-2","status":"publish","type":"page","link":"https:\/\/motion-x.net\/en\/ausstellerinhalte-2-2\/bahnlog-bahnlogistik-gmbh-2\/","title":{"rendered":"BahnLOG Bahnlogistik GmbH"},"content":{"rendered":"<div data-elementor-type=\"wp-page\" data-elementor-id=\"6540\" class=\"elementor elementor-6540\">\n\t\t\t\t\t\t\t\t\t<section class=\"elementor-section elementor-top-section elementor-element elementor-element-3ce2fa6d elementor-section-content-middle elementor-reverse-mobile elementor-section-boxed elementor-section-height-default elementor-section-height-default\" data-id=\"3ce2fa6d\" data-element_type=\"section\">\n\t\t\t\t\t\t<div class=\"elementor-container elementor-column-gap-no\">\n\t\t\t\t\t<div class=\"elementor-column elementor-col-50 elementor-top-column elementor-element elementor-element-2079ac92\" data-id=\"2079ac92\" data-element_type=\"column\">\n\t\t\t<div class=\"elementor-widget-wrap elementor-element-populated\">\n\t\t\t\t\t\t\t\t<div class=\"elementor-element elementor-element-b07fb3e elementor-widget elementor-widget-heading\" data-id=\"b07fb3e\" data-element_type=\"widget\" data-widget_type=\"heading.default\">\n\t\t\t\t<div class=\"elementor-widget-container\">\n\t\t\t<h4 class=\"elementor-heading-title elementor-size-default\">\u00dcber den Aussteller<\/h4>\t\t<\/div>\n\t\t\t\t<\/div>\n\t\t\t\t<div class=\"elementor-element elementor-element-7a9a7dde elementor-widget elementor-widget-text-editor\" data-id=\"7a9a7dde\" data-element_type=\"widget\" data-widget_type=\"text-editor.default\">\n\t\t\t\t<div class=\"elementor-widget-container\">\n\t\t\t\t\t\t\t<p>BahnLog ist ein Eisenbahnverkehrsunternehmen (EVU) und ein Eisenbahninfrastrukturunternehmen (EIU). Das EIU betreibt eine \u00f6ffentliche Eisenbahninfrastruktur, \u00f6ffentliche Serviceeinrichtungen und \u00fcbernimmt private Eisenbahninfrastrukturen. Das Logistikunternehmen ist seit 2002 Partner und Dienstleister f\u00fcr die Bahn.<\/p>\t\t\t\t\t\t<\/div>\n\t\t\t\t<\/div>\n\t\t\t\t<div class=\"elementor-element elementor-element-4afe1ee2 elementor-widget elementor-widget-button\" data-id=\"4afe1ee2\" data-element_type=\"widget\" data-widget_type=\"button.default\">\n\t\t\t\t<div class=\"elementor-widget-container\">\n\t\t\t\t\t<div class=\"elementor-button-wrapper\">\n\t\t\t<a href=\"https:\/\/www.bahnlog.com\/\" class=\"elementor-button-link elementor-button elementor-size-sm elementor-animation-grow\" role=\"button\">\n\t\t\t\t\t\t<span class=\"elementor-button-content-wrapper\">\n\t\t\t\t\t\t<span class=\"elementor-button-text\">Zur Website<\/span>\n\t\t<\/span>\n\t\t\t\t\t<\/a>\n\t\t<\/div>\n\t\t\t\t<\/div>\n\t\t\t\t<\/div>\n\t\t\t\t\t<\/div>\n\t\t<\/div>\n\t\t\t\t<div class=\"elementor-column elementor-col-50 elementor-top-column elementor-element elementor-element-438f953d\" data-id=\"438f953d\" data-element_type=\"column\">\n\t\t\t<div class=\"elementor-widget-wrap elementor-element-populated\">\n\t\t\t\t\t\t\t\t<div class=\"elementor-element elementor-element-47c1a072 elementor-widget elementor-widget-image\" data-id=\"47c1a072\" data-element_type=\"widget\" data-widget_type=\"image.default\">\n\t\t\t\t<div class=\"elementor-widget-container\">\n\t\t\t\t\t\t\t\t\t\t\t\t\t\t\t<img width=\"300\" height=\"113\" src=\"https:\/\/motion-x.net\/wp-content\/uploads\/2021\/09\/BahnLog_uid_613faa577346c-300x113.png\" class=\"attachment-medium size-medium\" alt=\"\" loading=\"lazy\" srcset=\"https:\/\/motion-x.net\/wp-content\/uploads\/2021\/09\/BahnLog_uid_613faa577346c-300x113.png 300w, https:\/\/motion-x.net\/wp-content\/uploads\/2021\/09\/BahnLog_uid_613faa577346c-768x288.png 768w, https:\/\/motion-x.net\/wp-content\/uploads\/2021\/09\/BahnLog_uid_613faa577346c-18x7.png 18w, https:\/\/motion-x.net\/wp-content\/uploads\/2021\/09\/BahnLog_uid_613faa577346c.png 800w\" sizes=\"(max-width: 300px) 100vw, 300px\" \/>\t\t\t\t\t\t\t\t\t\t\t\t\t\t\t<\/div>\n\t\t\t\t<\/div>\n\t\t\t\t\t<\/div>\n\t\t<\/div>\n\t\t\t\t\t\t\t<\/div>\n\t\t<\/section>\n\t\t\t\t<section class=\"elementor-section elementor-top-section elementor-element elementor-element-8b2373e elementor-section-boxed elementor-section-height-default elementor-section-height-default\" data-id=\"8b2373e\" data-element_type=\"section\">\n\t\t\t\t\t\t<div class=\"elementor-container elementor-column-gap-default\">\n\t\t\t\t\t<div class=\"elementor-column elementor-col-100 elementor-top-column elementor-element elementor-element-48a5cc2\" data-id=\"48a5cc2\" data-element_type=\"column\">\n\t\t\t<div class=\"elementor-widget-wrap elementor-element-populated\">\n\t\t\t\t\t\t\t\t<div class=\"elementor-element elementor-element-e662624 elementor-widget elementor-widget-html\" data-id=\"e662624\" data-element_type=\"widget\" data-widget_type=\"html.default\">\n\t\t\t\t<div class=\"elementor-widget-container\">\n\t\t\t<style>\r\n       h2.projekte {\r\n        color: #0600000F;\r\n        font-family: \"Open Sans\", Sans-serif;\r\n        font-size: 100px;\r\n        font-weight: 900;\r\n        text-transform: uppercase;\r\n      }     \r\n      .portfolio h3{ color: #000000;\r\n        font-family: \"Open Sans\", Sans-serif;\r\n        font-size: 45px;\r\n        font-weight: 700;\r\n        text-transform: uppercase;\r\n        padding: 50px 0 10px;}\r\n      .portfolio h4{ color: #000000;\r\n        font-family: \"Open Sans\", Sans-serif;\r\n        font-size: 35px;\r\n        font-weight: 700;\r\n        text-transform: uppercase;\r\n        padding: 50px 0 10px;}          \r\n      .portfolio p {\r\n        color: #7a7a7a;\r\n        font-family: Roboto, sans-serif;\r\n        font-size: 15px;\r\n        font-weight: 300;\r\n        line-height: 2em;\r\n      }<\/style>\r\n\r\n<h2 class=\"video\"><b>VIDEO<\/b><\/h2>\r\n\r\n<video playsinline=\"\" poster=\"\/wp-content\/uploads\/2021\/09\/videoposter.png\" controls preload=\"meta\" src=\"https:\/\/hybrid-x-cms-assets.s3.eu-central-1.amazonaws.com\/2021\/09\/14\/Bahnlog-Video2_uid_61408e918fc44.mp4\"><\/video>\r\n\t\t<\/div>\n\t\t\t\t<\/div>\n\t\t\t\t\t<\/div>\n\t\t<\/div>\n\t\t\t\t\t\t\t<\/div>\n\t\t<\/section>\n\t\t\t\t\t\t\t<\/div>","protected":false},"excerpt":{"rendered":"<p>\u00dcber den Aussteller BahnLog ist ein Eisenbahnverkehrsunternehmen (EVU) und ein Eisenbahninfrastrukturunternehmen (EIU). Das EIU betreibt eine \u00f6ffentliche Eisenbahninfrastruktur, \u00f6ffentliche Serviceeinrichtungen und \u00fcbernimmt private Eisenbahninfrastrukturen. Das Logistikunternehmen ist seit 2002 Partner und Dienstleister f\u00fcr die Bahn. Zur Website VIDEO<\/p>","protected":false},"author":1,"featured_media":6225,"parent":6508,"menu_order":0,"comment_status":"closed","ping_status":"closed","template":"","meta":[],"aioseo_notices":[],"_links":{"self":[{"href":"https:\/\/motion-x.net\/en\/wp-json\/wp\/v2\/pages\/6540"}],"collection":[{"href":"https:\/\/motion-x.net\/en\/wp-json\/wp\/v2\/pages"}],"about":[{"href":"https:\/\/motion-x.net\/en\/wp-json\/wp\/v2\/types\/page"}],"author":[{"embeddable":true,"href":"https:\/\/motion-x.net\/en\/wp-json\/wp\/v2\/users\/1"}],"replies":[{"embeddable":true,"href":"https:\/\/motion-x.net\/en\/wp-json\/wp\/v2\/comments?post=6540"}],"version-history":[{"count":4,"href":"https:\/\/motion-x.net\/en\/wp-json\/wp\/v2\/pages\/6540\/revisions"}],"predecessor-version":[{"id":7228,"href":"https:\/\/motion-x.net\/en\/wp-json\/wp\/v2\/pages\/6540\/revisions\/7228"}],"up":[{"embeddable":true,"href":"https:\/\/motion-x.net\/en\/wp-json\/wp\/v2\/pages\/6508"}],"wp:featuredmedia":[{"embeddable":true,"href":"https:\/\/motion-x.net\/en\/wp-json\/wp\/v2\/media\/6225"}],"wp:attachment":[{"href":"https:\/\/motion-x.net\/en\/wp-json\/wp\/v2\/media?parent=6540"}],"curies":[{"name":"wp","href":"https:\/\/api.w.org\/{rel}","templated":true}]}}