{"id":6538,"date":"2021-09-15T11:24:35","date_gmt":"2021-09-15T11:24:35","guid":{"rendered":"https:\/\/motion-x.net\/?page_id=6538"},"modified":"2021-10-20T14:49:27","modified_gmt":"2021-10-20T14:49:27","slug":"logistics-alliance-germany-e-v","status":"publish","type":"page","link":"https:\/\/motion-x.net\/en\/ausstellerinhalte-2-2\/logistics-alliance-germany-e-v\/","title":{"rendered":"Logistics Alliance Germany e.V."},"content":{"rendered":"<div data-elementor-type=\"wp-page\" data-elementor-id=\"6538\" class=\"elementor elementor-6538\">\n\t\t\t\t\t\t\t\t\t<section class=\"elementor-section elementor-top-section elementor-element elementor-element-7defe9d6 elementor-section-content-middle elementor-reverse-mobile elementor-section-boxed elementor-section-height-default elementor-section-height-default\" data-id=\"7defe9d6\" data-element_type=\"section\">\n\t\t\t\t\t\t<div class=\"elementor-container elementor-column-gap-no\">\n\t\t\t\t\t<div class=\"elementor-column elementor-col-50 elementor-top-column elementor-element elementor-element-3c59ef91\" data-id=\"3c59ef91\" data-element_type=\"column\">\n\t\t\t<div class=\"elementor-widget-wrap elementor-element-populated\">\n\t\t\t\t\t\t\t\t<div class=\"elementor-element elementor-element-40f0e7d3 elementor-widget elementor-widget-heading\" data-id=\"40f0e7d3\" data-element_type=\"widget\" data-widget_type=\"heading.default\">\n\t\t\t\t<div class=\"elementor-widget-container\">\n\t\t\t<h4 class=\"elementor-heading-title elementor-size-default\">\u00dcber den Aussteller<\/h4>\t\t<\/div>\n\t\t\t\t<\/div>\n\t\t\t\t<div class=\"elementor-element elementor-element-718e6b8f elementor-widget elementor-widget-text-editor\" data-id=\"718e6b8f\" data-element_type=\"widget\" data-widget_type=\"text-editor.default\">\n\t\t\t\t<div class=\"elementor-widget-container\">\n\t\t\t\t\t\t\tWir sind ein \u00f6ffentlich-privates Partnerschaftsprojekt des Bundesministeriums f\u00fcr Verkehr und digitale Infrastruktur (BMVI) und der deutschen Logistikwirtschaft, das sich zum Ziel gesetzt hat, den Logistikstandort Deutschland unter dem Motto \u00bbLogistics made in Germany\u00ab im au\u00dfereurop\u00e4ischen Ausland zu vermarkten.\t\t\t\t\t\t<\/div>\n\t\t\t\t<\/div>\n\t\t\t\t<div class=\"elementor-element elementor-element-74f128a5 elementor-widget elementor-widget-button\" data-id=\"74f128a5\" data-element_type=\"widget\" data-widget_type=\"button.default\">\n\t\t\t\t<div class=\"elementor-widget-container\">\n\t\t\t\t\t<div class=\"elementor-button-wrapper\">\n\t\t\t<a href=\"https:\/\/www.logistics-alliance-germany.de\/\" class=\"elementor-button-link elementor-button elementor-size-sm elementor-animation-grow\" role=\"button\">\n\t\t\t\t\t\t<span class=\"elementor-button-content-wrapper\">\n\t\t\t\t\t\t<span class=\"elementor-button-text\">Zur Website<\/span>\n\t\t<\/span>\n\t\t\t\t\t<\/a>\n\t\t<\/div>\n\t\t\t\t<\/div>\n\t\t\t\t<\/div>\n\t\t\t\t\t<\/div>\n\t\t<\/div>\n\t\t\t\t<div class=\"elementor-column elementor-col-50 elementor-top-column elementor-element elementor-element-28b9540f\" data-id=\"28b9540f\" data-element_type=\"column\">\n\t\t\t<div class=\"elementor-widget-wrap elementor-element-populated\">\n\t\t\t\t\t\t\t\t<div class=\"elementor-element elementor-element-388eec71 elementor-widget elementor-widget-image\" data-id=\"388eec71\" data-element_type=\"widget\" data-widget_type=\"image.default\">\n\t\t\t\t<div class=\"elementor-widget-container\">\n\t\t\t\t\t\t\t\t\t\t\t\t\t\t\t<img width=\"300\" height=\"69\" src=\"https:\/\/motion-x.net\/wp-content\/uploads\/2021\/09\/Bild1_uid_613f3c976ca81-1-300x69.png\" class=\"attachment-medium size-medium\" alt=\"\" loading=\"lazy\" srcset=\"https:\/\/motion-x.net\/wp-content\/uploads\/2021\/09\/Bild1_uid_613f3c976ca81-1-300x69.png 300w, https:\/\/motion-x.net\/wp-content\/uploads\/2021\/09\/Bild1_uid_613f3c976ca81-1-18x4.png 18w, https:\/\/motion-x.net\/wp-content\/uploads\/2021\/09\/Bild1_uid_613f3c976ca81-1.png 415w\" sizes=\"(max-width: 300px) 100vw, 300px\" \/>\t\t\t\t\t\t\t\t\t\t\t\t\t\t\t<\/div>\n\t\t\t\t<\/div>\n\t\t\t\t\t<\/div>\n\t\t<\/div>\n\t\t\t\t\t\t\t<\/div>\n\t\t<\/section>\n\t\t\t\t<section class=\"elementor-section elementor-top-section elementor-element elementor-element-94fe4ea elementor-section-boxed elementor-section-height-default elementor-section-height-default\" data-id=\"94fe4ea\" data-element_type=\"section\">\n\t\t\t\t\t\t<div class=\"elementor-container elementor-column-gap-default\">\n\t\t\t\t\t<div class=\"elementor-column elementor-col-100 elementor-top-column elementor-element elementor-element-3cd8ffc\" data-id=\"3cd8ffc\" data-element_type=\"column\">\n\t\t\t<div class=\"elementor-widget-wrap elementor-element-populated\">\n\t\t\t\t\t\t\t\t<div class=\"elementor-element elementor-element-aacd6aa elementor-widget elementor-widget-html\" data-id=\"aacd6aa\" data-element_type=\"widget\" data-widget_type=\"html.default\">\n\t\t\t\t<div class=\"elementor-widget-container\">\n\t\t\t<style>\r\n       h2.video {\r\n        color: #0600000F;\r\n        font-family: \"Open Sans\", Sans-serif;\r\n        font-size: 100px;\r\n        font-weight: 900;\r\n        text-transform: uppercase;\r\n      }     \r\n<\/style>\r\n\r\n<h2 class=\"video\">Video<\/h2>\r\n\r\n<video playsinline=\"\" poster=\"\/wp-content\/uploads\/2021\/09\/videoposter.png\" controls preload=\"meta\" src=\"https:\/\/hybrid-x-cms-assets.s3.eu-central-1.amazonaws.com\/2021\/09\/13\/00_FV-LAG-Zusammenstellung_comp_uid_613f8aa379faf.mp4\"><\/video>\r\n\t\t<\/div>\n\t\t\t\t<\/div>\n\t\t\t\t\t<\/div>\n\t\t<\/div>\n\t\t\t\t\t\t\t<\/div>\n\t\t<\/section>\n\t\t\t\t<section class=\"elementor-section elementor-top-section elementor-element elementor-element-9f8675d elementor-section-boxed elementor-section-height-default elementor-section-height-default\" data-id=\"9f8675d\" data-element_type=\"section\">\n\t\t\t\t\t\t<div class=\"elementor-container elementor-column-gap-default\">\n\t\t\t\t\t<div class=\"elementor-column elementor-col-100 elementor-top-column elementor-element elementor-element-7e8f737\" data-id=\"7e8f737\" data-element_type=\"column\">\n\t\t\t<div class=\"elementor-widget-wrap elementor-element-populated\">\n\t\t\t\t\t\t\t\t<div class=\"elementor-element elementor-element-2174e8d elementor-widget elementor-widget-html\" data-id=\"2174e8d\" data-element_type=\"widget\" data-widget_type=\"html.default\">\n\t\t\t\t<div class=\"elementor-widget-container\">\n\t\t\t<style>\r\n       h2.projekte {\r\n        color: #0600000F;\r\n        font-family: \"Open Sans\", Sans-serif;\r\n        font-size: 100px;\r\n        font-weight: 900;\r\n        text-transform: uppercase;\r\n      }     \r\n      .portfolio h3{ color: #000000;\r\n        font-family: \"Open Sans\", Sans-serif;\r\n        font-size: 45px;\r\n        font-weight: 700;\r\n        text-transform: uppercase;\r\n        padding: 50px 0 10px;}\r\n      .portfolio h4{ color: #000000;\r\n        font-family: \"Open Sans\", Sans-serif;\r\n        font-size: 35px;\r\n        font-weight: 700;\r\n        text-transform: uppercase;\r\n        padding: 50px 0 10px;}          \r\n      .portfolio p {\r\n        color: #7a7a7a;\r\n        font-family: Roboto, sans-serif;\r\n        font-size: 15px;\r\n        font-weight: 300;\r\n        line-height: 2em;\r\n      }<\/style>\r\n     <h1><b>LOGISTIKVERBINDET \u2013 DIE ALLIANZ<\/b><\/h1><p><\/p><h5><\/h5>Die Logistics Alliance Germany (LAG) ist eine \u00f6ffentlich-private Allianz des Bundesministeriums f\u00fcr Verkehr und digitale Infrastruktur (BMVI) und der deutschen Logistikwirtschaft, die sich zum Ziel gesetzt hat, den Logistikstandort Deutschland unter dem Motto \u00bb Logistics made in Germany\u00ab im au\u00dfereurop\u00e4ischen Ausland zu vermarkten. \r\nDeutschland hat als Logistikland viel zu bieten - eine zentrale Lage, hervorragende Infrastruktur, kompetente Logistikdienstleister und jede Menge logistisches Know-how. Mit seinen Vermarktungsma\u00dfnahmen hilft das Netzwerk der Logistics Alliance Germany, den Logistikstandort Deutschland als Tor und Drehscheibe in Europa im Ausland bekannter zu machen und daf\u00fcr zu werben, den europ\u00e4ischen Markt \u00fcber Deutschland mit deutschen Logistikdienstleistern zu erschlie\u00dfen. \r\nWir unterst\u00fctzen Sie bei der Ansprache k\u00fcnftiger Gesch\u00e4ftspartner in ausgew\u00e4hlten Zielm\u00e4rkten. Nutzen Sie die Chance, Ihr Unternehmen und Ihre Dienstleistungen international erfolgreich zu pr\u00e4sentieren und von k\u00fcnftigen Exporten nach Europa zu profitieren. Gemeinsam mit Ihnen sind wir auf den relevanten M\u00e4rkten fr\u00fchzeitig vor Ort und bieten mannigfaltige M\u00f6glichkeiten, um direkt mit den Entscheidern in Kontakt zu kommen und \u00fcber lo gistische Angebote und L\u00f6sungen zu informieren. F\u00fcr Anfrager aus dem Ausland vermitteln wir deutsche Logistikdienstleister - passgenau, unb\u00fcrokratisch und kostenfrei. So findet die Nachfrage aus dem Ausland das Angebot aus dem Inland. \r\n\t\t<\/div>\n\t\t\t\t<\/div>\n\t\t\t\t\t<\/div>\n\t\t<\/div>\n\t\t\t\t\t\t\t<\/div>\n\t\t<\/section>\n\t\t\t\t\t\t\t<\/div>","protected":false},"excerpt":{"rendered":"<p>\u00dcber den Aussteller Wir sind ein \u00f6ffentlich-privates Partnerschaftsprojekt des Bundesministeriums f\u00fcr Verkehr und digitale Infrastruktur (BMVI) und der deutschen Logistikwirtschaft, das sich zum Ziel gesetzt hat, den Logistikstandort Deutschland unter dem Motto \u00bbLogistics made in Germany\u00ab im au\u00dfereurop\u00e4ischen Ausland zu vermarkten. Zur Website Video LOGISTIKVERBINDET \u2013 DIE ALLIANZ Die Logistics Alliance Germany (LAG) ist eine [&hellip;]<\/p>","protected":false},"author":1,"featured_media":6246,"parent":6508,"menu_order":0,"comment_status":"closed","ping_status":"closed","template":"","meta":[],"aioseo_notices":[],"_links":{"self":[{"href":"https:\/\/motion-x.net\/en\/wp-json\/wp\/v2\/pages\/6538"}],"collection":[{"href":"https:\/\/motion-x.net\/en\/wp-json\/wp\/v2\/pages"}],"about":[{"href":"https:\/\/motion-x.net\/en\/wp-json\/wp\/v2\/types\/page"}],"author":[{"embeddable":true,"href":"https:\/\/motion-x.net\/en\/wp-json\/wp\/v2\/users\/1"}],"replies":[{"embeddable":true,"href":"https:\/\/motion-x.net\/en\/wp-json\/wp\/v2\/comments?post=6538"}],"version-history":[{"count":4,"href":"https:\/\/motion-x.net\/en\/wp-json\/wp\/v2\/pages\/6538\/revisions"}],"predecessor-version":[{"id":7167,"href":"https:\/\/motion-x.net\/en\/wp-json\/wp\/v2\/pages\/6538\/revisions\/7167"}],"up":[{"embeddable":true,"href":"https:\/\/motion-x.net\/en\/wp-json\/wp\/v2\/pages\/6508"}],"wp:featuredmedia":[{"embeddable":true,"href":"https:\/\/motion-x.net\/en\/wp-json\/wp\/v2\/media\/6246"}],"wp:attachment":[{"href":"https:\/\/motion-x.net\/en\/wp-json\/wp\/v2\/media?parent=6538"}],"curies":[{"name":"wp","href":"https:\/\/api.w.org\/{rel}","templated":true}]}}