{"id":6537,"date":"2021-09-15T11:25:23","date_gmt":"2021-09-15T11:25:23","guid":{"rendered":"https:\/\/motion-x.net\/?page_id=6537"},"modified":"2021-10-21T09:50:57","modified_gmt":"2021-10-21T09:50:57","slug":"lnc-logisticnetwork-consultants-gmbh","status":"publish","type":"page","link":"https:\/\/motion-x.net\/en\/ausstellerinhalte-2-2\/lnc-logisticnetwork-consultants-gmbh\/","title":{"rendered":"LNC LogisticNetwork Consultants GmbH"},"content":{"rendered":"<div data-elementor-type=\"wp-page\" data-elementor-id=\"6537\" class=\"elementor elementor-6537\">\n\t\t\t\t\t\t\t\t\t<section class=\"elementor-section elementor-top-section elementor-element elementor-element-54259951 elementor-section-content-middle elementor-reverse-mobile elementor-section-boxed elementor-section-height-default elementor-section-height-default\" data-id=\"54259951\" data-element_type=\"section\">\n\t\t\t\t\t\t<div class=\"elementor-container elementor-column-gap-no\">\n\t\t\t\t\t<div class=\"elementor-column elementor-col-50 elementor-top-column elementor-element elementor-element-3a270c30\" data-id=\"3a270c30\" data-element_type=\"column\">\n\t\t\t<div class=\"elementor-widget-wrap elementor-element-populated\">\n\t\t\t\t\t\t\t\t<div class=\"elementor-element elementor-element-5dc2dff2 elementor-widget elementor-widget-heading\" data-id=\"5dc2dff2\" data-element_type=\"widget\" data-widget_type=\"heading.default\">\n\t\t\t\t<div class=\"elementor-widget-container\">\n\t\t\t<h4 class=\"elementor-heading-title elementor-size-default\">\u00dcber den Aussteller<\/h4>\t\t<\/div>\n\t\t\t\t<\/div>\n\t\t\t\t<div class=\"elementor-element elementor-element-30e4ce9b elementor-widget elementor-widget-text-editor\" data-id=\"30e4ce9b\" data-element_type=\"widget\" data-widget_type=\"text-editor.default\">\n\t\t\t\t<div class=\"elementor-widget-container\">\n\t\t\t\t\t\t\tWir sind ein international t\u00e4tiges Beratungsunternehmen f\u00fcr die Logistik- und Mobilit\u00e4tswirtschaft. Seit \u00fcber 20 Jahren entwickeln wir f\u00fcr unsere Kunden aus den Bereichen Industrie, Handel, Dienstleistung und \u00f6ffentliche Hand markt- und nutzerkonforme L\u00f6sungen und begleiten sie von der Konzeption bis zur Umsetzungsunterst\u00fctzung in allen Phasen der Projektbearbeitung.\t\t\t\t\t\t<\/div>\n\t\t\t\t<\/div>\n\t\t\t\t<div class=\"elementor-element elementor-element-7306b99d elementor-widget elementor-widget-button\" data-id=\"7306b99d\" data-element_type=\"widget\" data-widget_type=\"button.default\">\n\t\t\t\t<div class=\"elementor-widget-container\">\n\t\t\t\t\t<div class=\"elementor-button-wrapper\">\n\t\t\t<a href=\"https:\/\/www.lnc-hannover.de\/\" class=\"elementor-button-link elementor-button elementor-size-sm elementor-animation-grow\" role=\"button\">\n\t\t\t\t\t\t<span class=\"elementor-button-content-wrapper\">\n\t\t\t\t\t\t<span class=\"elementor-button-text\">Zur Website<\/span>\n\t\t<\/span>\n\t\t\t\t\t<\/a>\n\t\t<\/div>\n\t\t\t\t<\/div>\n\t\t\t\t<\/div>\n\t\t\t\t\t<\/div>\n\t\t<\/div>\n\t\t\t\t<div class=\"elementor-column elementor-col-50 elementor-top-column elementor-element elementor-element-7845e516\" data-id=\"7845e516\" data-element_type=\"column\">\n\t\t\t<div class=\"elementor-widget-wrap elementor-element-populated\">\n\t\t\t\t\t\t\t\t<div class=\"elementor-element elementor-element-3eae087 elementor-widget elementor-widget-image\" data-id=\"3eae087\" data-element_type=\"widget\" data-widget_type=\"image.default\">\n\t\t\t\t<div class=\"elementor-widget-container\">\n\t\t\t\t\t\t\t\t\t\t\t\t\t\t\t<img width=\"300\" height=\"212\" src=\"https:\/\/motion-x.net\/wp-content\/uploads\/2021\/09\/LNC_Logo_1000px_uid_613e3827018e3-300x212.png\" class=\"attachment-medium size-medium\" alt=\"\" loading=\"lazy\" srcset=\"https:\/\/motion-x.net\/wp-content\/uploads\/2021\/09\/LNC_Logo_1000px_uid_613e3827018e3-300x212.png 300w, https:\/\/motion-x.net\/wp-content\/uploads\/2021\/09\/LNC_Logo_1000px_uid_613e3827018e3-768x543.png 768w, https:\/\/motion-x.net\/wp-content\/uploads\/2021\/09\/LNC_Logo_1000px_uid_613e3827018e3-18x12.png 18w, https:\/\/motion-x.net\/wp-content\/uploads\/2021\/09\/LNC_Logo_1000px_uid_613e3827018e3.png 1000w\" sizes=\"(max-width: 300px) 100vw, 300px\" \/>\t\t\t\t\t\t\t\t\t\t\t\t\t\t\t<\/div>\n\t\t\t\t<\/div>\n\t\t\t\t\t<\/div>\n\t\t<\/div>\n\t\t\t\t\t\t\t<\/div>\n\t\t<\/section>\n\t\t\t\t<section class=\"elementor-section elementor-top-section elementor-element elementor-element-8ad49c7 elementor-section-boxed elementor-section-height-default elementor-section-height-default\" data-id=\"8ad49c7\" data-element_type=\"section\">\n\t\t\t\t\t\t<div class=\"elementor-container elementor-column-gap-default\">\n\t\t\t\t\t<div class=\"elementor-column elementor-col-100 elementor-top-column elementor-element elementor-element-7c29595\" data-id=\"7c29595\" data-element_type=\"column\">\n\t\t\t<div class=\"elementor-widget-wrap elementor-element-populated\">\n\t\t\t\t\t\t\t\t<div class=\"elementor-element elementor-element-29da964 elementor-widget elementor-widget-html\" data-id=\"29da964\" data-element_type=\"widget\" data-widget_type=\"html.default\">\n\t\t\t\t<div class=\"elementor-widget-container\">\n\t\t\t<style>\r\n       h2.projekte {\r\n        color: #0600000F;\r\n        font-family: \"Open Sans\", Sans-serif;\r\n        font-size: 100px;\r\n        font-weight: 900;\r\n        text-transform: uppercase;\r\n      }     \r\n      .portfolio h3{ color: #000000;\r\n        font-family: \"Open Sans\", Sans-serif;\r\n        font-size: 45px;\r\n        font-weight: 700;\r\n        text-transform: uppercase;\r\n        padding: 50px 0 10px;}\r\n      .portfolio h4{ color: #000000;\r\n        font-family: \"Open Sans\", Sans-serif;\r\n        font-size: 35px;\r\n        font-weight: 700;\r\n        text-transform: uppercase;\r\n        padding: 50px 0 10px;}          \r\n      .portfolio p {\r\n        color: #7a7a7a;\r\n        font-family: Roboto, sans-serif;\r\n        font-size: 15px;\r\n        font-weight: 300;\r\n        line-height: 2em;\r\n      }<\/style><div><script type=\"text\/javascript\" src=\"https:\/\/cdn.jsdelivr.net\/npm\/jquery@3.3.1\/dist\/jquery.min.js\"><\/script><link href=\"https:\/\/cdn.jsdelivr.net\/npm\/nanogallery2@3\/dist\/css\/nanogallery2.min.css\" rel=\"stylesheet\" type=\"text\/css\"\/><script type=\"text\/javascript\" src=\"https:\/\/cdn.jsdelivr.net\/npm\/nanogallery2@3\/dist\/jquery.nanogallery2.min.js\"><\/script><div class=\"portfolio\"><video playsinline=\"\" controls=\"\" preload=\"meta\" src=\"https:\/\/hybrid-x-cms-assets.s3.eu-central-1.amazonaws.com\/2021\/09\/12\/LNC-Prsentation_Hypermotion_uid_613e3991d542c.mp4\"><\/video><h5><\/h5>Wir sind ein international t\u00e4tiges Beratungsunternehmen f\u00fcr die Logistik- und Mobilit\u00e4tswirtschaft. Seit \u00fcber 20 Jahren entwickeln wir f\u00fcr unsere Kunden aus den Bereichen Industrie, Handel, Dienstleistung und \u00f6ffentliche Hand markt- und nutzerkonforme L\u00f6sungen und begleiten sie von der Konzeption bis zur Umsetzungsunterst\u00fctzung in allen Phasen der Projektbearbeitung.\r\nNeben der fachinhaltlichen Beratung konzipieren und betreiben wir f\u00fcr unsere Kunden Initiativen und Netzwerke in den Bereichen Mobilit\u00e4t, Logistik und Aviation und entwickeln diese laufend weiter. Ma\u00dfgeschneiderte Marketing- und Vertriebsma\u00dfnahmen in Form von Delegationsreisen, Messeauftritten und unterschiedlichsten Veranstaltungskonzepten komplettieren unser Leistungsportfolio.\r\nUnser Ziel ist es, nachhaltige und innovative L\u00f6sungen f\u00fcr unsere Kunden zu entwickeln. Daf\u00fcr stellen wir laufend standardisierte Denkmuster in Frage. Als Dienstleister und Integrator von Kunden und Partnern entlang der logistischen Wertsch\u00f6pfungskette tragen wir ein hohes Ma\u00df an Verantwortung. Gegenseitiges Vertrauen und eine gute partnerschaftliche Zusammenarbeit mit unseren Kunden sind Eckpfeiler unseres Erfolgs. Der Slogan \u201eLogistik verbindet\u201c Ausdruck unserer Firmenphilosophie.<h3>Green - Intelligenter Verkehr<\/h3><p><h5><\/h5>Emissionsarme Verkehrslogistik und Transport-\/Logistiksysteme<h3>Lean - Intelligente Logistik <\/h3><p><h5><\/h5>Optimiertes und wertorientiertes Supply Chain Management <h3>Smart - Neue Mobilit\u00e4t und Logistik<\/h3><p><h5><\/h5><video playsinline=\"\" controls=\"\" preload=\"meta\" src=\"https:\/\/hybrid-x-cms-assets.s3.eu-central-1.amazonaws.com\/2021\/09\/14\/LNC_Urbane-Logistik_Innovationseinheit_C4_uid_6140557d820d3.mp4\"><\/video><p><\/p>Nachhaltige, innovative, agile und kooperative Zukunftsl\u00f6sungen \r\n <br>\r\n      <p><\/p><h1><b>MA\u00dfGESCHNEIDERTE URBANE LOGISTIKKONZEPTE<\/b><\/h1>\r\n      <h5><\/h5>Logistik ist ein erfolgsbestimmender Faktor f\u00fcr die Existenz urbaner R\u00e4ume:\r\nLebendige und vielf\u00e4ltige Stadtstrukturen k\u00f6nnen nur dann existieren, wenn die\r\nVer- und Entsorgung im Hintergrund funktioniert. Haushalte, Handel und\r\nProduktion sind auf Belieferungsstrukturen angewiesen, die sich die\r\nInfrastruktur mit unserer Mobilit\u00e4t teilen.\r\nDer innerst\u00e4dtische Lieferverkehr steht aber unter steigendem\r\nAnpassungsdruck: Emissionsreduktion, Klimarelevanz, Verkehrssicherheit,\r\nNutzungskonflikte, Fl\u00e4chenknappheit, Fahrermangel und st\u00e4dtebauliche\r\nIntegration sind wesentliche Ver\u00e4nderungstreiber. Hervorgerufen durch die\r\nanhaltende Urbanisierung und das ver\u00e4nderte Konsumverhalten der\r\nBev\u00f6lkerung, nimmt der Lieferverkehr stetig zu. Gr\u00fcnde hierf\u00fcr sind unter\r\nanderem das starke Wachstum im Onlinehandel, steigende Qualit\u00e4tsanspr\u00fcche\r\nder Kunden, sowie die voranschreitende Digitalisierung in allen\r\nLebensbereichen.\r\n<p><\/p>Unter urbaner Logistik wird eine Vielzahl von Konzepten und T\u00e4tigkeiten\r\nsubsumiert, die der Gestaltung und Optimierung des st\u00e4dtischen\r\nWirtschaftsverkehrs dienen. Dabei spielen organisatorische Konzepte, wie\r\nbeispielsweise neue Ver- und Entsorgungskonzepte f\u00fcr urbane R\u00e4ume, oder\r\nTechnologien, wie beispielsweise emissionsfreie Antriebe oder neue Verlade-\r\nund Transportm\u00f6glichkeiten, eine besondere Rolle. Die entwickelten Konzepte\r\nsollen die Effizienz und Umweltvertr\u00e4glichkeit auf der sogenannten &quot;letzten\r\nMeile&quot; steigern. Aufgrund der Klimarelevanz wird dem Einsatz alternativer\r\nAntriebe dabei eine bedeutende Rolle zugewiesen. Das Ziel der Konzepte im\r\nBereich der urbanen Logistik ist die Entlastung st\u00e4dtischer Infrastrukturen bei\r\ngleichzeitig h\u00f6herer Wirtschaftlichkeit und Leistungsf\u00e4higkeit.Aufgrund ihrer Erfahrung vereinen B+W &amp; LNC vielf\u00e4ltige Kompetenzen im\r\nZusammenhang mit der Analyse, Planung und Umsetzung von urbanen\r\nLogistikkonzepten.\r\nBeide Partner sind versiert im Umgang mit dem Rohstoff Daten, deren\r\nBeschaffung, Analyse, Aufbereitung und Visualisierung. Insbesondere ist den\r\nUnternehmen aus langj\u00e4hriger Erfahrung klar, was Big Data Analytics\r\ninsbesondere f\u00fcr die Logistik bedeutet und zu welchen Vorz\u00fcgen dies f\u00fcr die\r\nKunden f\u00fchrt. Dar\u00fcber hinaus verf\u00fcgen beide Unternehmen \u00fcber Zug\u00e4nge zu\r\nunterschiedlichen Branchennetzwerken und entsprechend zu logistischen\r\nAkteuren.\r\n<p><\/p>Die LNC LogisticNetwork Consultants GmbH, mit Sitz in Hannover und Berlin,\r\nverf\u00fcgt \u00fcber langj\u00e4hrige Erfahrungen in der Bearbeitung von regionalen und\r\nstandortbezogenen Machbarkeits- und Konzeptstudien. Dieses umfasst die\r\nErstellung von Standortentwicklungs-, Vermarktungs- und\r\nVernetzungskonzepten von logistischen Knoten der Verkehrstr\u00e4ger auf allen\r\nStandortebenen, die Entwicklung neuer Logistik- und Mobilit\u00e4tskonzepte, die\r\nden Einsatz und die Umsetzung von Branchen-, Verkehrstr\u00e4ger-, und\r\nTechnologieinnovationen erm\u00f6glichen sowie in der Planung, Durchf\u00fchrung und\r\nModeration von Konferenzen, Workshops oder Seminaren in diesem\r\nThemenfeld.\r\n<p><\/p>Die Benz &amp; Walter GmbH ist ein unabh\u00e4ngiger und inhabergef\u00fchrter\r\nDienstleister f\u00fcr Strategie- und Managementberatung sowie Big Data Analytics\r\nmit Sitz in Wiesbaden. Im Fokus der Arbeit stehen die Bereiche Big Data +\r\nAdvanced Analytics (BDA), Green City + Mobilit\u00e4t (MOB), Urbane Logistik +\r\nSupply Chain Management (LOG) sowie Events + Cluster (EVC). F\u00fcr die Bereiche\r\nMobilit\u00e4t und Logistik r\u00fccken vor allem innovative Konzepte f\u00fcr eine\r\n\r\nnachhaltige Stadtentwicklung in den Vordergrund. Unter anderem werden\r\nKommunen bei der Erstellung sowie Umsetzung von Green City Masterpl\u00e4nen\r\noder der Erstellung von Mobilit\u00e4ts- und Logistikleitbildern unter Einbindung von\r\nB\u00fcrger*innen im Rahmen von verschiedenen moderierten Symposien begleitet.<br><br><p><h5><\/h5>Auszug aktuelle Referenzen zur urbanen Logistik:<p><\/p><ul><\/ul><b>o<\/b>Logistikkonzept Stadt Frankfurt (2021 - laufend)\r\n<p><\/p><ul><\/ul><b>o<\/b>Logistikkonzept Stadt Hanau (2021 - laufend)\r\n<p><\/p><ul><\/ul><b>o<\/b>Logistikkonzept Stadt Bielefeld (laufend)\r\n<p><\/p><ul><\/ul><b>o<\/b>Logistikkonzept Stadt Lindau (2020 - laufend)\r\n<p><\/p><ul><\/ul><b>o<\/b>Logistikkonzept Stadt Osnabr\u00fcck (2020 - laufend)\r\n<p><\/p><ul><\/ul><b>o<\/b>Stadtquartier 4.0 Berlin (BMBF, 2019) und 4.1 (BMBF 2020-laufend)\r\n<p><\/p><ul><\/ul><b>o<\/b>KoMoDo Berlin (BMUB, 2018-2020)\r\n<p><\/p><ul><\/ul><b>o<\/b>Ver\u00e4nderung des gewerblichen Lieferverkehrs und dessen Auswirkungen\r\nauf die st\u00e4dtische Logistik (Forschungsvorhaben BMVI, 2018-2020)\r\n<p><\/p><ul><\/ul><b>o<\/b>Urbane Midi-Hubs Wien (BMVIT, 2018-2020)\r\n <h4>Galerie<\/h4><div data-nanogallery2=\"{        &quot;itemsBaseURL&quot;: &quot;http:\/\/nanogallery2.nanostudio.org\/samples\/&quot;,        &quot;thumbnailWidth&quot;: &quot;200&quot;,        &quot;thumbnailBorderVertical&quot;: 0,        &quot;thumbnailBorderHorizontal&quot;: 0,        &quot;thumbnailLabel&quot;: {          &quot;position&quot;: &quot;overImageOnBottom&quot;        },        &quot;thumbnailAlignment&quot;: &quot;center&quot;,        &quot;thumbnailOpenImage&quot;: true      }\"><a href=\"https:\/\/hybrid-x-cms-assets.s3.eu-central-1.amazonaws.com\/2021\/09\/16\/Unbenannt55_uid_6142e7b1679e2.PNG\" data-ngthumb=\"https:\/\/hybrid-x-cms-assets.s3.eu-central-1.amazonaws.com\/2021\/09\/16\/Unbenannt55_uid_6142e7b1679e2.PNG\"><\/a><a href=\"https:\/\/hybrid-x-cms-assets.s3.eu-central-1.amazonaws.com\/2021\/09\/14\/dfs_uid_6140c36fdf49b.PNG\" data-ngthumb=\"https:\/\/hybrid-x-cms-assets.s3.eu-central-1.amazonaws.com\/2021\/09\/14\/dfs_uid_6140c36fdf49b.PNG\"><\/a><a href=\"https:\/\/hybrid-x-cms-assets.s3.eu-central-1.amazonaws.com\/2021\/09\/14\/fdgf_uid_6140c370ca8be.PNG\" data-ngthumb=\"https:\/\/hybrid-x-cms-assets.s3.eu-central-1.amazonaws.com\/2021\/09\/14\/fdgf_uid_6140c370ca8be.PNG\"><\/a><\/div><\/div><div class=\"portfolio\"><h3>TRANS4LOG LAB<\/h3><img src=\"https:\/\/hybrid-x-cms-assets.s3.eu-central-1.amazonaws.com\/2021\/09\/16\/T4L-LAB-fr_uid_6142e9cc9c743.png\" alt=\"TRANS4LOG LAB\"\/><p><h5><\/h5>Ideen Raum geben &amp; Menschen begeistern - Ideen gemeinsam wachsen lassen &amp; positionieren - Kommunikation von Morgen entwickeln, testen &amp; pr\u00e4sentieren<h3>Transformation erleben, Innovationen entwickeln, Zukunft gestalten<\/h3><p><h5><\/h5>Das modern, flexibel und funktional ausgestattete Trans4Log LAB bietet Ihnen mit dem Coaching-Space, dem Hybrid-Space, dem Innovation-Space und dem Workshop-Space ein innovatives und kreatives Ambiente im Zentrum der Landeshauptstadt Hannover auf h\u00f6chstem Niveau. Aktions-R\u00e4ume, Service und Support \u2013 umfassend skalierbar.<h3>Smart &amp; connected: Produkte, Prozesse und Menschen verbinden<\/h3><p><h5><\/h5>Die digitale Transformation verschafft Unternehmen mehr als die Steigerung der Produktivit\u00e4t: Sie erschlie\u00dft M\u00f6glichkeiten - f\u00fcr mehr Wachstum, h\u00f6heren Umsatz und v\u00f6llig neue Gesch\u00e4ftsfelder. Die digitale Transformation greift tief in Verfahren und Kommunikation ein, erm\u00f6glicht eine Interoperabilit\u00e4t, die bislang undenkbar schien.\r\n\r\nKund:innen suchen heute nach personalisierten Erlebnissen, individualisierbaren Produkten und umfassendem Service. Als Innovation-Hub unterst\u00fctzen wir Sie, den Weg der digitalen Transformation erfolgreich zu beschreiten.\r\n\r\nDamit am Ende gute und richtige Entscheidungen getroffen und die richtigen Wege beschritten werden k\u00f6nnen, braucht es ein produktives Umfeld, umfassende Analysen und smarte Prozesse. Mit dem TRANS4LOG LAB bieten wir Ihnen weitreichende M\u00f6glichkeiten im Herzen der Landeshauptstadt Hannover und mit dem TRANS4LOG Kongress eine professionelle Plattform zur Darstellung Ihrer Produkte und Dienstleistungen.<h4>Galerie<\/h4><div data-nanogallery2=\"{        &quot;itemsBaseURL&quot;: &quot;http:\/\/nanogallery2.nanostudio.org\/samples\/&quot;,        &quot;thumbnailWidth&quot;: &quot;200&quot;,        &quot;thumbnailBorderVertical&quot;: 0,        &quot;thumbnailBorderHorizontal&quot;: 0,        &quot;thumbnailLabel&quot;: {          &quot;position&quot;: &quot;overImageOnBottom&quot;        },        &quot;thumbnailAlignment&quot;: &quot;center&quot;,        &quot;thumbnailOpenImage&quot;: true      }\"><a href=\"https:\/\/hybrid-x-cms-assets.s3.eu-central-1.amazonaws.com\/2021\/09\/16\/dsf_uid_6142ea242a8a9.PNG\" data-ngthumb=\"https:\/\/hybrid-x-cms-assets.s3.eu-central-1.amazonaws.com\/2021\/09\/16\/dsf_uid_6142ea242a8a9.PNG\"><\/a><a href=\"https:\/\/hybrid-x-cms-assets.s3.eu-central-1.amazonaws.com\/2021\/09\/16\/Enabler-D-start_uid_6142eaf7841f8.png\" data-ngthumb=\"https:\/\/hybrid-x-cms-assets.s3.eu-central-1.amazonaws.com\/2021\/09\/16\/Enabler-D-start_uid_6142eaf7841f8.png\"><\/a><\/div><\/div><\/div>\t\t<\/div>\n\t\t\t\t<\/div>\n\t\t\t\t\t<\/div>\n\t\t<\/div>\n\t\t\t\t\t\t\t<\/div>\n\t\t<\/section>\n\t\t\t\t\t\t\t<\/div>","protected":false},"excerpt":{"rendered":"<p>\u00dcber den Aussteller Wir sind ein international t\u00e4tiges Beratungsunternehmen f\u00fcr die Logistik- und Mobilit\u00e4tswirtschaft. Seit \u00fcber 20 Jahren entwickeln wir f\u00fcr unsere Kunden aus den Bereichen Industrie, Handel, Dienstleistung und \u00f6ffentliche Hand markt- und nutzerkonforme L\u00f6sungen und begleiten sie von der Konzeption bis zur Umsetzungsunterst\u00fctzung in allen Phasen der Projektbearbeitung. Zur Website Wir sind ein [&hellip;]<\/p>","protected":false},"author":1,"featured_media":6244,"parent":6508,"menu_order":0,"comment_status":"closed","ping_status":"closed","template":"","meta":[],"aioseo_notices":[],"_links":{"self":[{"href":"https:\/\/motion-x.net\/en\/wp-json\/wp\/v2\/pages\/6537"}],"collection":[{"href":"https:\/\/motion-x.net\/en\/wp-json\/wp\/v2\/pages"}],"about":[{"href":"https:\/\/motion-x.net\/en\/wp-json\/wp\/v2\/types\/page"}],"author":[{"embeddable":true,"href":"https:\/\/motion-x.net\/en\/wp-json\/wp\/v2\/users\/1"}],"replies":[{"embeddable":true,"href":"https:\/\/motion-x.net\/en\/wp-json\/wp\/v2\/comments?post=6537"}],"version-history":[{"count":18,"href":"https:\/\/motion-x.net\/en\/wp-json\/wp\/v2\/pages\/6537\/revisions"}],"predecessor-version":[{"id":7257,"href":"https:\/\/motion-x.net\/en\/wp-json\/wp\/v2\/pages\/6537\/revisions\/7257"}],"up":[{"embeddable":true,"href":"https:\/\/motion-x.net\/en\/wp-json\/wp\/v2\/pages\/6508"}],"wp:featuredmedia":[{"embeddable":true,"href":"https:\/\/motion-x.net\/en\/wp-json\/wp\/v2\/media\/6244"}],"wp:attachment":[{"href":"https:\/\/motion-x.net\/en\/wp-json\/wp\/v2\/media?parent=6537"}],"curies":[{"name":"wp","href":"https:\/\/api.w.org\/{rel}","templated":true}]}}