{"id":6535,"date":"2021-09-15T11:26:04","date_gmt":"2021-09-15T11:26:04","guid":{"rendered":"https:\/\/motion-x.net\/?page_id=6535"},"modified":"2021-10-19T16:01:15","modified_gmt":"2021-10-19T16:01:15","slug":"ubimet-group","status":"publish","type":"page","link":"https:\/\/motion-x.net\/en\/ausstellerinhalte-2-2\/ubimet-group\/","title":{"rendered":"UBIMET Group"},"content":{"rendered":"<div data-elementor-type=\"wp-page\" data-elementor-id=\"6535\" class=\"elementor elementor-6535\">\n\t\t\t\t\t\t\t\t\t<section class=\"elementor-section elementor-top-section elementor-element elementor-element-7e43ad82 elementor-section-content-middle elementor-reverse-mobile elementor-section-boxed elementor-section-height-default elementor-section-height-default\" data-id=\"7e43ad82\" data-element_type=\"section\">\n\t\t\t\t\t\t<div class=\"elementor-container elementor-column-gap-no\">\n\t\t\t\t\t<div class=\"elementor-column elementor-col-50 elementor-top-column elementor-element elementor-element-10c38cf8\" data-id=\"10c38cf8\" data-element_type=\"column\">\n\t\t\t<div class=\"elementor-widget-wrap elementor-element-populated\">\n\t\t\t\t\t\t\t\t<div class=\"elementor-element elementor-element-39f9fa82 elementor-widget elementor-widget-heading\" data-id=\"39f9fa82\" data-element_type=\"widget\" data-widget_type=\"heading.default\">\n\t\t\t\t<div class=\"elementor-widget-container\">\n\t\t\t<h4 class=\"elementor-heading-title elementor-size-default\">\u00dcber den Aussteller<\/h4>\t\t<\/div>\n\t\t\t\t<\/div>\n\t\t\t\t<div class=\"elementor-element elementor-element-4ad9970c elementor-widget elementor-widget-text-editor\" data-id=\"4ad9970c\" data-element_type=\"widget\" data-widget_type=\"text-editor.default\">\n\t\t\t\t<div class=\"elementor-widget-container\">\n\t\t\t\t\t\t\tUBIMET steht f\u00fcr UBIquit\u00e4re METeorologie, Meteorologie immer und \u00fcberall.\t\t\t\t\t\t<\/div>\n\t\t\t\t<\/div>\n\t\t\t\t<div class=\"elementor-element elementor-element-6917aab7 elementor-widget elementor-widget-button\" data-id=\"6917aab7\" data-element_type=\"widget\" data-widget_type=\"button.default\">\n\t\t\t\t<div class=\"elementor-widget-container\">\n\t\t\t\t\t<div class=\"elementor-button-wrapper\">\n\t\t\t<a href=\"https:\/\/www.ubimet.com\/\" class=\"elementor-button-link elementor-button elementor-size-sm elementor-animation-grow\" role=\"button\">\n\t\t\t\t\t\t<span class=\"elementor-button-content-wrapper\">\n\t\t\t\t\t\t<span class=\"elementor-button-text\">Zur Website<\/span>\n\t\t<\/span>\n\t\t\t\t\t<\/a>\n\t\t<\/div>\n\t\t\t\t<\/div>\n\t\t\t\t<\/div>\n\t\t\t\t\t<\/div>\n\t\t<\/div>\n\t\t\t\t<div class=\"elementor-column elementor-col-50 elementor-top-column elementor-element elementor-element-1178234c\" data-id=\"1178234c\" data-element_type=\"column\">\n\t\t\t<div class=\"elementor-widget-wrap elementor-element-populated\">\n\t\t\t\t\t\t\t\t<div class=\"elementor-element elementor-element-70300276 elementor-widget elementor-widget-image\" data-id=\"70300276\" data-element_type=\"widget\" data-widget_type=\"image.default\">\n\t\t\t\t<div class=\"elementor-widget-container\">\n\t\t\t\t\t\t\t\t\t\t\t\t\t\t\t<img width=\"300\" height=\"69\" src=\"https:\/\/motion-x.net\/wp-content\/uploads\/2021\/09\/UBIMET-GmbH.2_uid_613edc9ab347d-300x69.png\" class=\"attachment-medium size-medium\" alt=\"\" loading=\"lazy\" srcset=\"https:\/\/motion-x.net\/wp-content\/uploads\/2021\/09\/UBIMET-GmbH.2_uid_613edc9ab347d-300x69.png 300w, https:\/\/motion-x.net\/wp-content\/uploads\/2021\/09\/UBIMET-GmbH.2_uid_613edc9ab347d-1024x236.png 1024w, https:\/\/motion-x.net\/wp-content\/uploads\/2021\/09\/UBIMET-GmbH.2_uid_613edc9ab347d-768x177.png 768w, https:\/\/motion-x.net\/wp-content\/uploads\/2021\/09\/UBIMET-GmbH.2_uid_613edc9ab347d-1536x354.png 1536w, https:\/\/motion-x.net\/wp-content\/uploads\/2021\/09\/UBIMET-GmbH.2_uid_613edc9ab347d-2048x472.png 2048w, https:\/\/motion-x.net\/wp-content\/uploads\/2021\/09\/UBIMET-GmbH.2_uid_613edc9ab347d-18x4.png 18w\" sizes=\"(max-width: 300px) 100vw, 300px\" \/>\t\t\t\t\t\t\t\t\t\t\t\t\t\t\t<\/div>\n\t\t\t\t<\/div>\n\t\t\t\t\t<\/div>\n\t\t<\/div>\n\t\t\t\t\t\t\t<\/div>\n\t\t<\/section>\n\t\t\t\t<section class=\"elementor-section elementor-top-section elementor-element elementor-element-4c29347 elementor-section-boxed elementor-section-height-default elementor-section-height-default\" data-id=\"4c29347\" data-element_type=\"section\">\n\t\t\t\t\t\t<div class=\"elementor-container elementor-column-gap-default\">\n\t\t\t\t\t<div class=\"elementor-column elementor-col-100 elementor-top-column elementor-element elementor-element-3fe365b\" data-id=\"3fe365b\" data-element_type=\"column\">\n\t\t\t<div class=\"elementor-widget-wrap elementor-element-populated\">\n\t\t\t\t\t\t\t\t<div class=\"elementor-element elementor-element-174768d elementor-widget elementor-widget-html\" data-id=\"174768d\" data-element_type=\"widget\" data-widget_type=\"html.default\">\n\t\t\t\t<div class=\"elementor-widget-container\">\n\t\t\t<style>\r\n       h2.projekte {\r\n        color: #0600000F;\r\n        font-family: \"Open Sans\", Sans-serif;\r\n        font-size: 100px;\r\n        font-weight: 900;\r\n        text-transform: uppercase;\r\n      }     \r\n      .portfolio h3{ color: #000000;\r\n        font-family: \"Open Sans\", Sans-serif;\r\n        font-size: 45px;\r\n        font-weight: 700;\r\n        text-transform: uppercase;\r\n        padding: 50px 0 10px;}\r\n      .portfolio h4{ color: #000000;\r\n        font-family: \"Open Sans\", Sans-serif;\r\n        font-size: 35px;\r\n        font-weight: 700;\r\n        text-transform: uppercase;\r\n        padding: 50px 0 10px;}          \r\n      .portfolio p {\r\n        color: #7a7a7a;\r\n        font-family: Roboto, sans-serif;\r\n        font-size: 15px;\r\n        font-weight: 300;\r\n        line-height: 2em;\r\n      }<\/style><div><script type=\"text\/javascript\" src=\"https:\/\/cdn.jsdelivr.net\/npm\/jquery@3.3.1\/dist\/jquery.min.js\"><\/script><link href=\"https:\/\/cdn.jsdelivr.net\/npm\/nanogallery2@3\/dist\/css\/nanogallery2.min.css\" rel=\"stylesheet\" type=\"text\/css\"\/><script type=\"text\/javascript\" src=\"https:\/\/cdn.jsdelivr.net\/npm\/nanogallery2@3\/dist\/jquery.nanogallery2.min.js\"><\/script><h2 class=\"projekte\">PROJECTS<\/h2><div class=\"portfolio\"><style>\r\n       h2.video {\r\n        color: #0600000F;\r\n        font-family: \"Open Sans\", Sans-serif;\r\n        font-size: 100px;\r\n        font-weight: 900;\r\n        text-transform: uppercase;\r\n      }     \r\n<\/style>\r\n\r\n\r\n\r\n<video playsinline=\"\" poster=\"\/wp-content\/uploads\/2021\/09\/videoposter.png\" controls preload=\"meta\" src=\"https:\/\/motion-x.net\/wp-content\/uploads\/2021\/10\/UBIMET-Image-Video_uid_616e945c792ea.mp4\"><\/video>\r\n<h3>Blitzortungssystem<\/h3><img src=\"https:\/\/hybrid-x-cms-assets.s3.eu-central-1.amazonaws.com\/2021\/09\/13\/Blitzortungssystem_uid_613edce9ace5f.png\" alt=\"Blitzortungssystem\"\/><p><h5><\/h5>Blitzdaten sind besonders wichtig, um Gewitter erfassen, analysieren und vorhersagen zu k\u00f6nnen. Mit dem globalen Blitzortungssystem powered by nowcast kann UBIMET Gewitterzellen genau identifizieren und detaillierte und pr\u00e4zise Unwetterwarnungen fr\u00fchzeitig herausgeben.<p><h5><\/h5>nowcast ist Teil der UBIMET-Gruppe und hat eine Technologie entwickelt, die die pr\u00e4zise Ortung von Gewitterblitzen erm\u00f6glicht. Die Technologie der Blitzortung wurde 1988 an der Ludwig-Maximilians-Universit\u00e4t in M\u00fcnchen, Deutschland entwickelt. Das Blitzortungssystem besteht aus einem Sensoren-Netzwerk, welches die elektromagnetische Strahlung misst, die Blitze aussenden. Aus diesen Daten werden der exakte Entladungsort und die St\u00e4rke, Polarit\u00e4t und weitere Parameter von Blitzen berechnet. Das Ergebnis sind detaillierte und pr\u00e4zise Blitzdaten.<h4>Galerie<\/h4><div data-nanogallery2=\"{        &quot;itemsBaseURL&quot;: &quot;http:\/\/nanogallery2.nanostudio.org\/samples\/&quot;,        &quot;thumbnailWidth&quot;: &quot;200&quot;,        &quot;thumbnailBorderVertical&quot;: 0,        &quot;thumbnailBorderHorizontal&quot;: 0,        &quot;thumbnailLabel&quot;: {          &quot;position&quot;: &quot;overImageOnBottom&quot;        },        &quot;thumbnailAlignment&quot;: &quot;center&quot;,        &quot;thumbnailOpenImage&quot;: true      }\"><a href=\"https:\/\/hybrid-x-cms-assets.s3.eu-central-1.amazonaws.com\/2021\/09\/16\/Unbenannt_uid_61431392953d4.PNG\" data-ngthumb=\"https:\/\/hybrid-x-cms-assets.s3.eu-central-1.amazonaws.com\/2021\/09\/16\/Unbenannt_uid_61431392953d4.PNG\"><\/a><a href=\"https:\/\/hybrid-x-cms-assets.s3.eu-central-1.amazonaws.com\/2021\/09\/16\/Unbenannt56_uid_614313930836e.PNG\" data-ngthumb=\"https:\/\/hybrid-x-cms-assets.s3.eu-central-1.amazonaws.com\/2021\/09\/16\/Unbenannt56_uid_614313930836e.PNG\"><\/a><a href=\"https:\/\/hybrid-x-cms-assets.s3.eu-central-1.amazonaws.com\/2021\/09\/13\/vektor_map_uid_613eddd8869c5.png\" data-ngthumb=\"https:\/\/hybrid-x-cms-assets.s3.eu-central-1.amazonaws.com\/2021\/09\/13\/vektor_map_uid_613eddd8869c5.png\"><\/a><a href=\"https:\/\/hybrid-x-cms-assets.s3.eu-central-1.amazonaws.com\/2021\/09\/13\/Blitzortungssystem_uid_613edce9ace5f.png\" data-ngthumb=\"https:\/\/hybrid-x-cms-assets.s3.eu-central-1.amazonaws.com\/2021\/09\/13\/Blitzortungssystem_uid_613edce9ace5f.png\"><\/a><a href=\"https:\/\/hybrid-x-cms-assets.s3.eu-central-1.amazonaws.com\/2021\/09\/13\/Blitzortung_thumbnail-1_uid_613eddd81f9b4.png\" data-ngthumb=\"https:\/\/hybrid-x-cms-assets.s3.eu-central-1.amazonaws.com\/2021\/09\/13\/Blitzortung_thumbnail-1_uid_613eddd81f9b4.png\"><\/a><\/div><\/div><div class=\"portfolio\"><h3>EinsMan-Monitor<\/h3><img src=\"https:\/\/hybrid-x-cms-assets.s3.eu-central-1.amazonaws.com\/2021\/09\/13\/Monitoring-und-Prognose-von-Einspeisemanagement_uid_613edce95e08d.jpg\" alt=\"EinsMan-Monitor\"\/><p><h5><\/h5>Der rasante Ausbau der Erneuerbaren Energien (EE) in Deutschland f\u00fchrt zunehmend zu Netzengp\u00e4ssen und Abschaltungen Erneuerbarer im Rahmen des Einspeisemanagements (EinsMan). UBIMET hat sowohl ein Monitoring der aktuellen EinsMan-Ma\u00dfnahmen (EinsMan-Monitor) als auch eine Prognose zu erwartender Abregelungen (EinsMan-Prognose) entwickelt.<p><h5><\/h5>Der EinsMan-Monitor* erfasst die aktuelle Situation von Einspeisemanagement-Ma\u00dfnahmen in Deutschland. Dieser \u00dcberblick kann f\u00fcr Verteilnetze, Regelzonen oder Gesamt-Deutschland angezeigt werden. UBIMET verkn\u00fcpft daf\u00fcr die Informationen der anlagengenauen Echtzeit-Ver\u00f6ffentlichungen \u00fcber EinsMan-Ma\u00dfnahmen der Verteilnetzbetreiber mit anlagengenauen Analysen der EE-Erzeugung (Wind, Solar und Biomasse) und aktualisiert diese Informationen alle 15 Minuten im Weather Cockpit\u00ae<h3>EinsMan-Prognose<\/h3><p><h5><\/h5>UBIMET geht mit der EinsMan-Prognose* noch einen Schritt weiter und liefert Vorhersagen des zu erwartenden Einspeisemanagements f\u00fcr die kommenden Stunden oder Tage. UBIMET stellt damit pr\u00e4zise Informationen dar\u00fcber zur Verf\u00fcgung, wann und wo es zu Netzengp\u00e4ssen kommen wird und wie viele EE-Anlagen abgeregelt werden, um den Netzengpass zu beseitigen. Als Grundlage dienen anlagengenaue EE-Prognosen (Wind, Solar und Biomasse), gemeindescharfe Lastprognosen sowie die Netztopologie. Modellgest\u00fctzt wird antizipiert, welche Ma\u00dfnahmen der Netzbetreiber zur Reduzierung der Netzbelastung im Intraday oder Day-Ahead vornehmen wird. Auch diese Informationen werden im Weather Cockpit\u00ae benutzerfreundlich aufbereitet.<h4>Galerie<\/h4><div data-nanogallery2=\"{        &quot;itemsBaseURL&quot;: &quot;http:\/\/nanogallery2.nanostudio.org\/samples\/&quot;,        &quot;thumbnailWidth&quot;: &quot;200&quot;,        &quot;thumbnailBorderVertical&quot;: 0,        &quot;thumbnailBorderHorizontal&quot;: 0,        &quot;thumbnailLabel&quot;: {          &quot;position&quot;: &quot;overImageOnBottom&quot;        },        &quot;thumbnailAlignment&quot;: &quot;center&quot;,        &quot;thumbnailOpenImage&quot;: true      }\"><a href=\"https:\/\/hybrid-x-cms-assets.s3.eu-central-1.amazonaws.com\/2021\/09\/13\/EINSMAN2_uid_613ede923358f.png\" data-ngthumb=\"https:\/\/hybrid-x-cms-assets.s3.eu-central-1.amazonaws.com\/2021\/09\/13\/EINSMAN2_uid_613ede923358f.png\"><\/a><a href=\"https:\/\/hybrid-x-cms-assets.s3.eu-central-1.amazonaws.com\/2021\/09\/13\/EINSMAN_uid_613ede91b949e.png\" data-ngthumb=\"https:\/\/hybrid-x-cms-assets.s3.eu-central-1.amazonaws.com\/2021\/09\/13\/EINSMAN_uid_613ede91b949e.png\"><\/a><\/div><\/div><\/div>\t\t<\/div>\n\t\t\t\t<\/div>\n\t\t\t\t\t<\/div>\n\t\t<\/div>\n\t\t\t\t\t\t\t<\/div>\n\t\t<\/section>\n\t\t\t\t\t\t\t<\/div>","protected":false},"excerpt":{"rendered":"<p>\u00dcber den Aussteller UBIMET steht f\u00fcr UBIquit\u00e4re METeorologie, Meteorologie immer und \u00fcberall. Zur Website Projekte Blitzortungssystem Blitzdaten sind besonders wichtig, um Gewitter erfassen, analysieren und vorhersagen zu k\u00f6nnen. Mit dem globalen Blitzortungssystem powered by nowcast kann UBIMET Gewitterzellen genau identifizieren und detaillierte und pr\u00e4zise Unwetterwarnungen fr\u00fchzeitig herausgeben. nowcast ist Teil der UBIMET-Gruppe und hat eine [&hellip;]<\/p>","protected":false},"author":1,"featured_media":6252,"parent":6508,"menu_order":0,"comment_status":"closed","ping_status":"closed","template":"","meta":[],"aioseo_notices":[],"_links":{"self":[{"href":"https:\/\/motion-x.net\/en\/wp-json\/wp\/v2\/pages\/6535"}],"collection":[{"href":"https:\/\/motion-x.net\/en\/wp-json\/wp\/v2\/pages"}],"about":[{"href":"https:\/\/motion-x.net\/en\/wp-json\/wp\/v2\/types\/page"}],"author":[{"embeddable":true,"href":"https:\/\/motion-x.net\/en\/wp-json\/wp\/v2\/users\/1"}],"replies":[{"embeddable":true,"href":"https:\/\/motion-x.net\/en\/wp-json\/wp\/v2\/comments?post=6535"}],"version-history":[{"count":6,"href":"https:\/\/motion-x.net\/en\/wp-json\/wp\/v2\/pages\/6535\/revisions"}],"predecessor-version":[{"id":6939,"href":"https:\/\/motion-x.net\/en\/wp-json\/wp\/v2\/pages\/6535\/revisions\/6939"}],"up":[{"embeddable":true,"href":"https:\/\/motion-x.net\/en\/wp-json\/wp\/v2\/pages\/6508"}],"wp:featuredmedia":[{"embeddable":true,"href":"https:\/\/motion-x.net\/en\/wp-json\/wp\/v2\/media\/6252"}],"wp:attachment":[{"href":"https:\/\/motion-x.net\/en\/wp-json\/wp\/v2\/media?parent=6535"}],"curies":[{"name":"wp","href":"https:\/\/api.w.org\/{rel}","templated":true}]}}