{"id":6534,"date":"2021-09-15T11:26:38","date_gmt":"2021-09-15T11:26:38","guid":{"rendered":"https:\/\/motion-x.net\/?page_id=6534"},"modified":"2021-10-18T15:13:27","modified_gmt":"2021-10-18T15:13:27","slug":"hessen-trade-invest-gmbh-im-house-of-logistics-and-mobility-holm","status":"publish","type":"page","link":"https:\/\/motion-x.net\/en\/ausstellerinhalte-2-2\/hessen-trade-invest-gmbh-im-house-of-logistics-and-mobility-holm\/","title":{"rendered":"Hessen Trade &#038; Invest GmbH im House of Logistics and Mobility (HOLM)"},"content":{"rendered":"<div data-elementor-type=\"wp-page\" data-elementor-id=\"6534\" class=\"elementor elementor-6534\">\n\t\t\t\t\t\t\t\t\t<section class=\"elementor-section elementor-top-section elementor-element elementor-element-b6dce77 elementor-section-content-middle elementor-reverse-mobile elementor-section-boxed elementor-section-height-default elementor-section-height-default\" data-id=\"b6dce77\" data-element_type=\"section\">\n\t\t\t\t\t\t<div class=\"elementor-container elementor-column-gap-no\">\n\t\t\t\t\t<div class=\"elementor-column elementor-col-50 elementor-top-column elementor-element elementor-element-50c3ced4\" data-id=\"50c3ced4\" data-element_type=\"column\">\n\t\t\t<div class=\"elementor-widget-wrap elementor-element-populated\">\n\t\t\t\t\t\t\t\t<div class=\"elementor-element elementor-element-204767e4 elementor-widget elementor-widget-heading\" data-id=\"204767e4\" data-element_type=\"widget\" data-widget_type=\"heading.default\">\n\t\t\t\t<div class=\"elementor-widget-container\">\n\t\t\t<h4 class=\"elementor-heading-title elementor-size-default\">\u00dcber den Aussteller<\/h4>\t\t<\/div>\n\t\t\t\t<\/div>\n\t\t\t\t<div class=\"elementor-element elementor-element-2e4f0152 elementor-widget elementor-widget-text-editor\" data-id=\"2e4f0152\" data-element_type=\"widget\" data-widget_type=\"text-editor.default\">\n\t\t\t\t<div class=\"elementor-widget-container\">\n\t\t\t\t\t\t\tDas Fachzentrum Nachhaltige Urbane Mobilit\u00e4t des Landes Hessen (FZ-NUM) ber\u00e4t als zentrale Anlaufstelle Kommunen umfassend in allen Bereichen der nachhaltigen Mobilit\u00e4t. Die Expertisenfelder des FZ-NUMs sind: Netzwerke &#038; F\u00f6rderberatung, Klimaschutz &#038; Verkehr, partizipative Planung, Verkehrs- und Mobilit\u00e4tsplanung und Wirtschaftsverkehre. Tr\u00e4ger des FZ-NUMs ist die Hessen Trade &#038; Invest GmbH. \t\t\t\t\t\t<\/div>\n\t\t\t\t<\/div>\n\t\t\t\t<div class=\"elementor-element elementor-element-11ac7b7c elementor-widget elementor-widget-button\" data-id=\"11ac7b7c\" data-element_type=\"widget\" data-widget_type=\"button.default\">\n\t\t\t\t<div class=\"elementor-widget-container\">\n\t\t\t\t\t<div class=\"elementor-button-wrapper\">\n\t\t\t<a href=\"https:\/\/www.htai.de\/\" class=\"elementor-button-link elementor-button elementor-size-sm elementor-animation-grow\" role=\"button\">\n\t\t\t\t\t\t<span class=\"elementor-button-content-wrapper\">\n\t\t\t\t\t\t<span class=\"elementor-button-text\">Zur Website<\/span>\n\t\t<\/span>\n\t\t\t\t\t<\/a>\n\t\t<\/div>\n\t\t\t\t<\/div>\n\t\t\t\t<\/div>\n\t\t\t\t\t<\/div>\n\t\t<\/div>\n\t\t\t\t<div class=\"elementor-column elementor-col-50 elementor-top-column elementor-element elementor-element-316a349f\" data-id=\"316a349f\" data-element_type=\"column\">\n\t\t\t<div class=\"elementor-widget-wrap elementor-element-populated\">\n\t\t\t\t\t\t\t\t<div class=\"elementor-element elementor-element-2f7de27f elementor-widget elementor-widget-image\" data-id=\"2f7de27f\" data-element_type=\"widget\" data-widget_type=\"image.default\">\n\t\t\t\t<div class=\"elementor-widget-container\">\n\t\t\t\t\t\t\t\t\t\t\t\t\t\t\t<img width=\"300\" height=\"100\" src=\"https:\/\/motion-x.net\/wp-content\/uploads\/2021\/09\/HTI_uid_613fb248638e8_logo-300x100.png\" class=\"attachment-medium size-medium\" alt=\"\" loading=\"lazy\" srcset=\"https:\/\/motion-x.net\/wp-content\/uploads\/2021\/09\/HTI_uid_613fb248638e8_logo-300x100.png 300w, https:\/\/motion-x.net\/wp-content\/uploads\/2021\/09\/HTI_uid_613fb248638e8_logo-768x256.png 768w, https:\/\/motion-x.net\/wp-content\/uploads\/2021\/09\/HTI_uid_613fb248638e8_logo-18x6.png 18w, https:\/\/motion-x.net\/wp-content\/uploads\/2021\/09\/HTI_uid_613fb248638e8_logo.png 900w\" sizes=\"(max-width: 300px) 100vw, 300px\" \/>\t\t\t\t\t\t\t\t\t\t\t\t\t\t\t<\/div>\n\t\t\t\t<\/div>\n\t\t\t\t\t<\/div>\n\t\t<\/div>\n\t\t\t\t\t\t\t<\/div>\n\t\t<\/section>\n\t\t\t\t<section class=\"elementor-section elementor-top-section elementor-element elementor-element-e1d544d elementor-section-boxed elementor-section-height-default elementor-section-height-default\" data-id=\"e1d544d\" data-element_type=\"section\">\n\t\t\t\t\t\t<div class=\"elementor-container elementor-column-gap-default\">\n\t\t\t\t\t<div class=\"elementor-column elementor-col-100 elementor-top-column elementor-element elementor-element-6bd795a\" data-id=\"6bd795a\" data-element_type=\"column\">\n\t\t\t<div class=\"elementor-widget-wrap elementor-element-populated\">\n\t\t\t\t\t\t\t\t<div class=\"elementor-element elementor-element-d5894d4 elementor-widget elementor-widget-html\" data-id=\"d5894d4\" data-element_type=\"widget\" data-widget_type=\"html.default\">\n\t\t\t\t<div class=\"elementor-widget-container\">\n\t\t\t<style>\r\n       h2.projekte {\r\n        color: #0600000F;\r\n        font-family: \"Open Sans\", Sans-serif;\r\n        font-size: 100px;\r\n        font-weight: 900;\r\n        text-transform: uppercase;\r\n      }     \r\n      .portfolio h3{ color: #000000;\r\n        font-family: \"Open Sans\", Sans-serif;\r\n        font-size: 45px;\r\n        font-weight: 700;\r\n        text-transform: uppercase;\r\n        padding: 50px 0 10px;}\r\n      .portfolio h4{ color: #000000;\r\n        font-family: \"Open Sans\", Sans-serif;\r\n        font-size: 35px;\r\n        font-weight: 700;\r\n        text-transform: uppercase;\r\n        padding: 50px 0 10px;}          \r\n      .portfolio p {\r\n        color: #7a7a7a;\r\n        font-family: Roboto, sans-serif;\r\n        font-size: 15px;\r\n        font-weight: 300;\r\n        line-height: 2em;\r\n      }<\/style><div><script type=\"text\/javascript\" src=\"https:\/\/cdn.jsdelivr.net\/npm\/jquery@3.3.1\/dist\/jquery.min.js\"><\/script><link href=\"https:\/\/cdn.jsdelivr.net\/npm\/nanogallery2@3\/dist\/css\/nanogallery2.min.css\" rel=\"stylesheet\" type=\"text\/css\"\/><script type=\"text\/javascript\" src=\"https:\/\/cdn.jsdelivr.net\/npm\/nanogallery2@3\/dist\/jquery.nanogallery2.min.js\"><\/script><h2 class=\"projekte\">PROJECTS<\/h2><div class=\"portfolio\"><h3>Fachzentrum Nachhaltige Urbane Mobilit\u00e4t (FZ-NUM) <\/h3><p><h5><\/h5>Zentraler Ansprechpartner f\u00fcr hessische Kommunen - Die Hessenstrategie Mobilit\u00e4t 2035 weist der hessischen Mobilit\u00e4ts- und Verkehrspolitik den Weg zur Verkehrswende. Das Fachzentrum Nachhaltige Urbane Mobilit\u00e4t (FZ-NUM) ber\u00e4t als zentrale Anlaufstelle Kommunen in Hessen umfassend in allen Bereichen der nachhaltigen Mobilit\u00e4t. Das FZ-NUM bringt sich auf kommunaler, Landes-, Bundes- und europ\u00e4ischer Ebene sowie bei Verb\u00e4nden und Institutionen im Bereich der nachhaltigen Mobilit\u00e4t ein und vertritt die Interessen der hessischen Kommunen.<h3>DAS FACHZENTRUM <\/h3><p><h5><\/h5>\r\nIst eine wichtige Kompetenzstelle f\u00fcr integrierte Mobilit\u00e4tsplanung in Anlehnung an den VEP* und SUMP** \/\/ Bringt Transparenz in die F\u00f6rderlandschaft. \/\/ Dient als Netzwerk- und Wissensplattform f\u00fcr hessische Kommunen (SUMP.Akademie). \/\/ Ist \u00fcber die NaKoMo-Gesch\u00e4ftsstelle Hessen in dem Nationalen Kompetenznetzwerk f\u00fcr nachhaltige Mobilit\u00e4t (NaKoMo) vernetzt.<h3>UNSERE AUFGABEN<\/h3><p><h5><\/h5>\r\nInformation und Beratung zu aktuellen F\u00f6rderrichtlinien auf Basis der F\u00f6rderdatenbank auf unserer Webseite \/\/ Bereitstellung von Dokumenten und Mustervorlagen f\u00fcr die erfolgreiche Antragstellung \/\/ Information und Beratung zu den unterschiedlichen SUMP- &amp; SULP-Phasen \/\/ Evaluation von Pl\u00e4nen, Ma\u00dfnahmen und Prozessen f\u00fcr eine nachhaltige Mobilit\u00e4tsplanung \/\/ Mitwirkung und Beauftragung von Projekten zum Wissensaustausch auf L\u00e4nder-, Bundes- und EU-Ebene (SUMP.Lab) \/\/ Vernetzung und Wissenstransfer im Bereich nachhaltige Mobilit\u00e4tsplanung in Hessen (SUMP.Akademie)\r\n<h3>UNSERE EXPERTISEN<\/h3><p><h4>Videos<\/h4><video playsinline=\"\" controls=\"\" preload=\"meta\" src=\"https:\/\/hybrid-x-cms-assets.s3.eu-central-1.amazonaws.com\/2021\/09\/14\/logistikmittwoch_Trailer_v035_am_uid_6140720919ccd.mp4\"><\/video><video playsinline=\"\" controls=\"\" preload=\"meta\" src=\"https:\/\/hybrid-x-cms-assets.s3.eu-central-1.amazonaws.com\/2021\/09\/14\/gestatten-holm-2021-hypermotion-1_JkMQQhAf_uid_61406aa577eaf_uid_6140740e8fa72.mp4\"><\/video><h5><\/h5>Netzwerke und F\u00f6rderberatung, Klimaschutz &amp; Verkehr, Partizipative Planung, Verkehrs- und Mobilit\u00e4tsplanung, Wirtschaftsverkehre<h4>Galerie<\/h4><div data-nanogallery2=\"{        &quot;itemsBaseURL&quot;: &quot;http:\/\/nanogallery2.nanostudio.org\/samples\/&quot;,        &quot;thumbnailWidth&quot;: &quot;200&quot;,        &quot;thumbnailBorderVertical&quot;: 0,        &quot;thumbnailBorderHorizontal&quot;: 0,        &quot;thumbnailLabel&quot;: {          &quot;position&quot;: &quot;overImageOnBottom&quot;        },        &quot;thumbnailAlignment&quot;: &quot;center&quot;,        &quot;thumbnailOpenImage&quot;: true      }\"><a href=\"https:\/\/hybrid-x-cms-assets.s3.eu-central-1.amazonaws.com\/2021\/09\/15\/191031-FZ-Num-Flyer-DE-RZ_Seite_1_uid_614192998e994.png\" data-ngthumb=\"https:\/\/hybrid-x-cms-assets.s3.eu-central-1.amazonaws.com\/2021\/09\/15\/191031-FZ-Num-Flyer-DE-RZ_Seite_1_uid_614192998e994.png\"><\/a><a href=\"https:\/\/hybrid-x-cms-assets.s3.eu-central-1.amazonaws.com\/2021\/09\/15\/191031-FZ-Num-Flyer-DE-RZ_Seite_2_uid_614192b3b4ddf.png\" data-ngthumb=\"https:\/\/hybrid-x-cms-assets.s3.eu-central-1.amazonaws.com\/2021\/09\/15\/191031-FZ-Num-Flyer-DE-RZ_Seite_2_uid_614192b3b4ddf.png\"><\/a><\/div><\/div><\/div>\t\t<\/div>\n\t\t\t\t<\/div>\n\t\t\t\t\t<\/div>\n\t\t<\/div>\n\t\t\t\t\t\t\t<\/div>\n\t\t<\/section>\n\t\t\t\t\t\t\t<\/div>","protected":false},"excerpt":{"rendered":"<p>\u00dcber den Aussteller Das Fachzentrum Nachhaltige Urbane Mobilit\u00e4t des Landes Hessen (FZ-NUM) ber\u00e4t als zentrale Anlaufstelle Kommunen umfassend in allen Bereichen der nachhaltigen Mobilit\u00e4t. Die Expertisenfelder des FZ-NUMs sind: Netzwerke &#038; F\u00f6rderberatung, Klimaschutz &#038; Verkehr, partizipative Planung, Verkehrs- und Mobilit\u00e4tsplanung und Wirtschaftsverkehre. Tr\u00e4ger des FZ-NUMs ist die Hessen Trade &#038; Invest GmbH. Zur Website Projekte [&hellip;]<\/p>","protected":false},"author":1,"featured_media":6237,"parent":6508,"menu_order":0,"comment_status":"closed","ping_status":"closed","template":"","meta":[],"aioseo_notices":[],"_links":{"self":[{"href":"https:\/\/motion-x.net\/en\/wp-json\/wp\/v2\/pages\/6534"}],"collection":[{"href":"https:\/\/motion-x.net\/en\/wp-json\/wp\/v2\/pages"}],"about":[{"href":"https:\/\/motion-x.net\/en\/wp-json\/wp\/v2\/types\/page"}],"author":[{"embeddable":true,"href":"https:\/\/motion-x.net\/en\/wp-json\/wp\/v2\/users\/1"}],"replies":[{"embeddable":true,"href":"https:\/\/motion-x.net\/en\/wp-json\/wp\/v2\/comments?post=6534"}],"version-history":[{"count":6,"href":"https:\/\/motion-x.net\/en\/wp-json\/wp\/v2\/pages\/6534\/revisions"}],"predecessor-version":[{"id":6717,"href":"https:\/\/motion-x.net\/en\/wp-json\/wp\/v2\/pages\/6534\/revisions\/6717"}],"up":[{"embeddable":true,"href":"https:\/\/motion-x.net\/en\/wp-json\/wp\/v2\/pages\/6508"}],"wp:featuredmedia":[{"embeddable":true,"href":"https:\/\/motion-x.net\/en\/wp-json\/wp\/v2\/media\/6237"}],"wp:attachment":[{"href":"https:\/\/motion-x.net\/en\/wp-json\/wp\/v2\/media?parent=6534"}],"curies":[{"name":"wp","href":"https:\/\/api.w.org\/{rel}","templated":true}]}}