{"id":6532,"date":"2021-09-15T11:27:26","date_gmt":"2021-09-15T11:27:26","guid":{"rendered":"https:\/\/motion-x.net\/?page_id=6532"},"modified":"2021-10-18T15:22:59","modified_gmt":"2021-10-18T15:22:59","slug":"house-of-logistics-mobility-holm-gmbh","status":"publish","type":"page","link":"https:\/\/motion-x.net\/en\/ausstellerinhalte-2-2\/house-of-logistics-mobility-holm-gmbh\/","title":{"rendered":"House of Logistics &#038; Mobility (HOLM) GmbH"},"content":{"rendered":"<div data-elementor-type=\"wp-page\" data-elementor-id=\"6532\" class=\"elementor elementor-6532\">\n\t\t\t\t\t\t\t\t\t<section class=\"elementor-section elementor-top-section elementor-element elementor-element-4645012b elementor-section-content-middle elementor-reverse-mobile elementor-section-boxed elementor-section-height-default elementor-section-height-default\" data-id=\"4645012b\" data-element_type=\"section\">\n\t\t\t\t\t\t<div class=\"elementor-container elementor-column-gap-no\">\n\t\t\t\t\t<div class=\"elementor-column elementor-col-50 elementor-top-column elementor-element elementor-element-434f679f\" data-id=\"434f679f\" data-element_type=\"column\">\n\t\t\t<div class=\"elementor-widget-wrap elementor-element-populated\">\n\t\t\t\t\t\t\t\t<div class=\"elementor-element elementor-element-37e3155d elementor-widget elementor-widget-heading\" data-id=\"37e3155d\" data-element_type=\"widget\" data-widget_type=\"heading.default\">\n\t\t\t\t<div class=\"elementor-widget-container\">\n\t\t\t<h4 class=\"elementor-heading-title elementor-size-default\">\u00dcber den Aussteller<\/h4>\t\t<\/div>\n\t\t\t\t<\/div>\n\t\t\t\t<div class=\"elementor-element elementor-element-3901f14 elementor-widget elementor-widget-text-editor\" data-id=\"3901f14\" data-element_type=\"widget\" data-widget_type=\"text-editor.default\">\n\t\t\t\t<div class=\"elementor-widget-container\">\n\t\t\t\t\t\t\tDie House of Logistics and Mobility (HOLM) GmbH betreibt mit Auftrag der \u00f6ffentlichen Hand die unabh\u00e4ngige und neutrale Entwicklungs\u2011 und Vernetzungsplattform f\u00fcr die Zukunft der Logistik und Mobilit\u00e4t. Im HOLM treffen Unternehmen und Start-ups, Hochschulen und Forschungsinstitutionen, Verb\u00e4nde und politische Institutionen aufeinander und treiben gemeinsam Projekte und Innovationen voran. Das HOLM-Team macht sich stark f\u00fcr die erfolgreiche Zukunft aller Logistik- und Mobilit\u00e4tsenthusiast*innen aus Wissenschaft und Wirtschaft, indem wir sie heute vernetzen und in ihrer Entwicklung unterst\u00fctzen. Dabei ersetzen wir keine Innovationsaktivit\u00e4ten, sondern vernetzen die Akteure und Initiativen untereinander und leben so eine offene Innovationskultur, die Schritt h\u00e4lt.\t\t\t\t\t\t<\/div>\n\t\t\t\t<\/div>\n\t\t\t\t<div class=\"elementor-element elementor-element-12e22328 elementor-widget elementor-widget-button\" data-id=\"12e22328\" data-element_type=\"widget\" data-widget_type=\"button.default\">\n\t\t\t\t<div class=\"elementor-widget-container\">\n\t\t\t\t\t<div class=\"elementor-button-wrapper\">\n\t\t\t<a href=\"https:\/\/frankfurt-holm.de\/\" class=\"elementor-button-link elementor-button elementor-size-sm elementor-animation-grow\" role=\"button\">\n\t\t\t\t\t\t<span class=\"elementor-button-content-wrapper\">\n\t\t\t\t\t\t<span class=\"elementor-button-text\">Zur Website<\/span>\n\t\t<\/span>\n\t\t\t\t\t<\/a>\n\t\t<\/div>\n\t\t\t\t<\/div>\n\t\t\t\t<\/div>\n\t\t\t\t\t<\/div>\n\t\t<\/div>\n\t\t\t\t<div class=\"elementor-column elementor-col-50 elementor-top-column elementor-element elementor-element-6711613\" data-id=\"6711613\" data-element_type=\"column\">\n\t\t\t<div class=\"elementor-widget-wrap elementor-element-populated\">\n\t\t\t\t\t\t\t\t<div class=\"elementor-element elementor-element-4c2b2d0d elementor-widget elementor-widget-image\" data-id=\"4c2b2d0d\" data-element_type=\"widget\" data-widget_type=\"image.default\">\n\t\t\t\t<div class=\"elementor-widget-container\">\n\t\t\t\t\t\t\t\t\t\t\t\t\t\t\t<img width=\"300\" height=\"64\" src=\"https:\/\/motion-x.net\/wp-content\/uploads\/2021\/09\/Logo_HOLM-Verein_lang_uid_613cde712bb16-300x64.png\" class=\"attachment-medium size-medium\" alt=\"\" loading=\"lazy\" srcset=\"https:\/\/motion-x.net\/wp-content\/uploads\/2021\/09\/Logo_HOLM-Verein_lang_uid_613cde712bb16-300x64.png 300w, https:\/\/motion-x.net\/wp-content\/uploads\/2021\/09\/Logo_HOLM-Verein_lang_uid_613cde712bb16-1024x218.png 1024w, https:\/\/motion-x.net\/wp-content\/uploads\/2021\/09\/Logo_HOLM-Verein_lang_uid_613cde712bb16-768x163.png 768w, https:\/\/motion-x.net\/wp-content\/uploads\/2021\/09\/Logo_HOLM-Verein_lang_uid_613cde712bb16-1536x327.png 1536w, https:\/\/motion-x.net\/wp-content\/uploads\/2021\/09\/Logo_HOLM-Verein_lang_uid_613cde712bb16-18x4.png 18w, https:\/\/motion-x.net\/wp-content\/uploads\/2021\/09\/Logo_HOLM-Verein_lang_uid_613cde712bb16.png 1772w\" sizes=\"(max-width: 300px) 100vw, 300px\" \/>\t\t\t\t\t\t\t\t\t\t\t\t\t\t\t<\/div>\n\t\t\t\t<\/div>\n\t\t\t\t\t<\/div>\n\t\t<\/div>\n\t\t\t\t\t\t\t<\/div>\n\t\t<\/section>\n\t\t\t\t<section class=\"elementor-section elementor-top-section elementor-element elementor-element-83fb47b elementor-section-boxed elementor-section-height-default elementor-section-height-default\" data-id=\"83fb47b\" data-element_type=\"section\">\n\t\t\t\t\t\t<div class=\"elementor-container elementor-column-gap-default\">\n\t\t\t\t\t<div class=\"elementor-column elementor-col-100 elementor-top-column elementor-element elementor-element-b7bae00\" data-id=\"b7bae00\" data-element_type=\"column\">\n\t\t\t<div class=\"elementor-widget-wrap elementor-element-populated\">\n\t\t\t\t\t\t\t\t<div class=\"elementor-element elementor-element-9b0ca9e elementor-widget elementor-widget-html\" data-id=\"9b0ca9e\" data-element_type=\"widget\" data-widget_type=\"html.default\">\n\t\t\t\t<div class=\"elementor-widget-container\">\n\t\t\t<style>\r\n       h2.projekte {\r\n        color: #0600000F;\r\n        font-family: \"Open Sans\", Sans-serif;\r\n        font-size: 100px;\r\n        font-weight: 900;\r\n        text-transform: uppercase;\r\n      }     \r\n      .portfolio h3{ color: #000000;\r\n        font-family: \"Open Sans\", Sans-serif;\r\n        font-size: 45px;\r\n        font-weight: 700;\r\n        text-transform: uppercase;\r\n        padding: 50px 0 10px;}\r\n      .portfolio h4{ color: #000000;\r\n        font-family: \"Open Sans\", Sans-serif;\r\n        font-size: 35px;\r\n        font-weight: 700;\r\n        text-transform: uppercase;\r\n        padding: 50px 0 10px;}          \r\n      .portfolio p {\r\n        color: #7a7a7a;\r\n        font-family: Roboto, sans-serif;\r\n        font-size: 15px;\r\n        font-weight: 300;\r\n        line-height: 2em;\r\n      }<\/style><div><script type=\"text\/javascript\" src=\"https:\/\/cdn.jsdelivr.net\/npm\/jquery@3.3.1\/dist\/jquery.min.js\"><\/script><link href=\"https:\/\/cdn.jsdelivr.net\/npm\/nanogallery2@3\/dist\/css\/nanogallery2.min.css\" rel=\"stylesheet\" type=\"text\/css\"\/><script type=\"text\/javascript\" src=\"https:\/\/cdn.jsdelivr.net\/npm\/nanogallery2@3\/dist\/jquery.nanogallery2.min.js\"><\/script><h2 class=\"projekte\">PROJECTS<\/h2><div class=\"portfolio\"><h3>House of Logistics &amp; Mobility (HOLM) GmbH<\/h3><img src=\"https:\/\/hybrid-x-cms-assets.s3.eu-central-1.amazonaws.com\/2021\/09\/15\/2020-06-19_HOLM_aussen_2_uid_6141ef4d12b9b.jpg\" alt=\"House of Logistics &amp; Mobility (HOLM) GmbH\"\/><p><h4>Video<\/h4><video playsinline=\"\" controls=\"\" preload=\"meta\" src=\"https:\/\/hybrid-x-cms-assets.s3.eu-central-1.amazonaws.com\/2021\/09\/15\/House-of-Logistics-amp-fdown.net-1_uid_614062d513044_uid_6141f00921ca5.mp4\"><\/video><h5><\/h5>Die House of Logistics and Mobility (HOLM) GmbH betreibt mit Auftrag der \u00f6ffentlichen Hand die unabh\u00e4ngige und neutrale Entwicklungs\u2011 und Vernetzungsplattform f\u00fcr die Zukunft der Logistik und Mobilit\u00e4t.\r\nIm HOLM treffen Unternehmen und Start-ups, Hochschulen und Forschungsinstitutionen, Verb\u00e4nde und politische Institutionen aufeinander und treiben gemeinsam Projekte und Innovationen voran.\r\nDas HOLM-Team macht sich stark f\u00fcr die erfolgreiche Zukunft aller Logistik- und Mobilit\u00e4tsenthusiast*innen aus Wissenschaft und Wirtschaft, indem wir sie heute vernetzen und in ihrer Entwicklung unterst\u00fctzen.\r\nDabei ersetzen wir keine Innovationsaktivit\u00e4ten, sondern vernetzen die Akteure und Initiativen untereinander und leben so eine offene Innovationskultur, die Schritt h\u00e4lt.\r\n\r\n<h3>Unsere Ziele<\/h3><p><h5><\/h5>Wissen generieren \u2013 Wissen teilen \u2013 Menschen und Themen entwickeln \/\/ St\u00e4rkung der Wettbewerbsf\u00e4higkeit von Hochschulen, Forschungseinrichtungen und Unternehmen durch die F\u00f6rderung vielversprechender Projekte und Ideen \/\/ Steigerung der Attraktivit\u00e4t der Metropolregion FrankfurtRheinMain f\u00fcr Gr\u00fcnder*innen und Start-ups durch F\u00f6rderprogramme mit Mehrwert \/\/ Sicherstellen der Vernetzung durch hochwertige Vernetzungsaktivit\u00e4ten und innovative Veranstaltungsformate \/\/ Herstellung gesellschaftlicher Akzeptanz f\u00fcr ein sich \u00e4nderndes Mobilit\u00e4tsverhalten sowie neue Logistik- und Mobilit\u00e4tsl\u00f6sungen durch Beteiligung von B\u00fcrger*innen und fachfremder \u00d6ffentlichkeiten\r\n\r\n<p>\r\n<\/p><h4>Galerie<\/h4><div data-nanogallery2=\"{        &quot;itemsBaseURL&quot;: &quot;http:\/\/nanogallery2.nanostudio.org\/samples\/&quot;,        &quot;thumbnailWidth&quot;: &quot;200&quot;,        &quot;thumbnailBorderVertical&quot;: 0,        &quot;thumbnailBorderHorizontal&quot;: 0,        &quot;thumbnailLabel&quot;: {          &quot;position&quot;: &quot;overImageOnBottom&quot;        },        &quot;thumbnailAlignment&quot;: &quot;center&quot;,        &quot;thumbnailOpenImage&quot;: true      }\"><a href=\"https:\/\/hybrid-x-cms-assets.s3.eu-central-1.amazonaws.com\/2021\/09\/16\/holm-gmbh_uid_6140551610bc0_uid_6142e30e18c76.jpg\" data-ngthumb=\"https:\/\/hybrid-x-cms-assets.s3.eu-central-1.amazonaws.com\/2021\/09\/16\/holm-gmbh_uid_6140551610bc0_uid_6142e30e18c76.jpg\"><\/a><a href=\"https:\/\/hybrid-x-cms-assets.s3.eu-central-1.amazonaws.com\/2021\/09\/16\/holm-gmbh2_uid_614055157408c_uid_6142e30e4e551.jpg\" data-ngthumb=\"https:\/\/hybrid-x-cms-assets.s3.eu-central-1.amazonaws.com\/2021\/09\/16\/holm-gmbh2_uid_614055157408c_uid_6142e30e4e551.jpg\"><\/a><a href=\"https:\/\/hybrid-x-cms-assets.s3.eu-central-1.amazonaws.com\/2021\/09\/14\/holm3_uid_61405a2333648.jpg\" data-ngthumb=\"https:\/\/hybrid-x-cms-assets.s3.eu-central-1.amazonaws.com\/2021\/09\/14\/holm3_uid_61405a2333648.jpg\"><\/a><a href=\"https:\/\/hybrid-x-cms-assets.s3.eu-central-1.amazonaws.com\/2021\/09\/15\/206_uid_6141f1c81d99f.jpg\" data-ngthumb=\"https:\/\/hybrid-x-cms-assets.s3.eu-central-1.amazonaws.com\/2021\/09\/15\/206_uid_6141f1c81d99f.jpg\"><\/a><a href=\"https:\/\/hybrid-x-cms-assets.s3.eu-central-1.amazonaws.com\/2021\/09\/15\/207_uid_6141f1c86f41f.jpg\" data-ngthumb=\"https:\/\/hybrid-x-cms-assets.s3.eu-central-1.amazonaws.com\/2021\/09\/15\/207_uid_6141f1c86f41f.jpg\"><\/a><a href=\"https:\/\/hybrid-x-cms-assets.s3.eu-central-1.amazonaws.com\/2021\/09\/15\/2020-06-_uid_6141f1c8ad266.jpg\" data-ngthumb=\"https:\/\/hybrid-x-cms-assets.s3.eu-central-1.amazonaws.com\/2021\/09\/15\/2020-06-_uid_6141f1c8ad266.jpg\"><\/a><a href=\"https:\/\/hybrid-x-cms-assets.s3.eu-central-1.amazonaws.com\/2021\/09\/15\/202_uid_6141f1c72146d.jpg\" data-ngthumb=\"https:\/\/hybrid-x-cms-assets.s3.eu-central-1.amazonaws.com\/2021\/09\/15\/202_uid_6141f1c72146d.jpg\"><\/a><a href=\"https:\/\/hybrid-x-cms-assets.s3.eu-central-1.amazonaws.com\/2021\/09\/15\/203_uid_6141f1c754a8e.jpg\" data-ngthumb=\"https:\/\/hybrid-x-cms-assets.s3.eu-central-1.amazonaws.com\/2021\/09\/15\/203_uid_6141f1c754a8e.jpg\"><\/a><a href=\"https:\/\/hybrid-x-cms-assets.s3.eu-central-1.amazonaws.com\/2021\/09\/15\/204_uid_6141f1c78f1bc.jpg\" data-ngthumb=\"https:\/\/hybrid-x-cms-assets.s3.eu-central-1.amazonaws.com\/2021\/09\/15\/204_uid_6141f1c78f1bc.jpg\"><\/a><a href=\"https:\/\/hybrid-x-cms-assets.s3.eu-central-1.amazonaws.com\/2021\/09\/15\/205_uid_6141f1c7d94ae.jpg\" data-ngthumb=\"https:\/\/hybrid-x-cms-assets.s3.eu-central-1.amazonaws.com\/2021\/09\/15\/205_uid_6141f1c7d94ae.jpg\"><\/a><a href=\"https:\/\/hybrid-x-cms-assets.s3.eu-central-1.amazonaws.com\/2021\/09\/15\/201_uid_6141f1c6d6d09.jpg\" data-ngthumb=\"https:\/\/hybrid-x-cms-assets.s3.eu-central-1.amazonaws.com\/2021\/09\/15\/201_uid_6141f1c6d6d09.jpg\"><\/a><\/div><\/div><\/div>\t\t<\/div>\n\t\t\t\t<\/div>\n\t\t\t\t\t<\/div>\n\t\t<\/div>\n\t\t\t\t\t\t\t<\/div>\n\t\t<\/section>\n\t\t\t\t\t\t\t<\/div>","protected":false},"excerpt":{"rendered":"<p>\u00dcber den Aussteller Die House of Logistics and Mobility (HOLM) GmbH betreibt mit Auftrag der \u00f6ffentlichen Hand die unabh\u00e4ngige und neutrale Entwicklungs\u2011 und Vernetzungsplattform f\u00fcr die Zukunft der Logistik und Mobilit\u00e4t. Im HOLM treffen Unternehmen und Start-ups, Hochschulen und Forschungsinstitutionen, Verb\u00e4nde und politische Institutionen aufeinander und treiben gemeinsam Projekte und Innovationen voran. Das HOLM-Team macht [&hellip;]<\/p>","protected":false},"author":1,"featured_media":6232,"parent":6508,"menu_order":0,"comment_status":"closed","ping_status":"closed","template":"","meta":[],"aioseo_notices":[],"_links":{"self":[{"href":"https:\/\/motion-x.net\/en\/wp-json\/wp\/v2\/pages\/6532"}],"collection":[{"href":"https:\/\/motion-x.net\/en\/wp-json\/wp\/v2\/pages"}],"about":[{"href":"https:\/\/motion-x.net\/en\/wp-json\/wp\/v2\/types\/page"}],"author":[{"embeddable":true,"href":"https:\/\/motion-x.net\/en\/wp-json\/wp\/v2\/users\/1"}],"replies":[{"embeddable":true,"href":"https:\/\/motion-x.net\/en\/wp-json\/wp\/v2\/comments?post=6532"}],"version-history":[{"count":4,"href":"https:\/\/motion-x.net\/en\/wp-json\/wp\/v2\/pages\/6532\/revisions"}],"predecessor-version":[{"id":6722,"href":"https:\/\/motion-x.net\/en\/wp-json\/wp\/v2\/pages\/6532\/revisions\/6722"}],"up":[{"embeddable":true,"href":"https:\/\/motion-x.net\/en\/wp-json\/wp\/v2\/pages\/6508"}],"wp:featuredmedia":[{"embeddable":true,"href":"https:\/\/motion-x.net\/en\/wp-json\/wp\/v2\/media\/6232"}],"wp:attachment":[{"href":"https:\/\/motion-x.net\/en\/wp-json\/wp\/v2\/media?parent=6532"}],"curies":[{"name":"wp","href":"https:\/\/api.w.org\/{rel}","templated":true}]}}