{"id":6531,"date":"2021-09-15T11:28:42","date_gmt":"2021-09-15T11:28:42","guid":{"rendered":"https:\/\/motion-x.net\/?page_id=6531"},"modified":"2021-10-18T15:28:03","modified_gmt":"2021-10-18T15:28:03","slug":"holm-e-v","status":"publish","type":"page","link":"https:\/\/motion-x.net\/en\/ausstellerinhalte-2-2\/holm-e-v\/","title":{"rendered":"HOLM e.V."},"content":{"rendered":"<div data-elementor-type=\"wp-page\" data-elementor-id=\"6531\" class=\"elementor elementor-6531\">\n\t\t\t\t\t\t\t\t\t<section class=\"elementor-section elementor-top-section elementor-element elementor-element-4a7455ce elementor-section-content-middle elementor-reverse-mobile elementor-section-boxed elementor-section-height-default elementor-section-height-default\" data-id=\"4a7455ce\" data-element_type=\"section\">\n\t\t\t\t\t\t<div class=\"elementor-container elementor-column-gap-no\">\n\t\t\t\t\t<div class=\"elementor-column elementor-col-50 elementor-top-column elementor-element elementor-element-3e82da49\" data-id=\"3e82da49\" data-element_type=\"column\">\n\t\t\t<div class=\"elementor-widget-wrap elementor-element-populated\">\n\t\t\t\t\t\t\t\t<div class=\"elementor-element elementor-element-6be081ff elementor-widget elementor-widget-heading\" data-id=\"6be081ff\" data-element_type=\"widget\" data-widget_type=\"heading.default\">\n\t\t\t\t<div class=\"elementor-widget-container\">\n\t\t\t<h4 class=\"elementor-heading-title elementor-size-default\">\u00dcber den Aussteller<\/h4>\t\t<\/div>\n\t\t\t\t<\/div>\n\t\t\t\t<div class=\"elementor-element elementor-element-6fb255e6 elementor-widget elementor-widget-text-editor\" data-id=\"6fb255e6\" data-element_type=\"widget\" data-widget_type=\"text-editor.default\">\n\t\t\t\t<div class=\"elementor-widget-container\">\n\t\t\t\t\t\t\t&#8211; Wir sind mehr als 200 Mitglieder aus Wissenschaft, Wirtschaft, Verb\u00e4nden und Gesellschaft &#8211; Wir unterst\u00fctzen Wissenschaft, innovative Ans\u00e4tze und praxisnahe Forschung auf dem Gebiet der Logistik- und Mobilit\u00e4tswirtschaft &#8211; Wir wirken an der Zukunft der Logistik und Mobilit\u00e4t mit &#8211; Wir unterst\u00fctzen die Sichtbarkeit des HOLM als unabh\u00e4ngige und neutrale Entwicklungs- und Vernetzungsplattform &#8211; Wir sind Teil der Region FrankfurtRheinMain am Standort Hessen\t\t\t\t\t\t<\/div>\n\t\t\t\t<\/div>\n\t\t\t\t<div class=\"elementor-element elementor-element-34118ba4 elementor-widget elementor-widget-button\" data-id=\"34118ba4\" data-element_type=\"widget\" data-widget_type=\"button.default\">\n\t\t\t\t<div class=\"elementor-widget-container\">\n\t\t\t\t\t<div class=\"elementor-button-wrapper\">\n\t\t\t<a href=\"https:\/\/frankfurt-holm.de\/\" class=\"elementor-button-link elementor-button elementor-size-sm elementor-animation-grow\" role=\"button\">\n\t\t\t\t\t\t<span class=\"elementor-button-content-wrapper\">\n\t\t\t\t\t\t<span class=\"elementor-button-text\">Zur Website<\/span>\n\t\t<\/span>\n\t\t\t\t\t<\/a>\n\t\t<\/div>\n\t\t\t\t<\/div>\n\t\t\t\t<\/div>\n\t\t\t\t\t<\/div>\n\t\t<\/div>\n\t\t\t\t<div class=\"elementor-column elementor-col-50 elementor-top-column elementor-element elementor-element-1bc4ee8d\" data-id=\"1bc4ee8d\" data-element_type=\"column\">\n\t\t\t<div class=\"elementor-widget-wrap elementor-element-populated\">\n\t\t\t\t\t\t\t\t<div class=\"elementor-element elementor-element-2d5d5d40 elementor-widget elementor-widget-image\" data-id=\"2d5d5d40\" data-element_type=\"widget\" data-widget_type=\"image.default\">\n\t\t\t\t<div class=\"elementor-widget-container\">\n\t\t\t\t\t\t\t\t\t\t\t\t\t\t\t<img width=\"300\" height=\"137\" src=\"https:\/\/motion-x.net\/wp-content\/uploads\/2021\/09\/HOLM_RGB_Kurzlogo_uid_613ceb3f2ec22-300x137.png\" class=\"attachment-medium size-medium\" alt=\"\" loading=\"lazy\" srcset=\"https:\/\/motion-x.net\/wp-content\/uploads\/2021\/09\/HOLM_RGB_Kurzlogo_uid_613ceb3f2ec22-300x137.png 300w, https:\/\/motion-x.net\/wp-content\/uploads\/2021\/09\/HOLM_RGB_Kurzlogo_uid_613ceb3f2ec22-1024x467.png 1024w, https:\/\/motion-x.net\/wp-content\/uploads\/2021\/09\/HOLM_RGB_Kurzlogo_uid_613ceb3f2ec22-768x350.png 768w, https:\/\/motion-x.net\/wp-content\/uploads\/2021\/09\/HOLM_RGB_Kurzlogo_uid_613ceb3f2ec22-18x8.png 18w, https:\/\/motion-x.net\/wp-content\/uploads\/2021\/09\/HOLM_RGB_Kurzlogo_uid_613ceb3f2ec22.png 1104w\" sizes=\"(max-width: 300px) 100vw, 300px\" \/>\t\t\t\t\t\t\t\t\t\t\t\t\t\t\t<\/div>\n\t\t\t\t<\/div>\n\t\t\t\t\t<\/div>\n\t\t<\/div>\n\t\t\t\t\t\t\t<\/div>\n\t\t<\/section>\n\t\t\t\t<section class=\"elementor-section elementor-top-section elementor-element elementor-element-3b16bff elementor-section-boxed elementor-section-height-default elementor-section-height-default\" data-id=\"3b16bff\" data-element_type=\"section\">\n\t\t\t\t\t\t<div class=\"elementor-container elementor-column-gap-default\">\n\t\t\t\t\t<div class=\"elementor-column elementor-col-100 elementor-top-column elementor-element elementor-element-f40e398\" data-id=\"f40e398\" data-element_type=\"column\">\n\t\t\t<div class=\"elementor-widget-wrap elementor-element-populated\">\n\t\t\t\t\t\t\t\t<div class=\"elementor-element elementor-element-313f945 elementor-widget elementor-widget-html\" data-id=\"313f945\" data-element_type=\"widget\" data-widget_type=\"html.default\">\n\t\t\t\t<div class=\"elementor-widget-container\">\n\t\t\t<style>\r\n       h2.projekte {\r\n        color: #0600000F;\r\n        font-family: \"Open Sans\", Sans-serif;\r\n        font-size: 100px;\r\n        font-weight: 900;\r\n        text-transform: uppercase;\r\n      }     \r\n      .portfolio h3{ color: #000000;\r\n        font-family: \"Open Sans\", Sans-serif;\r\n        font-size: 45px;\r\n        font-weight: 700;\r\n        text-transform: uppercase;\r\n        padding: 50px 0 10px;}\r\n      .portfolio h4{ color: #000000;\r\n        font-family: \"Open Sans\", Sans-serif;\r\n        font-size: 35px;\r\n        font-weight: 700;\r\n        text-transform: uppercase;\r\n        padding: 50px 0 10px;}          \r\n      .portfolio p {\r\n        color: #7a7a7a;\r\n        font-family: Roboto, sans-serif;\r\n        font-size: 15px;\r\n        font-weight: 300;\r\n        line-height: 2em;\r\n      }<\/style><div><script type=\"text\/javascript\" src=\"https:\/\/cdn.jsdelivr.net\/npm\/jquery@3.3.1\/dist\/jquery.min.js\"><\/script><link href=\"https:\/\/cdn.jsdelivr.net\/npm\/nanogallery2@3\/dist\/css\/nanogallery2.min.css\" rel=\"stylesheet\" type=\"text\/css\"\/><script type=\"text\/javascript\" src=\"https:\/\/cdn.jsdelivr.net\/npm\/nanogallery2@3\/dist\/jquery.nanogallery2.min.js\"><\/script><h2 class=\"projekte\">PROJECTS<\/h2><div class=\"portfolio\"><h3>HOLM e.V.<\/h3><img src=\"https:\/\/hybrid-x-cms-assets.s3.eu-central-1.amazonaws.com\/2021\/09\/15\/Unbenannt_uid_6141f334d1321.PNG\" alt=\"HOLM e.V.\"\/><p><h4>Video<\/h4><video playsinline=\"\" controls=\"\" preload=\"meta\" src=\"https:\/\/hybrid-x-cms-assets.s3.eu-central-1.amazonaws.com\/2021\/09\/16\/Psentation-HOLM-e.-V.-Hypermotion-2021_uid_6143099eadb91.mp4\"><\/video><h5><\/h5>Wir sind mehr als 200 Mitglieder aus Wissenschaft, Wirtschaft, Verb\u00e4nden und Gesellschaft \/\/ Wir vernetzen Menschen und Ideen \/\/ Wir unterst\u00fctzen Wissenschaft, innovative Ans\u00e4tze und praxisnahe Forschung auf dem Gebiet der Logistik- und Mobilit\u00e4tswirtschaft \/\/ Wir unterst\u00fctzen den akademischen Nachwuchs und eine gute Ausbildung \/\/ Wir alle arbeiten daran, leistungsf\u00e4hige Logistik- und Mobilit\u00e4tssysteme zu entwickeln \/\/ Wir gestalten die Energie- und Verkehrswende mit, um Umwelt und Klima zu sch\u00fctzen \/\/ Wir richten den Fokus auf Infrastruktur, Energie, Verkehrstr\u00e4ger und optimierte Prozesse \/\/ Wir setzen uns f\u00fcr eine gesellschaftliche Akzeptanz zukunftsorientierter L\u00f6sungen ein \/\/ Auf unserer DNA stehen Begriffe wie Begegnung, Kommunikation und Vernetzung; Kompetenznetzwerke unterst\u00fctzen und Cluster bilden.<p><h5><\/h5>Unseren Mitgliedern bieten wir dazu verschiedene Formate an. Auch wenn bedingt durch die Corona-Pandemie unsere M\u00f6glichkeiten derzeit eingeschr\u00e4nkt sind und viele Formate im HOLM nicht stattfinden konnten.\r\nSie kommen wieder. Diese Hypermotion 2021 ist ein wesentlicher Schritt in eine neue Normalit\u00e4t.<p><h5><\/h5>Auf der DNA des HOLM stehen Begriffe wie Begegnung, Kommunikation und Vernetzung; Kompetenznetzwerke unterst\u00fctzen und Cluster bilden.\r\nDaher bieten wir: Zugang zum Newsletter des HOLM \/\/ Informationen \u00fcber Veranstaltungen, Symposien, Workshops \/\/ Kommunikationsplattform \/\/ Aktive Beteiligung an Veranstaltungsformaten des HOLM \/\/ Platzierung von Ideen und Initiativen \/\/ Herstellung von Kontakten<\/div><\/div>\t\t<\/div>\n\t\t\t\t<\/div>\n\t\t\t\t\t<\/div>\n\t\t<\/div>\n\t\t\t\t\t\t\t<\/div>\n\t\t<\/section>\n\t\t\t\t\t\t\t<\/div>","protected":false},"excerpt":{"rendered":"<p>\u00dcber den Aussteller &#8211; Wir sind mehr als 200 Mitglieder aus Wissenschaft, Wirtschaft, Verb\u00e4nden und Gesellschaft &#8211; Wir unterst\u00fctzen Wissenschaft, innovative Ans\u00e4tze und praxisnahe Forschung auf dem Gebiet der Logistik- und Mobilit\u00e4tswirtschaft &#8211; Wir wirken an der Zukunft der Logistik und Mobilit\u00e4t mit &#8211; Wir unterst\u00fctzen die Sichtbarkeit des HOLM als unabh\u00e4ngige und neutrale Entwicklungs- [&hellip;]<\/p>","protected":false},"author":1,"featured_media":6238,"parent":6508,"menu_order":0,"comment_status":"closed","ping_status":"closed","template":"","meta":[],"aioseo_notices":[],"_links":{"self":[{"href":"https:\/\/motion-x.net\/en\/wp-json\/wp\/v2\/pages\/6531"}],"collection":[{"href":"https:\/\/motion-x.net\/en\/wp-json\/wp\/v2\/pages"}],"about":[{"href":"https:\/\/motion-x.net\/en\/wp-json\/wp\/v2\/types\/page"}],"author":[{"embeddable":true,"href":"https:\/\/motion-x.net\/en\/wp-json\/wp\/v2\/users\/1"}],"replies":[{"embeddable":true,"href":"https:\/\/motion-x.net\/en\/wp-json\/wp\/v2\/comments?post=6531"}],"version-history":[{"count":4,"href":"https:\/\/motion-x.net\/en\/wp-json\/wp\/v2\/pages\/6531\/revisions"}],"predecessor-version":[{"id":6726,"href":"https:\/\/motion-x.net\/en\/wp-json\/wp\/v2\/pages\/6531\/revisions\/6726"}],"up":[{"embeddable":true,"href":"https:\/\/motion-x.net\/en\/wp-json\/wp\/v2\/pages\/6508"}],"wp:featuredmedia":[{"embeddable":true,"href":"https:\/\/motion-x.net\/en\/wp-json\/wp\/v2\/media\/6238"}],"wp:attachment":[{"href":"https:\/\/motion-x.net\/en\/wp-json\/wp\/v2\/media?parent=6531"}],"curies":[{"name":"wp","href":"https:\/\/api.w.org\/{rel}","templated":true}]}}