{"id":6530,"date":"2021-09-15T11:30:47","date_gmt":"2021-09-15T11:30:47","guid":{"rendered":"https:\/\/motion-x.net\/?page_id=6530"},"modified":"2021-10-19T13:05:33","modified_gmt":"2021-10-19T13:05:33","slug":"dmo-digital-mobilities-consultants-partg","status":"publish","type":"page","link":"https:\/\/motion-x.net\/en\/ausstellerinhalte-2-2\/dmo-digital-mobilities-consultants-partg\/","title":{"rendered":"dmo digital mobilities consultants (PartG)"},"content":{"rendered":"<div data-elementor-type=\"wp-page\" data-elementor-id=\"6530\" class=\"elementor elementor-6530\">\n\t\t\t\t\t\t\t\t\t<section class=\"elementor-section elementor-top-section elementor-element elementor-element-58bdf187 elementor-section-content-middle elementor-reverse-mobile elementor-section-boxed elementor-section-height-default elementor-section-height-default\" data-id=\"58bdf187\" data-element_type=\"section\">\n\t\t\t\t\t\t<div class=\"elementor-container elementor-column-gap-no\">\n\t\t\t\t\t<div class=\"elementor-column elementor-col-50 elementor-top-column elementor-element elementor-element-1968b425\" data-id=\"1968b425\" data-element_type=\"column\">\n\t\t\t<div class=\"elementor-widget-wrap elementor-element-populated\">\n\t\t\t\t\t\t\t\t<div class=\"elementor-element elementor-element-50babb85 elementor-widget elementor-widget-heading\" data-id=\"50babb85\" data-element_type=\"widget\" data-widget_type=\"heading.default\">\n\t\t\t\t<div class=\"elementor-widget-container\">\n\t\t\t<h4 class=\"elementor-heading-title elementor-size-default\">\u00dcber den Aussteller<\/h4>\t\t<\/div>\n\t\t\t\t<\/div>\n\t\t\t\t<div class=\"elementor-element elementor-element-3a133a64 elementor-widget elementor-widget-text-editor\" data-id=\"3a133a64\" data-element_type=\"widget\" data-widget_type=\"text-editor.default\">\n\t\t\t\t<div class=\"elementor-widget-container\">\n\t\t\t\t\t\t\tdigital mobilities consultants ist ein Beratungsunternehmen, dass sich auf die Konzeption neuer Mobilit\u00e4tsangebote, Digitalisierung und autonomes Fahren spezialisiert hat. Wir beraten OEMs, Verkehrsunternehmen und Kommunen bei strategischen Fragestellungen auf dem Weg zur Verkehrswende.\t\t\t\t\t\t<\/div>\n\t\t\t\t<\/div>\n\t\t\t\t<div class=\"elementor-element elementor-element-5654e817 elementor-widget elementor-widget-button\" data-id=\"5654e817\" data-element_type=\"widget\" data-widget_type=\"button.default\">\n\t\t\t\t<div class=\"elementor-widget-container\">\n\t\t\t\t\t<div class=\"elementor-button-wrapper\">\n\t\t\t<a href=\"https:\/\/digitalmobilities.com\/\" class=\"elementor-button-link elementor-button elementor-size-sm elementor-animation-grow\" role=\"button\">\n\t\t\t\t\t\t<span class=\"elementor-button-content-wrapper\">\n\t\t\t\t\t\t<span class=\"elementor-button-text\">Zur Website<\/span>\n\t\t<\/span>\n\t\t\t\t\t<\/a>\n\t\t<\/div>\n\t\t\t\t<\/div>\n\t\t\t\t<\/div>\n\t\t\t\t\t<\/div>\n\t\t<\/div>\n\t\t\t\t<div class=\"elementor-column elementor-col-50 elementor-top-column elementor-element elementor-element-6fb7e22e\" data-id=\"6fb7e22e\" data-element_type=\"column\">\n\t\t\t<div class=\"elementor-widget-wrap elementor-element-populated\">\n\t\t\t\t\t\t\t\t<div class=\"elementor-element elementor-element-74b90b26 elementor-widget elementor-widget-image\" data-id=\"74b90b26\" data-element_type=\"widget\" data-widget_type=\"image.default\">\n\t\t\t\t<div class=\"elementor-widget-container\">\n\t\t\t\t\t\t\t\t\t\t\t\t\t\t\t<img width=\"300\" height=\"127\" src=\"https:\/\/motion-x.net\/wp-content\/uploads\/2021\/09\/cropped-dmo-21_uid_614048efcfad4-300x127.png\" class=\"attachment-medium size-medium\" alt=\"\" loading=\"lazy\" srcset=\"https:\/\/motion-x.net\/wp-content\/uploads\/2021\/09\/cropped-dmo-21_uid_614048efcfad4-300x127.png 300w, https:\/\/motion-x.net\/wp-content\/uploads\/2021\/09\/cropped-dmo-21_uid_614048efcfad4-18x8.png 18w, https:\/\/motion-x.net\/wp-content\/uploads\/2021\/09\/cropped-dmo-21_uid_614048efcfad4.png 302w\" sizes=\"(max-width: 300px) 100vw, 300px\" \/>\t\t\t\t\t\t\t\t\t\t\t\t\t\t\t<\/div>\n\t\t\t\t<\/div>\n\t\t\t\t\t<\/div>\n\t\t<\/div>\n\t\t\t\t\t\t\t<\/div>\n\t\t<\/section>\n\t\t\t\t<section class=\"elementor-section elementor-top-section elementor-element elementor-element-dd3c3c0 elementor-section-boxed elementor-section-height-default elementor-section-height-default\" data-id=\"dd3c3c0\" data-element_type=\"section\">\n\t\t\t\t\t\t<div class=\"elementor-container elementor-column-gap-default\">\n\t\t\t\t\t<div class=\"elementor-column elementor-col-100 elementor-top-column elementor-element elementor-element-101b4b1\" data-id=\"101b4b1\" data-element_type=\"column\">\n\t\t\t<div class=\"elementor-widget-wrap elementor-element-populated\">\n\t\t\t\t\t\t\t\t<div class=\"elementor-element elementor-element-05a8213 elementor-widget elementor-widget-html\" data-id=\"05a8213\" data-element_type=\"widget\" data-widget_type=\"html.default\">\n\t\t\t\t<div class=\"elementor-widget-container\">\n\t\t\t<style>\r\n       h2.projekte {\r\n        color: #0600000F;\r\n        font-family: \"Open Sans\", Sans-serif;\r\n        font-size: 100px;\r\n        font-weight: 900;\r\n        text-transform: uppercase;\r\n      }     \r\n      .portfolio h3{ color: #000000;\r\n        font-family: \"Open Sans\", Sans-serif;\r\n        font-size: 45px;\r\n        font-weight: 700;\r\n        text-transform: uppercase;\r\n        padding: 50px 0 10px;}\r\n      .portfolio h4{ color: #000000;\r\n        font-family: \"Open Sans\", Sans-serif;\r\n        font-size: 35px;\r\n        font-weight: 700;\r\n        text-transform: uppercase;\r\n        padding: 50px 0 10px;}          \r\n      .portfolio p {\r\n        color: #7a7a7a;\r\n        font-family: Roboto, sans-serif;\r\n        font-size: 15px;\r\n        font-weight: 300;\r\n        line-height: 2em;\r\n      }<\/style><div><script type=\"text\/javascript\" src=\"https:\/\/cdn.jsdelivr.net\/npm\/jquery@3.3.1\/dist\/jquery.min.js\"><\/script><link href=\"https:\/\/cdn.jsdelivr.net\/npm\/nanogallery2@3\/dist\/css\/nanogallery2.min.css\" rel=\"stylesheet\" type=\"text\/css\"\/><script type=\"text\/javascript\" src=\"https:\/\/cdn.jsdelivr.net\/npm\/nanogallery2@3\/dist\/jquery.nanogallery2.min.js\"><\/script><h2 class=\"projekte\">PROJECTS<\/h2><div class=\"portfolio\"><div class=\"portfolio\"><style>\r\n       h2.video {\r\n        color: #0600000F;\r\n        font-family: \"Open Sans\", Sans-serif;\r\n        font-size: 100px;\r\n        font-weight: 900;\r\n        text-transform: uppercase;\r\n      }     \r\n<\/style>\r\n\r\n\r\n\r\n<video playsinline=\"\" poster=\"\/wp-content\/uploads\/2021\/09\/videoposter.png\" controls preload=\"meta\" src=\"https:\/\/hybrid-x-cms-assets.s3.eu-central-1.amazonaws.com\/2021\/10\/19\/x_dmo-Hypermotion-V-Strategiethemen_uid_616e91c4e6e46.mp4\"><\/video>\r\n<h3>dmo digital mobilities consultants<\/h3><style>\r\n       h2.video {\r\n        color: #0600000F;\r\n        font-family: \"Open Sans\", Sans-serif;\r\n        font-size: 100px;\r\n        font-weight: 900;\r\n        text-transform: uppercase;\r\n      }     \r\n<\/style>\r\n\r\n<h2 class=\"video\">Video<\/h2>\r\n\r\n<video playsinline=\"\" poster=\"\/wp-content\/uploads\/2021\/09\/videoposter.png\" controls preload=\"meta\" src=\"https:\/\/hybrid-x-cms-assets.s3.eu-central-1.amazonaws.com\/2021\/10\/19\/x_dmo-Hypermotion-V-Strategiethemen_uid_616e91c4e6e46.mp4\"><\/video>\r\n<h4>Video<\/h4><video playsinline=\"\" controls=\"\" preload=\"meta\" src=\"https:\/\/hybrid-x-cms-assets.s3.eu-central-1.amazonaws.com\/2021\/09\/13\/x_dmo-Mobilittsleitbild_Handlungsfelder_Hanau_uid_613f2e1f0d3c7.mp4\"><\/video><h4>Video<\/h4><video playsinline=\"\" controls=\"\" preload=\"meta\" src=\"https:\/\/hybrid-x-cms-assets.s3.eu-central-1.amazonaws.com\/2021\/09\/13\/x_dmo-Referenzen-fr-Hypermotion-20210830_uid_613f2e880b251.mp4\"><\/video><p><h5><\/h5>Weitaus l\u00e4nger gestalten wir in unterschiedlichen Funktionen die Zukunft der Mobilit\u00e4t. Wir verstehen uns als\r\nInnovationstreiber und -begleiter. Unser Team bringt umfangreiche Erfahrung in der Initiierung,\r\nBegleitung und Durchf\u00fchrung von Forschungs- und Pilotprojekten mit.\r\nPers\u00f6nliche Praxiserfahrung als F\u00fchrungskr\u00e4fte und Vordenker in Verkehrsunternehmen,\r\nStartups und OEMs zeichnen uns als Berater aus. Wir entwickeln gemeinsam mit unseren\r\nKunden praxistaugliche und umsetzbare Projekte. Unsere vielen Jahre an der Innovationsfront\r\nin der Verkehrsbranche verleihen uns tiefe Branchenkenntnis und Methodenkompetenz.\r\nDabei bringen wir sehr unterschiedliche Blickwinkel und Erfahrungen aus Linien-\u00d6PNV,\r\nAutomobilbranche, Forschung und Startups ein.<p><h5><\/h5>Seit 2016\/17 konnten wir das Thema On-Demand-Mobilit\u00e4t beratend in Deutschland mit\r\npr\u00e4gen und erfolgreiche Projekte f\u00fcr die Automobilbranche, kommunale Verkehrsunternehmen\r\nund Aufgabentr\u00e4ger von der Konzeption \u00fcber die Ausschreibung bis hin zur Umsetzung\r\nbegleiten. Wir sehen uns aber nicht als die On-Demand-Spezialisten allein, was wir\r\nzweifelsohne sind, sondern als Berater die Zukunftsthemen erkennen, den Kunden\r\nnahebringen und mit diesen umsetzen.<p><h5><\/h5>Das machen wir f\u00fcr On-Demand, f\u00fcr innovative Sharingkonzepte, Mobilit\u00e4ts-Plattformen und\r\nzunehmend f\u00fcr ganzheitliche Mobilit\u00e4tsleitbilder bis hin zum autonomen Fahren und\r\nunterst\u00fctzen die Akteure bei strategischen Fragestellungen.\r\nWeitere Themen und Strategieprojekte begleiten wir mit unseren Netzwerkpartnern wie BSL\r\nTransportation, mobilit\u00e9 und Benz+Walter.<\/div><h3>HeinerLiner: fl\u00e4chendeckenden On-Demand-Verkehr<\/h3><h4>Video<\/h4><video playsinline=\"\" controls=\"\" preload=\"meta\" src=\"https:\/\/hybrid-x-cms-assets.s3.eu-central-1.amazonaws.com\/2021\/09\/11\/On-Demand-Shuttle-HeinerLiner_uid_613ca1ab49715.mp4\"><\/video><p><h5><\/h5>Zusammen mit unserem Tochterunternehmen HEAG mobiBus sorgen wir f\u00fcr einen attraktiven und leistungsf\u00e4higen Nahverkehr in der Stadt Darmstadt und der Region. Insgesamt stehen im Verkehrskonzern gut 700 qualifizierte Mitarbeiter*innen f\u00fcr innovative Technik und kompetenten Service. Unseren Besch\u00e4ftigten wollen wir dabei attraktive und sichere Arbeitspl\u00e4tze bieten.<p><h5><\/h5>Unsere Gesch\u00e4ftsaktivit\u00e4ten umfassen neben dem Bus- und Stra\u00dfenbahnbetrieb sowie grundlegenden Infrastrukturdienstleistungen, auch innovative Mobilit\u00e4tsservices. Mit dem HeinerLiner, einem fl\u00e4chendeckenden On-Demand-Verkehr, haben wir ein bedarfsgerechtes, digitales und qualitativ hochwertiges neues Mobilit\u00e4tsangebot geschaffen.\r\nUnsere Rolle als f\u00fchrender Mobilit\u00e4tsdienstleister in S\u00fcdhessen wollen wir durch bedarfsorientierte Mobilit\u00e4tsangebote, agile Arbeitsmethoden und Investitionen in innovative Technik weiter ausbauen. Dabei behalten wir die wirtschaftlichen, \u00f6kologischen und sozialen Belange stets im Blick.<p><h5><\/h5>Mit unseren Kompetenzen im Bus- und Stra\u00dfenbahnbetrieb, Verkehrsmanagement, Vertrieb sowie Ausbau und Instandhaltung einer modernen \u00d6PNV-Infrastruktur, verbessern wir die Leistungsf\u00e4higkeit und die Servicequalit\u00e4t des \u00d6PNV.\r\nInsbesondere in Bezug auf ein umfassendes und flexibles Mobilit\u00e4tsangebot, Nachhaltigkeit sowie Barrierefreiheit wollen wir mit unseren Leistungen den \u00d6PNV in der Region weiter modernisieren.<\/div><\/div>\t\t<\/div>\n\t\t\t\t<\/div>\n\t\t\t\t\t<\/div>\n\t\t<\/div>\n\t\t\t\t\t\t\t<\/div>\n\t\t<\/section>\n\t\t\t\t\t\t\t<\/div>","protected":false},"excerpt":{"rendered":"<p>\u00dcber den Aussteller digital mobilities consultants ist ein Beratungsunternehmen, dass sich auf die Konzeption neuer Mobilit\u00e4tsangebote, Digitalisierung und autonomes Fahren spezialisiert hat. Wir beraten OEMs, Verkehrsunternehmen und Kommunen bei strategischen Fragestellungen auf dem Weg zur Verkehrswende. Zur Website Projekte dmo digital mobilities consultants Video Video Video Weitaus l\u00e4nger gestalten wir in unterschiedlichen Funktionen die Zukunft [&hellip;]<\/p>","protected":false},"author":1,"featured_media":6230,"parent":6508,"menu_order":0,"comment_status":"closed","ping_status":"closed","template":"","meta":[],"aioseo_notices":[],"_links":{"self":[{"href":"https:\/\/motion-x.net\/en\/wp-json\/wp\/v2\/pages\/6530"}],"collection":[{"href":"https:\/\/motion-x.net\/en\/wp-json\/wp\/v2\/pages"}],"about":[{"href":"https:\/\/motion-x.net\/en\/wp-json\/wp\/v2\/types\/page"}],"author":[{"embeddable":true,"href":"https:\/\/motion-x.net\/en\/wp-json\/wp\/v2\/users\/1"}],"replies":[{"embeddable":true,"href":"https:\/\/motion-x.net\/en\/wp-json\/wp\/v2\/comments?post=6530"}],"version-history":[{"count":9,"href":"https:\/\/motion-x.net\/en\/wp-json\/wp\/v2\/pages\/6530\/revisions"}],"predecessor-version":[{"id":6894,"href":"https:\/\/motion-x.net\/en\/wp-json\/wp\/v2\/pages\/6530\/revisions\/6894"}],"up":[{"embeddable":true,"href":"https:\/\/motion-x.net\/en\/wp-json\/wp\/v2\/pages\/6508"}],"wp:featuredmedia":[{"embeddable":true,"href":"https:\/\/motion-x.net\/en\/wp-json\/wp\/v2\/media\/6230"}],"wp:attachment":[{"href":"https:\/\/motion-x.net\/en\/wp-json\/wp\/v2\/media?parent=6530"}],"curies":[{"name":"wp","href":"https:\/\/api.w.org\/{rel}","templated":true}]}}