{"id":6529,"date":"2021-09-15T11:31:25","date_gmt":"2021-09-15T11:31:25","guid":{"rendered":"https:\/\/motion-x.net\/?page_id=6529"},"modified":"2021-10-18T10:13:42","modified_gmt":"2021-10-18T10:13:42","slug":"graphmasters-gmbh","status":"publish","type":"page","link":"https:\/\/motion-x.net\/en\/ausstellerinhalte-2-2\/graphmasters-gmbh\/","title":{"rendered":"Graphmasters GmbH"},"content":{"rendered":"<div data-elementor-type=\"wp-page\" data-elementor-id=\"6529\" class=\"elementor elementor-6529\">\n\t\t\t\t\t\t\t\t\t<section class=\"elementor-section elementor-top-section elementor-element elementor-element-759260e6 elementor-section-content-middle elementor-reverse-mobile elementor-section-boxed elementor-section-height-default elementor-section-height-default\" data-id=\"759260e6\" data-element_type=\"section\">\n\t\t\t\t\t\t<div class=\"elementor-container elementor-column-gap-no\">\n\t\t\t\t\t<div class=\"elementor-column elementor-col-50 elementor-top-column elementor-element elementor-element-7083f1f3\" data-id=\"7083f1f3\" data-element_type=\"column\">\n\t\t\t<div class=\"elementor-widget-wrap elementor-element-populated\">\n\t\t\t\t\t\t\t\t<div class=\"elementor-element elementor-element-366c2471 elementor-widget elementor-widget-heading\" data-id=\"366c2471\" data-element_type=\"widget\" data-widget_type=\"heading.default\">\n\t\t\t\t<div class=\"elementor-widget-container\">\n\t\t\t<h4 class=\"elementor-heading-title elementor-size-default\">\u00dcber den Aussteller<\/h4>\t\t<\/div>\n\t\t\t\t<\/div>\n\t\t\t\t<div class=\"elementor-element elementor-element-6bdb6dc4 elementor-widget elementor-widget-text-editor\" data-id=\"6bdb6dc4\" data-element_type=\"widget\" data-widget_type=\"text-editor.default\">\n\t\t\t\t<div class=\"elementor-widget-container\">\n\t\t\t\t\t\t\tIn der Welt von Graphmasters dreht sich alles darum, den Verkehr besser zu machen. Wir setzen dabei auf ein automatisches lastenausgeglichenes Routingverfahren genannt \u201eCollaborative Routing\u201c. Jeder Nutzer unserer NUNAV-Technologie tr\u00e4gt so einen Teil dazu bei, dass der Verkehr insgesamt fl\u00fcssiger wird und Emissionen durch bessere Routen und weniger Zeit im Stau eingespart werden.\t\t\t\t\t\t<\/div>\n\t\t\t\t<\/div>\n\t\t\t\t<div class=\"elementor-element elementor-element-459e17ac elementor-widget elementor-widget-button\" data-id=\"459e17ac\" data-element_type=\"widget\" data-widget_type=\"button.default\">\n\t\t\t\t<div class=\"elementor-widget-container\">\n\t\t\t\t\t<div class=\"elementor-button-wrapper\">\n\t\t\t<a href=\"https:\/\/www.graphmasters.net\/\" class=\"elementor-button-link elementor-button elementor-size-sm elementor-animation-grow\" role=\"button\">\n\t\t\t\t\t\t<span class=\"elementor-button-content-wrapper\">\n\t\t\t\t\t\t<span class=\"elementor-button-text\">Zur Website<\/span>\n\t\t<\/span>\n\t\t\t\t\t<\/a>\n\t\t<\/div>\n\t\t\t\t<\/div>\n\t\t\t\t<\/div>\n\t\t\t\t\t<\/div>\n\t\t<\/div>\n\t\t\t\t<div class=\"elementor-column elementor-col-50 elementor-top-column elementor-element elementor-element-3b522d3d\" data-id=\"3b522d3d\" data-element_type=\"column\">\n\t\t\t<div class=\"elementor-widget-wrap elementor-element-populated\">\n\t\t\t\t\t\t\t\t<div class=\"elementor-element elementor-element-73e6f6ac elementor-widget elementor-widget-image\" data-id=\"73e6f6ac\" data-element_type=\"widget\" data-widget_type=\"image.default\">\n\t\t\t\t<div class=\"elementor-widget-container\">\n\t\t\t\t\t\t\t\t\t\t\t\t\t\t\t<img width=\"300\" height=\"110\" src=\"https:\/\/motion-x.net\/wp-content\/uploads\/2021\/09\/Graphmasters_Logo_RGB_black_uid_613c8eb8bed78-300x110.png\" class=\"attachment-medium size-medium\" alt=\"\" loading=\"lazy\" srcset=\"https:\/\/motion-x.net\/wp-content\/uploads\/2021\/09\/Graphmasters_Logo_RGB_black_uid_613c8eb8bed78-300x110.png 300w, https:\/\/motion-x.net\/wp-content\/uploads\/2021\/09\/Graphmasters_Logo_RGB_black_uid_613c8eb8bed78-768x282.png 768w, https:\/\/motion-x.net\/wp-content\/uploads\/2021\/09\/Graphmasters_Logo_RGB_black_uid_613c8eb8bed78-18x7.png 18w, https:\/\/motion-x.net\/wp-content\/uploads\/2021\/09\/Graphmasters_Logo_RGB_black_uid_613c8eb8bed78.png 834w\" sizes=\"(max-width: 300px) 100vw, 300px\" \/>\t\t\t\t\t\t\t\t\t\t\t\t\t\t\t<\/div>\n\t\t\t\t<\/div>\n\t\t\t\t\t<\/div>\n\t\t<\/div>\n\t\t\t\t\t\t\t<\/div>\n\t\t<\/section>\n\t\t\t\t<section class=\"elementor-section elementor-top-section elementor-element elementor-element-6044664 elementor-section-boxed elementor-section-height-default elementor-section-height-default\" data-id=\"6044664\" data-element_type=\"section\">\n\t\t\t\t\t\t<div class=\"elementor-container elementor-column-gap-default\">\n\t\t\t\t\t<div class=\"elementor-column elementor-col-100 elementor-top-column elementor-element elementor-element-560dc27\" data-id=\"560dc27\" data-element_type=\"column\">\n\t\t\t<div class=\"elementor-widget-wrap elementor-element-populated\">\n\t\t\t\t\t\t\t\t<div class=\"elementor-element elementor-element-106e7d8 elementor-widget elementor-widget-html\" data-id=\"106e7d8\" data-element_type=\"widget\" data-widget_type=\"html.default\">\n\t\t\t\t<div class=\"elementor-widget-container\">\n\t\t\t<style>\r\n       h2.projekte {\r\n        color: #0600000F;\r\n        font-family: \"Open Sans\", Sans-serif;\r\n        font-size: 100px;\r\n        font-weight: 900;\r\n        text-transform: uppercase;\r\n      }     \r\n      .portfolio h3{ color: #000000;\r\n        font-family: \"Open Sans\", Sans-serif;\r\n        font-size: 45px;\r\n        font-weight: 700;\r\n        text-transform: uppercase;\r\n        padding: 50px 0 10px;}\r\n      .portfolio h4{ color: #000000;\r\n        font-family: \"Open Sans\", Sans-serif;\r\n        font-size: 35px;\r\n        font-weight: 700;\r\n        text-transform: uppercase;\r\n        padding: 50px 0 10px;}          \r\n      .portfolio p {\r\n        color: #7a7a7a;\r\n        font-family: Roboto, sans-serif;\r\n        font-size: 15px;\r\n        font-weight: 300;\r\n        line-height: 2em;\r\n      }<\/style><div><script type=\"text\/javascript\" src=\"https:\/\/cdn.jsdelivr.net\/npm\/jquery@3.3.1\/dist\/jquery.min.js\"><\/script><link href=\"https:\/\/cdn.jsdelivr.net\/npm\/nanogallery2@3\/dist\/css\/nanogallery2.min.css\" rel=\"stylesheet\" type=\"text\/css\"\/><script type=\"text\/javascript\" src=\"https:\/\/cdn.jsdelivr.net\/npm\/nanogallery2@3\/dist\/jquery.nanogallery2.min.js\"><\/script><h2 class=\"projekte\">PROJECTS<\/h2><div class=\"portfolio\"><video playsinline=\"\" controls=\"\" preload=\"meta\" src=\"https:\/\/hybrid-x-cms-assets.s3.eu-central-1.amazonaws.com\/2021\/09\/15\/NUNAV---Stadtverkehr-der-Zukunft_uid_6141b321a45ab.mp4\"><\/video><h3>Road Services - NUNAV Courier &amp; NUNAV Trucks<\/h3><img src=\"https:\/\/hybrid-x-cms-assets.s3.eu-central-1.amazonaws.com\/2021\/09\/11\/Produkt-1_Road-Services_uid_613c9202a5f06.jpg\" alt=\"Road Services - NUNAV Courier &amp; NUNAV Trucks\"\/><style>\r\n       h2.video {\r\n        color: #0600000F;\r\n        font-family: \"Open Sans\", Sans-serif;\r\n        font-size: 100px;\r\n        font-weight: 900;\r\n        text-transform: uppercase;\r\n      }     \r\n<\/style>\r\n\r\n\r\n\r\n<h4>Video<\/h4><video playsinline=\"\" poster=\"\/wp-content\/uploads\/2021\/09\/videoposter.png\" controls preload=\"meta\" src=\"https:\/\/hybrid-x-cms-assets.s3.eu-central-1.amazonaws.com\/2021\/10\/05\/Produkt-1_Road-Services_comp_uid_615c332d9a56b.mp4\"><\/video>\r\n<p><h5><\/h5>Graphmasters betreibt im Bereich Logistik und Intralogistik verteilte Cloud Applikationen, mit denen alleine in Deutschland jedes dritte Paket zugestellt wird oder gro\u00dfe Flotten an autonomen Unterfluhrfahrzeugen der Intralogistik gesteuert werden. Die KI-basierten Optimierungsverfahren im Routing sind dabei optimal auf die jeweiligen Kundenanforderungen im Fleet-Management von gro\u00dfen Kurier, Express- und Paketdienstleister, aber auch St\u00fcckguttransporteure, Lebensmittelh\u00e4ndler, Spezialtransporte oder autonomen Flotten abgestimmt.<p>\r\n<\/p><\/div><div class=\"portfolio\"><h3>Smart Mobility - NUNAV Navigation &amp; NUNAV Bus<\/h3><img src=\"https:\/\/hybrid-x-cms-assets.s3.eu-central-1.amazonaws.com\/2021\/09\/11\/Produkt-2_Smart-Mobility_uid_613c9c1ca317b.jpg\" alt=\"Smart Mobility - NUNAV Navigation &amp; NUNAV Bus\"\/><h4>Video<\/h4><video playsinline=\"\" controls=\"\" preload=\"meta\" src=\"https:\/\/hybrid-x-cms-assets.s3.eu-central-1.amazonaws.com\/2021\/09\/11\/Produkt-2_Traffic-management-at-Agritechnica-2017_2019_uid_613c9d9db82c8.mp4\"><\/video><p><h5><\/h5>Graphmasters schafft mit seinen kostenlosen und werbefreien Navigation-Apps NUNAV Navigation und NUNAV Bus die M\u00f6glichkeit digitaler Verkehrslenkung. Mit den Produkten und Dienstleistungen von NUNAV Venues und NUNAV Traffic Strategies steuern private und \u00f6ffentliche Akteure digital Besucherstr\u00f6me mit entsprechendem Parkraummanagement und den dazugeh\u00f6rigen Verkehrslenkungsstrategien, als turn-by-turn Ansage direkt im Navigationsger\u00e4t. Damit sind Stra\u00dfenbetreibende, Verkehrsmanager und Dienstleistende auf demselben Informationsstand und erhalten ein Steuerungsinstrument zur nachhaltigen Verkehrsentwicklung.\r\n\r\n<\/div><div class=\"portfolio\"><h3>Automotive<\/h3><img src=\"https:\/\/hybrid-x-cms-assets.s3.eu-central-1.amazonaws.com\/2021\/09\/11\/Produkt-3_Navigation_route_NUNAV_Carplay_uid_613c9eb9083b5.png\" alt=\"Automotive\"\/><p><h5><\/h5>Graphmasters betreibt verteilte und redundant betriebene Cloud-Applikationen f\u00fcr Routing- und Optimierungsdienste, um OEMs und ihre Fahrzeuge f\u00fcr die Mobilit\u00e4tsanwendungen von morgen zu begeistern. Diese sind als Nachr\u00fcsts\u00e4tze, als add-on oder direkt ab Werk verf\u00fcgbar, um die damit verbunden Mehrwerte aus Logistik und Navigation optimal umsetzen zu k\u00f6nnen. <\/div><\/div>\t\t<\/div>\n\t\t\t\t<\/div>\n\t\t\t\t\t<\/div>\n\t\t<\/div>\n\t\t\t\t\t\t\t<\/div>\n\t\t<\/section>\n\t\t\t\t\t\t\t<\/div>","protected":false},"excerpt":{"rendered":"<p>\u00dcber den Aussteller In der Welt von Graphmasters dreht sich alles darum, den Verkehr besser zu machen. Wir setzen dabei auf ein automatisches lastenausgeglichenes Routingverfahren genannt \u201eCollaborative Routing\u201c. Jeder Nutzer unserer NUNAV-Technologie tr\u00e4gt so einen Teil dazu bei, dass der Verkehr insgesamt fl\u00fcssiger wird und Emissionen durch bessere Routen und weniger Zeit im Stau eingespart [&hellip;]<\/p>","protected":false},"author":1,"featured_media":6236,"parent":6508,"menu_order":0,"comment_status":"closed","ping_status":"closed","template":"","meta":[],"aioseo_notices":[],"_links":{"self":[{"href":"https:\/\/motion-x.net\/en\/wp-json\/wp\/v2\/pages\/6529"}],"collection":[{"href":"https:\/\/motion-x.net\/en\/wp-json\/wp\/v2\/pages"}],"about":[{"href":"https:\/\/motion-x.net\/en\/wp-json\/wp\/v2\/types\/page"}],"author":[{"embeddable":true,"href":"https:\/\/motion-x.net\/en\/wp-json\/wp\/v2\/users\/1"}],"replies":[{"embeddable":true,"href":"https:\/\/motion-x.net\/en\/wp-json\/wp\/v2\/comments?post=6529"}],"version-history":[{"count":3,"href":"https:\/\/motion-x.net\/en\/wp-json\/wp\/v2\/pages\/6529\/revisions"}],"predecessor-version":[{"id":6643,"href":"https:\/\/motion-x.net\/en\/wp-json\/wp\/v2\/pages\/6529\/revisions\/6643"}],"up":[{"embeddable":true,"href":"https:\/\/motion-x.net\/en\/wp-json\/wp\/v2\/pages\/6508"}],"wp:featuredmedia":[{"embeddable":true,"href":"https:\/\/motion-x.net\/en\/wp-json\/wp\/v2\/media\/6236"}],"wp:attachment":[{"href":"https:\/\/motion-x.net\/en\/wp-json\/wp\/v2\/media?parent=6529"}],"curies":[{"name":"wp","href":"https:\/\/api.w.org\/{rel}","templated":true}]}}