{"id":6528,"date":"2021-09-15T11:32:33","date_gmt":"2021-09-15T11:32:33","guid":{"rendered":"https:\/\/motion-x.net\/?page_id=6528"},"modified":"2021-10-21T08:43:50","modified_gmt":"2021-10-21T08:43:50","slug":"landlogistik-gmbh","status":"publish","type":"page","link":"https:\/\/motion-x.net\/en\/ausstellerinhalte-2-2\/landlogistik-gmbh\/","title":{"rendered":"Landlogistik GmbH"},"content":{"rendered":"<div data-elementor-type=\"wp-page\" data-elementor-id=\"6528\" class=\"elementor elementor-6528\">\n\t\t\t\t\t\t\t\t\t<section class=\"elementor-section elementor-top-section elementor-element elementor-element-7381fb21 elementor-section-content-middle elementor-reverse-mobile elementor-section-boxed elementor-section-height-default elementor-section-height-default\" data-id=\"7381fb21\" data-element_type=\"section\">\n\t\t\t\t\t\t<div class=\"elementor-container elementor-column-gap-no\">\n\t\t\t\t\t<div class=\"elementor-column elementor-col-50 elementor-top-column elementor-element elementor-element-3ca4ecff\" data-id=\"3ca4ecff\" data-element_type=\"column\">\n\t\t\t<div class=\"elementor-widget-wrap elementor-element-populated\">\n\t\t\t\t\t\t\t\t<div class=\"elementor-element elementor-element-1067a831 elementor-widget elementor-widget-heading\" data-id=\"1067a831\" data-element_type=\"widget\" data-widget_type=\"heading.default\">\n\t\t\t\t<div class=\"elementor-widget-container\">\n\t\t\t<h4 class=\"elementor-heading-title elementor-size-default\">\u00dcber den Aussteller<\/h4>\t\t<\/div>\n\t\t\t\t<\/div>\n\t\t\t\t<div class=\"elementor-element elementor-element-2bf2e6c elementor-widget elementor-widget-text-editor\" data-id=\"2bf2e6c\" data-element_type=\"widget\" data-widget_type=\"text-editor.default\">\n\t\t\t\t<div class=\"elementor-widget-container\">\n\t\t\t\t\t\t\tDie LandLogistik verkn\u00fcpft freie Frachtkapazit\u00e4ten \u2014 unabh\u00e4ngig vom Carrier, intelligent und in Echtzeit. Das 2017 gegr\u00fcndetes Start-up, mit Sitz in Frankfurt (Oder) und Niederlassung in Berlin, bringt in einer \u00fcbergreifenden Systemphilosophie Personen- und G\u00fcterverkehr zueinander. So entstehen schnelle und g\u00fcnstige Transportketten, die noch dazu Ressourcen sparen. \t\t\t\t\t\t<\/div>\n\t\t\t\t<\/div>\n\t\t\t\t<div class=\"elementor-element elementor-element-6d472c06 elementor-widget elementor-widget-button\" data-id=\"6d472c06\" data-element_type=\"widget\" data-widget_type=\"button.default\">\n\t\t\t\t<div class=\"elementor-widget-container\">\n\t\t\t\t\t<div class=\"elementor-button-wrapper\">\n\t\t\t<a href=\"https:\/\/landlogistik.eu\/\" class=\"elementor-button-link elementor-button elementor-size-sm elementor-animation-grow\" role=\"button\">\n\t\t\t\t\t\t<span class=\"elementor-button-content-wrapper\">\n\t\t\t\t\t\t<span class=\"elementor-button-text\">Zur Website<\/span>\n\t\t<\/span>\n\t\t\t\t\t<\/a>\n\t\t<\/div>\n\t\t\t\t<\/div>\n\t\t\t\t<\/div>\n\t\t\t\t\t<\/div>\n\t\t<\/div>\n\t\t\t\t<div class=\"elementor-column elementor-col-50 elementor-top-column elementor-element elementor-element-629c2f82\" data-id=\"629c2f82\" data-element_type=\"column\">\n\t\t\t<div class=\"elementor-widget-wrap elementor-element-populated\">\n\t\t\t\t\t\t\t\t<div class=\"elementor-element elementor-element-4d0d414a elementor-widget elementor-widget-image\" data-id=\"4d0d414a\" data-element_type=\"widget\" data-widget_type=\"image.default\">\n\t\t\t\t<div class=\"elementor-widget-container\">\n\t\t\t\t\t\t\t\t\t\t\t\t\t\t\t<img width=\"300\" height=\"71\" src=\"https:\/\/motion-x.net\/wp-content\/uploads\/2021\/09\/LandLogistik_uid_613faad57bb93-300x71.png\" class=\"attachment-medium size-medium\" alt=\"\" loading=\"lazy\" srcset=\"https:\/\/motion-x.net\/wp-content\/uploads\/2021\/09\/LandLogistik_uid_613faad57bb93-300x71.png 300w, https:\/\/motion-x.net\/wp-content\/uploads\/2021\/09\/LandLogistik_uid_613faad57bb93-768x181.png 768w, https:\/\/motion-x.net\/wp-content\/uploads\/2021\/09\/LandLogistik_uid_613faad57bb93-18x4.png 18w, https:\/\/motion-x.net\/wp-content\/uploads\/2021\/09\/LandLogistik_uid_613faad57bb93.png 1000w\" sizes=\"(max-width: 300px) 100vw, 300px\" \/>\t\t\t\t\t\t\t\t\t\t\t\t\t\t\t<\/div>\n\t\t\t\t<\/div>\n\t\t\t\t\t<\/div>\n\t\t<\/div>\n\t\t\t\t\t\t\t<\/div>\n\t\t<\/section>\n\t\t\t\t<section class=\"elementor-section elementor-top-section elementor-element elementor-element-dc3bdfa elementor-section-boxed elementor-section-height-default elementor-section-height-default\" data-id=\"dc3bdfa\" data-element_type=\"section\">\n\t\t\t\t\t\t<div class=\"elementor-container elementor-column-gap-default\">\n\t\t\t\t\t<div class=\"elementor-column elementor-col-100 elementor-top-column elementor-element elementor-element-d84306b\" data-id=\"d84306b\" data-element_type=\"column\">\n\t\t\t<div class=\"elementor-widget-wrap elementor-element-populated\">\n\t\t\t\t\t\t\t\t<div class=\"elementor-element elementor-element-1a151f7 elementor-widget elementor-widget-html\" data-id=\"1a151f7\" data-element_type=\"widget\" data-widget_type=\"html.default\">\n\t\t\t\t<div class=\"elementor-widget-container\">\n\t\t\t<style>\r\n       h2.projekte {\r\n        color: #0600000F;\r\n        font-family: \"Open Sans\", Sans-serif;\r\n        font-size: 100px;\r\n        font-weight: 900;\r\n        text-transform: uppercase;\r\n      }     \r\n      .portfolio h3{ color: #000000;\r\n        font-family: \"Open Sans\", Sans-serif;\r\n        font-size: 45px;\r\n        font-weight: 700;\r\n        text-transform: uppercase;\r\n        padding: 50px 0 10px;}\r\n      .portfolio h4{ color: #000000;\r\n        font-family: \"Open Sans\", Sans-serif;\r\n        font-size: 35px;\r\n        font-weight: 700;\r\n        text-transform: uppercase;\r\n        padding: 50px 0 10px;}          \r\n      .portfolio p {\r\n        color: #7a7a7a;\r\n        font-family: Roboto, sans-serif;\r\n        font-size: 15px;\r\n        font-weight: 300;\r\n        line-height: 2em;\r\n      }<\/style>\r\n<div><script type=\"text\/javascript\" src=\"https:\/\/cdn.jsdelivr.net\/npm\/jquery@3.3.1\/dist\/jquery.min.js\"><\/script><link href=\"https:\/\/cdn.jsdelivr.net\/npm\/nanogallery2@3\/dist\/css\/nanogallery2.min.css\" rel=\"stylesheet\" type=\"text\/css\"\/><script type=\"text\/javascript\" src=\"https:\/\/cdn.jsdelivr.net\/npm\/nanogallery2@3\/dist\/jquery.nanogallery2.min.js\"><\/script><h2 class=\"projekte\">PROJECTS<\/h2><div class=\"portfolio\"><h3>Landlogistik GmbH<\/h3><img src=\"https:\/\/hybrid-x-cms-assets.s3.eu-central-1.amazonaws.com\/2021\/09\/10\/PNV_LandLogistik_Dienstleistungsbild-2_uid_613b9cec741f0.png\" alt=\"Landlogistik GmbH\"\/><p><h5><\/h5>Die LandLogistik verkn\u00fcpft freie Frachtkapazit\u00e4ten \u2014 unabh\u00e4ngig vom Carrier, intelligent und in Echtzeit. So entstehen schnelle und g\u00fcnstige Transportketten, die noch dazu Ressourcen sparen.\r\n\r\nDie LandLogistik ist ein Start-up, das im August 2017 mit Sitz in Frankfurt (Oder) gegr\u00fcndet wurde und seit Januar 2019 eine Niederlassung in Berlin hat. Unsere Gr\u00fcndung geht auf das prominente Modellvorhaben \u00bbkombiBUS\u00ab zur\u00fcck. Noch unter dem Dach der Interlink GmbH wurde hier im Landkreis Uckermark die G\u00fctermitnahme im Regional- und Bedarfsbusverkehr entwickelt und umgesetzt. Bis heute wird der \u00bbkombiBUS\u00ab \u00fcber das kommunale Verkehrsunternehmen, die UVG, betrieben.<p><h5><\/h5>In einer \u00fcbergreifenden Systemphilosophie bringen wir Personen- und G\u00fcterverkehr zueinander. \u00dcber eine digitale Integration vernetzen wir zuk\u00fcnftig in Echtzeit und anbieter\u00fcbergreifend Ladefl\u00e4chen verschiedener Verkehrstr\u00e4ger \u2013 dezentral und multimodal. Ob Lkw, Bahn, Bus, Lastenrad oder Schiff \u2013 je nach strategischer St\u00e4rke und Kostenstruktur sollen Transportleistungen zwischen den Marktteilnehmern neu geplant und organisiert werden. So schaffen wir innovative Logistikkonzepte, die vorhandene Transportl\u00fccken schlie\u00dfen und damit gerade im l\u00e4ndlichen Raum die regionale Wirtschaft, lokale Nahversorgung und die Mobilit\u00e4t der Menschen st\u00e4rken.<p><h5><\/h5>Die LandLogistik hat sich zur Aufgabe gemacht, existierende Daten in einen gemeinsamen Dialog zu bringen, sie sichtbar zu machen, um auf dieser Grundlage die Idee der multimodalen Logistik umsetzen zu k\u00f6nnen. KI-Technologie, Schnittstellen, Datenschutz, klassisches Routing oder auch Klimadaten sind nur einige der guten Zutaten, die das neue System ben\u00f6tigt. Und dennoch: LandLogistik setzt auf den Dialog vor Ort, denn ohne Kenntnis \u00fcber die Prozesse unserer Partner kann auch ein digitales Hilfsmittel keinen Mehrwert bieten.\r\n\r\nWir beraten und unterst\u00fctzen kommunale Entscheidungstr\u00e4ger, Verkehrsunternehmen und die regionale Wirtschaftsf\u00f6rderung hinsichtlich einer regionalen Mobilit\u00e4ts- und Logistikstrategie. Aus einer Vielzahl von Projekten haben wir weitreichende Einblicke in Bedarfe und Prozesse vor Ort. Die Umsetzung von technologischer Innovation sehen wir vor allem als kommunikative und moderierende Aufgabe. Wir bilden Akzeptanz und Vertrauen und tragen so die digitale Transformation in die regionale Wirtschaft. <p><h5><\/h5>Die LandLogistik GmbH kann dabei auf bundesweite wie regionale Netzwerke von Vertretern von Politik und Verwaltung, Logistikwirtschaft und Verkehr zur\u00fcckgreifen, die eine st\u00e4ndige Ressource f\u00fcr neue Projekte darstellen. Auf dieser Basis und mit einem kreativen, interdisziplin\u00e4ren Team, ist die LandLogistik motiviert, f\u00fcr aktuelle Herausforderungen wie Verkehrswende, Strukturwandel und Digitalisierung kreative L\u00f6sungen zu liefern.\r\n<h4>Galerie<\/h4><div data-nanogallery2=\"{        &quot;itemsBaseURL&quot;: &quot;http:\/\/nanogallery2.nanostudio.org\/samples\/&quot;,        &quot;thumbnailWidth&quot;: &quot;200&quot;,        &quot;thumbnailBorderVertical&quot;: 0,        &quot;thumbnailBorderHorizontal&quot;: 0,        &quot;thumbnailLabel&quot;: {          &quot;position&quot;: &quot;overImageOnBottom&quot;        },        &quot;thumbnailAlignment&quot;: &quot;center&quot;,        &quot;thumbnailOpenImage&quot;: true      }\"><a href=\"https:\/\/hybrid-x-cms-assets.s3.eu-central-1.amazonaws.com\/2021\/09\/14\/kombiBUS_LandLogistik_Dienstleistungsbild-1_uid_6140b0d868018.jpg\" data-ngthumb=\"https:\/\/hybrid-x-cms-assets.s3.eu-central-1.amazonaws.com\/2021\/09\/14\/kombiBUS_LandLogistik_Dienstleistungsbild-1_uid_6140b0d868018.jpg\"><\/a><a href=\"https:\/\/hybrid-x-cms-assets.s3.eu-central-1.amazonaws.com\/2021\/09\/14\/PNV_LandLogistik_Dienstleistungsbild-2_uid_6140b0d8cd0b8.png\" data-ngthumb=\"https:\/\/hybrid-x-cms-assets.s3.eu-central-1.amazonaws.com\/2021\/09\/14\/PNV_LandLogistik_Dienstleistungsbild-2_uid_6140b0d8cd0b8.png\"><\/a><\/div><\/div><\/div>\t\t<\/div>\n\t\t\t\t<\/div>\n\t\t\t\t\t<\/div>\n\t\t<\/div>\n\t\t\t\t\t\t\t<\/div>\n\t\t<\/section>\n\t\t\t\t\t\t\t<\/div>","protected":false},"excerpt":{"rendered":"<p>\u00dcber den Aussteller Die LandLogistik verkn\u00fcpft freie Frachtkapazit\u00e4ten \u2014 unabh\u00e4ngig vom Carrier, intelligent und in Echtzeit. Das 2017 gegr\u00fcndetes Start-up, mit Sitz in Frankfurt (Oder) und Niederlassung in Berlin, bringt in einer \u00fcbergreifenden Systemphilosophie Personen- und G\u00fcterverkehr zueinander. So entstehen schnelle und g\u00fcnstige Transportketten, die noch dazu Ressourcen sparen. Zur Website Projekte Landlogistik GmbH Die [&hellip;]<\/p>","protected":false},"author":1,"featured_media":6243,"parent":6508,"menu_order":0,"comment_status":"closed","ping_status":"closed","template":"","meta":[],"aioseo_notices":[],"_links":{"self":[{"href":"https:\/\/motion-x.net\/en\/wp-json\/wp\/v2\/pages\/6528"}],"collection":[{"href":"https:\/\/motion-x.net\/en\/wp-json\/wp\/v2\/pages"}],"about":[{"href":"https:\/\/motion-x.net\/en\/wp-json\/wp\/v2\/types\/page"}],"author":[{"embeddable":true,"href":"https:\/\/motion-x.net\/en\/wp-json\/wp\/v2\/users\/1"}],"replies":[{"embeddable":true,"href":"https:\/\/motion-x.net\/en\/wp-json\/wp\/v2\/comments?post=6528"}],"version-history":[{"count":4,"href":"https:\/\/motion-x.net\/en\/wp-json\/wp\/v2\/pages\/6528\/revisions"}],"predecessor-version":[{"id":7237,"href":"https:\/\/motion-x.net\/en\/wp-json\/wp\/v2\/pages\/6528\/revisions\/7237"}],"up":[{"embeddable":true,"href":"https:\/\/motion-x.net\/en\/wp-json\/wp\/v2\/pages\/6508"}],"wp:featuredmedia":[{"embeddable":true,"href":"https:\/\/motion-x.net\/en\/wp-json\/wp\/v2\/media\/6243"}],"wp:attachment":[{"href":"https:\/\/motion-x.net\/en\/wp-json\/wp\/v2\/media?parent=6528"}],"curies":[{"name":"wp","href":"https:\/\/api.w.org\/{rel}","templated":true}]}}