{"id":6527,"date":"2021-09-15T11:34:02","date_gmt":"2021-09-15T11:34:02","guid":{"rendered":"https:\/\/motion-x.net\/?page_id=6527"},"modified":"2021-10-18T10:57:06","modified_gmt":"2021-10-18T10:57:06","slug":"kuehne-logistics-university","status":"publish","type":"page","link":"https:\/\/motion-x.net\/en\/ausstellerinhalte-2-2\/kuehne-logistics-university\/","title":{"rendered":"K\u00fchne Logistics University"},"content":{"rendered":"<div data-elementor-type=\"wp-page\" data-elementor-id=\"6527\" class=\"elementor elementor-6527\">\n\t\t\t\t\t\t\t\t\t<section class=\"elementor-section elementor-top-section elementor-element elementor-element-793ace11 elementor-section-content-middle elementor-reverse-mobile elementor-section-boxed elementor-section-height-default elementor-section-height-default\" data-id=\"793ace11\" data-element_type=\"section\">\n\t\t\t\t\t\t<div class=\"elementor-container elementor-column-gap-no\">\n\t\t\t\t\t<div class=\"elementor-column elementor-col-50 elementor-top-column elementor-element elementor-element-2c8a4edf\" data-id=\"2c8a4edf\" data-element_type=\"column\">\n\t\t\t<div class=\"elementor-widget-wrap elementor-element-populated\">\n\t\t\t\t\t\t\t\t<div class=\"elementor-element elementor-element-2a16cb24 elementor-widget elementor-widget-heading\" data-id=\"2a16cb24\" data-element_type=\"widget\" data-widget_type=\"heading.default\">\n\t\t\t\t<div class=\"elementor-widget-container\">\n\t\t\t<h4 class=\"elementor-heading-title elementor-size-default\">\u00dcber den Aussteller<\/h4>\t\t<\/div>\n\t\t\t\t<\/div>\n\t\t\t\t<div class=\"elementor-element elementor-element-263aacb6 elementor-widget elementor-widget-text-editor\" data-id=\"263aacb6\" data-element_type=\"widget\" data-widget_type=\"text-editor.default\">\n\t\t\t\t<div class=\"elementor-widget-container\">\n\t\t\t\t\t\t\tIn den letzten 10 Jahren hat die KLU Executive Education ein erstklassiges Portfolio an offenen und auf die Bed\u00fcrfnisse einzelner Unternehmen ma\u00dfgeschneiderte Ausbildungsprogrammen f\u00fcr Fach- und F\u00fchrungskr\u00e4fte Logistik naher Branchen entwickelt. \t\t\t\t\t\t<\/div>\n\t\t\t\t<\/div>\n\t\t\t\t<div class=\"elementor-element elementor-element-27c7512e elementor-widget elementor-widget-button\" data-id=\"27c7512e\" data-element_type=\"widget\" data-widget_type=\"button.default\">\n\t\t\t\t<div class=\"elementor-widget-container\">\n\t\t\t\t\t<div class=\"elementor-button-wrapper\">\n\t\t\t<a href=\"https:\/\/www.the-klu.org\/\" class=\"elementor-button-link elementor-button elementor-size-sm elementor-animation-grow\" role=\"button\">\n\t\t\t\t\t\t<span class=\"elementor-button-content-wrapper\">\n\t\t\t\t\t\t<span class=\"elementor-button-text\">Zur Website<\/span>\n\t\t<\/span>\n\t\t\t\t\t<\/a>\n\t\t<\/div>\n\t\t\t\t<\/div>\n\t\t\t\t<\/div>\n\t\t\t\t\t<\/div>\n\t\t<\/div>\n\t\t\t\t<div class=\"elementor-column elementor-col-50 elementor-top-column elementor-element elementor-element-ad4b78a\" data-id=\"ad4b78a\" data-element_type=\"column\">\n\t\t\t<div class=\"elementor-widget-wrap elementor-element-populated\">\n\t\t\t\t\t\t\t\t<div class=\"elementor-element elementor-element-1c8b6e9f elementor-widget elementor-widget-image\" data-id=\"1c8b6e9f\" data-element_type=\"widget\" data-widget_type=\"image.default\">\n\t\t\t\t<div class=\"elementor-widget-container\">\n\t\t\t\t\t\t\t\t\t\t\t\t\t\t\t<img width=\"300\" height=\"212\" src=\"https:\/\/motion-x.net\/wp-content\/uploads\/2021\/09\/KLU_EE_logo_standard_uid_613b8f718ae21-300x212.png\" class=\"attachment-medium size-medium\" alt=\"\" loading=\"lazy\" srcset=\"https:\/\/motion-x.net\/wp-content\/uploads\/2021\/09\/KLU_EE_logo_standard_uid_613b8f718ae21-300x212.png 300w, https:\/\/motion-x.net\/wp-content\/uploads\/2021\/09\/KLU_EE_logo_standard_uid_613b8f718ae21-768x543.png 768w, https:\/\/motion-x.net\/wp-content\/uploads\/2021\/09\/KLU_EE_logo_standard_uid_613b8f718ae21-18x12.png 18w, https:\/\/motion-x.net\/wp-content\/uploads\/2021\/09\/KLU_EE_logo_standard_uid_613b8f718ae21.png 842w\" sizes=\"(max-width: 300px) 100vw, 300px\" \/>\t\t\t\t\t\t\t\t\t\t\t\t\t\t\t<\/div>\n\t\t\t\t<\/div>\n\t\t\t\t\t<\/div>\n\t\t<\/div>\n\t\t\t\t\t\t\t<\/div>\n\t\t<\/section>\n\t\t\t\t<section class=\"elementor-section elementor-top-section elementor-element elementor-element-74338d6 elementor-section-boxed elementor-section-height-default elementor-section-height-default\" data-id=\"74338d6\" data-element_type=\"section\">\n\t\t\t\t\t\t<div class=\"elementor-container elementor-column-gap-default\">\n\t\t\t\t\t<div class=\"elementor-column elementor-col-100 elementor-top-column elementor-element elementor-element-fd930f9\" data-id=\"fd930f9\" data-element_type=\"column\">\n\t\t\t<div class=\"elementor-widget-wrap elementor-element-populated\">\n\t\t\t\t\t\t\t\t<div class=\"elementor-element elementor-element-53eec31 elementor-widget elementor-widget-html\" data-id=\"53eec31\" data-element_type=\"widget\" data-widget_type=\"html.default\">\n\t\t\t\t<div class=\"elementor-widget-container\">\n\t\t\t<style>\r\n       h2.projekte {\r\n        color: #0600000F;\r\n        font-family: \"Open Sans\", Sans-serif;\r\n        font-size: 100px;\r\n        font-weight: 900;\r\n        text-transform: uppercase;\r\n      }     \r\n      .portfolio h3{ color: #000000;\r\n        font-family: \"Open Sans\", Sans-serif;\r\n        font-size: 45px;\r\n        font-weight: 700;\r\n        text-transform: uppercase;\r\n        padding: 50px 0 10px;}\r\n      .portfolio h4{ color: #000000;\r\n        font-family: \"Open Sans\", Sans-serif;\r\n        font-size: 35px;\r\n        font-weight: 700;\r\n        text-transform: uppercase;\r\n        padding: 50px 0 10px;}          \r\n      .portfolio p {\r\n        color: #7a7a7a;\r\n        font-family: Roboto, sans-serif;\r\n        font-size: 15px;\r\n        font-weight: 300;\r\n        line-height: 2em;\r\n      }<\/style><div><script type=\"text\/javascript\" src=\"https:\/\/cdn.jsdelivr.net\/npm\/jquery@3.3.1\/dist\/jquery.min.js\"><\/script><link href=\"https:\/\/cdn.jsdelivr.net\/npm\/nanogallery2@3\/dist\/css\/nanogallery2.min.css\" rel=\"stylesheet\" type=\"text\/css\"\/><script type=\"text\/javascript\" src=\"https:\/\/cdn.jsdelivr.net\/npm\/nanogallery2@3\/dist\/jquery.nanogallery2.min.js\"><\/script><h2 class=\"projekte\">PROJECTS<\/h2><div class=\"portfolio\"><h3>KLU\u00b4s neues Zertifikatsprogramm &quot;Sustainable Management &amp; Operations&quot; (SuMO)<\/h3><img src=\"https:\/\/hybrid-x-cms-assets.s3.eu-central-1.amazonaws.com\/2021\/09\/10\/MBA-students-during-class_uid_613b8f988d4f6.jpg\" alt=\"KLU\u00b4s neues Zertifikatsprogramm &quot;Sustainable Management &amp; Operations&quot; (SuMO)\"\/><p><h5><\/h5>In den letzten 10 Jahren hat die KLU Executive Education ein erstklassiges Portfolio an Ausbildungsprogrammen f\u00fcr Fach- und F\u00fchrungskr\u00e4fte der Branche entwickelt. Ma\u00dfgeschneiderte Schulungspakete werden auf die Bed\u00fcrfnisse von Unternehmen zugeschnitten und decken innovative Themen, aktuelle Entwicklungen und Branchentrends in den Bereichen Logistik, Lieferkettenmanagement, F\u00fchrung und allgemeines Management ab. Sowohl unser berufsbegleitendes MBA-Studienprogramm als auch unser Zertifikatsprogramm &quot;Sustainable Management and Operations&quot; (SuMO) und unsere Open Enrollment-Programme f\u00fchren Fach- und F\u00fchrungskr\u00e4fte in die neuesten \u00dcberlegungen zum Management komplexer, internationaler Logistikabl\u00e4ufe ein und kombinieren die neuesten Managementtheorien und Forschungsergebnisse mit praktischen Anwendungen. Aufbauend auf neuesten Forschungsergebnissen werden unsere Programme kontinuierlich weiterentwickelt und aktuelle Themen aufgenommen. <p><h5><\/h5>So bieten wir ab Anfang 2022 das offene Programm &quot;Sustainable Management and Operations&quot; (SuMO) als berufsbegleitendes Zertifikatsprogramm an, welches die einzigartige M\u00f6glichkeit bietet, sich flexibel und effizient die konzeptionellen Grundlagen nachhaltigen Managements anzueignen.<p><h5><\/h5>SuMO integriert modernste wissenschaftliche Expertise mit einer ganzheitlichen und vernetzten Perspektive auf Nachhaltigkeit. Unser Blended-Learning-Format nutzt die Zeit optimal, indem es innovative Online-Lernmodule mit hochgradig interaktiven Pr\u00e4senzveranstaltungen an der KLU in Hamburg effektiv aufeinander abstimmt. Beginnend mit dem Big Picture, erforscht die Modulstruktur die relevanten Themen im Zusammenhang mit Nachhaltigkeit durch interaktive Klassendiskussionen und Teamarbeit, was es den Studenten erm\u00f6glicht, grundlegende Gesch\u00e4ftskonzepte auf Anwendungen im Bereich der Nachhaltigkeit zu \u00fcbertragen. Das SuMO &#x27;Impact Project&#x27; setzt die Studierenden den inhaltlichen Herausforderungen im Zusammenhang mit Nachhaltigkeit aus und bietet eine umfassende, ganzheitliche und praxisnahe Lernerfahrung. Durch SuMO erwerben Fachkr\u00e4fte die notwendigen F\u00e4higkeiten f\u00fcr eine Karriere in nachhaltigem Management und Betrieben und lernen, wie sie gro\u00dfe Herausforderungen effektiv angehen k\u00f6nnen.\r\n\r\nIn Unternehmen verlagert sich der Schwerpunkt von der Bewusstseinsbildung f\u00fcr Nachhaltigkeit auf die Entwicklung konkreter L\u00f6sungen. Da die Bereiche Technologie und Management immer mehr in den Mittelpunkt des Interesses r\u00fccken, hat Nachhaltigkeit in der heutigen Gesellschaft eine wirtschaftliche, soziale und \u00f6kologische Dimension. Die Industrie best\u00e4tigt, dass Nachhaltigkeit und der \u00dcbergang zu nachhaltigen Produkten und Arbeitsabl\u00e4ufen ein sehr relevanter Bereich ist, in dem weitergehende Erkenntnisse gewonnen werden m\u00fcssen.<p><h5><\/h5>Zielgruppen sind daher Fach- und F\u00fchrungskr\u00e4fte, die die Nachhaltigkeitsbem\u00fchungen ihrer Unternehmen leiten und nachhaltige L\u00f6sungen f\u00fcr zuk\u00fcnftige Gesch\u00e4fte entwickeln sollen. <\/p><h4>Galerie<\/h4><div data-nanogallery2=\"{        &quot;itemsBaseURL&quot;: &quot;http:\/\/nanogallery2.nanostudio.org\/samples\/&quot;,        &quot;thumbnailWidth&quot;: &quot;200&quot;,        &quot;thumbnailBorderVertical&quot;: 0,        &quot;thumbnailBorderHorizontal&quot;: 0,        &quot;thumbnailLabel&quot;: {          &quot;position&quot;: &quot;overImageOnBottom&quot;        },        &quot;thumbnailAlignment&quot;: &quot;center&quot;,        &quot;thumbnailOpenImage&quot;: true      }\"><a href=\"https:\/\/hybrid-x-cms-assets.s3.eu-central-1.amazonaws.com\/2021\/09\/14\/KLU_MBA_2020_Portraits_Combos_011-1600px-1_uid_6140b05c5414b.jpg\" data-ngthumb=\"https:\/\/hybrid-x-cms-assets.s3.eu-central-1.amazonaws.com\/2021\/09\/14\/KLU_MBA_2020_Portraits_Combos_011-1600px-1_uid_6140b05c5414b.jpg\"><\/a><a href=\"https:\/\/hybrid-x-cms-assets.s3.eu-central-1.amazonaws.com\/2021\/10\/05\/netlop-visual-1_uid_615c37fb6bfa9.jpg\" data-ngthumb=\"https:\/\/hybrid-x-cms-assets.s3.eu-central-1.amazonaws.com\/2021\/10\/05\/netlop-visual-1_uid_615c37fb6bfa9.jpg\"><\/a><a href=\"https:\/\/hybrid-x-cms-assets.s3.eu-central-1.amazonaws.com\/2021\/10\/05\/EE_Summerschool_2019_CS67376_Web-1600px_uid_615c37fa0d6d6.jpg\" data-ngthumb=\"https:\/\/hybrid-x-cms-assets.s3.eu-central-1.amazonaws.com\/2021\/10\/05\/EE_Summerschool_2019_CS67376_Web-1600px_uid_615c37fa0d6d6.jpg\"><\/a><a href=\"https:\/\/hybrid-x-cms-assets.s3.eu-central-1.amazonaws.com\/2021\/10\/05\/Blick-von-der-KLU-auf-die-Elbphilharmonie_uid_615c37f911796.jpg\" data-ngthumb=\"https:\/\/hybrid-x-cms-assets.s3.eu-central-1.amazonaws.com\/2021\/10\/05\/Blick-von-der-KLU-auf-die-Elbphilharmonie_uid_615c37f911796.jpg\"><\/a><a href=\"https:\/\/hybrid-x-cms-assets.s3.eu-central-1.amazonaws.com\/2021\/10\/05\/MBA-students-during-class_uid_615c37fab5dfc.jpg\" data-ngthumb=\"https:\/\/hybrid-x-cms-assets.s3.eu-central-1.amazonaws.com\/2021\/10\/05\/MBA-students-during-class_uid_615c37fab5dfc.jpg\"><\/a><a href=\"https:\/\/hybrid-x-cms-assets.s3.eu-central-1.amazonaws.com\/2021\/10\/05\/EE_Summerschool_2019_CHS5577_Web-1200px_uid_615c37f9a3d6a.jpg\" data-ngthumb=\"https:\/\/hybrid-x-cms-assets.s3.eu-central-1.amazonaws.com\/2021\/10\/05\/EE_Summerschool_2019_CHS5577_Web-1200px_uid_615c37f9a3d6a.jpg\"><\/a><a href=\"https:\/\/hybrid-x-cms-assets.s3.eu-central-1.amazonaws.com\/2021\/10\/05\/A-truly-international-university_uid_615c37f6f3733.jpg\" data-ngthumb=\"https:\/\/hybrid-x-cms-assets.s3.eu-central-1.amazonaws.com\/2021\/10\/05\/A-truly-international-university_uid_615c37f6f3733.jpg\"><\/a><\/div><\/div><\/div>\t\t<\/div>\n\t\t\t\t<\/div>\n\t\t\t\t\t<\/div>\n\t\t<\/div>\n\t\t\t\t\t\t\t<\/div>\n\t\t<\/section>\n\t\t\t\t\t\t\t<\/div>","protected":false},"excerpt":{"rendered":"<p>\u00dcber den Aussteller In den letzten 10 Jahren hat die KLU Executive Education ein erstklassiges Portfolio an offenen und auf die Bed\u00fcrfnisse einzelner Unternehmen ma\u00dfgeschneiderte Ausbildungsprogrammen f\u00fcr Fach- und F\u00fchrungskr\u00e4fte Logistik naher Branchen entwickelt. Zur Website Projekte KLU\u00b4s neues Zertifikatsprogramm &quot;Sustainable Management &amp; Operations&quot; (SuMO) In den letzten 10 Jahren hat die KLU Executive Education [&hellip;]<\/p>","protected":false},"author":1,"featured_media":6242,"parent":6508,"menu_order":0,"comment_status":"closed","ping_status":"closed","template":"","meta":[],"aioseo_notices":[],"_links":{"self":[{"href":"https:\/\/motion-x.net\/en\/wp-json\/wp\/v2\/pages\/6527"}],"collection":[{"href":"https:\/\/motion-x.net\/en\/wp-json\/wp\/v2\/pages"}],"about":[{"href":"https:\/\/motion-x.net\/en\/wp-json\/wp\/v2\/types\/page"}],"author":[{"embeddable":true,"href":"https:\/\/motion-x.net\/en\/wp-json\/wp\/v2\/users\/1"}],"replies":[{"embeddable":true,"href":"https:\/\/motion-x.net\/en\/wp-json\/wp\/v2\/comments?post=6527"}],"version-history":[{"count":3,"href":"https:\/\/motion-x.net\/en\/wp-json\/wp\/v2\/pages\/6527\/revisions"}],"predecessor-version":[{"id":6663,"href":"https:\/\/motion-x.net\/en\/wp-json\/wp\/v2\/pages\/6527\/revisions\/6663"}],"up":[{"embeddable":true,"href":"https:\/\/motion-x.net\/en\/wp-json\/wp\/v2\/pages\/6508"}],"wp:featuredmedia":[{"embeddable":true,"href":"https:\/\/motion-x.net\/en\/wp-json\/wp\/v2\/media\/6242"}],"wp:attachment":[{"href":"https:\/\/motion-x.net\/en\/wp-json\/wp\/v2\/media?parent=6527"}],"curies":[{"name":"wp","href":"https:\/\/api.w.org\/{rel}","templated":true}]}}