{"id":6523,"date":"2021-09-15T11:35:07","date_gmt":"2021-09-15T11:35:07","guid":{"rendered":"https:\/\/motion-x.net\/?page_id=6523"},"modified":"2021-10-21T08:44:36","modified_gmt":"2021-10-21T08:44:36","slug":"logiline-gmbh","status":"publish","type":"page","link":"https:\/\/motion-x.net\/en\/ausstellerinhalte-2-2\/logiline-gmbh\/","title":{"rendered":"Logiline GmbH"},"content":{"rendered":"<div data-elementor-type=\"wp-page\" data-elementor-id=\"6523\" class=\"elementor elementor-6523\">\n\t\t\t\t\t\t\t\t\t<section class=\"elementor-section elementor-top-section elementor-element elementor-element-3db620ed elementor-section-content-middle elementor-reverse-mobile elementor-section-boxed elementor-section-height-default elementor-section-height-default\" data-id=\"3db620ed\" data-element_type=\"section\">\n\t\t\t\t\t\t<div class=\"elementor-container elementor-column-gap-no\">\n\t\t\t\t\t<div class=\"elementor-column elementor-col-50 elementor-top-column elementor-element elementor-element-3ba323d\" data-id=\"3ba323d\" data-element_type=\"column\">\n\t\t\t<div class=\"elementor-widget-wrap elementor-element-populated\">\n\t\t\t\t\t\t\t\t<div class=\"elementor-element elementor-element-42f28bb elementor-widget elementor-widget-heading\" data-id=\"42f28bb\" data-element_type=\"widget\" data-widget_type=\"heading.default\">\n\t\t\t\t<div class=\"elementor-widget-container\">\n\t\t\t<h4 class=\"elementor-heading-title elementor-size-default\">\u00dcber den Aussteller<\/h4>\t\t<\/div>\n\t\t\t\t<\/div>\n\t\t\t\t<div class=\"elementor-element elementor-element-140997a3 elementor-widget elementor-widget-text-editor\" data-id=\"140997a3\" data-element_type=\"widget\" data-widget_type=\"text-editor.default\">\n\t\t\t\t<div class=\"elementor-widget-container\">\n\t\t\t\t\t\t\tAls unabh\u00e4ngiger Dienstleister verf\u00fcgen wir \u00fcber keinerlei eigene Assets, um Transporte durchzuf\u00fchren \u2013 aber wir kennen die besten Wege daf\u00fcr. Durch diese Unabh\u00e4ngigkeit stehen wir als Partner an Ihrer Seite um die beste L\u00f6sung f\u00fcr Ihre logistischen Aufgaben zu finden.  Wir b\u00fcndeln die Schritte im logistischen Prozess von der Konfektionierung bis zur Lieferung, so dass Sie von der Beauftragung bis zur Rechnung nur einen, pers\u00f6nlichen, Ansprechpartner haben.\t\t\t\t\t\t<\/div>\n\t\t\t\t<\/div>\n\t\t\t\t<div class=\"elementor-element elementor-element-2a9c0a1e elementor-widget elementor-widget-button\" data-id=\"2a9c0a1e\" data-element_type=\"widget\" data-widget_type=\"button.default\">\n\t\t\t\t<div class=\"elementor-widget-container\">\n\t\t\t\t\t<div class=\"elementor-button-wrapper\">\n\t\t\t<a href=\"https:\/\/logiline.de\/\" class=\"elementor-button-link elementor-button elementor-size-sm elementor-animation-grow\" role=\"button\">\n\t\t\t\t\t\t<span class=\"elementor-button-content-wrapper\">\n\t\t\t\t\t\t<span class=\"elementor-button-text\">Zur Website<\/span>\n\t\t<\/span>\n\t\t\t\t\t<\/a>\n\t\t<\/div>\n\t\t\t\t<\/div>\n\t\t\t\t<\/div>\n\t\t\t\t\t<\/div>\n\t\t<\/div>\n\t\t\t\t<div class=\"elementor-column elementor-col-50 elementor-top-column elementor-element elementor-element-1a30b71f\" data-id=\"1a30b71f\" data-element_type=\"column\">\n\t\t\t<div class=\"elementor-widget-wrap elementor-element-populated\">\n\t\t\t\t\t\t\t\t<div class=\"elementor-element elementor-element-248adc54 elementor-widget elementor-widget-image\" data-id=\"248adc54\" data-element_type=\"widget\" data-widget_type=\"image.default\">\n\t\t\t\t<div class=\"elementor-widget-container\">\n\t\t\t\t\t\t\t\t\t\t\t\t\t\t\t<img width=\"300\" height=\"81\" src=\"https:\/\/motion-x.net\/wp-content\/uploads\/2021\/09\/LogLine_uid_613fae4793fdf-300x81.png\" class=\"attachment-medium size-medium\" alt=\"\" loading=\"lazy\" srcset=\"https:\/\/motion-x.net\/wp-content\/uploads\/2021\/09\/LogLine_uid_613fae4793fdf-300x81.png 300w, https:\/\/motion-x.net\/wp-content\/uploads\/2021\/09\/LogLine_uid_613fae4793fdf-1024x276.png 1024w, https:\/\/motion-x.net\/wp-content\/uploads\/2021\/09\/LogLine_uid_613fae4793fdf-768x207.png 768w, https:\/\/motion-x.net\/wp-content\/uploads\/2021\/09\/LogLine_uid_613fae4793fdf-1536x414.png 1536w, https:\/\/motion-x.net\/wp-content\/uploads\/2021\/09\/LogLine_uid_613fae4793fdf-2048x552.png 2048w, https:\/\/motion-x.net\/wp-content\/uploads\/2021\/09\/LogLine_uid_613fae4793fdf-18x5.png 18w\" sizes=\"(max-width: 300px) 100vw, 300px\" \/>\t\t\t\t\t\t\t\t\t\t\t\t\t\t\t<\/div>\n\t\t\t\t<\/div>\n\t\t\t\t\t<\/div>\n\t\t<\/div>\n\t\t\t\t\t\t\t<\/div>\n\t\t<\/section>\n\t\t\t\t<section class=\"elementor-section elementor-top-section elementor-element elementor-element-538ece7 elementor-section-boxed elementor-section-height-default elementor-section-height-default\" data-id=\"538ece7\" data-element_type=\"section\">\n\t\t\t\t\t\t<div class=\"elementor-container elementor-column-gap-default\">\n\t\t\t\t\t<div class=\"elementor-column elementor-col-100 elementor-top-column elementor-element elementor-element-c308594\" data-id=\"c308594\" data-element_type=\"column\">\n\t\t\t<div class=\"elementor-widget-wrap elementor-element-populated\">\n\t\t\t\t\t\t\t\t<div class=\"elementor-element elementor-element-af34a43 elementor-widget elementor-widget-html\" data-id=\"af34a43\" data-element_type=\"widget\" data-widget_type=\"html.default\">\n\t\t\t\t<div class=\"elementor-widget-container\">\n\t\t\t<style>\r\n       h2.projekte {\r\n        color: #0600000F;\r\n        font-family: \"Open Sans\", Sans-serif;\r\n        font-size: 100px;\r\n        font-weight: 900;\r\n        text-transform: uppercase;\r\n      }     \r\n      .portfolio h3{ color: #000000;\r\n        font-family: \"Open Sans\", Sans-serif;\r\n        font-size: 45px;\r\n        font-weight: 700;\r\n        text-transform: uppercase;\r\n        padding: 50px 0 10px;}\r\n      .portfolio h4{ color: #000000;\r\n        font-family: \"Open Sans\", Sans-serif;\r\n        font-size: 35px;\r\n        font-weight: 700;\r\n        text-transform: uppercase;\r\n        padding: 50px 0 10px;}          \r\n      .portfolio p {\r\n        color: #7a7a7a;\r\n        font-family: Roboto, sans-serif;\r\n        font-size: 15px;\r\n        font-weight: 300;\r\n        line-height: 2em;\r\n      }<\/style>\r\n\r\n<div><script type=\"text\/javascript\" src=\"https:\/\/cdn.jsdelivr.net\/npm\/jquery@3.3.1\/dist\/jquery.min.js\"><\/script><link href=\"https:\/\/cdn.jsdelivr.net\/npm\/nanogallery2@3\/dist\/css\/nanogallery2.min.css\" rel=\"stylesheet\" type=\"text\/css\"\/><script type=\"text\/javascript\" src=\"https:\/\/cdn.jsdelivr.net\/npm\/nanogallery2@3\/dist\/jquery.nanogallery2.min.js\"><\/script><h2 class=\"projekte\">PROJECTS<\/h2><div class=\"portfolio\"><h3>Logiline GmbH<\/h3><p><h5><\/h5>Als unabh\u00e4ngiger Dienstleister verf\u00fcgen wir \u00fcber keinerlei eigene Assets, um Transporte durchzuf\u00fchren \u2013 aber wir kennen die besten Wege daf\u00fcr. Durch diese Unabh\u00e4ngigkeit stehen wir als Partner an Ihrer Seite um die beste L\u00f6sung f\u00fcr Ihre logistischen Aufgaben zu finden.\r\n<p><h5><\/h5>Wir b\u00fcndeln die Schritte im logistischen Prozess von der Konfektionierung bis zur Lieferung, so dass Sie von der Beauftragung bis zur Rechnung nur einen, pers\u00f6nlichen, Ansprechpartner haben. Und nat\u00fcrlich k\u00f6nnen Sie Ihr Transportgut jederzeit online in unserem Kundenmodul verfolgen.<p><h5><\/h5>Wir von Logiline bieten Ihnen f\u00fcr Ihre aktuellen und k\u00fcnftigen Herausforderungen perfekte L\u00f6sungen \u2013 egal ob im Standard- oder Expressversand, bei Ihrem Aktionsversand oder im Procurement, oder, oder, oder\u2026\r\n<p><h5><\/h5>Testen Sie uns!<\/div><\/div>\t\t<\/div>\n\t\t\t\t<\/div>\n\t\t\t\t\t<\/div>\n\t\t<\/div>\n\t\t\t\t\t\t\t<\/div>\n\t\t<\/section>\n\t\t\t\t\t\t\t<\/div>","protected":false},"excerpt":{"rendered":"<p>\u00dcber den Aussteller Als unabh\u00e4ngiger Dienstleister verf\u00fcgen wir \u00fcber keinerlei eigene Assets, um Transporte durchzuf\u00fchren \u2013 aber wir kennen die besten Wege daf\u00fcr. Durch diese Unabh\u00e4ngigkeit stehen wir als Partner an Ihrer Seite um die beste L\u00f6sung f\u00fcr Ihre logistischen Aufgaben zu finden. Wir b\u00fcndeln die Schritte im logistischen Prozess von der Konfektionierung bis zur [&hellip;]<\/p>","protected":false},"author":1,"featured_media":6245,"parent":6508,"menu_order":0,"comment_status":"closed","ping_status":"closed","template":"","meta":[],"aioseo_notices":[],"_links":{"self":[{"href":"https:\/\/motion-x.net\/en\/wp-json\/wp\/v2\/pages\/6523"}],"collection":[{"href":"https:\/\/motion-x.net\/en\/wp-json\/wp\/v2\/pages"}],"about":[{"href":"https:\/\/motion-x.net\/en\/wp-json\/wp\/v2\/types\/page"}],"author":[{"embeddable":true,"href":"https:\/\/motion-x.net\/en\/wp-json\/wp\/v2\/users\/1"}],"replies":[{"embeddable":true,"href":"https:\/\/motion-x.net\/en\/wp-json\/wp\/v2\/comments?post=6523"}],"version-history":[{"count":4,"href":"https:\/\/motion-x.net\/en\/wp-json\/wp\/v2\/pages\/6523\/revisions"}],"predecessor-version":[{"id":7240,"href":"https:\/\/motion-x.net\/en\/wp-json\/wp\/v2\/pages\/6523\/revisions\/7240"}],"up":[{"embeddable":true,"href":"https:\/\/motion-x.net\/en\/wp-json\/wp\/v2\/pages\/6508"}],"wp:featuredmedia":[{"embeddable":true,"href":"https:\/\/motion-x.net\/en\/wp-json\/wp\/v2\/media\/6245"}],"wp:attachment":[{"href":"https:\/\/motion-x.net\/en\/wp-json\/wp\/v2\/media?parent=6523"}],"curies":[{"name":"wp","href":"https:\/\/api.w.org\/{rel}","templated":true}]}}