{"id":6521,"date":"2021-09-15T11:35:33","date_gmt":"2021-09-15T11:35:33","guid":{"rendered":"https:\/\/motion-x.net\/?page_id=6521"},"modified":"2021-10-18T13:23:02","modified_gmt":"2021-10-18T13:23:02","slug":"timocom-gmbh","status":"publish","type":"page","link":"https:\/\/motion-x.net\/en\/ausstellerinhalte-2-2\/timocom-gmbh\/","title":{"rendered":"TIMOCOM GmbH"},"content":{"rendered":"<div data-elementor-type=\"wp-page\" data-elementor-id=\"6521\" class=\"elementor elementor-6521\">\n\t\t\t\t\t\t\t\t\t<section class=\"elementor-section elementor-top-section elementor-element elementor-element-2f0297ef elementor-section-content-middle elementor-reverse-mobile elementor-section-boxed elementor-section-height-default elementor-section-height-default\" data-id=\"2f0297ef\" data-element_type=\"section\">\n\t\t\t\t\t\t<div class=\"elementor-container elementor-column-gap-no\">\n\t\t\t\t\t<div class=\"elementor-column elementor-col-50 elementor-top-column elementor-element elementor-element-30c74f97\" data-id=\"30c74f97\" data-element_type=\"column\">\n\t\t\t<div class=\"elementor-widget-wrap elementor-element-populated\">\n\t\t\t\t\t\t\t\t<div class=\"elementor-element elementor-element-317c7c75 elementor-widget elementor-widget-heading\" data-id=\"317c7c75\" data-element_type=\"widget\" data-widget_type=\"heading.default\">\n\t\t\t\t<div class=\"elementor-widget-container\">\n\t\t\t<h4 class=\"elementor-heading-title elementor-size-default\">\u00dcber den Aussteller<\/h4>\t\t<\/div>\n\t\t\t\t<\/div>\n\t\t\t\t<div class=\"elementor-element elementor-element-2c68219a elementor-widget elementor-widget-text-editor\" data-id=\"2c68219a\" data-element_type=\"widget\" data-widget_type=\"text-editor.default\">\n\t\t\t\t<div class=\"elementor-widget-container\">\n\t\t\t\t\t\t\tTIMOCOM GmbH ist ein familiengef\u00fchrtes, mittelst\u00e4ndisches FreightTech-Unternehmen mit mehr als 500 Mitarbeitern. Der IT- und Datenspezialist unterst\u00fctzt seine Kunden dabei, ihre logistischen Ziele zu erreichen. Als Wegbereiter und Wegbegleiter f\u00fcr die Vernetzung der europ\u00e4ischen Logistik bietet TIMOCOM das erste Smart Logistics System f\u00fcr Europa. \t\t\t\t\t\t<\/div>\n\t\t\t\t<\/div>\n\t\t\t\t<div class=\"elementor-element elementor-element-666fd9e9 elementor-widget elementor-widget-button\" data-id=\"666fd9e9\" data-element_type=\"widget\" data-widget_type=\"button.default\">\n\t\t\t\t<div class=\"elementor-widget-container\">\n\t\t\t\t\t<div class=\"elementor-button-wrapper\">\n\t\t\t<a href=\"https:\/\/www.timocom.de\/\" class=\"elementor-button-link elementor-button elementor-size-sm elementor-animation-grow\" role=\"button\">\n\t\t\t\t\t\t<span class=\"elementor-button-content-wrapper\">\n\t\t\t\t\t\t<span class=\"elementor-button-text\">Zur Website<\/span>\n\t\t<\/span>\n\t\t\t\t\t<\/a>\n\t\t<\/div>\n\t\t\t\t<\/div>\n\t\t\t\t<\/div>\n\t\t\t\t\t<\/div>\n\t\t<\/div>\n\t\t\t\t<div class=\"elementor-column elementor-col-50 elementor-top-column elementor-element elementor-element-76260c9a\" data-id=\"76260c9a\" data-element_type=\"column\">\n\t\t\t<div class=\"elementor-widget-wrap elementor-element-populated\">\n\t\t\t\t\t\t\t\t<div class=\"elementor-element elementor-element-6fe47e06 elementor-widget elementor-widget-image\" data-id=\"6fe47e06\" data-element_type=\"widget\" data-widget_type=\"image.default\">\n\t\t\t\t<div class=\"elementor-widget-container\">\n\t\t\t\t\t\t\t\t\t\t\t\t\t\t\t<img width=\"300\" height=\"87\" src=\"https:\/\/motion-x.net\/wp-content\/uploads\/2021\/09\/TIMOCOM_Unternehmen_RGB_Logo_Alle_blau_uid_613b7cfe85574-300x87.png\" class=\"attachment-medium size-medium\" alt=\"\" loading=\"lazy\" srcset=\"https:\/\/motion-x.net\/wp-content\/uploads\/2021\/09\/TIMOCOM_Unternehmen_RGB_Logo_Alle_blau_uid_613b7cfe85574-300x87.png 300w, https:\/\/motion-x.net\/wp-content\/uploads\/2021\/09\/TIMOCOM_Unternehmen_RGB_Logo_Alle_blau_uid_613b7cfe85574-1024x297.png 1024w, https:\/\/motion-x.net\/wp-content\/uploads\/2021\/09\/TIMOCOM_Unternehmen_RGB_Logo_Alle_blau_uid_613b7cfe85574-768x223.png 768w, https:\/\/motion-x.net\/wp-content\/uploads\/2021\/09\/TIMOCOM_Unternehmen_RGB_Logo_Alle_blau_uid_613b7cfe85574-1536x446.png 1536w, https:\/\/motion-x.net\/wp-content\/uploads\/2021\/09\/TIMOCOM_Unternehmen_RGB_Logo_Alle_blau_uid_613b7cfe85574-18x5.png 18w, https:\/\/motion-x.net\/wp-content\/uploads\/2021\/09\/TIMOCOM_Unternehmen_RGB_Logo_Alle_blau_uid_613b7cfe85574.png 1722w\" sizes=\"(max-width: 300px) 100vw, 300px\" \/>\t\t\t\t\t\t\t\t\t\t\t\t\t\t\t<\/div>\n\t\t\t\t<\/div>\n\t\t\t\t\t<\/div>\n\t\t<\/div>\n\t\t\t\t\t\t\t<\/div>\n\t\t<\/section>\n\t\t\t\t<section class=\"elementor-section elementor-top-section elementor-element elementor-element-27e1506 elementor-section-boxed elementor-section-height-default elementor-section-height-default\" data-id=\"27e1506\" data-element_type=\"section\">\n\t\t\t\t\t\t<div class=\"elementor-container elementor-column-gap-default\">\n\t\t\t\t\t<div class=\"elementor-column elementor-col-100 elementor-top-column elementor-element elementor-element-57d4a28\" data-id=\"57d4a28\" data-element_type=\"column\">\n\t\t\t<div class=\"elementor-widget-wrap elementor-element-populated\">\n\t\t\t\t\t\t\t\t<div class=\"elementor-element elementor-element-4ceee55 elementor-widget elementor-widget-html\" data-id=\"4ceee55\" data-element_type=\"widget\" data-widget_type=\"html.default\">\n\t\t\t\t<div class=\"elementor-widget-container\">\n\t\t\t<style>\r\n       h2.projekte {\r\n        color: #0600000F;\r\n        font-family: \"Open Sans\", Sans-serif;\r\n        font-size: 100px;\r\n        font-weight: 900;\r\n        text-transform: uppercase;\r\n      }     \r\n      .portfolio h3{ color: #000000;\r\n        font-family: \"Open Sans\", Sans-serif;\r\n        font-size: 45px;\r\n        font-weight: 700;\r\n        text-transform: uppercase;\r\n        padding: 50px 0 10px;}\r\n      .portfolio h4{ color: #000000;\r\n        font-family: \"Open Sans\", Sans-serif;\r\n        font-size: 35px;\r\n        font-weight: 700;\r\n        text-transform: uppercase;\r\n        padding: 50px 0 10px;}          \r\n      .portfolio p {\r\n        color: #7a7a7a;\r\n        font-family: Roboto, sans-serif;\r\n        font-size: 15px;\r\n        font-weight: 300;\r\n        line-height: 2em;\r\n      }<\/style><div><script type=\"text\/javascript\" src=\"https:\/\/cdn.jsdelivr.net\/npm\/jquery@3.3.1\/dist\/jquery.min.js\"><\/script><link href=\"https:\/\/cdn.jsdelivr.net\/npm\/nanogallery2@3\/dist\/css\/nanogallery2.min.css\" rel=\"stylesheet\" type=\"text\/css\"\/><script type=\"text\/javascript\" src=\"https:\/\/cdn.jsdelivr.net\/npm\/nanogallery2@3\/dist\/jquery.nanogallery2.min.js\"><\/script><h2 class=\"projekte\">PROJECTS<\/h2><div class=\"portfolio\"><h3>TIMOCOM GmbH<\/h3><p><h5><\/h5>Die TIMOCOM GmbH ist ein familiengef\u00fchrtes, mittelst\u00e4ndisches FreightTech-Unternehmen aus Deutschland mit mehr als 500 Mitarbeitern aus \u00fcber 30 Nationen und Standorten in Polen, Tschechien und Ungarn. Der IT- und Datenspezialist unterst\u00fctzt seine Kunden mit smarten, sicheren und einfachen Anwendungen sowie Services dabei, ihre logistischen Ziele zu erreichen. Als Wegbereiter und Wegbegleiter f\u00fcr die Vernetzung der europ\u00e4ischen Logistik bietet TIMOCOM das erste Smart Logistics System f\u00fcr Europa. <p><h5><\/h5>\u00dcber das System von TIMOCOM vernetzen sich mehr als 45.000 gepr\u00fcfte Kunden aus Transport &amp; Logistik sowie Produktion &amp; Handel. In diesem neutralen Netzwerk werden Transaktionen direkt zwischen den Vertragspartnern abgeschlossen, rechtsverbindliche Transportauftr\u00e4ge digital \u00fcber das System verschickt und GPS-Daten zur LKW-Nachverfolgung freigegeben. \r\n<p><h5><\/h5>\u00dcber die Systemanwendungen stellen \u00fcber 135.000 Nutzer t\u00e4glich bis zu 800.000 internationale Laderaum- und Frachtangebote ein, sind 175.000 LKW trackbar, Routen geplant und Transportkosten kalkuliert. Die standardisierten Schnittstellen Frachtenb\u00f6rse, Transportauftr\u00e4ge und Tracking erm\u00f6glichen eine Integration in bereits vorhandene Transportmanagement- und ERP-Systeme. Sie helfen, bestehende Prozesse weiterzuentwickeln und zu optimieren. So f\u00fchrt TIMOCOM seine Kunden in die digitalisierte Zukunft der Logistik.<\/div><div class=\"portfolio\"><h3>Smart Logistics System<\/h3><img src=\"https:\/\/hybrid-x-cms-assets.s3.eu-central-1.amazonaws.com\/2021\/09\/10\/TIMOCOM_Smart-Logistics-System_uid_613b7d3280e7f.jpg\" alt=\"Smart Logistics System\"\/><p><h5><\/h5>Das Smart Logistics System von TIMOCOM vereint digitale Anwendungen und Services f\u00fcr einen schnellen, einfachen und \u00fcbersichtlichen Transportprozess. Sie steuern und verwalten s\u00e4mtliche Schritte eines Transportablaufs mit unseren digitalen Anwendungen und haben alle Funktionen nutzerfreundlich im Blick.<p><h5><\/h5>Von der Anbahnung, \u00fcber die Beauftragung hin zur Durchf\u00fchrung des Transports k\u00f6nnen Sie alles digital im Smart Logistics System erledigen. Sie brauchen keine Faxe, keine Excel-Tabellen oder unterschiedliche Systeme, um Ihren Job zu erledigen. Bearbeiten Sie alles zentral in einem einzigen System.<p><h5><\/h5>Finden Sie Fracht- und Laderaumangebote oder neue Lagerfl\u00e4chen. Bieten Sie auf Ausschreibungen oder wickeln Sie den gesamten Transportauftrag im System ab. Engagieren Sie neue Dienstleister f\u00fcr Ihre Transporte. Oder bewerben Sie sich selbst als Dienstleister mit Ihrem Unternehmensprofil. Wenn Sie zudem unsere Schnittstellen-Technologie an Ihr TMS anschlie\u00dfen, sparen Sie noch mehr Zeit und Kosten, da viele weitere Arbeitsschritte automatisiert werden. <h4>Galerie<\/h4><div data-nanogallery2=\"{        &quot;itemsBaseURL&quot;: &quot;http:\/\/nanogallery2.nanostudio.org\/samples\/&quot;,        &quot;thumbnailWidth&quot;: &quot;200&quot;,        &quot;thumbnailBorderVertical&quot;: 0,        &quot;thumbnailBorderHorizontal&quot;: 0,        &quot;thumbnailLabel&quot;: {          &quot;position&quot;: &quot;overImageOnBottom&quot;        },        &quot;thumbnailAlignment&quot;: &quot;center&quot;,        &quot;thumbnailOpenImage&quot;: true      }\"><a href=\"https:\/\/hybrid-x-cms-assets.s3.eu-central-1.amazonaws.com\/2021\/09\/10\/TIMOCOM_Transportbarometer_uid_613b7e6333eb1.jpg\" data-ngthumb=\"https:\/\/hybrid-x-cms-assets.s3.eu-central-1.amazonaws.com\/2021\/09\/10\/TIMOCOM_Transportbarometer_uid_613b7e6333eb1.jpg\"><\/a><\/div><\/div><\/div>\t\t<\/div>\n\t\t\t\t<\/div>\n\t\t\t\t\t<\/div>\n\t\t<\/div>\n\t\t\t\t\t\t\t<\/div>\n\t\t<\/section>\n\t\t\t\t\t\t\t<\/div>","protected":false},"excerpt":{"rendered":"<p>\u00dcber den Aussteller TIMOCOM GmbH ist ein familiengef\u00fchrtes, mittelst\u00e4ndisches FreightTech-Unternehmen mit mehr als 500 Mitarbeitern. Der IT- und Datenspezialist unterst\u00fctzt seine Kunden dabei, ihre logistischen Ziele zu erreichen. Als Wegbereiter und Wegbegleiter f\u00fcr die Vernetzung der europ\u00e4ischen Logistik bietet TIMOCOM das erste Smart Logistics System f\u00fcr Europa. Zur Website Projekte TIMOCOM GmbH Die TIMOCOM GmbH [&hellip;]<\/p>","protected":false},"author":1,"featured_media":6251,"parent":6508,"menu_order":0,"comment_status":"closed","ping_status":"closed","template":"","meta":[],"aioseo_notices":[],"_links":{"self":[{"href":"https:\/\/motion-x.net\/en\/wp-json\/wp\/v2\/pages\/6521"}],"collection":[{"href":"https:\/\/motion-x.net\/en\/wp-json\/wp\/v2\/pages"}],"about":[{"href":"https:\/\/motion-x.net\/en\/wp-json\/wp\/v2\/types\/page"}],"author":[{"embeddable":true,"href":"https:\/\/motion-x.net\/en\/wp-json\/wp\/v2\/users\/1"}],"replies":[{"embeddable":true,"href":"https:\/\/motion-x.net\/en\/wp-json\/wp\/v2\/comments?post=6521"}],"version-history":[{"count":3,"href":"https:\/\/motion-x.net\/en\/wp-json\/wp\/v2\/pages\/6521\/revisions"}],"predecessor-version":[{"id":6691,"href":"https:\/\/motion-x.net\/en\/wp-json\/wp\/v2\/pages\/6521\/revisions\/6691"}],"up":[{"embeddable":true,"href":"https:\/\/motion-x.net\/en\/wp-json\/wp\/v2\/pages\/6508"}],"wp:featuredmedia":[{"embeddable":true,"href":"https:\/\/motion-x.net\/en\/wp-json\/wp\/v2\/media\/6251"}],"wp:attachment":[{"href":"https:\/\/motion-x.net\/en\/wp-json\/wp\/v2\/media?parent=6521"}],"curies":[{"name":"wp","href":"https:\/\/api.w.org\/{rel}","templated":true}]}}