{"id":6520,"date":"2021-09-15T11:36:15","date_gmt":"2021-09-15T11:36:15","guid":{"rendered":"https:\/\/motion-x.net\/?page_id=6520"},"modified":"2021-10-21T08:41:49","modified_gmt":"2021-10-21T08:41:49","slug":"exasol-ag","status":"publish","type":"page","link":"https:\/\/motion-x.net\/en\/ausstellerinhalte-2-2\/exasol-ag\/","title":{"rendered":"EXASOL AG"},"content":{"rendered":"<div data-elementor-type=\"wp-page\" data-elementor-id=\"6520\" class=\"elementor elementor-6520\">\n\t\t\t\t\t\t\t\t\t<section class=\"elementor-section elementor-top-section elementor-element elementor-element-5fa626b1 elementor-section-content-middle elementor-reverse-mobile elementor-section-boxed elementor-section-height-default elementor-section-height-default\" data-id=\"5fa626b1\" data-element_type=\"section\">\n\t\t\t\t\t\t<div class=\"elementor-container elementor-column-gap-no\">\n\t\t\t\t\t<div class=\"elementor-column elementor-col-50 elementor-top-column elementor-element elementor-element-6adf4bd2\" data-id=\"6adf4bd2\" data-element_type=\"column\">\n\t\t\t<div class=\"elementor-widget-wrap elementor-element-populated\">\n\t\t\t\t\t\t\t\t<div class=\"elementor-element elementor-element-33112b2c elementor-widget elementor-widget-heading\" data-id=\"33112b2c\" data-element_type=\"widget\" data-widget_type=\"heading.default\">\n\t\t\t\t<div class=\"elementor-widget-container\">\n\t\t\t<h4 class=\"elementor-heading-title elementor-size-default\">\u00dcber den Aussteller<\/h4>\t\t<\/div>\n\t\t\t\t<\/div>\n\t\t\t\t<div class=\"elementor-element elementor-element-2d174814 elementor-widget elementor-widget-text-editor\" data-id=\"2d174814\" data-element_type=\"widget\" data-widget_type=\"text-editor.default\">\n\t\t\t\t<div class=\"elementor-widget-container\">\n\t\t\t\t\t\t\tNeue Wege der Datennutzung &#8211; Wir haben die weltweit schnellste Datenbank f\u00fcr Analytics und Data Warehousing entwickelt und m\u00f6chten Ihnen helfen, Ihre stetig wachsenden Datenberge zu nutzen, damit Sie Mehrwert aus ihnen ziehen und Ihre Vision verwirklichen k\u00f6nnen.\t\t\t\t\t\t<\/div>\n\t\t\t\t<\/div>\n\t\t\t\t<div class=\"elementor-element elementor-element-af5e173 elementor-widget elementor-widget-button\" data-id=\"af5e173\" data-element_type=\"widget\" data-widget_type=\"button.default\">\n\t\t\t\t<div class=\"elementor-widget-container\">\n\t\t\t\t\t<div class=\"elementor-button-wrapper\">\n\t\t\t<a href=\"https:\/\/www.exasol.com\/de\/\" class=\"elementor-button-link elementor-button elementor-size-sm elementor-animation-grow\" role=\"button\">\n\t\t\t\t\t\t<span class=\"elementor-button-content-wrapper\">\n\t\t\t\t\t\t<span class=\"elementor-button-text\">Zur Website<\/span>\n\t\t<\/span>\n\t\t\t\t\t<\/a>\n\t\t<\/div>\n\t\t\t\t<\/div>\n\t\t\t\t<\/div>\n\t\t\t\t\t<\/div>\n\t\t<\/div>\n\t\t\t\t<div class=\"elementor-column elementor-col-50 elementor-top-column elementor-element elementor-element-681b0f1d\" data-id=\"681b0f1d\" data-element_type=\"column\">\n\t\t\t<div class=\"elementor-widget-wrap elementor-element-populated\">\n\t\t\t\t\t\t\t\t<div class=\"elementor-element elementor-element-2a45a81e elementor-widget elementor-widget-image\" data-id=\"2a45a81e\" data-element_type=\"widget\" data-widget_type=\"image.default\">\n\t\t\t\t<div class=\"elementor-widget-container\">\n\t\t\t\t\t\t\t\t\t\t\t\t\t\t\t<img width=\"300\" height=\"75\" src=\"https:\/\/motion-x.net\/wp-content\/uploads\/2021\/09\/Exasol_clean_navy_uid_613b736b9f142-300x75.png\" class=\"attachment-medium size-medium\" alt=\"\" loading=\"lazy\" srcset=\"https:\/\/motion-x.net\/wp-content\/uploads\/2021\/09\/Exasol_clean_navy_uid_613b736b9f142-300x75.png 300w, https:\/\/motion-x.net\/wp-content\/uploads\/2021\/09\/Exasol_clean_navy_uid_613b736b9f142-1024x256.png 1024w, https:\/\/motion-x.net\/wp-content\/uploads\/2021\/09\/Exasol_clean_navy_uid_613b736b9f142-768x192.png 768w, https:\/\/motion-x.net\/wp-content\/uploads\/2021\/09\/Exasol_clean_navy_uid_613b736b9f142-1536x384.png 1536w, https:\/\/motion-x.net\/wp-content\/uploads\/2021\/09\/Exasol_clean_navy_uid_613b736b9f142-2048x512.png 2048w, https:\/\/motion-x.net\/wp-content\/uploads\/2021\/09\/Exasol_clean_navy_uid_613b736b9f142-18x5.png 18w\" sizes=\"(max-width: 300px) 100vw, 300px\" \/>\t\t\t\t\t\t\t\t\t\t\t\t\t\t\t<\/div>\n\t\t\t\t<\/div>\n\t\t\t\t\t<\/div>\n\t\t<\/div>\n\t\t\t\t\t\t\t<\/div>\n\t\t<\/section>\n\t\t\t\t<section class=\"elementor-section elementor-top-section elementor-element elementor-element-caaa787 elementor-section-boxed elementor-section-height-default elementor-section-height-default\" data-id=\"caaa787\" data-element_type=\"section\">\n\t\t\t\t\t\t<div class=\"elementor-container elementor-column-gap-default\">\n\t\t\t\t\t<div class=\"elementor-column elementor-col-100 elementor-top-column elementor-element elementor-element-1cdeee5\" data-id=\"1cdeee5\" data-element_type=\"column\">\n\t\t\t<div class=\"elementor-widget-wrap elementor-element-populated\">\n\t\t\t\t\t\t\t\t<div class=\"elementor-element elementor-element-34fdf5e elementor-widget elementor-widget-html\" data-id=\"34fdf5e\" data-element_type=\"widget\" data-widget_type=\"html.default\">\n\t\t\t\t<div class=\"elementor-widget-container\">\n\t\t\t<style>\r\n       h2.projekte {\r\n        color: #0600000F;\r\n        font-family: \"Open Sans\", Sans-serif;\r\n        font-size: 100px;\r\n        font-weight: 900;\r\n        text-transform: uppercase;\r\n      }     \r\n      .portfolio h3{ color: #000000;\r\n        font-family: \"Open Sans\", Sans-serif;\r\n        font-size: 45px;\r\n        font-weight: 700;\r\n        text-transform: uppercase;\r\n        padding: 50px 0 10px;}\r\n      .portfolio h4{ color: #000000;\r\n        font-family: \"Open Sans\", Sans-serif;\r\n        font-size: 35px;\r\n        font-weight: 700;\r\n        text-transform: uppercase;\r\n        padding: 50px 0 10px;}          \r\n      .portfolio p {\r\n        color: #7a7a7a;\r\n        font-family: Roboto, sans-serif;\r\n        font-size: 15px;\r\n        font-weight: 300;\r\n        line-height: 2em;\r\n      }<\/style>\r\n<div><script type=\"text\/javascript\" src=\"https:\/\/cdn.jsdelivr.net\/npm\/jquery@3.3.1\/dist\/jquery.min.js\"><\/script><link href=\"https:\/\/cdn.jsdelivr.net\/npm\/nanogallery2@3\/dist\/css\/nanogallery2.min.css\" rel=\"stylesheet\" type=\"text\/css\"\/><script type=\"text\/javascript\" src=\"https:\/\/cdn.jsdelivr.net\/npm\/nanogallery2@3\/dist\/jquery.nanogallery2.min.js\"><\/script><h2 class=\"projekte\">PROJECTS<\/h2><div class=\"portfolio\"><h3>EXASOL<\/h3><img src=\"https:\/\/hybrid-x-cms-assets.s3.eu-central-1.amazonaws.com\/2021\/09\/15\/5938_tdwi-muenchen_810x120px_banner2_V1_uid_6141ae6d4d35b.jpg\" alt=\"EXASOL\"\/><h3>Neue Wege der Datennutzung<\/h3><h3><\/h3><h4>Video<\/h4><video playsinline=\"\" controls=\"\" preload=\"meta\" src=\"https:\/\/hybrid-x-cms-assets.s3.eu-central-1.amazonaws.com\/2021\/09\/14\/v0.3_Exasol_90-Seconds-GERMAN-subtitles_uid_61404e9e32a76.mp4\"><\/video><p><h5><\/h5>Wir haben die weltweit schnellste Datenbank f\u00fcr Analytics und Data Warehousing entwickelt und m\u00f6chten Ihnen helfen, Ihre stetig wachsenden Datenberge zu nutzen, damit Sie Mehrwert aus ihnen ziehen und Ihre Vision verwirklichen k\u00f6nnen.<p><h5><\/h5>Das Aush\u00e4ngeschild der Exasol AG ist das gleichnamige Produkt Exasol \u2013 eine hochleistungsf\u00e4hige, In-Memory MPP Datenbank, die von Grund auf neu und speziell f\u00fcr Analysezwecke entwickelt wurde. Die L\u00f6sung l\u00e4uft auf kosteng\u00fcnstigen x86 Prozessoren. Das tuningfreie System ist schnell einsetzbar und spart erhebliche Kosten im operativen Betrieb. Es bietet umfassende L\u00f6sungsszenarien f\u00fcr Business Intelligence, Customer Insight und Data Warehousing bis hin zu komplexen Predictive Analytics in Echtzeit. Anwender profitieren vor allem bei komplexen und anspruchsvollen Analysen sowie bei gro\u00dfen Datenmengen (Big Data) von den Vorz\u00fcgen von Exasol.<h4>Galerie<\/h4><div data-nanogallery2=\"{        &quot;itemsBaseURL&quot;: &quot;http:\/\/nanogallery2.nanostudio.org\/samples\/&quot;,        &quot;thumbnailWidth&quot;: &quot;200&quot;,        &quot;thumbnailBorderVertical&quot;: 0,        &quot;thumbnailBorderHorizontal&quot;: 0,        &quot;thumbnailLabel&quot;: {          &quot;position&quot;: &quot;overImageOnBottom&quot;        },        &quot;thumbnailAlignment&quot;: &quot;center&quot;,        &quot;thumbnailOpenImage&quot;: true      }\"><a href=\"https:\/\/hybrid-x-cms-assets.s3.eu-central-1.amazonaws.com\/2021\/09\/15\/5906_CDAO-Summit_920x800_uid_6141ae6cea098.jpg\" data-ngthumb=\"https:\/\/hybrid-x-cms-assets.s3.eu-central-1.amazonaws.com\/2021\/09\/15\/5906_CDAO-Summit_920x800_uid_6141ae6cea098.jpg\"><\/a><a href=\"https:\/\/hybrid-x-cms-assets.s3.eu-central-1.amazonaws.com\/2021\/09\/15\/5997_Hintergrund-Bild-fr-Hypermotion-LinkedIn-Banner_1920x1080_5-1_uid_61418d1544f8e.jpg\"><\/a><\/div><\/div><\/div>\t\t<\/div>\n\t\t\t\t<\/div>\n\t\t\t\t\t<\/div>\n\t\t<\/div>\n\t\t\t\t\t\t\t<\/div>\n\t\t<\/section>\n\t\t\t\t\t\t\t<\/div>","protected":false},"excerpt":{"rendered":"<p>\u00dcber den Aussteller Neue Wege der Datennutzung &#8211; Wir haben die weltweit schnellste Datenbank f\u00fcr Analytics und Data Warehousing entwickelt und m\u00f6chten Ihnen helfen, Ihre stetig wachsenden Datenberge zu nutzen, damit Sie Mehrwert aus ihnen ziehen und Ihre Vision verwirklichen k\u00f6nnen. Zur Website Projekte EXASOL Neue Wege der Datennutzung Video Wir haben die weltweit schnellste [&hellip;]<\/p>","protected":false},"author":1,"featured_media":6231,"parent":6508,"menu_order":0,"comment_status":"closed","ping_status":"closed","template":"","meta":[],"aioseo_notices":[],"_links":{"self":[{"href":"https:\/\/motion-x.net\/en\/wp-json\/wp\/v2\/pages\/6520"}],"collection":[{"href":"https:\/\/motion-x.net\/en\/wp-json\/wp\/v2\/pages"}],"about":[{"href":"https:\/\/motion-x.net\/en\/wp-json\/wp\/v2\/types\/page"}],"author":[{"embeddable":true,"href":"https:\/\/motion-x.net\/en\/wp-json\/wp\/v2\/users\/1"}],"replies":[{"embeddable":true,"href":"https:\/\/motion-x.net\/en\/wp-json\/wp\/v2\/comments?post=6520"}],"version-history":[{"count":4,"href":"https:\/\/motion-x.net\/en\/wp-json\/wp\/v2\/pages\/6520\/revisions"}],"predecessor-version":[{"id":7231,"href":"https:\/\/motion-x.net\/en\/wp-json\/wp\/v2\/pages\/6520\/revisions\/7231"}],"up":[{"embeddable":true,"href":"https:\/\/motion-x.net\/en\/wp-json\/wp\/v2\/pages\/6508"}],"wp:featuredmedia":[{"embeddable":true,"href":"https:\/\/motion-x.net\/en\/wp-json\/wp\/v2\/media\/6231"}],"wp:attachment":[{"href":"https:\/\/motion-x.net\/en\/wp-json\/wp\/v2\/media?parent=6520"}],"curies":[{"name":"wp","href":"https:\/\/api.w.org\/{rel}","templated":true}]}}