{"id":6518,"date":"2021-09-15T11:36:41","date_gmt":"2021-09-15T11:36:41","guid":{"rendered":"https:\/\/motion-x.net\/?page_id=6518"},"modified":"2021-10-18T13:21:21","modified_gmt":"2021-10-18T13:21:21","slug":"volaer-io-gmbh","status":"publish","type":"page","link":"https:\/\/motion-x.net\/en\/ausstellerinhalte-2-2\/volaer-io-gmbh\/","title":{"rendered":"Volaer.io GmbH"},"content":{"rendered":"<div data-elementor-type=\"wp-page\" data-elementor-id=\"6518\" class=\"elementor elementor-6518\">\n\t\t\t\t\t\t\t\t\t<section class=\"elementor-section elementor-top-section elementor-element elementor-element-6aa42569 elementor-section-content-middle elementor-reverse-mobile elementor-section-boxed elementor-section-height-default elementor-section-height-default\" data-id=\"6aa42569\" data-element_type=\"section\">\n\t\t\t\t\t\t<div class=\"elementor-container elementor-column-gap-no\">\n\t\t\t\t\t<div class=\"elementor-column elementor-col-50 elementor-top-column elementor-element elementor-element-53203a98\" data-id=\"53203a98\" data-element_type=\"column\">\n\t\t\t<div class=\"elementor-widget-wrap elementor-element-populated\">\n\t\t\t\t\t\t\t\t<div class=\"elementor-element elementor-element-15f033b3 elementor-widget elementor-widget-heading\" data-id=\"15f033b3\" data-element_type=\"widget\" data-widget_type=\"heading.default\">\n\t\t\t\t<div class=\"elementor-widget-container\">\n\t\t\t<h4 class=\"elementor-heading-title elementor-size-default\">\u00dcber den Aussteller<\/h4>\t\t<\/div>\n\t\t\t\t<\/div>\n\t\t\t\t<div class=\"elementor-element elementor-element-20f57240 elementor-widget elementor-widget-text-editor\" data-id=\"20f57240\" data-element_type=\"widget\" data-widget_type=\"text-editor.default\">\n\t\t\t\t<div class=\"elementor-widget-container\">\n\t\t\t\t\t\t\tvolaer.io betreibt eine digitale Buchungs- und Managementplattform f\u00fcr Drohnen und bietet zusammen mit Partnern in Metropolregionen seinen Kunden ein lokal verf\u00fcgbares gro\u00dfes Netzwerk von Drohnen an. Diese k\u00f6nnen dann zur fallweisen Nutzung f\u00fcr individuelle Drohnenmissionen gebucht werden. \t\t\t\t\t\t<\/div>\n\t\t\t\t<\/div>\n\t\t\t\t<div class=\"elementor-element elementor-element-254f5c19 elementor-widget elementor-widget-button\" data-id=\"254f5c19\" data-element_type=\"widget\" data-widget_type=\"button.default\">\n\t\t\t\t<div class=\"elementor-widget-container\">\n\t\t\t\t\t<div class=\"elementor-button-wrapper\">\n\t\t\t<a href=\"https:\/\/volaer.io\/\" class=\"elementor-button-link elementor-button elementor-size-sm elementor-animation-grow\" role=\"button\">\n\t\t\t\t\t\t<span class=\"elementor-button-content-wrapper\">\n\t\t\t\t\t\t<span class=\"elementor-button-text\">Zur Website<\/span>\n\t\t<\/span>\n\t\t\t\t\t<\/a>\n\t\t<\/div>\n\t\t\t\t<\/div>\n\t\t\t\t<\/div>\n\t\t\t\t\t<\/div>\n\t\t<\/div>\n\t\t\t\t<div class=\"elementor-column elementor-col-50 elementor-top-column elementor-element elementor-element-67b96e00\" data-id=\"67b96e00\" data-element_type=\"column\">\n\t\t\t<div class=\"elementor-widget-wrap elementor-element-populated\">\n\t\t\t\t\t\t\t\t<div class=\"elementor-element elementor-element-112829f8 elementor-widget elementor-widget-image\" data-id=\"112829f8\" data-element_type=\"widget\" data-widget_type=\"image.default\">\n\t\t\t\t<div class=\"elementor-widget-container\">\n\t\t\t\t\t\t\t\t\t\t\t\t\t\t\t<img width=\"300\" height=\"106\" src=\"https:\/\/motion-x.net\/wp-content\/uploads\/2021\/09\/volaerio_uid_61405250a6d50-300x106.png\" class=\"attachment-medium size-medium\" alt=\"\" loading=\"lazy\" srcset=\"https:\/\/motion-x.net\/wp-content\/uploads\/2021\/09\/volaerio_uid_61405250a6d50-300x106.png 300w, https:\/\/motion-x.net\/wp-content\/uploads\/2021\/09\/volaerio_uid_61405250a6d50-18x6.png 18w, https:\/\/motion-x.net\/wp-content\/uploads\/2021\/09\/volaerio_uid_61405250a6d50.png 496w\" sizes=\"(max-width: 300px) 100vw, 300px\" \/>\t\t\t\t\t\t\t\t\t\t\t\t\t\t\t<\/div>\n\t\t\t\t<\/div>\n\t\t\t\t\t<\/div>\n\t\t<\/div>\n\t\t\t\t\t\t\t<\/div>\n\t\t<\/section>\n\t\t\t\t<section class=\"elementor-section elementor-top-section elementor-element elementor-element-26e6808 elementor-section-boxed elementor-section-height-default elementor-section-height-default\" data-id=\"26e6808\" data-element_type=\"section\">\n\t\t\t\t\t\t<div class=\"elementor-container elementor-column-gap-default\">\n\t\t\t\t\t<div class=\"elementor-column elementor-col-100 elementor-top-column elementor-element elementor-element-492cea5\" data-id=\"492cea5\" data-element_type=\"column\">\n\t\t\t<div class=\"elementor-widget-wrap elementor-element-populated\">\n\t\t\t\t\t\t\t\t<div class=\"elementor-element elementor-element-b2100cb elementor-widget elementor-widget-html\" data-id=\"b2100cb\" data-element_type=\"widget\" data-widget_type=\"html.default\">\n\t\t\t\t<div class=\"elementor-widget-container\">\n\t\t\t<style>\r\n       h2.projekte {\r\n        color: #0600000F;\r\n        font-family: \"Open Sans\", Sans-serif;\r\n        font-size: 100px;\r\n        font-weight: 900;\r\n        text-transform: uppercase;\r\n      }     \r\n      .portfolio h3{ color: #000000;\r\n        font-family: \"Open Sans\", Sans-serif;\r\n        font-size: 45px;\r\n        font-weight: 700;\r\n        text-transform: uppercase;\r\n        padding: 50px 0 10px;}\r\n      .portfolio h4{ color: #000000;\r\n        font-family: \"Open Sans\", Sans-serif;\r\n        font-size: 35px;\r\n        font-weight: 700;\r\n        text-transform: uppercase;\r\n        padding: 50px 0 10px;}          \r\n      .portfolio p {\r\n        color: #7a7a7a;\r\n        font-family: Roboto, sans-serif;\r\n        font-size: 15px;\r\n        font-weight: 300;\r\n        line-height: 2em;\r\n      }<\/style><div><script type=\"text\/javascript\" src=\"https:\/\/cdn.jsdelivr.net\/npm\/jquery@3.3.1\/dist\/jquery.min.js\"><\/script><link href=\"https:\/\/cdn.jsdelivr.net\/npm\/nanogallery2@3\/dist\/css\/nanogallery2.min.css\" rel=\"stylesheet\" type=\"text\/css\"\/><script type=\"text\/javascript\" src=\"https:\/\/cdn.jsdelivr.net\/npm\/nanogallery2@3\/dist\/jquery.nanogallery2.min.js\"><\/script><h2 class=\"projekte\">PROJECTS<\/h2><div class=\"portfolio\"><h3>volaer.io \u2013 Plattform<\/h3><img src=\"https:\/\/hybrid-x-cms-assets.s3.eu-central-1.amazonaws.com\/2021\/09\/10\/Unbenannt_uid_613b644568cb9.PNG\" alt=\"volaer.io \u2013 Plattform\"\/><p><h4>Video<\/h4><video playsinline=\"\" controls=\"\" preload=\"meta\" src=\"https:\/\/hybrid-x-cms-assets.s3.eu-central-1.amazonaws.com\/2021\/09\/15\/volaerio-about_uid_6141c84f5e222.mp4\"><\/video><h5><\/h5>Drohnen f\u00fcr den professionellen Einsatz - \u00dcber die volaer.io \u2013 Plattform k\u00f6nnen registrierte Nutzer ihre Drohnen-Missionen online und zur fallweisen Nutzung  f\u00fcr individuelle Drohnenmissionen bestellen, planen, durchf\u00fchren.\r\n\r\n<p><h5><\/h5>Die in den Missionen erfassten Datens\u00e4tze erhalten die Kunden \u00fcber die Plattform zur\u00fcck.\r\nvolaer.io organisiert und koordiniert im Hintergrund den formalen Flugfreigabeprozess und die passende Zuordnung zertifizierter Drohnen aus dem eingebundenen Drohnen-Partner-Portfolio.<p><h5><\/h5>Au\u00dferdem \u00fcberwacht volaer.io die ordnungsgem\u00e4\u00dfe Durchf\u00fchrung der bestellten Missionen und die korrekte \u00dcbermittlung der bestellten Missions-Daten an den Auftraggeber.<p><h5><\/h5>Kunden der volaer.io brauchen sich nicht in die anspruchsvolle Thematik professioneller Drohnennutzung einzuarbeiten, sondern k\u00f6nnen sich mit den an sie \u00fcbertragenen Ergebnissen auf ihre eigenen T\u00e4tigkeiten und Ziele fokussieren.\r\n\r\nUnterst\u00fctzte Einsatzfelder sind u.a. die Erkundung und Einsch\u00e4tzung der Lage aus der Luft f\u00fcr Rettungsdienste, die \u00dcberwachung von industriellen Gel\u00e4ndegrenzen, die Instandhaltung und Inspektion von Infrastrukturanlagen und die Erfassung von Agrar- und Forstfl\u00e4chen.<\/div><div class=\"portfolio\"><h3>Drohnen zur Lagebeurteilung f\u00fcr Rettungskr\u00e4fte <\/h3><img src=\"https:\/\/hybrid-x-cms-assets.s3.eu-central-1.amazonaws.com\/2021\/09\/15\/volaer.io-Lagebeurteilung_uid_6141ca0e367fb.PNG\" alt=\"Drohnen zur Lagebeurteilung f\u00fcr Rettungskr\u00e4fte \"\/><p><h5><\/h5>Situationsanalyse und -bewertung - Einsatzleiter brauchen m\u00f6glichst fr\u00fchzeitig einen vollst\u00e4ndigen \u00dcberblick der Lage am Einsatzort. Die genaue Gr\u00f6\u00dfe, Ausdehnung, Art des Vorfalls sowie die \u00f6rtlichen Gegebenheiten sind wichtige Informationen, um schnell die passenden Ma\u00dfnahmen einleiten zu k\u00f6nnen. Hierbei entscheiden Minuten und sogar Sekunden \u00fcber Menschenleben.\r\nDer Einsatz von Drohnen verschafft einen wertvollen zeitlichen Vorteil, da sie bereits binnen 90 Sekunden in der Luft sein k\u00f6nnen und somit vor mir am Einsatzort eintreffen. Sie k\u00f6nnen Livebilder in das Einsatzfahrzeug und in die Leitstelle liefern, so dass fr\u00fchzeitig z.B. weitere oder andere Spezialkr\u00e4fte angefordert werden k\u00f6nnen.<p><h5><\/h5>volaer.io bietet die M\u00f6glichkeit, aus dem vorhandenen dezentralen Netzwerk eine Drohne genau dann und dort anzufordern, wo sie f\u00fcr einen Einsatz gebraucht wird. Der Einsatzleiter wei\u00df vorher nicht, wo es brennt. Durch die von volaer.io zugesicherte Qualit\u00e4tskontrolle sind die Systeme jederzeit einsatzbereit. Die Feuerwehr oder Rettungsdienste brauchen keine eigenen Drohnen und m\u00fcssen sich nicht um die Wartung und Pflege k\u00fcmmern.<\/div><div class=\"portfolio\"><h3>Drohnenfl\u00fcge zur \u00dcberwachung von industriellen Gel\u00e4ndegrenzen<\/h3><img src=\"https:\/\/hybrid-x-cms-assets.s3.eu-central-1.amazonaws.com\/2021\/09\/15\/volaer.io-berwachung_uid_6141ca9856ed0.PNG\" alt=\"Drohnenfl\u00fcge zur \u00dcberwachung von industriellen Gel\u00e4ndegrenzen\"\/><p><h5><\/h5>Mit Drohnen haben Sie immer alles im Blick - Sicherstellung der Werks- und Gel\u00e4ndesicherheit. Mit Drohen steigern Sie die Qualit\u00e4t der Gel\u00e4ndeabsicherung, erhalten eine schnelle \u00dcbersicht \u00fcber m\u00f6gliche Sch\u00e4den, sind unabh\u00e4ngig von Personalverf\u00fcgbarkeit und optimieren Ihre Kosten durch ein R\u00fcckverg\u00fctungsmodell. \r\n<p><h5><\/h5>Ein Werkschutzleiter m\u00f6chte jederzeit sichergestellt wissen, dass die Au\u00dfengrenzen des Werksgel\u00e4ndes vollst\u00e4ndig und intakt sind. Nur so wei\u00df er, dass das Gel\u00e4nde effektiv gegen Eindringlinge bzw. unbefugtes Betreten gesch\u00fctzt ist. \r\n<p><h5><\/h5>Der Einsatz von Drohnen verschafft einen wertvollen Kostenvorteil und mehr Flexibilit\u00e4t, da man unabh\u00e4ngiger von verf\u00fcgbarem Personal ist, das mit der Zaunbegehung beauftragt werden muss. Das sind entweder eigene Mitarbeiter oder auch Personal externer Bewachungsunternehmen. Au\u00dferdem werden durch das gelieferte Bild- und Videomaterial sofort Sch\u00e4den gemeldet und eine Instandsetzung kann umgehend eingeleitet werden. Dies erh\u00f6ht deutlich die Qualit\u00e4t der Gel\u00e4ndeabsicherung.<p><h5><\/h5>Sollte eine begrenzte Anzahl von eigenen Drohnen schon vorhanden sein, bietet volaer.io die M\u00f6glichkeit, diese Kapazit\u00e4ten kurzfristig zu erweitern bzw. freie Kapazit\u00e4ten im volaer.io Netzwerk f\u00fcr andere Nutzer anzubieten. So wird jederzeit das Qualit\u00e4tsniveau der eingesetzten Drohnen gesichert und Kosten werden sogar durch das angebotene R\u00fcckverg\u00fctungsmodell optimiert.<\/div><div class=\"portfolio\"><h3>Inspektionsfl\u00fcge<\/h3><img src=\"https:\/\/hybrid-x-cms-assets.s3.eu-central-1.amazonaws.com\/2021\/09\/15\/volaer.io-berall_uid_6141cb56017ac.PNG\" alt=\"Inspektionsfl\u00fcge\"\/><p><h5><\/h5>Schauen Sie genauer hin ohne sich selbst in Gefahr zu begeben \u2013 Die Drohne ist Ihr Stuntdouble! Es gibt zahlreiche Einsatzm\u00f6glichkeiten, bei denen sich ein Luftbild bzw. Inspektionsflug mit einer Drohne anbietet. Gro\u00dfer Vorteil ist dabei, dass ein Inspektionsflug mit Drohnen\/ UAS nicht nur Geld spart, sondern die Eins\u00e4tze k\u00f6nnen spontan geschehen und schwierige Stellen sind leicht zu erreichen.<p><h5><\/h5>Aufgenommes Bild und Videomaterial kann sofort oder sp\u00e4ter bequem am Computer ausgewertet werden und eventuell erforderliche Ma\u00dfnahmen k\u00f6nnen zeitnah eingeleitet werden.<p><h5><\/h5>Verschaffen Sie sich einen \u00dcberblick \u00fcber den aktuellen Zustand, ohne sich selbst in schwindelerregende H\u00f6hen begeben zu m\u00fcssen. Lassen Sie Drohnen diese gef\u00e4hrliche Aufgabe f\u00fcr Sie \u00fcbernehmen und erhalten sie aktuelle Foto- und Filmaufnahmen, welche Sie zu Dokumentationszwecken archivieren k\u00f6nnen.\r\n<\/div><div class=\"portfolio\"><h3>Drohnen zur Inspektion von Infrastruktur und Einrichtungen<\/h3><img src=\"https:\/\/hybrid-x-cms-assets.s3.eu-central-1.amazonaws.com\/2021\/09\/15\/volaer.io-Inspektion_uid_6141cb955b1df.PNG\" alt=\"Drohnen zur Inspektion von Infrastruktur und Einrichtungen\"\/><p><h5><\/h5>Detaillierte \u00dcberpr\u00fcfung &amp; Zeitunabh\u00e4ngige Auswertung - F\u00fchren sie gr\u00fcndliche und detaillierte Inspektionen an schwer zug\u00e4nglichen Stellen oder in weitl\u00e4ufigen Arealen durch. Mit Drohnen erreichen Sie das schnell und jederzeit. Pr\u00fcfen &amp; ermitteln Sie den aktuellen Zustand einer Fl\u00e4che, eines Geb\u00e4udes oder Objektes. Werten Sie das Bild- und Videomaterial sp\u00e4ter am Computer aus.<\/div><div class=\"portfolio\"><h3>Dokumentationsfl\u00fcge<\/h3><img src=\"https:\/\/hybrid-x-cms-assets.s3.eu-central-1.amazonaws.com\/2021\/09\/15\/volaer.io-Erfassung_uid_6141cccb39fb3.PNG\" alt=\"Dokumentationsfl\u00fcge\"\/><p><h5><\/h5>Fl\u00e4chenmonitoring - Schadensermittlung - Zustandspr\u00fcfungen - Perspektivenwechsel f\u00fcr die vollst\u00e4ndige und umfassende Dokumentation. Wo man fr\u00fcher noch f\u00fcr Luftbildaufnahmen einen Helikopter buchen musste, \u00fcbernehmen das heute kleine Flugger\u00e4te (Drohnen), die vom Boden aus gesteuert werden k\u00f6nnen. Dies ist im Vergleich nicht nur erheblich kosteng\u00fcnstiger, aber auch wesentlich flexibler. Drohnen k\u00f6nnen nach Bedarf mit verschiedenster Sensorik, Kameras und weiterer Technik ausgestattet werden und sind kleine Allrounder, die f\u00fcr alle denkbaren Anwendungsbereiche geeignet sind.\r\n<p><h5><\/h5>Gro\u00dfer Vorteil ist dabei, dass ein Flug mit Drohnen\/ UAS nicht nur Geld spart, sondern die Eins\u00e4tze k\u00f6nnen spontan geschehen und schwierige Stellen sind leicht zu erreichen. Verschaffen Sie sich einen \u00dcberblick \u00fcber den aktuellen Zustand, ohne sich selbst in schwindelerregende H\u00f6hen oder unzug\u00e4ngliche Gebiete begeben zu m\u00fcssen. Lassen Sie Drohnen diese gef\u00e4hrliche Aufgabe f\u00fcr Sie \u00fcbernehmen und erhalten Sie aktuelle Foto- und Filmaufnahmen, welche Sie zu Dokumentationszwecken archivieren k\u00f6nnen.\r\n<p><h5><\/h5>Agrarbetriebe sind direkt wirtschaftlich abh\u00e4ngig von ihren landwirtschaftlichen Ertr\u00e4gen. Ein Wetterschaden im Maisfeld, zum Beispiel, bedeutet umgeknickte, abgebrochene oder zerst\u00f6rte Pflanzen \u2013 und so einen Verlust an Ernte und Einnahmen. Nat\u00fcrlich kann man sich gegen Wettersch\u00e4den versichern, aber Sch\u00e4den m\u00fcssen direkt nach Schadenseintritt der Versicherung gemeldet werden.<h5><\/h5><p><h5><\/h5>Hagelsch\u00e4den in Maisfeldern m\u00fcssen deshalb unbedingt zeitnah erkannt werden. Aufgrund der Beschaffenheit der hohen Maispflanzen ist eine verl\u00e4ssliche Sichtung nach Hagelschlag aber ohne Luftaufnahmen nicht machbar. Mithilfe einer Drohne k\u00f6nnen Hagelsch\u00e4den fr\u00fchzeitig erkannt und eine Schadensregulierung mit der Versicherung zeitnah verhandelt werden.\r\n\r\nAuch f\u00fcr Forstbetriebe, ist der Einsatz von Drohnen von Vorteil. Wann und wo befallen Sch\u00e4dlinge die B\u00e4ume im Wald? Aktuell muss ein Mitarbeiter eines Forstbetriebes in den Wald gehen, jeden Baum einzeln begutachten und pr\u00fcfen, ob unter der Rinde und am Stamm Bohrmehl vorhanden ist. Dazu muss man wissen, dass die meisten Forstbetriebe Fl\u00e4chen von mehreren Hektar umfassen, \u00dcberraschungen sind deshalb an der Tagesordnung.\r\n\r\nMithilfe einer Drohne kann der Borkenk\u00e4fer-Befall an Fichten und anderen B\u00e4umen regelm\u00e4\u00dfig und f\u00fcr die ganze Fl\u00e4che aus der Luft erfasst werden. Aus den \u00fcbermittelten Bildern kann die Gesundheit der B\u00e4ume abgelesen \u2013 befallene B\u00e4ume reflektieren die Strahlen anders als Gesunde \u2013 und so Gegenma\u00dfnahmen eingeleitet werden.\r\n\r\nDa ein Forstbetrieb sicherlich nicht jeden Tag eine Drohne ben\u00f6tigt, ist das volaer.io Modell f\u00fcr viele Betriebe ideal. Drohnenmissionen werden genau dann angefordert, wenn sie ben\u00f6tigt werden. Es muss keine eigene Drohne vorgehalten werden und der Kunde muss sich nicht um Zulassung oder beh\u00f6rdliche Auflagen k\u00fcmmern. Das alles erledigt volaer.io. Der Kunde bekommt die entsprechenden Bilder oder Ergebnisse und kann bei Verdacht auf Borkenk\u00e4ferbefall zielgerichtet und zeitnah eingreifen.<\/div><\/div>\t\t<\/div>\n\t\t\t\t<\/div>\n\t\t\t\t\t<\/div>\n\t\t<\/div>\n\t\t\t\t\t\t\t<\/div>\n\t\t<\/section>\n\t\t\t\t\t\t\t<\/div>","protected":false},"excerpt":{"rendered":"<p>\u00dcber den Aussteller volaer.io betreibt eine digitale Buchungs- und Managementplattform f\u00fcr Drohnen und bietet zusammen mit Partnern in Metropolregionen seinen Kunden ein lokal verf\u00fcgbares gro\u00dfes Netzwerk von Drohnen an. Diese k\u00f6nnen dann zur fallweisen Nutzung f\u00fcr individuelle Drohnenmissionen gebucht werden. Zur Website Projekte volaer.io \u2013 Plattform Video Drohnen f\u00fcr den professionellen Einsatz &#8211; \u00dcber die [&hellip;]<\/p>","protected":false},"author":1,"featured_media":6255,"parent":6508,"menu_order":0,"comment_status":"closed","ping_status":"closed","template":"","meta":[],"aioseo_notices":[],"_links":{"self":[{"href":"https:\/\/motion-x.net\/en\/wp-json\/wp\/v2\/pages\/6518"}],"collection":[{"href":"https:\/\/motion-x.net\/en\/wp-json\/wp\/v2\/pages"}],"about":[{"href":"https:\/\/motion-x.net\/en\/wp-json\/wp\/v2\/types\/page"}],"author":[{"embeddable":true,"href":"https:\/\/motion-x.net\/en\/wp-json\/wp\/v2\/users\/1"}],"replies":[{"embeddable":true,"href":"https:\/\/motion-x.net\/en\/wp-json\/wp\/v2\/comments?post=6518"}],"version-history":[{"count":3,"href":"https:\/\/motion-x.net\/en\/wp-json\/wp\/v2\/pages\/6518\/revisions"}],"predecessor-version":[{"id":6687,"href":"https:\/\/motion-x.net\/en\/wp-json\/wp\/v2\/pages\/6518\/revisions\/6687"}],"up":[{"embeddable":true,"href":"https:\/\/motion-x.net\/en\/wp-json\/wp\/v2\/pages\/6508"}],"wp:featuredmedia":[{"embeddable":true,"href":"https:\/\/motion-x.net\/en\/wp-json\/wp\/v2\/media\/6255"}],"wp:attachment":[{"href":"https:\/\/motion-x.net\/en\/wp-json\/wp\/v2\/media?parent=6518"}],"curies":[{"name":"wp","href":"https:\/\/api.w.org\/{rel}","templated":true}]}}