{"id":6517,"date":"2021-09-15T11:37:14","date_gmt":"2021-09-15T11:37:14","guid":{"rendered":"https:\/\/motion-x.net\/?page_id=6517"},"modified":"2021-10-21T08:38:24","modified_gmt":"2021-10-21T08:38:24","slug":"deus-pollutrack","status":"publish","type":"page","link":"https:\/\/motion-x.net\/en\/ausstellerinhalte-2-2\/deus-pollutrack\/","title":{"rendered":"DEUS POLLUTRACK"},"content":{"rendered":"<div data-elementor-type=\"wp-page\" data-elementor-id=\"6517\" class=\"elementor elementor-6517\">\n\t\t\t\t\t\t\t\t\t<section class=\"elementor-section elementor-top-section elementor-element elementor-element-30c6d16e elementor-section-content-middle elementor-reverse-mobile elementor-section-boxed elementor-section-height-default elementor-section-height-default\" data-id=\"30c6d16e\" data-element_type=\"section\">\n\t\t\t\t\t\t<div class=\"elementor-container elementor-column-gap-no\">\n\t\t\t\t\t<div class=\"elementor-column elementor-col-50 elementor-top-column elementor-element elementor-element-6cb7e6ea\" data-id=\"6cb7e6ea\" data-element_type=\"column\">\n\t\t\t<div class=\"elementor-widget-wrap elementor-element-populated\">\n\t\t\t\t\t\t\t\t<div class=\"elementor-element elementor-element-759c0d6e elementor-widget elementor-widget-heading\" data-id=\"759c0d6e\" data-element_type=\"widget\" data-widget_type=\"heading.default\">\n\t\t\t\t<div class=\"elementor-widget-container\">\n\t\t\t<h4 class=\"elementor-heading-title elementor-size-default\">\u00dcber den Aussteller<\/h4>\t\t<\/div>\n\t\t\t\t<\/div>\n\t\t\t\t<div class=\"elementor-element elementor-element-34393330 elementor-widget elementor-widget-text-editor\" data-id=\"34393330\" data-element_type=\"widget\" data-widget_type=\"text-editor.default\">\n\t\t\t\t<div class=\"elementor-widget-container\">\n\t\t\t\t\t\t\t<p>DEUS POLLUTRACK ist ein Spin-Off verschiedener Unternehmen und wissenschaftlicher Einrichtungen aus Europa. Wir messen urbane Umweltbelastungen in den Bereich Luft-, L\u00e4rm und Verkehr als Teil einer umfangreichen Systeml\u00f6sung.<\/p>\t\t\t\t\t\t<\/div>\n\t\t\t\t<\/div>\n\t\t\t\t<div class=\"elementor-element elementor-element-109d9de4 elementor-widget elementor-widget-button\" data-id=\"109d9de4\" data-element_type=\"widget\" data-widget_type=\"button.default\">\n\t\t\t\t<div class=\"elementor-widget-container\">\n\t\t\t\t\t<div class=\"elementor-button-wrapper\">\n\t\t\t<a href=\"http:\/\/online.deus-smart-air.com\/\" class=\"elementor-button-link elementor-button elementor-size-sm elementor-animation-grow\" role=\"button\">\n\t\t\t\t\t\t<span class=\"elementor-button-content-wrapper\">\n\t\t\t\t\t\t<span class=\"elementor-button-text\">Zur Website<\/span>\n\t\t<\/span>\n\t\t\t\t\t<\/a>\n\t\t<\/div>\n\t\t\t\t<\/div>\n\t\t\t\t<\/div>\n\t\t\t\t\t<\/div>\n\t\t<\/div>\n\t\t\t\t<div class=\"elementor-column elementor-col-50 elementor-top-column elementor-element elementor-element-cd1e2df\" data-id=\"cd1e2df\" data-element_type=\"column\">\n\t\t\t<div class=\"elementor-widget-wrap elementor-element-populated\">\n\t\t\t\t\t\t\t\t<div class=\"elementor-element elementor-element-7f8fd671 elementor-widget elementor-widget-image\" data-id=\"7f8fd671\" data-element_type=\"widget\" data-widget_type=\"image.default\">\n\t\t\t\t<div class=\"elementor-widget-container\">\n\t\t\t\t\t\t\t\t\t\t\t\t\t\t\t<img width=\"300\" height=\"225\" src=\"https:\/\/motion-x.net\/wp-content\/uploads\/2021\/09\/DEUS_uid_613fa906b19bd-300x225.png\" class=\"attachment-medium size-medium\" alt=\"\" loading=\"lazy\" srcset=\"https:\/\/motion-x.net\/wp-content\/uploads\/2021\/09\/DEUS_uid_613fa906b19bd-300x225.png 300w, https:\/\/motion-x.net\/wp-content\/uploads\/2021\/09\/DEUS_uid_613fa906b19bd-1024x767.png 1024w, https:\/\/motion-x.net\/wp-content\/uploads\/2021\/09\/DEUS_uid_613fa906b19bd-768x575.png 768w, https:\/\/motion-x.net\/wp-content\/uploads\/2021\/09\/DEUS_uid_613fa906b19bd-16x12.png 16w, https:\/\/motion-x.net\/wp-content\/uploads\/2021\/09\/DEUS_uid_613fa906b19bd.png 1057w\" sizes=\"(max-width: 300px) 100vw, 300px\" \/>\t\t\t\t\t\t\t\t\t\t\t\t\t\t\t<\/div>\n\t\t\t\t<\/div>\n\t\t\t\t\t<\/div>\n\t\t<\/div>\n\t\t\t\t\t\t\t<\/div>\n\t\t<\/section>\n\t\t\t\t<section class=\"elementor-section elementor-top-section elementor-element elementor-element-a9f5219 elementor-section-boxed elementor-section-height-default elementor-section-height-default\" data-id=\"a9f5219\" data-element_type=\"section\">\n\t\t\t\t\t\t<div class=\"elementor-container elementor-column-gap-default\">\n\t\t\t\t\t<div class=\"elementor-column elementor-col-100 elementor-top-column elementor-element elementor-element-0e5592a\" data-id=\"0e5592a\" data-element_type=\"column\">\n\t\t\t<div class=\"elementor-widget-wrap elementor-element-populated\">\n\t\t\t\t\t\t\t\t<div class=\"elementor-element elementor-element-3138eeb elementor-widget elementor-widget-html\" data-id=\"3138eeb\" data-element_type=\"widget\" data-widget_type=\"html.default\">\n\t\t\t\t<div class=\"elementor-widget-container\">\n\t\t\t<style>\r\n       h2.projekte {\r\n        color: #0600000F;\r\n        font-family: \"Open Sans\", Sans-serif;\r\n        font-size: 100px;\r\n        font-weight: 900;\r\n        text-transform: uppercase;\r\n      }     \r\n      .portfolio h3{ color: #000000;\r\n        font-family: \"Open Sans\", Sans-serif;\r\n        font-size: 45px;\r\n        font-weight: 700;\r\n        text-transform: uppercase;\r\n        padding: 50px 0 10px;}\r\n      .portfolio h4{ color: #000000;\r\n        font-family: \"Open Sans\", Sans-serif;\r\n        font-size: 35px;\r\n        font-weight: 700;\r\n        text-transform: uppercase;\r\n        padding: 50px 0 10px;}          \r\n      .portfolio p {\r\n        color: #7a7a7a;\r\n        font-family: Roboto, sans-serif;\r\n        font-size: 15px;\r\n        font-weight: 300;\r\n        line-height: 2em;\r\n      }<\/style>\r\n\r\n<h2 class=\"video\"><b>VIDEO<\/b><\/h2>\r\n\r\n\r\n<video playsinline=\"\" poster=\"\/wp-content\/uploads\/2021\/09\/videoposter.png\" controls preload=\"meta\" src=\"https:\/\/hybrid-x-cms-assets.s3.eu-central-1.amazonaws.com\/2021\/09\/10\/DEUS_POLLUTRACK_DPD_Trailer_HD-1_uid_613b418118547.mp4\"><\/video>\r\n\t\t<\/div>\n\t\t\t\t<\/div>\n\t\t\t\t\t<\/div>\n\t\t<\/div>\n\t\t\t\t\t\t\t<\/div>\n\t\t<\/section>\n\t\t\t\t<section class=\"elementor-section elementor-top-section elementor-element elementor-element-1ba4b7a elementor-section-boxed elementor-section-height-default elementor-section-height-default\" data-id=\"1ba4b7a\" data-element_type=\"section\">\n\t\t\t\t\t\t<div class=\"elementor-container elementor-column-gap-default\">\n\t\t\t\t\t<div class=\"elementor-column elementor-col-100 elementor-top-column elementor-element elementor-element-ce5c212\" data-id=\"ce5c212\" data-element_type=\"column\">\n\t\t\t<div class=\"elementor-widget-wrap elementor-element-populated\">\n\t\t\t\t\t\t\t\t<div class=\"elementor-element elementor-element-f3e6220 elementor-widget elementor-widget-html\" data-id=\"f3e6220\" data-element_type=\"widget\" data-widget_type=\"html.default\">\n\t\t\t\t<div class=\"elementor-widget-container\">\n\t\t\t<style>\r\n       h2.projekte {\r\n        color: #0600000F;\r\n        font-family: \"Open Sans\", Sans-serif;\r\n        font-size: 100px;\r\n        font-weight: 900;\r\n        text-transform: uppercase;\r\n      }     \r\n      .portfolio h3{ color: #000000;\r\n        font-family: \"Open Sans\", Sans-serif;\r\n        font-size: 45px;\r\n        font-weight: 700;\r\n        text-transform: uppercase;\r\n        padding: 50px 0 10px;}\r\n      .portfolio h4{ color: #000000;\r\n        font-family: \"Open Sans\", Sans-serif;\r\n        font-size: 35px;\r\n        font-weight: 700;\r\n        text-transform: uppercase;\r\n        padding: 50px 0 10px;}          \r\n      .portfolio p {\r\n        color: #7a7a7a;\r\n        font-family: Roboto, sans-serif;\r\n        font-size: 15px;\r\n        font-weight: 300;\r\n        line-height: 2em;\r\n      }<\/style><div><script type=\"text\/javascript\" src=\"https:\/\/cdn.jsdelivr.net\/npm\/jquery@3.3.1\/dist\/jquery.min.js\"><\/script><link href=\"https:\/\/cdn.jsdelivr.net\/npm\/nanogallery2@3\/dist\/css\/nanogallery2.min.css\" rel=\"stylesheet\" type=\"text\/css\"\/><script type=\"text\/javascript\" src=\"https:\/\/cdn.jsdelivr.net\/npm\/nanogallery2@3\/dist\/jquery.nanogallery2.min.js\"><\/script><h2 class=\"projekte\">PROJECTS<\/h2><div class=\"portfolio\"><h3>DEUS POLLUTRACK Smart City GmbH<\/h3><p><h5><\/h5>Die DEUS POLLUTRACK Smart City GmbH, ein Pionier f\u00fcr Green Tech Partnerschaften, betreibt die gr\u00f6\u00dfte vernetzte Umweltdatenplattform Europas und leistet damit einen unverzichtbaren Beitrag zur Umweltgerechtigkeit im urbanen Raum. Die sich selbst t\u00e4glich rekalibrierenden Messnetze mit mobilen und station\u00e4ren Sensoren, messen Ultrafeinstaub, NO2, Wetter, Verkehr und L\u00e4rm, um gesundheitsgef\u00e4hrdende Hotspots zu lokalisieren. Das Bundesministerium f\u00fcr Verkehr und digitale Infrastruktur f\u00f6rdert \u00fcber den mFUND die Entwicklung eines Fachinformationssystems und ein 24h Prognosesystem mit einem Gesamtvolumen von \u00fcber 4 Mio. <p><h5><\/h5>Wie ist der Unterschied zwischen Data Mining und realen Fl\u00e4chenmessungen zu bewerten? Seit Jahrzehnten betreiben Landesumwelt\u00e4mter exakte und hoch genaue Luftmessungen an wenigen Mess-Stationen. Es stellt sich die Frage, ob neue Algorithmen und Berechnungsmodelle ohne zus\u00e4tzliche Messwerte eine Verbesserung sind um die reale Luftqualit\u00e4t der urbanen Fl\u00e4chen wirklich darstellen zu k\u00f6nnen? Deshalb setzt DEUS POLLUTRACK weltweit einmalige mobile und modulare, station\u00e4re Sensoren in der Fl\u00e4che ein. Unsere Messnetze bestehen aus mindestens 120 Real-Time Sensoren pro Stadt.  Aktuell ist unser Messnetz in 16 europ\u00e4ischen St\u00e4dten wie Hamburg, London, Rotterdamm, Madrid, Paris etc. verf\u00fcgbar. Unser Focus liegt dabei auf der Erfassung der Luftbelastung (PM 0,5 bis PM2,5), Echtzeit-Verkehrsmessungen und L\u00e4rmbelastung.\r\n<h3>DEUS Mobiler Sensor <\/h3><img src=\"https:\/\/hybrid-x-cms-assets.s3.eu-central-1.amazonaws.com\/2021\/09\/10\/DEUS_MOBILER_SENSOR_028_uid_613b41c6bf380.jpg\" alt=\"DEUS Mobiler Sensor \"\/><\/div><\/div>\t\t<\/div>\n\t\t\t\t<\/div>\n\t\t\t\t\t<\/div>\n\t\t<\/div>\n\t\t\t\t\t\t\t<\/div>\n\t\t<\/section>\n\t\t\t\t\t\t\t<\/div>","protected":false},"excerpt":{"rendered":"<p>\u00dcber den Aussteller DEUS POLLUTRACK ist ein Spin-Off verschiedener Unternehmen und wissenschaftlicher Einrichtungen aus Europa. Wir messen urbane Umweltbelastungen in den Bereich Luft-, L\u00e4rm und Verkehr als Teil einer umfangreichen Systeml\u00f6sung. Zur Website VIDEO Projekte DEUS POLLUTRACK Smart City GmbH Die DEUS POLLUTRACK Smart City GmbH, ein Pionier f\u00fcr Green Tech Partnerschaften, betreibt die gr\u00f6\u00dfte [&hellip;]<\/p>","protected":false},"author":1,"featured_media":6229,"parent":6508,"menu_order":0,"comment_status":"closed","ping_status":"closed","template":"","meta":[],"aioseo_notices":[],"_links":{"self":[{"href":"https:\/\/motion-x.net\/en\/wp-json\/wp\/v2\/pages\/6517"}],"collection":[{"href":"https:\/\/motion-x.net\/en\/wp-json\/wp\/v2\/pages"}],"about":[{"href":"https:\/\/motion-x.net\/en\/wp-json\/wp\/v2\/types\/page"}],"author":[{"embeddable":true,"href":"https:\/\/motion-x.net\/en\/wp-json\/wp\/v2\/users\/1"}],"replies":[{"embeddable":true,"href":"https:\/\/motion-x.net\/en\/wp-json\/wp\/v2\/comments?post=6517"}],"version-history":[{"count":4,"href":"https:\/\/motion-x.net\/en\/wp-json\/wp\/v2\/pages\/6517\/revisions"}],"predecessor-version":[{"id":7219,"href":"https:\/\/motion-x.net\/en\/wp-json\/wp\/v2\/pages\/6517\/revisions\/7219"}],"up":[{"embeddable":true,"href":"https:\/\/motion-x.net\/en\/wp-json\/wp\/v2\/pages\/6508"}],"wp:featuredmedia":[{"embeddable":true,"href":"https:\/\/motion-x.net\/en\/wp-json\/wp\/v2\/media\/6229"}],"wp:attachment":[{"href":"https:\/\/motion-x.net\/en\/wp-json\/wp\/v2\/media?parent=6517"}],"curies":[{"name":"wp","href":"https:\/\/api.w.org\/{rel}","templated":true}]}}