{"id":6516,"date":"2021-09-15T11:37:50","date_gmt":"2021-09-15T11:37:50","guid":{"rendered":"https:\/\/motion-x.net\/?page_id=6516"},"modified":"2021-10-20T14:14:35","modified_gmt":"2021-10-20T14:14:35","slug":"gh-system","status":"publish","type":"page","link":"https:\/\/motion-x.net\/en\/ausstellerinhalte-2-2\/gh-system\/","title":{"rendered":"GH System"},"content":{"rendered":"<div data-elementor-type=\"wp-page\" data-elementor-id=\"6516\" class=\"elementor elementor-6516\">\n\t\t\t\t\t\t\t\t\t<section class=\"elementor-section elementor-top-section elementor-element elementor-element-592eae4a elementor-section-content-middle elementor-reverse-mobile elementor-section-boxed elementor-section-height-default elementor-section-height-default\" data-id=\"592eae4a\" data-element_type=\"section\">\n\t\t\t\t\t\t<div class=\"elementor-container elementor-column-gap-no\">\n\t\t\t\t\t<div class=\"elementor-column elementor-col-50 elementor-top-column elementor-element elementor-element-ffe74ef\" data-id=\"ffe74ef\" data-element_type=\"column\">\n\t\t\t<div class=\"elementor-widget-wrap elementor-element-populated\">\n\t\t\t\t\t\t\t\t<div class=\"elementor-element elementor-element-1c977051 elementor-widget elementor-widget-heading\" data-id=\"1c977051\" data-element_type=\"widget\" data-widget_type=\"heading.default\">\n\t\t\t\t<div class=\"elementor-widget-container\">\n\t\t\t<h4 class=\"elementor-heading-title elementor-size-default\">\u00dcber den Aussteller<\/h4>\t\t<\/div>\n\t\t\t\t<\/div>\n\t\t\t\t<div class=\"elementor-element elementor-element-59fadec7 elementor-widget elementor-widget-text-editor\" data-id=\"59fadec7\" data-element_type=\"widget\" data-widget_type=\"text-editor.default\">\n\t\t\t\t<div class=\"elementor-widget-container\">\n\t\t\t\t\t\t\tAls Konsortialf\u00fchrer ( GH management ) sind wir Teil des gef\u00f6rderten Zielmarkt F\u00f6rderprojektes aus NRW und EFRE. Im Rahmen des Forschungsprojektes zeigen wir revolutionierende Weltneuheiten. Im B\u00fcndnis der zuk\u00fcnftigen Globalhome Community, stellen wir unterschiedliche Demonstratoren zur Integration der Globalen- sowie Lokalen-Logistikketten vor.\t\t\t\t\t\t<\/div>\n\t\t\t\t<\/div>\n\t\t\t\t<div class=\"elementor-element elementor-element-7cfedee5 elementor-widget elementor-widget-button\" data-id=\"7cfedee5\" data-element_type=\"widget\" data-widget_type=\"button.default\">\n\t\t\t\t<div class=\"elementor-widget-container\">\n\t\t\t\t\t<div class=\"elementor-button-wrapper\">\n\t\t\t<a href=\"#\" class=\"elementor-button-link elementor-button elementor-size-sm elementor-animation-grow\" role=\"button\">\n\t\t\t\t\t\t<span class=\"elementor-button-content-wrapper\">\n\t\t\t\t\t\t<span class=\"elementor-button-text\">Zur Website<\/span>\n\t\t<\/span>\n\t\t\t\t\t<\/a>\n\t\t<\/div>\n\t\t\t\t<\/div>\n\t\t\t\t<\/div>\n\t\t\t\t\t<\/div>\n\t\t<\/div>\n\t\t\t\t<div class=\"elementor-column elementor-col-50 elementor-top-column elementor-element elementor-element-5dbbc9b3\" data-id=\"5dbbc9b3\" data-element_type=\"column\">\n\t\t\t<div class=\"elementor-widget-wrap elementor-element-populated\">\n\t\t\t\t\t\t\t\t<div class=\"elementor-element elementor-element-19aa3263 elementor-widget elementor-widget-image\" data-id=\"19aa3263\" data-element_type=\"widget\" data-widget_type=\"image.default\">\n\t\t\t\t<div class=\"elementor-widget-container\">\n\t\t\t\t\t\t\t\t\t\t\t\t\t\t\t<img width=\"300\" height=\"169\" src=\"https:\/\/motion-x.net\/wp-content\/uploads\/2021\/09\/GH_uid_613faf50dae6f-300x169.png\" class=\"attachment-medium size-medium\" alt=\"\" loading=\"lazy\" srcset=\"https:\/\/motion-x.net\/wp-content\/uploads\/2021\/09\/GH_uid_613faf50dae6f-300x169.png 300w, https:\/\/motion-x.net\/wp-content\/uploads\/2021\/09\/GH_uid_613faf50dae6f-1024x576.png 1024w, https:\/\/motion-x.net\/wp-content\/uploads\/2021\/09\/GH_uid_613faf50dae6f-768x432.png 768w, https:\/\/motion-x.net\/wp-content\/uploads\/2021\/09\/GH_uid_613faf50dae6f-18x10.png 18w, https:\/\/motion-x.net\/wp-content\/uploads\/2021\/09\/GH_uid_613faf50dae6f.png 1280w\" sizes=\"(max-width: 300px) 100vw, 300px\" \/>\t\t\t\t\t\t\t\t\t\t\t\t\t\t\t<\/div>\n\t\t\t\t<\/div>\n\t\t\t\t\t<\/div>\n\t\t<\/div>\n\t\t\t\t\t\t\t<\/div>\n\t\t<\/section>\n\t\t\t\t<section class=\"elementor-section elementor-top-section elementor-element elementor-element-9e9a6a6 elementor-section-boxed elementor-section-height-default elementor-section-height-default\" data-id=\"9e9a6a6\" data-element_type=\"section\">\n\t\t\t\t\t\t<div class=\"elementor-container elementor-column-gap-default\">\n\t\t\t\t\t<div class=\"elementor-column elementor-col-100 elementor-top-column elementor-element elementor-element-892d1e4\" data-id=\"892d1e4\" data-element_type=\"column\">\n\t\t\t<div class=\"elementor-widget-wrap elementor-element-populated\">\n\t\t\t\t\t\t\t\t<div class=\"elementor-element elementor-element-3dce7f1 elementor-widget elementor-widget-html\" data-id=\"3dce7f1\" data-element_type=\"widget\" data-widget_type=\"html.default\">\n\t\t\t\t<div class=\"elementor-widget-container\">\n\t\t\t<style>\r\n       h2.video {\r\n        color: #0600000F;\r\n        font-family: \"Open Sans\", Sans-serif;\r\n        font-size: 100px;\r\n        font-weight: 900;\r\n        text-transform: uppercase;\r\n      }     \r\n<\/style>\r\n\r\n<h2 class=\"video\">Video<\/h2>\r\n\r\n<video playsinline=\"\" poster=\"\/wp-content\/uploads\/2021\/09\/videoposter.png\" controls preload=\"meta\" src=\"https:\/\/hybrid-x-cms-assets.s3.eu-central-1.amazonaws.com\/2021\/09\/13\/210902_SC_Global-Home_iWALD_Firmen_08_Globallogistic_uid_613f16ed5a83e.mp4\"><\/video>\r\n\t\t<\/div>\n\t\t\t\t<\/div>\n\t\t\t\t\t<\/div>\n\t\t<\/div>\n\t\t\t\t\t\t\t<\/div>\n\t\t<\/section>\n\t\t\t\t<section class=\"elementor-section elementor-top-section elementor-element elementor-element-4dba1cd elementor-section-boxed elementor-section-height-default elementor-section-height-default\" data-id=\"4dba1cd\" data-element_type=\"section\">\n\t\t\t\t\t\t<div class=\"elementor-container elementor-column-gap-default\">\n\t\t\t\t\t<div class=\"elementor-column elementor-col-100 elementor-top-column elementor-element elementor-element-d9f826c\" data-id=\"d9f826c\" data-element_type=\"column\">\n\t\t\t<div class=\"elementor-widget-wrap elementor-element-populated\">\n\t\t\t\t\t\t\t\t<div class=\"elementor-element elementor-element-7bb96f4 elementor-widget elementor-widget-html\" data-id=\"7bb96f4\" data-element_type=\"widget\" data-widget_type=\"html.default\">\n\t\t\t\t<div class=\"elementor-widget-container\">\n\t\t\t<style>\r\n       h2.projekte {\r\n        color: #0600000F;\r\n        font-family: \"Open Sans\", Sans-serif;\r\n        font-size: 100px;\r\n        font-weight: 900;\r\n        text-transform: uppercase;\r\n      }     \r\n      .portfolio h3{ color: #000000;\r\n        font-family: \"Open Sans\", Sans-serif;\r\n        font-size: 45px;\r\n        font-weight: 700;\r\n        text-transform: uppercase;\r\n        padding: 50px 0 10px;}\r\n      .portfolio h4{ color: #000000;\r\n        font-family: \"Open Sans\", Sans-serif;\r\n        font-size: 35px;\r\n        font-weight: 700;\r\n        text-transform: uppercase;\r\n        padding: 50px 0 10px;}          \r\n      .portfolio p {\r\n        color: #7a7a7a;\r\n        font-family: Roboto, sans-serif;\r\n        font-size: 15px;\r\n        font-weight: 300;\r\n        line-height: 2em;\r\n      }<\/style><div><script type=\"text\/javascript\" src=\"https:\/\/cdn.jsdelivr.net\/npm\/jquery@3.3.1\/dist\/jquery.min.js\"><\/script><link href=\"https:\/\/cdn.jsdelivr.net\/npm\/nanogallery2@3\/dist\/css\/nanogallery2.min.css\" rel=\"stylesheet\" type=\"text\/css\"\/><script type=\"text\/javascript\" src=\"https:\/\/cdn.jsdelivr.net\/npm\/nanogallery2@3\/dist\/jquery.nanogallery2.min.js\"><\/script><h2 class=\"projekte\">PROJECTS<\/h2><div class=\"portfolio\"><h3>GH cube (Systemecke eines smarten Kleincontainer)      <\/h3><img src=\"https:\/\/hybrid-x-cms-assets.s3.eu-central-1.amazonaws.com\/2021\/09\/10\/Produkt-1-GH-Cube-1_uid_613b23daa52cc.jpg\" alt=\"GH cube (Systemecke eines smarten Kleincontainer)      \"\/><h4>Video<\/h4><video playsinline=\"\" controls=\"\" preload=\"meta\" src=\"https:\/\/hybrid-x-cms-assets.s3.eu-central-1.amazonaws.com\/2021\/09\/13\/210902_SC_Global-Home_iWALD_Firmen_04_box_uid_613f1e6723477.mp4\"><\/video><p><h5><\/h5>Die GH cube dient als Systemecke und  Basiselement eines smarten Kleincontainers (GH box) . Eine automatisierbare Ladungssicherung mittels Durchverriegelung ist vorgesehen. Wie beim Gro\u00dfcontainer ist nun ein Tragen und Stapeln von unterschiedlichen Frachteinheiten in einer standardisierten Europalattenabmessungen basierenden Einheiten m\u00f6glich. Das automatisierbare Tragen und Stapeln in unterschiedlichen Werkstoffen wird nun m\u00f6glich.\r\n<p><h5><\/h5>Gerade in schienengebundenen Verkehrstr\u00e4gern ist eine automatisierbare Ladungssicherung unausweichlich. Auch das sichern von Ladungseinheiten in der Luftfracht oder bei zuk\u00fcnftigen Drohnenntransporten muss gew\u00e4hrleistet sein. Hyperloops oder Maglev Verkehrstr\u00e4ger ben\u00f6tigen eine verriegelbare und automatisierbare Ladungssicherung von Kleincontainern unterschiedlichster Bauart.<\/div><div class=\"portfolio\"><\/div><div class=\"portfolio\"><h3>GH System <\/h3><p><h5><\/h5>Wissen wir eigentlich was wir tun, wenn wir im Internet mit einem einzigen Click eine Bestellung beim Online-Handel aufgeben und unseren digitalen Fu\u00dfabdruck hinterlassen?\r\nLogistik und Mobilit\u00e4t sind f\u00fcr 30% der klimasch\u00e4dlichen Treibhausgase verantwortlich.\r\nKilometerlange Staus, L\u00e4rm,  M\u00fcll und eine au\u00dfer Kontrolle geratene Luftverschmutzung und Klimaerw\u00e4rung: das ist der bereits deutlich sp\u00fcrbare, bittere Beigeschmack des stetig wachsenden E-Commerce.\r\nDie Logistik-Branche muss sich technologisch erneuern und weg von den fossilen Brennstoffen. Der G\u00fcter- und Warenverkehr muss v\u00f6llig neu aufgestellt werden. Wir m\u00fcssen grunds\u00e4tzlich umdenken und weg vom Automobilverkehr. Auch Diesel-LKW\u00b4s sind kein Zukunftsmodell, sie m\u00fcssen ebenfalls durch Elektromobile ersetzt werden. G\u00fcter m\u00fcssen von der Stra\u00dfe auf die Schiene umgeladen werden. Wir m\u00fcssen lernen das Logistiksystem in Zusammenhang Ihrer Klimasch\u00e4dlichkeit und den Folgekosten neu zu bewerten.\r\nDie St\u00e4dte mit ihren traditionellen Ver- und Entsorgungsmodellen, Verkehrs- und Transportm\u00f6glichkeiten, man\u00f6vrieren sich ins Abseits. Sie b\u00fc\u00dfen Lebensqualit\u00e4t ein.\r\n\r\nDie Corona-Pandemie und die aktuellen Naturkatastrophen zeigen deutlich, wie schnell Versorgungsstrukturen zusammenbrechen k\u00f6nnen. Wir brauchen eine Kreislaufwirtschaft mit Verkehrstr\u00e4gern, denen Umweltschutz nicht gleichg\u00fcltig ist.\r\nMit Hilfe von Digitalisierung, Standardisierung und Containerisierung m\u00fcssen v\u00f6llig neue, effiziente und klimaneutrale Wertsch\u00f6pfungsketten geschaffen werden.\r\nGemeinsam mit innovativen Logistik-Experten und Thinktanks erforschen und b\u00fcndeln wir in einem zuk\u00fcnftigen Dokumentarfilm an den zentralen Dreh- und Angelpunkten der Warehouse-Logistik umweltschonende  L\u00f6sungen f\u00fcr eine Logistik der Zukunft: stellt weltweit alternative st\u00e4dtische Verkehrskonzepte, umweltvertr\u00e4gliche Transportmittel, neue Verkehrswege, multifunktionale Beladesysteme, eine hochtechnologische Vernetzung von autonomen und automatisierten Verkehrskonzepten vor. \r\n\r\nWir brauchen einen Giant\u00b4s Step um die Klimakatastrophe zu verhindern. Deshalb m\u00fcssen wir uns entscheiden: wie wollen wir in Zukunft leben?<p><h5><\/h5>Wir als GH System vertreten als Konsortialf\u00fchrer ein Team von Unternehmen und Institutionen. Seit vielen Jahren besch\u00e4ftigen wir uns mit dem Standardisierungsgedanken in der Logistik. Logistik 4.0, Internet of Things sind die Schlagworte f\u00fcr die wir praktische L\u00f6sungen zeigen. \r\nGemeinsam mit unseren Partnern bieten wir nun der Weltwirtschaft und der Logistikbranche Beteiligungen an. \r\nWerden Sie Teil einer Globalhome Community zur Umsetzung disruptiver Gesch\u00e4ftsmodelle mit exponentiellem Wachstum. \r\n\r\n<p><h5><\/h5>Standardisierung f\u00fcr die lokale und weltweite Logistik, \u00fcbergreifend und intermodal.  Sei dabei und Teil unserer revolution\u00e4ren integralen standardisierten Logistik.  \r\nWir suchen Synergien im Bereich Partnerschaften und Investoren.<p><h5><\/h5>Partner im Forschungsprojekt iwald: Brief und mehr GmbH &amp;Co.KG; DIRAK Dieter Ramsauer Konstruktionselemente GmbH;\r\nFiege Logistik Stiftung GmbH &amp;Co.KG; GH System GmbH; Heimann Fahrzeugbau GmbH &amp;Co.KG; HeiMat GmbH; pmh Projektmanagement\r\nHackenfort GmbH; UNI Duisburg \/Essen; Wenker GmbH &amp;Co.KG ; Werbetechnik Hilker GmbH;\r\n<\/div><\/div>\t\t<\/div>\n\t\t\t\t<\/div>\n\t\t\t\t\t<\/div>\n\t\t<\/div>\n\t\t\t\t\t\t\t<\/div>\n\t\t<\/section>\n\t\t\t\t\t\t\t<\/div>","protected":false},"excerpt":{"rendered":"<p>\u00dcber den Aussteller Als Konsortialf\u00fchrer ( GH management ) sind wir Teil des gef\u00f6rderten Zielmarkt F\u00f6rderprojektes aus NRW und EFRE. Im Rahmen des Forschungsprojektes zeigen wir revolutionierende Weltneuheiten. Im B\u00fcndnis der zuk\u00fcnftigen Globalhome Community, stellen wir unterschiedliche Demonstratoren zur Integration der Globalen- sowie Lokalen-Logistikketten vor. Zur Website Video Projekte GH cube (Systemecke eines smarten Kleincontainer) [&hellip;]<\/p>","protected":false},"author":1,"featured_media":6235,"parent":6508,"menu_order":0,"comment_status":"closed","ping_status":"closed","template":"","meta":[],"aioseo_notices":[],"_links":{"self":[{"href":"https:\/\/motion-x.net\/en\/wp-json\/wp\/v2\/pages\/6516"}],"collection":[{"href":"https:\/\/motion-x.net\/en\/wp-json\/wp\/v2\/pages"}],"about":[{"href":"https:\/\/motion-x.net\/en\/wp-json\/wp\/v2\/types\/page"}],"author":[{"embeddable":true,"href":"https:\/\/motion-x.net\/en\/wp-json\/wp\/v2\/users\/1"}],"replies":[{"embeddable":true,"href":"https:\/\/motion-x.net\/en\/wp-json\/wp\/v2\/comments?post=6516"}],"version-history":[{"count":1,"href":"https:\/\/motion-x.net\/en\/wp-json\/wp\/v2\/pages\/6516\/revisions"}],"predecessor-version":[{"id":7133,"href":"https:\/\/motion-x.net\/en\/wp-json\/wp\/v2\/pages\/6516\/revisions\/7133"}],"up":[{"embeddable":true,"href":"https:\/\/motion-x.net\/en\/wp-json\/wp\/v2\/pages\/6508"}],"wp:featuredmedia":[{"embeddable":true,"href":"https:\/\/motion-x.net\/en\/wp-json\/wp\/v2\/media\/6235"}],"wp:attachment":[{"href":"https:\/\/motion-x.net\/en\/wp-json\/wp\/v2\/media?parent=6516"}],"curies":[{"name":"wp","href":"https:\/\/api.w.org\/{rel}","templated":true}]}}