{"id":6515,"date":"2021-09-15T11:38:24","date_gmt":"2021-09-15T11:38:24","guid":{"rendered":"https:\/\/motion-x.net\/?page_id=6515"},"modified":"2021-10-19T15:11:50","modified_gmt":"2021-10-19T15:11:50","slug":"international-school-of-management-ism","status":"publish","type":"page","link":"https:\/\/motion-x.net\/en\/ausstellerinhalte-2-2\/international-school-of-management-ism\/","title":{"rendered":"International School of Management (ISM)"},"content":{"rendered":"<div data-elementor-type=\"wp-page\" data-elementor-id=\"6515\" class=\"elementor elementor-6515\">\n\t\t\t\t\t\t\t\t\t<section class=\"elementor-section elementor-top-section elementor-element elementor-element-21fc8f78 elementor-section-content-middle elementor-reverse-mobile elementor-section-boxed elementor-section-height-default elementor-section-height-default\" data-id=\"21fc8f78\" data-element_type=\"section\">\n\t\t\t\t\t\t<div class=\"elementor-container elementor-column-gap-no\">\n\t\t\t\t\t<div class=\"elementor-column elementor-col-50 elementor-top-column elementor-element elementor-element-724cf4cc\" data-id=\"724cf4cc\" data-element_type=\"column\">\n\t\t\t<div class=\"elementor-widget-wrap elementor-element-populated\">\n\t\t\t\t\t\t\t\t<div class=\"elementor-element elementor-element-57d176e7 elementor-widget elementor-widget-heading\" data-id=\"57d176e7\" data-element_type=\"widget\" data-widget_type=\"heading.default\">\n\t\t\t\t<div class=\"elementor-widget-container\">\n\t\t\t<h4 class=\"elementor-heading-title elementor-size-default\">\u00dcber den Aussteller<\/h4>\t\t<\/div>\n\t\t\t\t<\/div>\n\t\t\t\t<div class=\"elementor-element elementor-element-76d32afa elementor-widget elementor-widget-text-editor\" data-id=\"76d32afa\" data-element_type=\"widget\" data-widget_type=\"text-editor.default\">\n\t\t\t\t<div class=\"elementor-widget-container\">\n\t\t\t\t\t\t\tDie International School of Management (ISM) z\u00e4hlt seit \u00fcber 30 Jahren zu den besten Wirtschaftshochschulen in Deutschland. Mit Standorten in Dortmund, Frankfurt\/Main, M\u00fcnchen, Hamburg, K\u00f6ln, Stuttgart und Berlin bereitet sie bundesweit junge Menschen mit ihren Studienprogrammen auf Managementaufgaben in nationalen und internationalen Unternehmen vor.\t\t\t\t\t\t<\/div>\n\t\t\t\t<\/div>\n\t\t\t\t<div class=\"elementor-element elementor-element-5e065fb4 elementor-widget elementor-widget-button\" data-id=\"5e065fb4\" data-element_type=\"widget\" data-widget_type=\"button.default\">\n\t\t\t\t<div class=\"elementor-widget-container\">\n\t\t\t\t\t<div class=\"elementor-button-wrapper\">\n\t\t\t<a href=\"https:\/\/ism.de\/\" class=\"elementor-button-link elementor-button elementor-size-sm elementor-animation-grow\" role=\"button\">\n\t\t\t\t\t\t<span class=\"elementor-button-content-wrapper\">\n\t\t\t\t\t\t<span class=\"elementor-button-text\">Zur Website<\/span>\n\t\t<\/span>\n\t\t\t\t\t<\/a>\n\t\t<\/div>\n\t\t\t\t<\/div>\n\t\t\t\t<\/div>\n\t\t\t\t\t<\/div>\n\t\t<\/div>\n\t\t\t\t<div class=\"elementor-column elementor-col-50 elementor-top-column elementor-element elementor-element-16a3fc55\" data-id=\"16a3fc55\" data-element_type=\"column\">\n\t\t\t<div class=\"elementor-widget-wrap elementor-element-populated\">\n\t\t\t\t\t\t\t\t<div class=\"elementor-element elementor-element-3f460940 elementor-widget elementor-widget-image\" data-id=\"3f460940\" data-element_type=\"widget\" data-widget_type=\"image.default\">\n\t\t\t\t<div class=\"elementor-widget-container\">\n\t\t\t\t\t\t\t\t\t\t\t\t\t\t\t<img width=\"300\" height=\"161\" src=\"https:\/\/motion-x.net\/wp-content\/uploads\/2021\/09\/ISM_Logo_zentriert_mZusatz_RGB-1_uid_6139b1cb43fc5-300x161.png\" class=\"attachment-medium size-medium\" alt=\"\" loading=\"lazy\" srcset=\"https:\/\/motion-x.net\/wp-content\/uploads\/2021\/09\/ISM_Logo_zentriert_mZusatz_RGB-1_uid_6139b1cb43fc5-300x161.png 300w, https:\/\/motion-x.net\/wp-content\/uploads\/2021\/09\/ISM_Logo_zentriert_mZusatz_RGB-1_uid_6139b1cb43fc5-1024x550.png 1024w, https:\/\/motion-x.net\/wp-content\/uploads\/2021\/09\/ISM_Logo_zentriert_mZusatz_RGB-1_uid_6139b1cb43fc5-768x412.png 768w, https:\/\/motion-x.net\/wp-content\/uploads\/2021\/09\/ISM_Logo_zentriert_mZusatz_RGB-1_uid_6139b1cb43fc5-1536x825.png 1536w, https:\/\/motion-x.net\/wp-content\/uploads\/2021\/09\/ISM_Logo_zentriert_mZusatz_RGB-1_uid_6139b1cb43fc5-18x10.png 18w, https:\/\/motion-x.net\/wp-content\/uploads\/2021\/09\/ISM_Logo_zentriert_mZusatz_RGB-1_uid_6139b1cb43fc5.png 1654w\" sizes=\"(max-width: 300px) 100vw, 300px\" \/>\t\t\t\t\t\t\t\t\t\t\t\t\t\t\t<\/div>\n\t\t\t\t<\/div>\n\t\t\t\t\t<\/div>\n\t\t<\/div>\n\t\t\t\t\t\t\t<\/div>\n\t\t<\/section>\n\t\t\t\t<section class=\"elementor-section elementor-top-section elementor-element elementor-element-4585ebd elementor-section-boxed elementor-section-height-default elementor-section-height-default\" data-id=\"4585ebd\" data-element_type=\"section\">\n\t\t\t\t\t\t<div class=\"elementor-container elementor-column-gap-default\">\n\t\t\t\t\t<div class=\"elementor-column elementor-col-100 elementor-top-column elementor-element elementor-element-90977b7\" data-id=\"90977b7\" data-element_type=\"column\">\n\t\t\t<div class=\"elementor-widget-wrap elementor-element-populated\">\n\t\t\t\t\t\t\t\t<div class=\"elementor-element elementor-element-aef10e9 elementor-widget elementor-widget-html\" data-id=\"aef10e9\" data-element_type=\"widget\" data-widget_type=\"html.default\">\n\t\t\t\t<div class=\"elementor-widget-container\">\n\t\t\t<style>\r\n       h2.projekte {\r\n        color: #0600000F;\r\n        font-family: \"Open Sans\", Sans-serif;\r\n        font-size: 100px;\r\n        font-weight: 900;\r\n        text-transform: uppercase;\r\n      }     \r\n      .portfolio h3{ color: #000000;\r\n        font-family: \"Open Sans\", Sans-serif;\r\n        font-size: 45px;\r\n        font-weight: 700;\r\n        text-transform: uppercase;\r\n        padding: 50px 0 10px;}\r\n      .portfolio h4{ color: #000000;\r\n        font-family: \"Open Sans\", Sans-serif;\r\n        font-size: 35px;\r\n        font-weight: 700;\r\n        text-transform: uppercase;\r\n        padding: 50px 0 10px;}          \r\n      .portfolio p {\r\n        color: #7a7a7a;\r\n        font-family: Roboto, sans-serif;\r\n        font-size: 15px;\r\n        font-weight: 300;\r\n        line-height: 2em;\r\n      }<\/style><div><script type=\"text\/javascript\" src=\"https:\/\/cdn.jsdelivr.net\/npm\/jquery@3.3.1\/dist\/jquery.min.js\"><\/script><link href=\"https:\/\/cdn.jsdelivr.net\/npm\/nanogallery2@3\/dist\/css\/nanogallery2.min.css\" rel=\"stylesheet\" type=\"text\/css\"\/><script type=\"text\/javascript\" src=\"https:\/\/cdn.jsdelivr.net\/npm\/nanogallery2@3\/dist\/jquery.nanogallery2.min.js\"><\/script><h2 class=\"projekte\">PROJECTS<\/h2><style>\r\n       h2.video {\r\n        color: #0600000F;\r\n        font-family: \"Open Sans\", Sans-serif;\r\n        font-size: 100px;\r\n        font-weight: 900;\r\n        text-transform: uppercase;\r\n      }     \r\n<\/style>\r\n\r\n\r\n\r\n<video playsinline=\"\" poster=\"\/wp-content\/uploads\/2021\/09\/videoposter.png\" controls preload=\"meta\" src=\"https:\/\/hybrid-x-cms-assets.s3.eu-central-1.amazonaws.com\/2021\/10\/19\/EN-Image-Video--EN-Untertitel-KS_comp_uid_616e8d8d655ea.mp4\"><\/video>\r\n<div class=\"portfolio\"><h3>DUALES STUDIUM<\/h3><img src=\"https:\/\/hybrid-x-cms-assets.s3.eu-central-1.amazonaws.com\/2021\/09\/09\/Screenshot_1_uid_6139b33908a32.jpg\" alt=\"DUALES STUDIUM\"\/><p><h5><\/h5>Welche Spezialisierung passt im dualen Studiengang zu dir?\r\nDas duale Studium ist immer die Verkn\u00fcpfung von Hochschule und Partnerunternehmen bzw. Langzeitpraktikum und besitzt an beiden Lernorten einen gemeinsamen inhaltlichen Schwerpunkt. Damit ergeben sich im dualen Bachelor Betriebswirtschaft an der ISM unterschiedliche Kombinationsm\u00f6glichkeiten und Spezialisierungen.\r\n\r\nGleiche deine F\u00e4higkeiten mit den Inhalten der Spezialisierung im Studieng\u00e4nge ab und erhalte mit einem Klick auf die Spezialisierung ausf\u00fchrliche Informationen zu den Skills, Berufsfeldern, Branchen und Einstiegsm\u00f6glichkeiten.<\/div><div class=\"portfolio\"><h3>Berufsbegleitendes Studium<\/h3><img src=\"https:\/\/hybrid-x-cms-assets.s3.eu-central-1.amazonaws.com\/2021\/09\/09\/ism-2_uid_6139b4141f6b4.jpg\" alt=\"Berufsbegleitendes Studium\"\/><p><h5><\/h5>Der berufsbegleitende B.A. Business Administration mit der Vertiefung Logistik Management besch\u00e4ftigt sich mit Themen wie strategisches Infrastruktur-Management, Big Data Analytics, Warehouse Management sowie Beschaffung und Produktion. Das Programm umfasst ein effizientes Lernmodell, bestehend aus drei Lernphasen: Blended Learning, Online-Vorlesungen sowie samstags Pr\u00e4senz am Campus. <p><h5><\/h5>Der berufsbegleitende M.A. Management mit der Ausrichtung Supply Chain Management &amp; Logistics qualifiziert Mitarbeiter*innen f\u00fcr strategische F\u00fchrungsaufgaben in Unternehmen aller Verkehrstr\u00e4ger sowie f\u00fcr Planungs- und Beratungsunternehmen. Vorlesungen finden in der Regel samstags statt und beinhalten u.a. Fallstudien sowie einen Theorie-Praxis-Dialog.<\/div><div class=\"portfolio\"><h3>HOCHSCHULZERTIFIKATE<\/h3><img src=\"https:\/\/hybrid-x-cms-assets.s3.eu-central-1.amazonaws.com\/2021\/09\/09\/zertifikat_uid_6139b4961413f.jpg\" alt=\"HOCHSCHULZERTIFIKATE\"\/><p><h5><\/h5>Mit offenen Online-Hochschulzertifikaten k\u00f6nnen sich Mitarbeiter*innen gezielt, individuell und effektiv weiterentwickeln. Alle Inhalte werden durch praxiserfahrene Hochschulprofessor*innen vermittelt. Die offenen Hochschulzertifikate k\u00f6nnen auch als Inhouse-Schulung gebucht werden. Gerne erstellt die ISM ein individuelles Weiterbildungskonzept f\u00fcr Unternehmen. Inhalt, Dauer, Termin und Durchf\u00fchrungsort \u2013 das Unternehmen entscheidet.<\/div><\/div>\t\t<\/div>\n\t\t\t\t<\/div>\n\t\t\t\t\t<\/div>\n\t\t<\/div>\n\t\t\t\t\t\t\t<\/div>\n\t\t<\/section>\n\t\t\t\t\t\t\t<\/div>","protected":false},"excerpt":{"rendered":"<p>\u00dcber den Aussteller Die International School of Management (ISM) z\u00e4hlt seit \u00fcber 30 Jahren zu den besten Wirtschaftshochschulen in Deutschland. Mit Standorten in Dortmund, Frankfurt\/Main, M\u00fcnchen, Hamburg, K\u00f6ln, Stuttgart und Berlin bereitet sie bundesweit junge Menschen mit ihren Studienprogrammen auf Managementaufgaben in nationalen und internationalen Unternehmen vor. Zur Website Projekte DUALES STUDIUM Welche Spezialisierung passt [&hellip;]<\/p>","protected":false},"author":1,"featured_media":6240,"parent":6508,"menu_order":0,"comment_status":"closed","ping_status":"closed","template":"","meta":[],"aioseo_notices":[],"_links":{"self":[{"href":"https:\/\/motion-x.net\/en\/wp-json\/wp\/v2\/pages\/6515"}],"collection":[{"href":"https:\/\/motion-x.net\/en\/wp-json\/wp\/v2\/pages"}],"about":[{"href":"https:\/\/motion-x.net\/en\/wp-json\/wp\/v2\/types\/page"}],"author":[{"embeddable":true,"href":"https:\/\/motion-x.net\/en\/wp-json\/wp\/v2\/users\/1"}],"replies":[{"embeddable":true,"href":"https:\/\/motion-x.net\/en\/wp-json\/wp\/v2\/comments?post=6515"}],"version-history":[{"count":6,"href":"https:\/\/motion-x.net\/en\/wp-json\/wp\/v2\/pages\/6515\/revisions"}],"predecessor-version":[{"id":6917,"href":"https:\/\/motion-x.net\/en\/wp-json\/wp\/v2\/pages\/6515\/revisions\/6917"}],"up":[{"embeddable":true,"href":"https:\/\/motion-x.net\/en\/wp-json\/wp\/v2\/pages\/6508"}],"wp:featuredmedia":[{"embeddable":true,"href":"https:\/\/motion-x.net\/en\/wp-json\/wp\/v2\/media\/6240"}],"wp:attachment":[{"href":"https:\/\/motion-x.net\/en\/wp-json\/wp\/v2\/media?parent=6515"}],"curies":[{"name":"wp","href":"https:\/\/api.w.org\/{rel}","templated":true}]}}