{"id":6513,"date":"2021-09-15T11:40:23","date_gmt":"2021-09-15T11:40:23","guid":{"rendered":"https:\/\/motion-x.net\/?page_id=6513"},"modified":"2021-10-20T08:30:24","modified_gmt":"2021-10-20T08:30:24","slug":"accso-accelerated-solutions-gmbh","status":"publish","type":"page","link":"https:\/\/motion-x.net\/en\/ausstellerinhalte-2-2\/accso-accelerated-solutions-gmbh\/","title":{"rendered":"Accso &#8211; Accelerated Solutions GmbH"},"content":{"rendered":"<div data-elementor-type=\"wp-page\" data-elementor-id=\"6513\" class=\"elementor elementor-6513\">\n\t\t\t\t\t\t\t\t\t<section class=\"elementor-section elementor-top-section elementor-element elementor-element-63c49b7a elementor-section-content-middle elementor-reverse-mobile elementor-section-boxed elementor-section-height-default elementor-section-height-default\" data-id=\"63c49b7a\" data-element_type=\"section\">\n\t\t\t\t\t\t<div class=\"elementor-container elementor-column-gap-no\">\n\t\t\t\t\t<div class=\"elementor-column elementor-col-50 elementor-top-column elementor-element elementor-element-260f1ac4\" data-id=\"260f1ac4\" data-element_type=\"column\">\n\t\t\t<div class=\"elementor-widget-wrap elementor-element-populated\">\n\t\t\t\t\t\t\t\t<div class=\"elementor-element elementor-element-3738e198 elementor-widget elementor-widget-heading\" data-id=\"3738e198\" data-element_type=\"widget\" data-widget_type=\"heading.default\">\n\t\t\t\t<div class=\"elementor-widget-container\">\n\t\t\t<h4 class=\"elementor-heading-title elementor-size-default\">\u00dcber den Aussteller<\/h4>\t\t<\/div>\n\t\t\t\t<\/div>\n\t\t\t\t<div class=\"elementor-element elementor-element-4fe7466 elementor-widget elementor-widget-text-editor\" data-id=\"4fe7466\" data-element_type=\"widget\" data-widget_type=\"text-editor.default\">\n\t\t\t\t<div class=\"elementor-widget-container\">\n\t\t\t\t\t\t\tAccso ist der Spezialist f\u00fcr beschleunigte IT-L\u00f6sungen und hochkar\u00e4tige Technologie- und Architekturberatung. Unser Fokus liegt auf anspruchsvollen, individuellen L\u00f6sungen in dynamischen Umfeldern. Von der Beratung \u00fcber Planung und Konzeption bis zu Implementierung und Betrieb.\t\t\t\t\t\t<\/div>\n\t\t\t\t<\/div>\n\t\t\t\t<div class=\"elementor-element elementor-element-b4fb7f0 elementor-widget elementor-widget-button\" data-id=\"b4fb7f0\" data-element_type=\"widget\" data-widget_type=\"button.default\">\n\t\t\t\t<div class=\"elementor-widget-container\">\n\t\t\t\t\t<div class=\"elementor-button-wrapper\">\n\t\t\t<a href=\"https:\/\/accso.de\/\" class=\"elementor-button-link elementor-button elementor-size-sm elementor-animation-grow\" role=\"button\">\n\t\t\t\t\t\t<span class=\"elementor-button-content-wrapper\">\n\t\t\t\t\t\t<span class=\"elementor-button-text\">Zur Website<\/span>\n\t\t<\/span>\n\t\t\t\t\t<\/a>\n\t\t<\/div>\n\t\t\t\t<\/div>\n\t\t\t\t<\/div>\n\t\t\t\t\t<\/div>\n\t\t<\/div>\n\t\t\t\t<div class=\"elementor-column elementor-col-50 elementor-top-column elementor-element elementor-element-4fb85f6a\" data-id=\"4fb85f6a\" data-element_type=\"column\">\n\t\t\t<div class=\"elementor-widget-wrap elementor-element-populated\">\n\t\t\t\t\t\t\t\t<div class=\"elementor-element elementor-element-f3a2ee6 elementor-widget elementor-widget-image\" data-id=\"f3a2ee6\" data-element_type=\"widget\" data-widget_type=\"image.default\">\n\t\t\t\t<div class=\"elementor-widget-container\">\n\t\t\t\t\t\t\t\t\t\t\t\t\t\t\t<img width=\"300\" height=\"95\" src=\"https:\/\/motion-x.net\/wp-content\/uploads\/2021\/08\/ACCSO-Logo-rgb-slogan-300x95.png\" class=\"attachment-medium size-medium\" alt=\"\" loading=\"lazy\" srcset=\"https:\/\/motion-x.net\/wp-content\/uploads\/2021\/08\/ACCSO-Logo-rgb-slogan-300x95.png 300w, https:\/\/motion-x.net\/wp-content\/uploads\/2021\/08\/ACCSO-Logo-rgb-slogan-768x244.png 768w, https:\/\/motion-x.net\/wp-content\/uploads\/2021\/08\/ACCSO-Logo-rgb-slogan-18x6.png 18w, https:\/\/motion-x.net\/wp-content\/uploads\/2021\/08\/ACCSO-Logo-rgb-slogan.png 1000w\" sizes=\"(max-width: 300px) 100vw, 300px\" \/>\t\t\t\t\t\t\t\t\t\t\t\t\t\t\t<\/div>\n\t\t\t\t<\/div>\n\t\t\t\t\t<\/div>\n\t\t<\/div>\n\t\t\t\t\t\t\t<\/div>\n\t\t<\/section>\n\t\t\t\t<section class=\"elementor-section elementor-top-section elementor-element elementor-element-f51cca0 elementor-section-boxed elementor-section-height-default elementor-section-height-default\" data-id=\"f51cca0\" data-element_type=\"section\">\n\t\t\t\t\t\t<div class=\"elementor-container elementor-column-gap-default\">\n\t\t\t\t\t<div class=\"elementor-column elementor-col-100 elementor-top-column elementor-element elementor-element-20846da\" data-id=\"20846da\" data-element_type=\"column\">\n\t\t\t<div class=\"elementor-widget-wrap elementor-element-populated\">\n\t\t\t\t\t\t\t\t<div class=\"elementor-element elementor-element-a3865f2 elementor-widget elementor-widget-html\" data-id=\"a3865f2\" data-element_type=\"widget\" data-widget_type=\"html.default\">\n\t\t\t\t<div class=\"elementor-widget-container\">\n\t\t\t<style>\r\n       h2.projekte {\r\n        color: #0600000F;\r\n        font-family: \"Open Sans\", Sans-serif;\r\n        font-size: 100px;\r\n        font-weight: 900;\r\n        text-transform: uppercase;\r\n      }     \r\n      .portfolio h3{ color: #000000;\r\n        font-family: \"Open Sans\", Sans-serif;\r\n        font-size: 45px;\r\n        font-weight: 700;\r\n        text-transform: uppercase;\r\n        padding: 50px 0 10px;}\r\n      .portfolio h4{ color: #000000;\r\n        font-family: \"Open Sans\", Sans-serif;\r\n        font-size: 35px;\r\n        font-weight: 700;\r\n        text-transform: uppercase;\r\n        padding: 50px 0 10px;}          \r\n      .portfolio p {\r\n        color: #7a7a7a;\r\n        font-family: Roboto, sans-serif;\r\n        font-size: 15px;\r\n        font-weight: 300;\r\n        line-height: 2em;\r\n      }<\/style><div><script type=\"text\/javascript\" src=\"https:\/\/cdn.jsdelivr.net\/npm\/jquery@3.3.1\/dist\/jquery.min.js\"><\/script><link href=\"https:\/\/cdn.jsdelivr.net\/npm\/nanogallery2@3\/dist\/css\/nanogallery2.min.css\" rel=\"stylesheet\" type=\"text\/css\"\/><script type=\"text\/javascript\" src=\"https:\/\/cdn.jsdelivr.net\/npm\/nanogallery2@3\/dist\/jquery.nanogallery2.min.js\"><\/script><h2 class=\"projekte\">PROJECTS<\/h2><div class=\"portfolio\"><h3>Accso<\/h3><img src=\"https:\/\/hybrid-x-cms-assets.s3.eu-central-1.amazonaws.com\/2021\/09\/14\/Accso-Preview_uid_6140a3332d9e3.jpg\" alt=\"Accso\"\/><style>\r\n       h2.video {\r\n        color: #0600000F;\r\n        font-family: \"Open Sans\", Sans-serif;\r\n        font-size: 100px;\r\n        font-weight: 900;\r\n        text-transform: uppercase;\r\n      }     \r\n<\/style>\r\n\r\n<h2 class=\"video\">Video<\/h2>\r\n\r\n<video playsinline=\"\" poster=\"\/wp-content\/uploads\/2021\/09\/videoposter.png\" controls preload=\"meta\" src=\"https:\/\/hybrid-x-cms-assets.s3.eu-central-1.amazonaws.com\/2021\/09\/13\/Accso-Unternehmensvideo_uid_613eeecd8b9a1.mp4\"><\/video><p><h5><\/h5>Unser Fokus liegt auf anspruchsvollen, individuellen L\u00f6sungen in dynamischen Umfeldern. Von der Beratung \u00fcber Planung und Konzeption bis zu Implementierung und Betrieb bringen wir alles mit, um Ihre Organisation zu digitalisieren und neue Potenziale f\u00fcr die Zukunft zu entfalten. Digitall\u00f6sungen f\u00fcr die Mobilit\u00e4t von morgen.\r\nAls Experten f\u00fcr digitale Innovation und KI-Technologien entwickeln wir auch im Bereich Mobilit\u00e4t und Logistik nachhaltige L\u00f6sungen. Gemeinsam mit der Benz + Walter GmbH arbeiten wir z. B. an einem datenbasierten, umweltsensitiven und aktiven Verkehrsmanagement f\u00fcr das Mobilit\u00e4tsamt der Stadt Darmstadt. \r\n<h5><\/h5>Hierf\u00fcr schaffen wir eine Datenplattform, auf der alle Mobilit\u00e4tsdaten zusammengef\u00fchrt und analysiert werden. Auf dieser einheitlichen Plattform k\u00f6nnen die Daten mit weiteren Werten, z. B. Schadstoffbelastungen in der Luft, angereichert und Abh\u00e4ngigkeiten analysiert werden. Mithilfe von k\u00fcnstlicher Intelligenz wird dann eine umweltsensitive Verkehrsleitung erm\u00f6glicht und ein Beitrag zur Schadstoffreduktion geleistet. <h5><\/h5><p><h5><\/h5>vitamin.d \u2013 Energie f\u00fcr Ihre digitale Transformation\r\n\r\nDigitalisierung erfordert einen tiefgreifenden Wandel. Leistungen und Prozesse m\u00fcssen grundlegend angepasst und dabei unterschiedliche Bed\u00fcrfnisse von Anwendern, Kunden und Stakeholdern unter einen Hut gebracht werden. \r\n\r\nvitamin.d ist die Taskforce f\u00fcr digitale Innovationen bei Accso. Wir haben Markt, Organisation und Kultur im Blick und unterst\u00fctzen Sie nachhaltig, damit Sie alle Potenziale der Digitalisierung aussch\u00f6pfen k\u00f6nnen. Egal, wo Sie in Ihrem Digitalisierungsprozess stehen: ob es um eine umfassende digitale Transformation, das Redesign von Gesch\u00e4ftsmodellen oder die Aktualisierung digitaler Produkte und Services geht \u2013 vitamin.d gibt es in der richtigen Dosierung. Gemeinsam mit Ihnen erarbeiten wir innovative digitale L\u00f6sungen, die Ihren Weg in die Zukunft ebnen.<p><h5><\/h5>vitamin.d-Innovationsworkshops\r\nIn einem Innovationsworkshop widmen wir uns Ihrer konkreten Problemstellung. Innerhalb kurzer Zeit untersuchen wir diese gemeinsam mit den wichtigen Stakeholdern eingehend und entwickeln L\u00f6sungsans\u00e4tze. Thematisch gibt es dabei keine Einschr\u00e4nkungen: Technologiethemen k\u00f6nnen genauso wie Prozess- oder HR-Themen bearbeitet werden. \r\nDer Workshop liefert prim\u00e4r zwei Hauptergebnisse:\r\n\u2022 ein scharfes, geteiltes Problemverst\u00e4ndnis \u2013 das ist eine essenzielle Voraussetzung f\u00fcr jeden Umsetzungsprozess \u2013 und eine Liste gemeinsamer L\u00f6sungsans\u00e4tze f\u00fcr ein komplexes Kundenproblem. \r\n\r\nDar\u00fcber hinaus erreichen wir durch die enge, interdisziplin\u00e4re Teamarbeit sekund\u00e4re Ergebnisse: Die jeweils relevanten K\u00f6pfe vernetzen sich, die bereichs\u00fcbergreifende Kommunikation wird gest\u00e4rkt, alle Teilnehmer profitieren von den verwendeten Methoden, und insgesamt lebt der Workshop Innovationskultur vor.<p><h5><\/h5>vitamin-d.de \r\n\r\nEntwicklung von Datenplattformen f\u00fcr KI und Big Data\r\n\r\nIn einer Datenplattform lassen sich relevante Daten aus verschiedensten Quellen und Formaten zusammenf\u00fchren und f\u00fcr Big Data Analytics und KI-Anwendungen bereitstellen. Sie sorgt f\u00fcr einheitliche Governance, optimale Datensicherheit und hohe Verf\u00fcgbarkeit. Unsere Experten konzipieren zusammen mit Ihnen Ihre ma\u00dfgeschneiderte Datenplattform, auf der wir die Daten der entsprechenden Sensoren zusammenf\u00fchren. Die Plattform selbst setzen wir mit Cloud-Services oder auf Ihrer eigenen Infrastruktur um.\r\n\r\nExpertise in Internet of Things (IoT)\r\n\r\nUnsere Berater und Softwareentwickler haben einschl\u00e4gige Erfahrungen aus vergleichbaren Vorhaben. Daten der Umwelt- und Verkehrssensoren werden an die IoT-Plattform angebunden, um einen zentralen Zugriff zu erm\u00f6glichen. So realisieren wir ein ereignisorientiertes und umweltsensitives Verkehrssteuerungssystem.\r\n\r\nKonzeption und Umsetzung von KI- und Machine-Learning-Anwendungen\r\n\r\nVon der Potenzialanalyse m\u00f6glicher Einsatzbereiche von Data Science und Machine Learning \u00fcber die Konzeption und Umsetzung von ML-Prototypen, Trainings und Analysen bieten wir das volle Spektrum f\u00fcr die Extraktion von Wissen aus Ihren Daten. Unsere crossfunktionalen Teams aus AI Engineers, Data Scientists, Beratern und Projektmanagern stehen Ihnen mit geballtem Wissen und gewohnter Zuverl\u00e4ssigkeit zur Seite, damit Sie Ihre Potenziale voll aussch\u00f6pfen k\u00f6nnen.\r\n\r\nBeschleunigen Sie Ihre Digitalisierungsprojekte \u2013 mit Accso!\r\naccso.de \r\n<\/div><div class=\"portfolio\"><h3>Innovationsworkshop<\/h3><img src=\"https:\/\/hybrid-x-cms-assets.s3.eu-central-1.amazonaws.com\/2021\/09\/08\/vitamind-workshop_uid_61389e11b9af4.jpg\" alt=\"Innovationsworkshop\"\/><h4>Video<\/h4><video playsinline=\"\" controls=\"\" preload=\"meta\" src=\"https:\/\/hybrid-x-cms-assets.s3.eu-central-1.amazonaws.com\/2021\/09\/13\/VitaminD_Teaser_Master_uid_613ef9e81d75b.mp4\"><\/video><p><h5><\/h5>Innerhalb kurzer Zeit untersuchen wir gemeinsam die Herausforderung eingehend und entwickeln L\u00f6sungsans\u00e4tze. Dabei gibt es thematisch keine Einschr\u00e4nkungen. Der Workshop liefert zwei entscheidende Ergebnisse. Erstens, ein scharfes, gemeinsames Problemverst\u00e4ndnis. Dies sehen wir als eine Grundvoraussetzung f\u00fcr jede nachhaltige L\u00f6sung. Zweitens, eine Sammlung konkreter und bewerteter L\u00f6sungsans\u00e4tze. Dar\u00fcber hinaus erreichen wir durch eine intensive, interdisziplin\u00e4re Zusammenarbeit weitere Ergebnisse:\r\n\u2022 die relevanten K\u00f6pfe vernetzen sich, \r\n\u2022 die bereichs\u00fcbergreifende Zusammenarbeit wird gest\u00e4rkt, \r\n\u2022 alle Teilnehmenden profitieren von den verwendeten Methoden, \r\n\u2022 Kommunikations- und Innovationskultur werden gest\u00e4rkt.\r\n<\/p><p><h5><\/h5>Wir gehen jede Problemstellung individuell an und konzipieren ma\u00dfgeschneiderte Workshops, um Ihre Herausforderung so zielgenau wie m\u00f6glich zu l\u00f6sen. Dabei profitieren Sie von unserer langj\u00e4hrigen Erfahrung mit einer Vielzahl von methodischen Ans\u00e4tzen, wie Design Thinking, Systems Thinking, Business Modelling oder Liberating Structures. <\/p><\/div><div class=\"portfolio\"><h3>Smart Industries: IIoT und Mixed Reality<\/h3><img src=\"https:\/\/hybrid-x-cms-assets.s3.eu-central-1.amazonaws.com\/2021\/09\/14\/IoT_uid_6140a1b16025b.jpeg\" alt=\"Smart Industries: IIoT und Mixed Reality\"\/><h4>Video<\/h4><video playsinline=\"\" controls=\"\" preload=\"meta\" src=\"https:\/\/hybrid-x-cms-assets.s3.eu-central-1.amazonaws.com\/2021\/09\/13\/Accso_SmartIndustry_ITKAM_sm_comp_uid_613f43103433e.mp4\"><\/video><p><h5><\/h5>Was sind die n\u00e4chsten Schritte, die wir gehen m\u00fcssen f\u00fcr eine wettbewerbsf\u00e4hige Teilnahme am Markt? Neben der weiteren Automatisierung und der st\u00e4rkeren Vernetzung der Produktionsst\u00e4tten liegt ein entscheidender Erfolgsfaktor im Industrial Internet of Things (IIoT) sowie der Verschmelzung von virtueller und echter Realit\u00e4t zur Mixed Reality. So lassen sich komplexe Prozesse und Abh\u00e4ngigkeiten in Echtzeit darstellen und greifbar machen. <\/p><p><h5><\/h5>Mit IIoT haben Sie Ihre Maschinen- und Prozessdaten jederzeit und unabh\u00e4ngig vom Standort im Blick. Sie sind in der Lage, mit mehreren Personen gleichzeitig und standort\u00fcbergreifend an der Kontrolle und Optimierung Ihrer Anlagen und Prozesse zu arbeiten. Virtual oder Mixed Reality hat sich au\u00dferdem bei Schulungen und Trainings bew\u00e4hrt. Ohne Zeitdruck, in einer sicheren Umgebung und ohne laufende Produktionsprozesse zu st\u00f6ren, k\u00f6nnen die Mitarbeitenden jederzeit und immer wieder den korrekten Umgang mit den Anlagen \u00fcben. <\/p><p><h5><\/h5>Mit zunehmender Komplexit\u00e4t der erhobenen Daten lassen sich multiple Abh\u00e4ngigkeiten nur noch schwer mit manuellen Mitteln erfassen. Hier ist die Anwendung von Machine Learning-Verfahren ein wesentlicher Aspekt, um auch versteckte Zusammenh\u00e4nge zu erkennen und die entsprechenden Handlungsempfehlungen abzuleiten.<\/p><\/div><div class=\"portfolio\"><h3>Machine Learning<\/h3><img src=\"https:\/\/hybrid-x-cms-assets.s3.eu-central-1.amazonaws.com\/2021\/09\/08\/KI_ML_uid_61389fda49490.jpeg\" alt=\"Machine Learning\"\/><p><h5><\/h5>Die gro\u00dfen Techunternehmen zeigen die Vielseitigkeit und M\u00e4chtigkeit der k\u00fcnstlichen Intelligenzen, m\u00f6glich gemacht durch maschinelles Lernen. Digitale Assistenten k\u00f6nnen viel und lernen stetig dazu, aber k\u00f6nnen sie diesen Nutzen auch im Alltag Ihres Unternehmens nachhaltig entfalten? Was ist n\u00f6tig, um mit maschinellem Lernen einen Mehrwert im eigenen Unternehmen zu schaffen? In welchen Bereichen ist es \u00fcberhaupt sinnvoll?<\/p><p><h5><\/h5>Im Rahmen einer Potenzialanalyse analysieren wir Ihre Situation und bewerten realistische Einsatzbereiche von Machine Learning. Sie erhalten au\u00dferdem einen \u00dcberblick, welche (auch bisher ungenutzten) Daten Ihnen durch Machine Learning neues Wissen und damit einen Gesch\u00e4ftsnutzen generieren k\u00f6nnen. Aus den Ergebnissen k\u00f6nnen Sie ebenfalls ableiten, welche Ansatzpunkte sich zur Reduzierung von manuellen Aufw\u00e4nden ergeben.<p><h5><\/h5>Sie haben schon eigene Ideen zu einem m\u00f6glichen Einsatz von Machine Learning und m\u00f6chten herausfinden, wie praxistauglich diese sind? Wir validieren die M\u00f6glichkeiten und Grenzen von Machine Learning in Form eines Proof of Concepts. Als Ergebnis erhalten Sie einen ersten nutzbaren Prototypen, der veranschaulicht, wie sich Ihre Gesch\u00e4ftsprozesse mit Machine Learning effizienter gestalten lassen.\r\n<\/p><p><h5><\/h5>Als IT-Dienstleister verstehen wir uns als digitale Ma\u00dfschneider. Wir liefern Ihnen keine Standard-Anwendung, die auf Sie angepasst wird, sondern entwickeln Ihre Machine Learning-L\u00f6sung individuell nach Ihren Bed\u00fcrfnissen und unterst\u00fctzen Sie dabei, diese in Ihre vorhandene IT-Landschaft zu integrieren.<\/p><\/div><div class=\"portfolio\"><h3>Datenplattformen<\/h3><h4>Video<\/h4><video playsinline=\"\" controls=\"\" preload=\"meta\" src=\"https:\/\/hybrid-x-cms-assets.s3.eu-central-1.amazonaws.com\/2021\/09\/14\/DAnalytics-Trailer_uid_6140a4e9f4088.mp4\"><\/video><p><h5><\/h5>Um fundierte und nachhaltige Entscheidungen auf dem Weg zur Smart City oder Smart Region treffen zu k\u00f6nnen, ben\u00f6tigen wir validierte, glaubhafte Daten. Doch wo kommen diese her? Meist liegen die Daten auf mehreren Systemen verteilt vor, die unabh\u00e4ngig voneinander agieren. Zwar sind die Daten und Systeme in der Regel also lokal vorhanden, aber haben wir die Daten auch system\u00fcbergreifend im Zugriff? K\u00f6nnen die Daten in Echtzeit genutzt und verarbeitet werden? <\/p><p><h5><\/h5>Voraussetzung f\u00fcr smarte Angebote auf kommunaler oder regionaler Ebene ist es, alle relevanten Daten an einer zentralen Stelle zu b\u00fcndeln, um sie sinnvoll weiterverarbeiten zu k\u00f6nnen. Hier kommen Datenplattformen ins Spiel. In einer Datenplattform lassen sich Daten in Echtzeit aus verschiedensten Quellen und Formaten zusammenf\u00fchren und daraus mit Big Data Analytics und KI moderne und hochwertige digitale Leistungen entwickeln.<\/p><p><h5><\/h5>Unser Angebot an Sie ist es, mit Ihnen gemeinsam auf der Basis von bew\u00e4hrten Technologien, aber dennoch individuell, Ihre eigene Datenplattform zu entwickeln und On-Premise, Hybrid oder in der Cloud zu betreiben.<\/p><\/div><div class=\"portfolio\"><h3>Big Data Analytics<\/h3><img src=\"https:\/\/hybrid-x-cms-assets.s3.eu-central-1.amazonaws.com\/2021\/09\/13\/KI_BigData_uid_613efc846cae6.jpeg\" alt=\"Big Data Analytics\"\/><p><h5><\/h5>Sie haben bereits eine eigene Datenplattform? Ihnen stehen Ihre Daten in aufbereiteter Form zu Verf\u00fcgung und das auch noch in Echtzeit? Dann ist es an der Zeit, sich mit der Nutzung der Daten zu besch\u00e4ftigen. Herk\u00f6mmliche Methoden der Datenverarbeitung reichen oft aus, um erforderliche Standardberichte und Dashboards zu erstellen. Je komplexer und umfangreicher die Daten jedoch werden, desto schneller sto\u00dfen Sie mit diesen Methoden an Ihre Grenzen. Hier setzen wir mit Big Data Analytics an. <\/p><p><h5><\/h5>Gemeinsam mit Ihnen entwickeln wir Datenmodelle, die auch verborgene Zusammenh\u00e4nge in Ihren Daten aufdecken. Mithilfe von KI und dem damit verbundenen intensiven Training der Modelle erhalten Sie belastbare Erkenntnisse zur Verbesserung von bestehenden Prozessen oder auch f\u00fcr die Entwicklung neuer Leistungsangebote oder sogar Gesch\u00e4ftsmodellen.<\/p><p><h5><\/h5>Als Spezialisten f\u00fcr individuelle Software-Entwicklung unterst\u00fctzen wir sie dabei, Ihre Datenplattform weiterzuentwickeln und das volle Potential f\u00fcr die Big Data Analysen herauszuholen. Lassen Sie uns \u00fcber Ihre Vorhaben sprechen und gleich damit beginnen.\r\n<\/div><div class=\"portfolio\"><\/div><\/div>\t\t<\/div>\n\t\t\t\t<\/div>\n\t\t\t\t\t<\/div>\n\t\t<\/div>\n\t\t\t\t\t\t\t<\/div>\n\t\t<\/section>\n\t\t\t\t\t\t\t<\/div>","protected":false},"excerpt":{"rendered":"<p>\u00dcber den Aussteller Accso ist der Spezialist f\u00fcr beschleunigte IT-L\u00f6sungen und hochkar\u00e4tige Technologie- und Architekturberatung. Unser Fokus liegt auf anspruchsvollen, individuellen L\u00f6sungen in dynamischen Umfeldern. Von der Beratung \u00fcber Planung und Konzeption bis zu Implementierung und Betrieb. Zur Website Projekte Accso Video Unser Fokus liegt auf anspruchsvollen, individuellen L\u00f6sungen in dynamischen Umfeldern. Von der Beratung [&hellip;]<\/p>","protected":false},"author":1,"featured_media":6257,"parent":6508,"menu_order":0,"comment_status":"closed","ping_status":"closed","template":"","meta":[],"aioseo_notices":[],"_links":{"self":[{"href":"https:\/\/motion-x.net\/en\/wp-json\/wp\/v2\/pages\/6513"}],"collection":[{"href":"https:\/\/motion-x.net\/en\/wp-json\/wp\/v2\/pages"}],"about":[{"href":"https:\/\/motion-x.net\/en\/wp-json\/wp\/v2\/types\/page"}],"author":[{"embeddable":true,"href":"https:\/\/motion-x.net\/en\/wp-json\/wp\/v2\/users\/1"}],"replies":[{"embeddable":true,"href":"https:\/\/motion-x.net\/en\/wp-json\/wp\/v2\/comments?post=6513"}],"version-history":[{"count":4,"href":"https:\/\/motion-x.net\/en\/wp-json\/wp\/v2\/pages\/6513\/revisions"}],"predecessor-version":[{"id":7011,"href":"https:\/\/motion-x.net\/en\/wp-json\/wp\/v2\/pages\/6513\/revisions\/7011"}],"up":[{"embeddable":true,"href":"https:\/\/motion-x.net\/en\/wp-json\/wp\/v2\/pages\/6508"}],"wp:featuredmedia":[{"embeddable":true,"href":"https:\/\/motion-x.net\/en\/wp-json\/wp\/v2\/media\/6257"}],"wp:attachment":[{"href":"https:\/\/motion-x.net\/en\/wp-json\/wp\/v2\/media?parent=6513"}],"curies":[{"name":"wp","href":"https:\/\/api.w.org\/{rel}","templated":true}]}}