{"id":6511,"date":"2021-09-15T11:40:57","date_gmt":"2021-09-15T11:40:57","guid":{"rendered":"https:\/\/motion-x.net\/?page_id=6511"},"modified":"2021-10-21T08:39:59","modified_gmt":"2021-10-21T08:39:59","slug":"teralytics-ag","status":"publish","type":"page","link":"https:\/\/motion-x.net\/en\/ausstellerinhalte-2-2\/teralytics-ag\/","title":{"rendered":"Teralytics AG"},"content":{"rendered":"<div data-elementor-type=\"wp-page\" data-elementor-id=\"6511\" class=\"elementor elementor-6511\">\n\t\t\t\t\t\t\t\t\t<section class=\"elementor-section elementor-top-section elementor-element elementor-element-3cd2d30e elementor-section-content-middle elementor-reverse-mobile elementor-section-boxed elementor-section-height-default elementor-section-height-default\" data-id=\"3cd2d30e\" data-element_type=\"section\">\n\t\t\t\t\t\t<div class=\"elementor-container elementor-column-gap-no\">\n\t\t\t\t\t<div class=\"elementor-column elementor-col-50 elementor-top-column elementor-element elementor-element-46af0d14\" data-id=\"46af0d14\" data-element_type=\"column\">\n\t\t\t<div class=\"elementor-widget-wrap elementor-element-populated\">\n\t\t\t\t\t\t\t\t<div class=\"elementor-element elementor-element-10d59b41 elementor-widget elementor-widget-heading\" data-id=\"10d59b41\" data-element_type=\"widget\" data-widget_type=\"heading.default\">\n\t\t\t\t<div class=\"elementor-widget-container\">\n\t\t\t<h4 class=\"elementor-heading-title elementor-size-default\">\u00dcber den Aussteller<\/h4>\t\t<\/div>\n\t\t\t\t<\/div>\n\t\t\t\t<div class=\"elementor-element elementor-element-46debd93 elementor-widget elementor-widget-text-editor\" data-id=\"46debd93\" data-element_type=\"widget\" data-widget_type=\"text-editor.default\">\n\t\t\t\t<div class=\"elementor-widget-container\">\n\t\t\t\t\t\t\t<p>Advanced Analytics f\u00fcr das neue Mobilit\u00e4tszeitalter<\/p>\t\t\t\t\t\t<\/div>\n\t\t\t\t<\/div>\n\t\t\t\t<div class=\"elementor-element elementor-element-405a760c elementor-widget elementor-widget-button\" data-id=\"405a760c\" data-element_type=\"widget\" data-widget_type=\"button.default\">\n\t\t\t\t<div class=\"elementor-widget-container\">\n\t\t\t\t\t<div class=\"elementor-button-wrapper\">\n\t\t\t<a href=\"https:\/\/www.teralytics.net\/de\/\" class=\"elementor-button-link elementor-button elementor-size-sm elementor-animation-grow\" role=\"button\">\n\t\t\t\t\t\t<span class=\"elementor-button-content-wrapper\">\n\t\t\t\t\t\t<span class=\"elementor-button-text\">Zur Website<\/span>\n\t\t<\/span>\n\t\t\t\t\t<\/a>\n\t\t<\/div>\n\t\t\t\t<\/div>\n\t\t\t\t<\/div>\n\t\t\t\t\t<\/div>\n\t\t<\/div>\n\t\t\t\t<div class=\"elementor-column elementor-col-50 elementor-top-column elementor-element elementor-element-643a6c8\" data-id=\"643a6c8\" data-element_type=\"column\">\n\t\t\t<div class=\"elementor-widget-wrap elementor-element-populated\">\n\t\t\t\t\t\t\t\t<div class=\"elementor-element elementor-element-22463581 elementor-widget elementor-widget-image\" data-id=\"22463581\" data-element_type=\"widget\" data-widget_type=\"image.default\">\n\t\t\t\t<div class=\"elementor-widget-container\">\n\t\t\t\t\t\t\t\t\t\t\t\t\t\t\t<img width=\"300\" height=\"163\" src=\"https:\/\/motion-x.net\/wp-content\/uploads\/2021\/09\/tera_uid_613b1c8de566b-300x163.png\" class=\"attachment-medium size-medium\" alt=\"\" loading=\"lazy\" srcset=\"https:\/\/motion-x.net\/wp-content\/uploads\/2021\/09\/tera_uid_613b1c8de566b-300x163.png 300w, https:\/\/motion-x.net\/wp-content\/uploads\/2021\/09\/tera_uid_613b1c8de566b-768x416.png 768w, https:\/\/motion-x.net\/wp-content\/uploads\/2021\/09\/tera_uid_613b1c8de566b-18x10.png 18w, https:\/\/motion-x.net\/wp-content\/uploads\/2021\/09\/tera_uid_613b1c8de566b.png 960w\" sizes=\"(max-width: 300px) 100vw, 300px\" \/>\t\t\t\t\t\t\t\t\t\t\t\t\t\t\t<\/div>\n\t\t\t\t<\/div>\n\t\t\t\t\t<\/div>\n\t\t<\/div>\n\t\t\t\t\t\t\t<\/div>\n\t\t<\/section>\n\t\t\t\t<section class=\"elementor-section elementor-top-section elementor-element elementor-element-eb6dd48 elementor-section-boxed elementor-section-height-default elementor-section-height-default\" data-id=\"eb6dd48\" data-element_type=\"section\">\n\t\t\t\t\t\t<div class=\"elementor-container elementor-column-gap-default\">\n\t\t\t\t\t<div class=\"elementor-column elementor-col-100 elementor-top-column elementor-element elementor-element-d9d0f97\" data-id=\"d9d0f97\" data-element_type=\"column\">\n\t\t\t<div class=\"elementor-widget-wrap elementor-element-populated\">\n\t\t\t\t\t\t\t\t<div class=\"elementor-element elementor-element-86ec78a elementor-widget elementor-widget-html\" data-id=\"86ec78a\" data-element_type=\"widget\" data-widget_type=\"html.default\">\n\t\t\t\t<div class=\"elementor-widget-container\">\n\t\t\t<style>\r\n       h2.projekte {\r\n        color: #0600000F;\r\n        font-family: \"Open Sans\", Sans-serif;\r\n        font-size: 100px;\r\n        font-weight: 900;\r\n        text-transform: uppercase;\r\n      }     \r\n      .portfolio h3{ color: #000000;\r\n        font-family: \"Open Sans\", Sans-serif;\r\n        font-size: 45px;\r\n        font-weight: 700;\r\n        text-transform: uppercase;\r\n        padding: 50px 0 10px;}\r\n      .portfolio h4{ color: #000000;\r\n        font-family: \"Open Sans\", Sans-serif;\r\n        font-size: 35px;\r\n        font-weight: 700;\r\n        text-transform: uppercase;\r\n        padding: 50px 0 10px;}          \r\n      .portfolio p {\r\n        color: #7a7a7a;\r\n        font-family: Roboto, sans-serif;\r\n        font-size: 15px;\r\n        font-weight: 300;\r\n        line-height: 2em;\r\n      }<\/style>\r\n\r\n<h2 class=\"video\"><b>VIDEO<\/b><\/h2>\r\n\r\n<video playsinline=\"\" poster=\"\/wp-content\/uploads\/2021\/09\/videoposter.png\" controls preload=\"meta\" src=\"https:\/\/hybrid-x-cms-assets.s3.eu-central-1.amazonaws.com\/2021\/09\/06\/Teralytics_Matrix_Deutsch_uid_6135dae077e3a.mp4\"><\/video>\r\n\t\t<\/div>\n\t\t\t\t<\/div>\n\t\t\t\t\t<\/div>\n\t\t<\/div>\n\t\t\t\t\t\t\t<\/div>\n\t\t<\/section>\n\t\t\t\t<section class=\"elementor-section elementor-top-section elementor-element elementor-element-eb69bd5 elementor-section-boxed elementor-section-height-default elementor-section-height-default\" data-id=\"eb69bd5\" data-element_type=\"section\">\n\t\t\t\t\t\t<div class=\"elementor-container elementor-column-gap-default\">\n\t\t\t\t\t<div class=\"elementor-column elementor-col-100 elementor-top-column elementor-element elementor-element-0e3c73d\" data-id=\"0e3c73d\" data-element_type=\"column\">\n\t\t\t<div class=\"elementor-widget-wrap elementor-element-populated\">\n\t\t\t\t\t\t\t\t<div class=\"elementor-element elementor-element-95a0a93 elementor-widget elementor-widget-html\" data-id=\"95a0a93\" data-element_type=\"widget\" data-widget_type=\"html.default\">\n\t\t\t\t<div class=\"elementor-widget-container\">\n\t\t\t<style>\r\n       h2.projekte {\r\n        color: #0600000F;\r\n        font-family: \"Open Sans\", Sans-serif;\r\n        font-size: 100px;\r\n        font-weight: 900;\r\n        text-transform: uppercase;\r\n      }     \r\n      .portfolio h3{ color: #000000;\r\n        font-family: \"Open Sans\", Sans-serif;\r\n        font-size: 45px;\r\n        font-weight: 700;\r\n        text-transform: uppercase;\r\n        padding: 50px 0 10px;}\r\n      .portfolio h4{ color: #000000;\r\n        font-family: \"Open Sans\", Sans-serif;\r\n        font-size: 35px;\r\n        font-weight: 700;\r\n        text-transform: uppercase;\r\n        padding: 50px 0 10px;}          \r\n      .portfolio p {\r\n        color: #7a7a7a;\r\n        font-family: Roboto, sans-serif;\r\n        font-size: 15px;\r\n        font-weight: 300;\r\n        line-height: 2em;\r\n      }<\/style><div><script type=\"text\/javascript\" src=\"https:\/\/cdn.jsdelivr.net\/npm\/jquery@3.3.1\/dist\/jquery.min.js\"><\/script><link href=\"https:\/\/cdn.jsdelivr.net\/npm\/nanogallery2@3\/dist\/css\/nanogallery2.min.css\" rel=\"stylesheet\" type=\"text\/css\"\/><script type=\"text\/javascript\" src=\"https:\/\/cdn.jsdelivr.net\/npm\/nanogallery2@3\/dist\/jquery.nanogallery2.min.js\"><\/script><h2 class=\"projekte\">PROJECTS<\/h2><div class=\"portfolio\"><h3>Bewegungsdatenanalysen auf Grundlage von anonymisierten Mobilfunkdaten<\/h3><p><h5><\/h5>Inklusivit\u00e4t - Die einzigartige Technologie von Teralytics bezieht Erkenntnisse \u00fcber die gesamte Bev\u00f6lkerung aus der einzigen Quelle, welche Mobilit\u00e4ts-Nachfrage genau widerspiegelt: Mobilfunksignale.\r\n\r\nMobilit\u00e4ts-Know-how  - Unsere Expertise in der Datenwissenschaft wird von unserem Know-how in den Bereichen Transport und Mobilit\u00e4t erg\u00e4nzt. Unser Hauptaugenmerk liegt auf der Verbesserung der Mobilit\u00e4t der Menschen auf der ganzen Welt. Wir verstehen die unterschiedlichen Priorit\u00e4ten, \r\nHerausforderungen und Arbeitsmethoden von Verkehrsplanern, Transportunternehmen, Infrastruktureigent\u00fcmern und Automobil-OEMs weltweit.<p><h5><\/h5>Globaler Einblick \u2013 Dank unserer globalen Reichweite k\u00f6nnen wir unsere Erkenntnisse \u00fcber Grenzen hinweg anwenden und wissen, wie sich neue Mobilit\u00e4tstrends auf die Mobilit\u00e4t der Menschen auswirken \u2013 egal an welchem Ort.\r\n\r\nProduktorientierter Ansatz \u2013 Unsere Produkte werden kontinuierlich auf Basis unserer globalen Erfahrung weiterentwickelt, sodass unsere Kunden von unseren Best Practices und neuen Erkenntnissen profitieren.\r\n\r\nEs gibt eine Vielzahl an anderen Methoden, um zu verstehen, wie Menschen sich fortbewegen.<p><h5><\/h5>In der Vergangenheit erhielten wir durch Bev\u00f6lkerungserhebungen und physische Z\u00e4hler jedoch nur einen eingeschr\u00e4nkten Blick auf die Mobilit\u00e4t der Menschen, der zudem mit hohen Kosten und einem hohen Ma\u00df an betrieblicher Komplexit\u00e4t verbunden war. Es dauerte Jahre, dieses unvollst\u00e4ndige Wissen zu sammeln, und bevor es genutzt werden konnte, war es bereits veraltet. Das Messen der Auswirkungen von neuen Entwicklungen und dem Einsatz neuer Technik \u2013 ganz zu schweigen von der Validierung von Annahmen \u2013 war daher bisher unm\u00f6glich.\r\n\r\nAndere Methoden, zum Beispiel auf Basis GPS-gest\u00fctzter mobiler Anwendungen, spiegeln nicht die Bev\u00f6lkerung als Ganzes wider.<p><h5><\/h5>Teralytics arbeitet ausschlie\u00dflich mit anonymisierten Daten, die gruppiert werden, um Erkenntnisse auf Bev\u00f6lkerungsebene zu erhalten. Teralytics erf\u00fcllt die Bestimmungen der DSGVO und ist ISO 27001-zertifiziert. Wir erf\u00fcllen s\u00e4mtliche internationalen Datenschutz- und Sicherheitsstandards, die in den Regionen und L\u00e4ndern gelten, in denen wir t\u00e4tig sind.\r\n<\/div><\/div>\t\t<\/div>\n\t\t\t\t<\/div>\n\t\t\t\t\t<\/div>\n\t\t<\/div>\n\t\t\t\t\t\t\t<\/div>\n\t\t<\/section>\n\t\t\t\t\t\t\t<\/div>","protected":false},"excerpt":{"rendered":"<p>\u00dcber den Aussteller Advanced Analytics f\u00fcr das neue Mobilit\u00e4tszeitalter Zur Website VIDEO Projekte Bewegungsdatenanalysen auf Grundlage von anonymisierten Mobilfunkdaten Inklusivit\u00e4t &#8211; Die einzigartige Technologie von Teralytics bezieht Erkenntnisse \u00fcber die gesamte Bev\u00f6lkerung aus der einzigen Quelle, welche Mobilit\u00e4ts-Nachfrage genau widerspiegelt: Mobilfunksignale. Mobilit\u00e4ts-Know-how &#8211; Unsere Expertise in der Datenwissenschaft wird von unserem Know-how in den Bereichen [&hellip;]<\/p>","protected":false},"author":1,"featured_media":6250,"parent":6508,"menu_order":0,"comment_status":"closed","ping_status":"closed","template":"","meta":[],"aioseo_notices":[],"_links":{"self":[{"href":"https:\/\/motion-x.net\/en\/wp-json\/wp\/v2\/pages\/6511"}],"collection":[{"href":"https:\/\/motion-x.net\/en\/wp-json\/wp\/v2\/pages"}],"about":[{"href":"https:\/\/motion-x.net\/en\/wp-json\/wp\/v2\/types\/page"}],"author":[{"embeddable":true,"href":"https:\/\/motion-x.net\/en\/wp-json\/wp\/v2\/users\/1"}],"replies":[{"embeddable":true,"href":"https:\/\/motion-x.net\/en\/wp-json\/wp\/v2\/comments?post=6511"}],"version-history":[{"count":4,"href":"https:\/\/motion-x.net\/en\/wp-json\/wp\/v2\/pages\/6511\/revisions"}],"predecessor-version":[{"id":7225,"href":"https:\/\/motion-x.net\/en\/wp-json\/wp\/v2\/pages\/6511\/revisions\/7225"}],"up":[{"embeddable":true,"href":"https:\/\/motion-x.net\/en\/wp-json\/wp\/v2\/pages\/6508"}],"wp:featuredmedia":[{"embeddable":true,"href":"https:\/\/motion-x.net\/en\/wp-json\/wp\/v2\/media\/6250"}],"wp:attachment":[{"href":"https:\/\/motion-x.net\/en\/wp-json\/wp\/v2\/media?parent=6511"}],"curies":[{"name":"wp","href":"https:\/\/api.w.org\/{rel}","templated":true}]}}