{"id":6509,"date":"2021-09-15T11:41:26","date_gmt":"2021-09-15T11:41:26","guid":{"rendered":"https:\/\/motion-x.net\/?page_id=6509"},"modified":"2021-10-18T13:27:11","modified_gmt":"2021-10-18T13:27:11","slug":"yunex-traffic","status":"publish","type":"page","link":"https:\/\/motion-x.net\/en\/ausstellerinhalte-2-2\/yunex-traffic\/","title":{"rendered":"Yunex Traffic"},"content":{"rendered":"<div data-elementor-type=\"wp-page\" data-elementor-id=\"6509\" class=\"elementor elementor-6509\">\n\t\t\t\t\t\t\t\t\t<section class=\"elementor-section elementor-top-section elementor-element elementor-element-786b9e5e elementor-section-content-middle elementor-reverse-mobile elementor-section-boxed elementor-section-height-default elementor-section-height-default\" data-id=\"786b9e5e\" data-element_type=\"section\">\n\t\t\t\t\t\t<div class=\"elementor-container elementor-column-gap-no\">\n\t\t\t\t\t<div class=\"elementor-column elementor-col-50 elementor-top-column elementor-element elementor-element-10bb8c67\" data-id=\"10bb8c67\" data-element_type=\"column\">\n\t\t\t<div class=\"elementor-widget-wrap elementor-element-populated\">\n\t\t\t\t\t\t\t\t<div class=\"elementor-element elementor-element-9d8e786 elementor-widget elementor-widget-heading\" data-id=\"9d8e786\" data-element_type=\"widget\" data-widget_type=\"heading.default\">\n\t\t\t\t<div class=\"elementor-widget-container\">\n\t\t\t<h4 class=\"elementor-heading-title elementor-size-default\">\u00dcber den Aussteller<\/h4>\t\t<\/div>\n\t\t\t\t<\/div>\n\t\t\t\t<div class=\"elementor-element elementor-element-40b91f9e elementor-widget elementor-widget-text-editor\" data-id=\"40b91f9e\" data-element_type=\"widget\" data-widget_type=\"text-editor.default\">\n\t\t\t\t<div class=\"elementor-widget-container\">\n\t\t\t\t\t\t\tYunex GmbH agiert seit dem 01. Juli unter der Marke Yunex Traffic als Unternehmen der Siemens Mobility GmbH und ist f\u00fchrend im Bereich des adaptiven Verkehrsmanagements, der Automatisierung von Autobahnen und Tunneln sowie der intelligenten L\u00f6sungen f\u00fcr V2X und Mautsysteme.\t\t\t\t\t\t<\/div>\n\t\t\t\t<\/div>\n\t\t\t\t<div class=\"elementor-element elementor-element-5aa5535b elementor-widget elementor-widget-button\" data-id=\"5aa5535b\" data-element_type=\"widget\" data-widget_type=\"button.default\">\n\t\t\t\t<div class=\"elementor-widget-container\">\n\t\t\t\t\t<div class=\"elementor-button-wrapper\">\n\t\t\t<a href=\"https:\/\/www.yunextraffic.com\/global\/de\/\" class=\"elementor-button-link elementor-button elementor-size-sm elementor-animation-grow\" role=\"button\">\n\t\t\t\t\t\t<span class=\"elementor-button-content-wrapper\">\n\t\t\t\t\t\t<span class=\"elementor-button-text\">Zur Website<\/span>\n\t\t<\/span>\n\t\t\t\t\t<\/a>\n\t\t<\/div>\n\t\t\t\t<\/div>\n\t\t\t\t<\/div>\n\t\t\t\t\t<\/div>\n\t\t<\/div>\n\t\t\t\t<div class=\"elementor-column elementor-col-50 elementor-top-column elementor-element elementor-element-29ccda42\" data-id=\"29ccda42\" data-element_type=\"column\">\n\t\t\t<div class=\"elementor-widget-wrap elementor-element-populated\">\n\t\t\t\t\t\t\t\t<div class=\"elementor-element elementor-element-369b67c1 elementor-widget elementor-widget-image\" data-id=\"369b67c1\" data-element_type=\"widget\" data-widget_type=\"image.default\">\n\t\t\t\t<div class=\"elementor-widget-container\">\n\t\t\t\t\t\t\t\t\t\t\t\t\t\t\t<img width=\"300\" height=\"131\" src=\"https:\/\/motion-x.net\/wp-content\/uploads\/2021\/09\/YUNEXTRAFFIC_ASiemensBusiness_RGB_black_800px-1_uid_6135ce32de361-300x131.png\" class=\"attachment-medium size-medium\" alt=\"\" loading=\"lazy\" srcset=\"https:\/\/motion-x.net\/wp-content\/uploads\/2021\/09\/YUNEXTRAFFIC_ASiemensBusiness_RGB_black_800px-1_uid_6135ce32de361-300x131.png 300w, https:\/\/motion-x.net\/wp-content\/uploads\/2021\/09\/YUNEXTRAFFIC_ASiemensBusiness_RGB_black_800px-1_uid_6135ce32de361-768x334.png 768w, https:\/\/motion-x.net\/wp-content\/uploads\/2021\/09\/YUNEXTRAFFIC_ASiemensBusiness_RGB_black_800px-1_uid_6135ce32de361-18x8.png 18w, https:\/\/motion-x.net\/wp-content\/uploads\/2021\/09\/YUNEXTRAFFIC_ASiemensBusiness_RGB_black_800px-1_uid_6135ce32de361.png 800w\" sizes=\"(max-width: 300px) 100vw, 300px\" \/>\t\t\t\t\t\t\t\t\t\t\t\t\t\t\t<\/div>\n\t\t\t\t<\/div>\n\t\t\t\t\t<\/div>\n\t\t<\/div>\n\t\t\t\t\t\t\t<\/div>\n\t\t<\/section>\n\t\t\t\t<section class=\"elementor-section elementor-top-section elementor-element elementor-element-f56f807 elementor-section-boxed elementor-section-height-default elementor-section-height-default\" data-id=\"f56f807\" data-element_type=\"section\">\n\t\t\t\t\t\t<div class=\"elementor-container elementor-column-gap-default\">\n\t\t\t\t\t<div class=\"elementor-column elementor-col-100 elementor-top-column elementor-element elementor-element-1eb131c\" data-id=\"1eb131c\" data-element_type=\"column\">\n\t\t\t<div class=\"elementor-widget-wrap elementor-element-populated\">\n\t\t\t\t\t\t\t\t<div class=\"elementor-element elementor-element-ce6970f elementor-widget elementor-widget-html\" data-id=\"ce6970f\" data-element_type=\"widget\" data-widget_type=\"html.default\">\n\t\t\t\t<div class=\"elementor-widget-container\">\n\t\t\t<style>\r\n       h2.projekte {\r\n        color: #0600000F;\r\n        font-family: \"Open Sans\", Sans-serif;\r\n        font-size: 100px;\r\n        font-weight: 900;\r\n        text-transform: uppercase;\r\n      }     \r\n      .portfolio h3{ color: #000000;\r\n        font-family: \"Open Sans\", Sans-serif;\r\n        font-size: 45px;\r\n        font-weight: 700;\r\n        text-transform: uppercase;\r\n        padding: 50px 0 10px;}\r\n      .portfolio h4{ color: #000000;\r\n        font-family: \"Open Sans\", Sans-serif;\r\n        font-size: 35px;\r\n        font-weight: 700;\r\n        text-transform: uppercase;\r\n        padding: 50px 0 10px;}          \r\n      .portfolio p {\r\n        color: #7a7a7a;\r\n        font-family: Roboto, sans-serif;\r\n        font-size: 15px;\r\n        font-weight: 300;\r\n        line-height: 2em;\r\n      }<\/style><div><script type=\"text\/javascript\" src=\"https:\/\/cdn.jsdelivr.net\/npm\/jquery@3.3.1\/dist\/jquery.min.js\"><\/script><link href=\"https:\/\/cdn.jsdelivr.net\/npm\/nanogallery2@3\/dist\/css\/nanogallery2.min.css\" rel=\"stylesheet\" type=\"text\/css\"\/><script type=\"text\/javascript\" src=\"https:\/\/cdn.jsdelivr.net\/npm\/nanogallery2@3\/dist\/jquery.nanogallery2.min.js\"><\/script><h2 class=\"projekte\">PROJECTS<\/h2><div class=\"portfolio\"><style>\r\n       h2.video {\r\n        color: #0600000F;\r\n        font-family: \"Open Sans\", Sans-serif;\r\n        font-size: 100px;\r\n        font-weight: 900;\r\n        text-transform: uppercase;\r\n      }     \r\n<\/style>\r\n\r\n\r\n\r\n<video playsinline=\"\" poster=\"\/wp-content\/uploads\/2021\/09\/videoposter.png\" controls preload=\"meta\" src=\"https:\/\/hybrid-x-cms-assets.s3.eu-central-1.amazonaws.com\/2021\/09\/01\/YunexTraffic-AbbinderClaim_uid_612f8832b7881.mp4\"><\/video>\r\n<h3>Traffic Management Platform<\/h3><img src=\"https:\/\/hybrid-x-cms-assets.s3.eu-central-1.amazonaws.com\/2021\/09\/01\/P1_Traffic-Management-Platform-1_uid_612f87968b881.JPG\" alt=\"Traffic Management Platform\"\/><p><h5><\/h5>Der Verkehr in und zwischen St\u00e4dten nimmt zu \u2013 und damit die Herausforderungen an das Verkehrsmanagement. Wie l\u00e4sst sich die Kapazit\u00e4t der Stra\u00dfe so nutzen, dass Staus und Unf\u00e4lle vermieden werden? Wie kann der Verkehr in der Stadt klima- und umweltfreundlicher gestaltet werden? Und wie l\u00e4sst sich das mit dem Grundbed\u00fcrfnis nach Mobilit\u00e4t vereinbaren? Klassische Verkehrsmanagementsysteme sind in der Regel auf eine bestimmte Anzahl von Funktionen und eine bestimmte Anzahl von Handlungsalternativen beschr\u00e4nkt. Folgendes stellt selbst die erfahrensten Verkehrsbetreiber der Welt vor gro\u00dfe Herausforderungen, vor allem in Anbetracht des disruptiven und sich st\u00e4ndig weiterentwickelnden st\u00e4dtischen und interurbanen Mobilit\u00e4tslandschaft:\r\n- Die Schadstoffemissionen m\u00fcssen zu jeder Zeit unter Kontrolle und unterhalb akzeptabler Schwellenwerte gehalten werden.\r\n- Verhinderung von und Reaktion auf \u00dcberlastungen an den \u00dcberg\u00e4ngen von Autobahnnetz und dem st\u00e4dtischen Raum.\r\n<\/div><div class=\"portfolio\"><h3>Connected Mobility<\/h3><img src=\"https:\/\/hybrid-x-cms-assets.s3.eu-central-1.amazonaws.com\/2021\/09\/01\/P2_Connected-Mobility_uid_612f87963684f.jpeg\" alt=\"Connected Mobility\"\/><p><h4>Video<\/h4><video playsinline=\"\" controls=\"\" preload=\"meta\" src=\"https:\/\/hybrid-x-cms-assets.s3.eu-central-1.amazonaws.com\/2021\/09\/01\/P2_Connected-Mobility_uid_612f882f784a0.mp4\"><\/video><h5><\/h5>Nutzen Sie die M\u00f6glichkeiten moderner Kommunikation f\u00fcr mehr Informationen und Sicherheit im Stra\u00dfenverkehr.\r\nUnsere Verkehrsmanagement-Plattform unterst\u00fctzt dank zahlreicher integrierter Funktionen die nahtlose Kommunikation mit vernetzen Fahrzeugen. So erweitern Sie die Reichweite Ihres Verkehrsmanagements und unterst\u00fctzen Mobilit\u00e4tsteilnehmer mit aktuellen Daten zur Verkehrssituation.<p><h5><\/h5>Informationsmanagement bei Ereignissen\r\n-\tDirekte Benachrichtigung von Verkehrsteilnehmern zu St\u00f6rungen, Baustellen oder anderen Ereignissen \u00fcber die On-Board-Displays in vernetzten Fahrzeugen\r\n-\tZus\u00e4tzliche Hinweise f\u00fcr die Fahrer, wie Geschwindigkeits- oder Gewichtsbegrenzungen <p><h5><\/h5>Verkehrsbeeinflussung\r\n-\tDynamische Anpassung von Geschwindigkeitsbegrenzungen und Spurhinweisen \u00fcber virtuelle Anzeigen in den Fahrzeugen<\/div><div class=\"portfolio\"><h3>Digitale Mobilit\u00e4tsservice (VMZ)<\/h3><img src=\"https:\/\/hybrid-x-cms-assets.s3.eu-central-1.amazonaws.com\/2021\/09\/01\/P3_Mobilittsmonitore-der-VMZ-Berlin-1_uid_612f8794aed58.jpg\" alt=\"Digitale Mobilit\u00e4tsservice (VMZ)\"\/><p><h5><\/h5>Zeitgem\u00e4\u00dfe, stadtvertr\u00e4gliche Mobilit\u00e4t ist die Kernkompetenz der VMZ Berlin. Ob zu Fu\u00df, per Fahrrad, Auto, Bus, Bahn oder Flugzeug: Wer unterwegs ist, soll sicher, schnell, bequem und effizient vorankommen. Daf\u00fcr entwickeln wir Konzepte zum Verkehrsmanagement, realisieren und betreiben Informationsdienste oder widmen uns der Forschung zur Zukunft des Verkehrs.<p><h5><\/h5>Um gut voranzukommen, muss man alle M\u00f6glichkeiten kennen. Deshalb entwickelt die VMZ intermodale Informationsdienste. Sie zeigen die aktuelle Verkehrslage und nennen verf\u00fcgbare Optionen. Die Infodienste schlie\u00dfen neben klassischen Verkehrstr\u00e4gern wie das Rad, den \u00d6PNV oder das Auto auch flexible Angebote wie Car Sharing, Mietr\u00e4der und Taxi und selbst Rahmenbedingungen wie E-Ladestationen, Tankstellen oder das Baustellengeschehen mit ein. Unsere Leistungen reichen dabei vom grundlegenden Mobilit\u00e4tskonzept, \u00fcber den Aufbau von Mobilit\u00e4tsagenturen bis zur Realisierung und zum technischen Betrieb der L\u00f6sungen.<p><h5><\/h5>Die Mobilit\u00e4tsinformationen der VMZ Berlin lassen sich problemlos in Oberfl\u00e4chen einbinden.\r\n\u2022\tDurch den Einsatz eines bew\u00e4hrten App-Baukastens, k\u00f6nnen diese Informationen Nutzern von Smartphones effizient bereitgestellt werden. VMZ realisiert von spezifischen Verkehrstr\u00e4geranwendungen bis hin zu intermodalen Anwendungen f\u00fcr ganze Regionen passende Mobilit\u00e4tsapps\r\n\u2022\tNeben der mobilen Bereitstellung bieten die browserbasierten Webanwendungen der VMZ die M\u00f6glichkeiten die kombinierten Mobilit\u00e4tsinhalte zu nutzen.<\/div><div class=\"portfolio\"><h3>SiMission Datenanalyse<\/h3><img src=\"https:\/\/hybrid-x-cms-assets.s3.eu-central-1.amazonaws.com\/2021\/09\/14\/P4_SiMission-Datenanalyse_uid_614060d6acd8f.jpeg\" alt=\"SiMission Datenanalyse\"\/><p><h5><\/h5>Das Frontend SiMission erm\u00f6glicht dem Anwender einfache selbstst\u00e4ndige Datenanalysen und die Visualisierung von Ergebnissen auf Basis der Datenplattfrom Synapses.\r\nSiMission bietet die Transparenz, die eine Stadt sowohl f\u00fcr ein operatives Verkehrsmanagement als auch f\u00fcr verkehrsplanerische Zwecke ben\u00f6tigt. Auf einfache Weise werden alle verkehrs- und umweltrelevanten Daten in einer Karte angezeigt, Anomalien werden hervorgehoben, um die Aufmerksamkeit auf die relevanten HotSpots zu lenken. Durch spezifisch definierbare KPI\u2019s f\u00fcr Verkehr und Umwelt l\u00e4sst sich die Gesamtsituation eine Stadt \u00fcbersichtlich zusammenfassen.<p><h5><\/h5>Mit SiMission kann die Einhaltung der Schadstoffgrenzwerte kontinuierliche verfolgt werden und bei Bedarf fr\u00fchzeitig Ma\u00dfnahmen an ein operative Verkehrsmanagement \u00fcbergeben werden. Prognosen der wichtigsten Schadstoffwerte unterst\u00fctzen die proaktive Einflussnahme.\r\nSiMission bietet die M\u00f6glichkeit, historische Daten zu analysieren, Verkehrsmuster zu beobachten und Korrelationen zwischen Verkehrs-, Umwelt und Wetterdaten herzustellen. Auch lassen sich Wirkungen von Ma\u00dfnahmen analysieren.<p><h5><\/h5>Die Qualit\u00e4t der angebunden Datenquellen wird laufend auf Plausibili\u00e4t und Vollst\u00e4ndigkeit \u00fcberwacht und analysiert. Das dient als Ma\u00df f\u00fcr die Aussagef\u00e4higkeit der Datenanalysen und zur Priorisierung von m\u00f6glichen Serviceeins\u00e4tzen aufgrund gest\u00f6rter Infrastruktur.\r\n<\/div><div class=\"portfolio\"><h3>iqTraffic<\/h3><img src=\"https:\/\/hybrid-x-cms-assets.s3.eu-central-1.amazonaws.com\/2021\/09\/14\/P5_iqTraffic_uid_6140619e1d47b.png\" alt=\"iqTraffic\"\/><p><h5><\/h5>Sie sind Hubs, die Daten und Akteure vernetzen: Verkehrsteilnehmer und -dienstleister, Verwaltung und Planung, Polizei und Rettungsdienste, WWW und Medien. VMZ konzipiert, entwickelt und betreibt komplette Zentralen, liefert Software f\u00fcr Analyse und Steuerung, managt Datenfl\u00fcsse, bindet externe Datenquellen ein, plant und realisiert Messpunkte, entwickelt St\u00f6rfallkonzepte oder betreibt die Technik \u2013 als anbieterneutraler Partner. Infos in Echtzeit, die neben allen Verkehrsarten auch Infrastrukturen einschlie\u00dfen, ebnen dabei den Weg zur netz\u00fcbergreifenden Multimodalit\u00e4t und zeitgem\u00e4\u00dfer Mobilit\u00e4t. <p><h5><\/h5>Mit dem von VMZ entwickelten Tool steuern Berlins Experten in den Leitstellen, bei Polizei und Verwaltung die Qualit\u00e4t von Umwelt und Verkehr in der Hauptstadt. iQ traffic \u00fcberwacht die Qualit\u00e4t des Verkehrs berlinweit und kontinuierlich. Neben der Verkehrsqualit\u00e4t im motorisierten Individualverkehr und im \u00f6ffentlichen Verkehr werden die verkehrsbedingten Luftschadstoff- und L\u00e4rmbelastungen, sowie die Unfallsituation ermittelt. Zeigt sich eine dauerhafte Verschlechterung auf einzelnen Abschnitten oder in ganzen Bereichen des Hauptverkehrsstra\u00dfennetzes, k\u00f6nnen mithilfe des iQ Traffic die Ursachen (z. B. Havarie, Baustellen) und Zusammenh\u00e4nge zeitnah analysiert werden, um geeignete Ma\u00dfnahmen zur St\u00f6rungsbehebung zu ergreifen.<p><h5><\/h5>Die Echtzeitdaten des \u00d6PNV werden \u00fcber VDV-Schnittstellen von der BVG zur Verf\u00fcgung gestellt. Es werden \u00d6PNV-Meldungen zur Bus-, Tram- und U-Bahn-Flotte \u00fcbertragen und verarbeitet. Die VIS-Schnittstelle (VDV 453) versorgt die Verkehrsinformationszentrale mit aktuellen Geokoordinaten und Informationen zur Versp\u00e4tung f\u00fcr die gesamte Bus-, Tram- und U-Bahn-Flotte.<\/div><\/div>\t\t<\/div>\n\t\t\t\t<\/div>\n\t\t\t\t\t<\/div>\n\t\t<\/div>\n\t\t\t\t\t\t\t<\/div>\n\t\t<\/section>\n\t\t\t\t\t\t\t<\/div>","protected":false},"excerpt":{"rendered":"<p>\u00dcber den Aussteller Yunex GmbH agiert seit dem 01. Juli unter der Marke Yunex Traffic als Unternehmen der Siemens Mobility GmbH und ist f\u00fchrend im Bereich des adaptiven Verkehrsmanagements, der Automatisierung von Autobahnen und Tunneln sowie der intelligenten L\u00f6sungen f\u00fcr V2X und Mautsysteme. Zur Website Projekte Traffic Management Platform Der Verkehr in und zwischen St\u00e4dten [&hellip;]<\/p>","protected":false},"author":1,"featured_media":6256,"parent":6508,"menu_order":0,"comment_status":"closed","ping_status":"closed","template":"","meta":[],"aioseo_notices":[],"_links":{"self":[{"href":"https:\/\/motion-x.net\/en\/wp-json\/wp\/v2\/pages\/6509"}],"collection":[{"href":"https:\/\/motion-x.net\/en\/wp-json\/wp\/v2\/pages"}],"about":[{"href":"https:\/\/motion-x.net\/en\/wp-json\/wp\/v2\/types\/page"}],"author":[{"embeddable":true,"href":"https:\/\/motion-x.net\/en\/wp-json\/wp\/v2\/users\/1"}],"replies":[{"embeddable":true,"href":"https:\/\/motion-x.net\/en\/wp-json\/wp\/v2\/comments?post=6509"}],"version-history":[{"count":3,"href":"https:\/\/motion-x.net\/en\/wp-json\/wp\/v2\/pages\/6509\/revisions"}],"predecessor-version":[{"id":6699,"href":"https:\/\/motion-x.net\/en\/wp-json\/wp\/v2\/pages\/6509\/revisions\/6699"}],"up":[{"embeddable":true,"href":"https:\/\/motion-x.net\/en\/wp-json\/wp\/v2\/pages\/6508"}],"wp:featuredmedia":[{"embeddable":true,"href":"https:\/\/motion-x.net\/en\/wp-json\/wp\/v2\/media\/6256"}],"wp:attachment":[{"href":"https:\/\/motion-x.net\/en\/wp-json\/wp\/v2\/media?parent=6509"}],"curies":[{"name":"wp","href":"https:\/\/api.w.org\/{rel}","templated":true}]}}