{"id":6454,"date":"2021-09-15T11:16:40","date_gmt":"2021-09-15T11:16:40","guid":{"rendered":"https:\/\/motion-x.net\/ausstellerinhalte-2\/dr-thomas-partner-gmbh-co-kg\/"},"modified":"2021-10-20T15:30:53","modified_gmt":"2021-10-20T15:30:53","slug":"dr-thomas-partner-gmbh-co-kg","status":"publish","type":"page","link":"https:\/\/motion-x.net\/en\/ausstellerinhalte-2\/dr-thomas-partner-gmbh-co-kg\/","title":{"rendered":"Dr. Thomas + Partner GmbH &#038; Co. KG"},"content":{"rendered":"<div data-elementor-type=\"wp-page\" data-elementor-id=\"6454\" class=\"elementor elementor-6454\">\n\t\t\t\t\t\t\t\t\t<section class=\"elementor-section elementor-top-section elementor-element elementor-element-2632a894 elementor-section-content-middle elementor-reverse-mobile elementor-section-boxed elementor-section-height-default elementor-section-height-default\" data-id=\"2632a894\" data-element_type=\"section\">\n\t\t\t\t\t\t<div class=\"elementor-container elementor-column-gap-no\">\n\t\t\t\t\t<div class=\"elementor-column elementor-col-50 elementor-top-column elementor-element elementor-element-5aa5b612\" data-id=\"5aa5b612\" data-element_type=\"column\">\n\t\t\t<div class=\"elementor-widget-wrap elementor-element-populated\">\n\t\t\t\t\t\t\t\t<div class=\"elementor-element elementor-element-5ecb4a22 elementor-widget elementor-widget-heading\" data-id=\"5ecb4a22\" data-element_type=\"widget\" data-widget_type=\"heading.default\">\n\t\t\t\t<div class=\"elementor-widget-container\">\n\t\t\t<h4 class=\"elementor-heading-title elementor-size-default\">\u00dcber den Aussteller<\/h4>\t\t<\/div>\n\t\t\t\t<\/div>\n\t\t\t\t<div class=\"elementor-element elementor-element-3772c5d elementor-widget elementor-widget-text-editor\" data-id=\"3772c5d\" data-element_type=\"widget\" data-widget_type=\"text-editor.default\">\n\t\t\t\t<div class=\"elementor-widget-container\">\n\t\t\t\t\t\t\t<p>TUP &#8211; Wir entwickeln f\u00fcr Sie Logistik- und Softwarel\u00f6sungen &#8211; Wir sind eine Software-Manufaktur aus Stutensee bei Karlsruhe. Wir planen und realisieren modulare Intralogistiksysteme f\u00fcr nationale und internationale Unternehmen unterschiedlicher Gr\u00f6\u00dfe und Branche. Zu unseren Spezialgebieten z\u00e4hlen hochwertige Informationssysteme f\u00fcr Warenverteilzentren, die Produktionslogistik, E-Commerce-Multi-Channel und den globalen Fahrzeug- und Ersatzteilhandel.<\/p>\t\t\t\t\t\t<\/div>\n\t\t\t\t<\/div>\n\t\t\t\t<div class=\"elementor-element elementor-element-bfffd6e elementor-widget elementor-widget-button\" data-id=\"bfffd6e\" data-element_type=\"widget\" data-widget_type=\"button.default\">\n\t\t\t\t<div class=\"elementor-widget-container\">\n\t\t\t\t\t<div class=\"elementor-button-wrapper\">\n\t\t\t<a href=\"https:\/\/www.tup.com\/\" class=\"elementor-button-link elementor-button elementor-size-sm elementor-animation-grow\" role=\"button\">\n\t\t\t\t\t\t<span class=\"elementor-button-content-wrapper\">\n\t\t\t\t\t\t<span class=\"elementor-button-text\">Zur Website<\/span>\n\t\t<\/span>\n\t\t\t\t\t<\/a>\n\t\t<\/div>\n\t\t\t\t<\/div>\n\t\t\t\t<\/div>\n\t\t\t\t\t<\/div>\n\t\t<\/div>\n\t\t\t\t<div class=\"elementor-column elementor-col-50 elementor-top-column elementor-element elementor-element-49594ee6\" data-id=\"49594ee6\" data-element_type=\"column\">\n\t\t\t<div class=\"elementor-widget-wrap elementor-element-populated\">\n\t\t\t\t\t\t\t\t<div class=\"elementor-element elementor-element-3ffa302a elementor-widget elementor-widget-image\" data-id=\"3ffa302a\" data-element_type=\"widget\" data-widget_type=\"image.default\">\n\t\t\t\t<div class=\"elementor-widget-container\">\n\t\t\t\t\t\t\t\t\t\t\t\t\t\t\t<img width=\"250\" height=\"150\" src=\"https:\/\/motion-x.net\/wp-content\/uploads\/2021\/10\/logo_thumbnails.png\" class=\"attachment-medium size-medium\" alt=\"\" loading=\"lazy\" srcset=\"https:\/\/motion-x.net\/wp-content\/uploads\/2021\/10\/logo_thumbnails.png 250w, https:\/\/motion-x.net\/wp-content\/uploads\/2021\/10\/logo_thumbnails-18x12.png 18w\" sizes=\"(max-width: 250px) 100vw, 250px\" \/>\t\t\t\t\t\t\t\t\t\t\t\t\t\t\t<\/div>\n\t\t\t\t<\/div>\n\t\t\t\t\t<\/div>\n\t\t<\/div>\n\t\t\t\t\t\t\t<\/div>\n\t\t<\/section>\n\t\t\t\t<section class=\"elementor-section elementor-top-section elementor-element elementor-element-58e3a0f elementor-section-boxed elementor-section-height-default elementor-section-height-default\" data-id=\"58e3a0f\" data-element_type=\"section\">\n\t\t\t\t\t\t<div class=\"elementor-container elementor-column-gap-default\">\n\t\t\t\t\t<div class=\"elementor-column elementor-col-100 elementor-top-column elementor-element elementor-element-6f28e86\" data-id=\"6f28e86\" data-element_type=\"column\">\n\t\t\t<div class=\"elementor-widget-wrap elementor-element-populated\">\n\t\t\t\t\t\t\t\t<div class=\"elementor-element elementor-element-a2ed289 elementor-widget elementor-widget-html\" data-id=\"a2ed289\" data-element_type=\"widget\" data-widget_type=\"html.default\">\n\t\t\t\t<div class=\"elementor-widget-container\">\n\t\t\t<style>\r\n       h2.projekte {\r\n        color: #0600000F;\r\n        font-family: \"Open Sans\", Sans-serif;\r\n        font-size: 100px;\r\n        font-weight: 900;\r\n        text-transform: uppercase;\r\n      }     \r\n      .portfolio h3{ color: #000000;\r\n        font-family: \"Open Sans\", Sans-serif;\r\n        font-size: 45px;\r\n        font-weight: 700;\r\n        text-transform: uppercase;\r\n        padding: 50px 0 10px;}\r\n      .portfolio h4{ color: #000000;\r\n        font-family: \"Open Sans\", Sans-serif;\r\n        font-size: 35px;\r\n        font-weight: 700;\r\n        text-transform: uppercase;\r\n        padding: 50px 0 10px;}          \r\n      .portfolio p {\r\n        color: #7a7a7a;\r\n        font-family: Roboto, sans-serif;\r\n        font-size: 15px;\r\n        font-weight: 300;\r\n        line-height: 2em;\r\n      }<\/style><div><script type=\"text\/javascript\" src=\"https:\/\/cdn.jsdelivr.net\/npm\/jquery@3.3.1\/dist\/jquery.min.js\"><\/script><link href=\"https:\/\/cdn.jsdelivr.net\/npm\/nanogallery2@3\/dist\/css\/nanogallery2.min.css\" rel=\"stylesheet\" type=\"text\/css\"\/><script type=\"text\/javascript\" src=\"https:\/\/cdn.jsdelivr.net\/npm\/nanogallery2@3\/dist\/jquery.nanogallery2.min.js\"><\/script><h2 class=\"projekte\">PROJECTS<\/h2><div class=\"portfolio\"><h3>Dr. Thomas + Partner GmbH &amp; Co. KG<\/h3><img src=\"https:\/\/hybrid-x-cms-assets.s3.eu-central-1.amazonaws.com\/2021\/09\/16\/TUP-Campus-UHD4K-uai-1440x1080_uid_61430f7b51bca.jpg\" alt=\"Dr. Thomas + Partner GmbH &amp; Co. KG\"\/><p><h4>Video<\/h4><video playsinline=\"\" controls=\"\" preload=\"meta\" src=\"https:\/\/hybrid-x-cms-assets.s3.eu-central-1.amazonaws.com\/2021\/09\/14\/ruls-tup_uid_61407aa83415a.mp4\"><\/video><h5><\/h5>Der Materialflussrechner erf\u00fcllt in der Welt der Intralogistik-IT-Systeme eine zentrale Funktion \u2013 jederzeit den optimalen Durchsatz zu gew\u00e4hrleisten. Zu diesem Zweck koordiniert er ein Konglomerat unterschiedlichster F\u00f6rdertechnik, Anlagenelemente und Fremdgewerke. Dabei muss der Materialflussrechner in seinem Verhalten berechenbar und stabil sein und jederzeit zur Laufzeit an neue Strategien, erweiterte Anlagen und neue Ideen angepasst werden k\u00f6nnen.<p><h5><\/h5>Die Architektur des Materialflussrechner TUP.MFC dient als Grundlage des RULS-Systems. Er trifft auf Basis erfasster Parameter wie etwa Gr\u00f6\u00dfe und Gewicht des Transportguts, verf\u00fcgbare Transportmittel und der effizientesten Routen automatisiert die Entscheidung. Steht dem Kurier zum Beispiel ein Rucksack oder etwa eine gro\u00dfe Ladefl\u00e4che zur Verf\u00fcgung? Wenn ein Rucksack, wieviel Liter fasst dieser? K\u00f6nnen gleich mehrere Auftr\u00e4ge an diesen Kurier \u00fcbergeben werden? Die Einflussfaktoren sind vielf\u00e4ltig. Unz\u00e4hlige Daten und daraus resultierende Optionen, die ein Mensch in Echtzeit kaum optimal administrieren kann. RULS kann genau das \u2013 alles \u00fcber die Cloud und ohne komplexe Implementierung.<p><h5><\/h5>Nach erfolgter Auftragseinlastung wird automatisch ein verf\u00fcgbarer Kurier ausgew\u00e4hlt, unter Ber\u00fccksichtigung seiner Transportkapazit\u00e4t, der aktuellen GPS-Position und der Auftragspriorit\u00e4tsliste. RULS berechnet das optimale Routing von allen Auftr\u00e4gen eines jeden Kuriers und koordiniert etwaige Routenmodifikationen und eingeschleuste Auftr\u00e4ge anhand der vorher definierten Zonen, \u00dcbergabepunkte und Hubs.<\/div><\/div>\t\t<\/div>\n\t\t\t\t<\/div>\n\t\t\t\t\t<\/div>\n\t\t<\/div>\n\t\t\t\t\t\t\t<\/div>\n\t\t<\/section>\n\t\t\t\t\t\t\t<\/div>","protected":false},"excerpt":{"rendered":"<p>\u00dcber den Aussteller TUP &#8211; Wir entwickeln f\u00fcr Sie Logistik- und Softwarel\u00f6sungen &#8211; Wir sind eine Software-Manufaktur aus Stutensee bei Karlsruhe. Wir planen und realisieren modulare Intralogistiksysteme f\u00fcr nationale und internationale Unternehmen unterschiedlicher Gr\u00f6\u00dfe und Branche. Zu unseren Spezialgebieten z\u00e4hlen hochwertige Informationssysteme f\u00fcr Warenverteilzentren, die Produktionslogistik, E-Commerce-Multi-Channel und den globalen Fahrzeug- und Ersatzteilhandel. Zur Website [&hellip;]<\/p>","protected":false},"author":1,"featured_media":6467,"parent":6410,"menu_order":0,"comment_status":"closed","ping_status":"closed","template":"","meta":[],"aioseo_notices":[],"_links":{"self":[{"href":"https:\/\/motion-x.net\/en\/wp-json\/wp\/v2\/pages\/6454"}],"collection":[{"href":"https:\/\/motion-x.net\/en\/wp-json\/wp\/v2\/pages"}],"about":[{"href":"https:\/\/motion-x.net\/en\/wp-json\/wp\/v2\/types\/page"}],"author":[{"embeddable":true,"href":"https:\/\/motion-x.net\/en\/wp-json\/wp\/v2\/users\/1"}],"replies":[{"embeddable":true,"href":"https:\/\/motion-x.net\/en\/wp-json\/wp\/v2\/comments?post=6454"}],"version-history":[{"count":19,"href":"https:\/\/motion-x.net\/en\/wp-json\/wp\/v2\/pages\/6454\/revisions"}],"predecessor-version":[{"id":6570,"href":"https:\/\/motion-x.net\/en\/wp-json\/wp\/v2\/pages\/6454\/revisions\/6570"}],"up":[{"embeddable":true,"href":"https:\/\/motion-x.net\/en\/wp-json\/wp\/v2\/pages\/6410"}],"wp:featuredmedia":[{"embeddable":true,"href":"https:\/\/motion-x.net\/en\/wp-json\/wp\/v2\/media\/6467"}],"wp:attachment":[{"href":"https:\/\/motion-x.net\/en\/wp-json\/wp\/v2\/media?parent=6454"}],"curies":[{"name":"wp","href":"https:\/\/api.w.org\/{rel}","templated":true}]}}