{"id":6449,"date":"2021-09-15T11:19:00","date_gmt":"2021-09-15T11:19:00","guid":{"rendered":"https:\/\/motion-x.net\/ausstellerinhalte-2\/frankfurt-mind\/"},"modified":"2021-10-20T15:44:16","modified_gmt":"2021-10-20T15:44:16","slug":"frankfurt-mind","status":"publish","type":"page","link":"https:\/\/motion-x.net\/en\/ausstellerinhalte-2\/frankfurt-mind\/","title":{"rendered":"Frankfurt MIND(+)"},"content":{"rendered":"<div data-elementor-type=\"wp-page\" data-elementor-id=\"6449\" class=\"elementor elementor-6449\">\n\t\t\t\t\t\t\t\t\t<section class=\"elementor-section elementor-top-section elementor-element elementor-element-216a4f elementor-section-content-middle elementor-reverse-mobile elementor-section-boxed elementor-section-height-default elementor-section-height-default\" data-id=\"216a4f\" data-element_type=\"section\">\n\t\t\t\t\t\t<div class=\"elementor-container elementor-column-gap-no\">\n\t\t\t\t\t<div class=\"elementor-column elementor-col-50 elementor-top-column elementor-element elementor-element-44095777\" data-id=\"44095777\" data-element_type=\"column\">\n\t\t\t<div class=\"elementor-widget-wrap elementor-element-populated\">\n\t\t\t\t\t\t\t\t<div class=\"elementor-element elementor-element-363c7b7f elementor-widget elementor-widget-heading\" data-id=\"363c7b7f\" data-element_type=\"widget\" data-widget_type=\"heading.default\">\n\t\t\t\t<div class=\"elementor-widget-container\">\n\t\t\t<h4 class=\"elementor-heading-title elementor-size-default\">\u00dcber den Aussteller<\/h4>\t\t<\/div>\n\t\t\t\t<\/div>\n\t\t\t\t<div class=\"elementor-element elementor-element-26fe69e6 elementor-widget elementor-widget-text-editor\" data-id=\"26fe69e6\" data-element_type=\"widget\" data-widget_type=\"text-editor.default\">\n\t\t\t\t<div class=\"elementor-widget-container\">\n\t\t\t\t\t\t\tDas Verbundvorhaben Frankfurt MIND(+) wird im Rahmen des Sofortprogramms \u201eSaubere Luft 2017 \u2013 2020\u201c &#8211; F\u00f6rderma\u00dfnahme &#8222;Digitalisierung kommunaler Verkehrssysteme&#8220; vom Bundesministerium f\u00fcr Verkehr und digitale Infrastruktur (BMVI) gef\u00f6rdert. Frankfurt MIND(+) (Multimodal, Intelligent, Nachhaltig, Digital) ist ein innovatives Verbundvorhaben der Verkehrsgesellschaft Frankfurt am Main (VGF) und des Stra\u00dfenverkehrsamtes Frankfurt am Main, das die Voraussetzungen f\u00fcr ein multimodales, intelligentes, nachhaltiges und digitales Mobilit\u00e4tsangebot in der Stadt Frankfurt am Main schafft. Das Vorhaben schafft die notwendigen technischen Voraussetzungen auf MIV und \u00d6PNV-Seite zur Verstetigung des Verkehrsflusses und zur Umsetzung multimodaler Reiseketten, insbesondere durch die Ausstattung der Lichtsignalanlagen (LSA) an Kreuzungen mit \u00d6PNV-Verkehr durch Installation von Roadside-Intelligent Transport System-Stations (R-ITS-S) an Lichtsignalanlagen (LSA). Unterst\u00fctzt wird das Vorhaben durch den Aufbau einer zentralen Datenplattform und der Entwicklung eines Datenbrokers zur zentralen Sammlung, Speicherung und Analyse von Daten.\t\t\t\t\t\t<\/div>\n\t\t\t\t<\/div>\n\t\t\t\t<div class=\"elementor-element elementor-element-c4fb5f6 elementor-widget elementor-widget-button\" data-id=\"c4fb5f6\" data-element_type=\"widget\" data-widget_type=\"button.default\">\n\t\t\t\t<div class=\"elementor-widget-container\">\n\t\t\t\t\t<div class=\"elementor-button-wrapper\">\n\t\t\t<a href=\"https:\/\/mainziel.de\/projekte\/mind-multimodales-reallabor-kooperative-mobilitaet\" class=\"elementor-button-link elementor-button elementor-size-sm elementor-animation-grow\" role=\"button\">\n\t\t\t\t\t\t<span class=\"elementor-button-content-wrapper\">\n\t\t\t\t\t\t<span class=\"elementor-button-text\">Zur Website<\/span>\n\t\t<\/span>\n\t\t\t\t\t<\/a>\n\t\t<\/div>\n\t\t\t\t<\/div>\n\t\t\t\t<\/div>\n\t\t\t\t\t<\/div>\n\t\t<\/div>\n\t\t\t\t<div class=\"elementor-column elementor-col-50 elementor-top-column elementor-element elementor-element-41643d43\" data-id=\"41643d43\" data-element_type=\"column\">\n\t\t\t<div class=\"elementor-widget-wrap elementor-element-populated\">\n\t\t\t\t\t\t\t\t<div class=\"elementor-element elementor-element-4bac6b52 elementor-widget elementor-widget-image\" data-id=\"4bac6b52\" data-element_type=\"widget\" data-widget_type=\"image.default\">\n\t\t\t\t<div class=\"elementor-widget-container\">\n\t\t\t\t\t\t\t\t\t\t\t\t\t\t\t<img width=\"300\" height=\"208\" src=\"https:\/\/motion-x.net\/wp-content\/uploads\/2021\/09\/Mind_transparent_uid_613f8e65555e4-300x208.png\" class=\"attachment-medium size-medium\" alt=\"\" loading=\"lazy\" srcset=\"https:\/\/motion-x.net\/wp-content\/uploads\/2021\/09\/Mind_transparent_uid_613f8e65555e4-300x208.png 300w, https:\/\/motion-x.net\/wp-content\/uploads\/2021\/09\/Mind_transparent_uid_613f8e65555e4-1024x709.png 1024w, https:\/\/motion-x.net\/wp-content\/uploads\/2021\/09\/Mind_transparent_uid_613f8e65555e4-768x532.png 768w, https:\/\/motion-x.net\/wp-content\/uploads\/2021\/09\/Mind_transparent_uid_613f8e65555e4-18x12.png 18w, https:\/\/motion-x.net\/wp-content\/uploads\/2021\/09\/Mind_transparent_uid_613f8e65555e4.png 1300w\" sizes=\"(max-width: 300px) 100vw, 300px\" \/>\t\t\t\t\t\t\t\t\t\t\t\t\t\t\t<\/div>\n\t\t\t\t<\/div>\n\t\t\t\t\t<\/div>\n\t\t<\/div>\n\t\t\t\t\t\t\t<\/div>\n\t\t<\/section>\n\t\t\t\t<section class=\"elementor-section elementor-top-section elementor-element elementor-element-81def6b elementor-section-boxed elementor-section-height-default elementor-section-height-default\" data-id=\"81def6b\" data-element_type=\"section\">\n\t\t\t\t\t\t<div class=\"elementor-container elementor-column-gap-default\">\n\t\t\t\t\t<div class=\"elementor-column elementor-col-100 elementor-top-column elementor-element elementor-element-fb2a8b0\" data-id=\"fb2a8b0\" data-element_type=\"column\">\n\t\t\t<div class=\"elementor-widget-wrap elementor-element-populated\">\n\t\t\t\t\t\t\t\t<div class=\"elementor-element elementor-element-755105f elementor-widget elementor-widget-html\" data-id=\"755105f\" data-element_type=\"widget\" data-widget_type=\"html.default\">\n\t\t\t\t<div class=\"elementor-widget-container\">\n\t\t\t<style>\r\n       h2.video {\r\n        color: #0600000F;\r\n        font-family: \"Open Sans\", Sans-serif;\r\n        font-size: 100px;\r\n        font-weight: 900;\r\n        text-transform: uppercase;\r\n      }     \r\n<\/style>\r\n\r\n<h2 class=\"video\">Video<\/h2>\r\n\r\n<video playsinline=\"\" poster=\"\/wp-content\/uploads\/2021\/09\/videoposter.png\" controls preload=\"meta\" src=\"https:\/\/hybrid-x-cms-assets.s3.eu-central-1.amazonaws.com\/2021\/09\/13\/FFM_Mind_uid_613f86cd19fb4.mp4\"><\/video>\r\n\t\t<\/div>\n\t\t\t\t<\/div>\n\t\t\t\t\t<\/div>\n\t\t<\/div>\n\t\t\t\t\t\t\t<\/div>\n\t\t<\/section>\n\t\t\t\t<section class=\"elementor-section elementor-top-section elementor-element elementor-element-7459620 elementor-section-boxed elementor-section-height-default elementor-section-height-default\" data-id=\"7459620\" data-element_type=\"section\">\n\t\t\t\t\t\t<div class=\"elementor-container elementor-column-gap-default\">\n\t\t\t\t\t<div class=\"elementor-column elementor-col-100 elementor-top-column elementor-element elementor-element-12a87b32\" data-id=\"12a87b32\" data-element_type=\"column\">\n\t\t\t<div class=\"elementor-widget-wrap elementor-element-populated\">\n\t\t\t\t\t\t\t\t<div class=\"elementor-element elementor-element-2afe377d elementor-widget elementor-widget-spacer\" data-id=\"2afe377d\" data-element_type=\"widget\" data-widget_type=\"spacer.default\">\n\t\t\t\t<div class=\"elementor-widget-container\">\n\t\t\t\t\t<div class=\"elementor-spacer\">\n\t\t\t<div class=\"elementor-spacer-inner\"><\/div>\n\t\t<\/div>\n\t\t\t\t<\/div>\n\t\t\t\t<\/div>\n\t\t\t\t<div class=\"elementor-element elementor-element-183cce5b elementor-widget elementor-widget-heading\" data-id=\"183cce5b\" data-element_type=\"widget\" data-widget_type=\"heading.default\">\n\t\t\t\t<div class=\"elementor-widget-container\">\n\t\t\t<h2 class=\"elementor-heading-title elementor-size-large\">Zum Herunterladen<\/h2>\t\t<\/div>\n\t\t\t\t<\/div>\n\t\t\t\t\t<\/div>\n\t\t<\/div>\n\t\t\t\t\t\t\t<\/div>\n\t\t<\/section>\n\t\t\t\t<section class=\"elementor-section elementor-top-section elementor-element elementor-element-466f6b elementor-section-boxed elementor-section-height-default elementor-section-height-default\" data-id=\"466f6b\" data-element_type=\"section\">\n\t\t\t\t\t\t<div class=\"elementor-container elementor-column-gap-default\">\n\t\t\t\t\t<div class=\"elementor-column elementor-col-100 elementor-top-column elementor-element elementor-element-64eed01\" data-id=\"64eed01\" data-element_type=\"column\">\n\t\t\t<div class=\"elementor-widget-wrap elementor-element-populated\">\n\t\t\t\t\t\t\t\t<div class=\"elementor-element elementor-element-7a12cd8a elementor--h-position-center elementor--v-position-middle elementor-arrows-position-inside elementor-pagination-position-inside elementor-widget elementor-widget-slides\" data-id=\"7a12cd8a\" data-element_type=\"widget\" data-settings=\"{&quot;navigation&quot;:&quot;both&quot;,&quot;infinite&quot;:&quot;yes&quot;,&quot;transition&quot;:&quot;slide&quot;,&quot;transition_speed&quot;:500}\" data-widget_type=\"slides.default\">\n\t\t\t\t<div class=\"elementor-widget-container\">\n\t\t\t\t\t<div class=\"elementor-swiper\">\n\t\t\t<div class=\"elementor-slides-wrapper elementor-main-swiper swiper-container\" dir=\"ltr\" data-animation=\"fadeInUp\">\n\t\t\t\t<div class=\"swiper-wrapper elementor-slides\">\n\t\t\t\t\t\t\t\t\t\t<div class=\"elementor-repeater-item-ff65878 swiper-slide\"><div class=\"swiper-slide-bg\"><\/div><div class=\"swiper-slide-inner\" ><div class=\"swiper-slide-contents\"><div class=\"elementor-slide-heading\">Verbundvorhaben: Frankfurt MIND(+)<\/div><a href=\"https:\/\/motion-x.net\/wp-content\/uploads\/2021\/10\/BW-Praesentation_Verbundvorhaben-Frankfurt-MIND-HYM-2021.pdf\" target=\"_blank\" class=\"elementor-button elementor-slide-button elementor-size-sm\">Download<\/a><\/div><\/div><\/div>\t\t\t\t<\/div>\n\t\t\t\t\t\t\t<\/div>\n\t\t<\/div>\n\t\t\t\t<\/div>\n\t\t\t\t<\/div>\n\t\t\t\t\t<\/div>\n\t\t<\/div>\n\t\t\t\t\t\t\t<\/div>\n\t\t<\/section>\n\t\t\t\t\t\t\t<\/div>","protected":false},"excerpt":{"rendered":"<p>\u00dcber den Aussteller Das Verbundvorhaben Frankfurt MIND(+) wird im Rahmen des Sofortprogramms \u201eSaubere Luft 2017 \u2013 2020\u201c &#8211; F\u00f6rderma\u00dfnahme &#8222;Digitalisierung kommunaler Verkehrssysteme&#8220; vom Bundesministerium f\u00fcr Verkehr und digitale Infrastruktur (BMVI) gef\u00f6rdert. Frankfurt MIND(+) (Multimodal, Intelligent, Nachhaltig, Digital) ist ein innovatives Verbundvorhaben der Verkehrsgesellschaft Frankfurt am Main (VGF) und des Stra\u00dfenverkehrsamtes Frankfurt am Main, das die [&hellip;]<\/p>","protected":false},"author":1,"featured_media":6233,"parent":6410,"menu_order":0,"comment_status":"closed","ping_status":"closed","template":"","meta":[],"aioseo_notices":[],"_links":{"self":[{"href":"https:\/\/motion-x.net\/en\/wp-json\/wp\/v2\/pages\/6449"}],"collection":[{"href":"https:\/\/motion-x.net\/en\/wp-json\/wp\/v2\/pages"}],"about":[{"href":"https:\/\/motion-x.net\/en\/wp-json\/wp\/v2\/types\/page"}],"author":[{"embeddable":true,"href":"https:\/\/motion-x.net\/en\/wp-json\/wp\/v2\/users\/1"}],"replies":[{"embeddable":true,"href":"https:\/\/motion-x.net\/en\/wp-json\/wp\/v2\/comments?post=6449"}],"version-history":[{"count":3,"href":"https:\/\/motion-x.net\/en\/wp-json\/wp\/v2\/pages\/6449\/revisions"}],"predecessor-version":[{"id":6902,"href":"https:\/\/motion-x.net\/en\/wp-json\/wp\/v2\/pages\/6449\/revisions\/6902"}],"up":[{"embeddable":true,"href":"https:\/\/motion-x.net\/en\/wp-json\/wp\/v2\/pages\/6410"}],"wp:featuredmedia":[{"embeddable":true,"href":"https:\/\/motion-x.net\/en\/wp-json\/wp\/v2\/media\/6233"}],"wp:attachment":[{"href":"https:\/\/motion-x.net\/en\/wp-json\/wp\/v2\/media?parent=6449"}],"curies":[{"name":"wp","href":"https:\/\/api.w.org\/{rel}","templated":true}]}}