{"id":6447,"date":"2021-09-15T11:21:04","date_gmt":"2021-09-15T11:21:04","guid":{"rendered":"https:\/\/motion-x.net\/ausstellerinhalte-2\/benz-walter-gmbh\/"},"modified":"2022-09-29T14:49:12","modified_gmt":"2022-09-29T14:49:12","slug":"benz-walter-gmbh-2","status":"publish","type":"page","link":"https:\/\/motion-x.net\/en\/ausstellerinhalte-2-2\/benz-walter-gmbh-2\/","title":{"rendered":"BENZ + WALTER GmbH"},"content":{"rendered":"<div data-elementor-type=\"wp-page\" data-elementor-id=\"6447\" class=\"elementor elementor-6447\">\n\t\t\t\t\t\t\t\t\t<section class=\"elementor-section elementor-top-section elementor-element elementor-element-6290155e elementor-section-content-middle elementor-reverse-mobile elementor-section-boxed elementor-section-height-default elementor-section-height-default\" data-id=\"6290155e\" data-element_type=\"section\">\n\t\t\t\t\t\t<div class=\"elementor-container elementor-column-gap-no\">\n\t\t\t\t\t<div class=\"elementor-column elementor-col-50 elementor-top-column elementor-element elementor-element-2279f88f\" data-id=\"2279f88f\" data-element_type=\"column\">\n\t\t\t<div class=\"elementor-widget-wrap elementor-element-populated\">\n\t\t\t\t\t\t\t\t<div class=\"elementor-element elementor-element-40af4665 elementor-widget elementor-widget-heading\" data-id=\"40af4665\" data-element_type=\"widget\" data-widget_type=\"heading.default\">\n\t\t\t\t<div class=\"elementor-widget-container\">\n\t\t\t<h4 class=\"elementor-heading-title elementor-size-default\">\u00dcber den Aussteller<\/h4>\t\t<\/div>\n\t\t\t\t<\/div>\n\t\t\t\t<div class=\"elementor-element elementor-element-12a018dd elementor-widget elementor-widget-text-editor\" data-id=\"12a018dd\" data-element_type=\"widget\" data-widget_type=\"text-editor.default\">\n\t\t\t\t<div class=\"elementor-widget-container\">\n\t\t\t\t\t\t\tBENZ + WALTER steht f\u00fcr individuelle L\u00f6sungen, Zuverl\u00e4ssigkeit, Kompetenz und pers\u00f6nlichen Einsatz: Wir sind da, wenn Sie uns brauchen! Hier erhalten Sie Unterst\u00fctzung, um neue und vorhandene L\u00f6sungen und Daten so zu kombinieren, dass aus Ihren Ideen wertvolle Konzepte f\u00fcr eine digitale Zukunft geschaffen werden. Wir erzeugen Innovation durch Kombination \u2013 und unterst\u00fctzen Sie dann gerne auch bei der Umsetzung Ihrer Projekte.\t\t\t\t\t\t<\/div>\n\t\t\t\t<\/div>\n\t\t\t\t<div class=\"elementor-element elementor-element-660736b5 elementor-widget elementor-widget-button\" data-id=\"660736b5\" data-element_type=\"widget\" data-widget_type=\"button.default\">\n\t\t\t\t<div class=\"elementor-widget-container\">\n\t\t\t\t\t<div class=\"elementor-button-wrapper\">\n\t\t\t<a href=\"https:\/\/www.benz-walter.de\/\" class=\"elementor-button-link elementor-button elementor-size-sm elementor-animation-grow\" role=\"button\">\n\t\t\t\t\t\t<span class=\"elementor-button-content-wrapper\">\n\t\t\t\t\t\t<span class=\"elementor-button-text\">Zur Website<\/span>\n\t\t<\/span>\n\t\t\t\t\t<\/a>\n\t\t<\/div>\n\t\t\t\t<\/div>\n\t\t\t\t<\/div>\n\t\t\t\t\t<\/div>\n\t\t<\/div>\n\t\t\t\t<div class=\"elementor-column elementor-col-50 elementor-top-column elementor-element elementor-element-7bfd6b3e\" data-id=\"7bfd6b3e\" data-element_type=\"column\">\n\t\t\t<div class=\"elementor-widget-wrap elementor-element-populated\">\n\t\t\t\t\t\t\t\t<div class=\"elementor-element elementor-element-5bb17a08 elementor-widget elementor-widget-image\" data-id=\"5bb17a08\" data-element_type=\"widget\" data-widget_type=\"image.default\">\n\t\t\t\t<div class=\"elementor-widget-container\">\n\t\t\t\t\t\t\t\t\t\t\t\t\t\t\t<img width=\"300\" height=\"78\" src=\"https:\/\/motion-x.net\/wp-content\/uploads\/2021\/09\/BenzWalter_Logo_uid_613f481d47991_uid_613f5c1ed5ad2-300x78.png\" class=\"attachment-medium size-medium\" alt=\"\" loading=\"lazy\" srcset=\"https:\/\/motion-x.net\/wp-content\/uploads\/2021\/09\/BenzWalter_Logo_uid_613f481d47991_uid_613f5c1ed5ad2-300x78.png 300w, https:\/\/motion-x.net\/wp-content\/uploads\/2021\/09\/BenzWalter_Logo_uid_613f481d47991_uid_613f5c1ed5ad2-18x5.png 18w, https:\/\/motion-x.net\/wp-content\/uploads\/2021\/09\/BenzWalter_Logo_uid_613f481d47991_uid_613f5c1ed5ad2.png 453w\" sizes=\"(max-width: 300px) 100vw, 300px\" \/>\t\t\t\t\t\t\t\t\t\t\t\t\t\t\t<\/div>\n\t\t\t\t<\/div>\n\t\t\t\t\t<\/div>\n\t\t<\/div>\n\t\t\t\t\t\t\t<\/div>\n\t\t<\/section>\n\t\t\t\t<section class=\"elementor-section elementor-top-section elementor-element elementor-element-e461450 elementor-section-boxed elementor-section-height-default elementor-section-height-default\" data-id=\"e461450\" data-element_type=\"section\">\n\t\t\t\t\t\t<div class=\"elementor-container elementor-column-gap-default\">\n\t\t\t\t\t<div class=\"elementor-column elementor-col-100 elementor-top-column elementor-element elementor-element-e3f551b\" data-id=\"e3f551b\" data-element_type=\"column\">\n\t\t\t<div class=\"elementor-widget-wrap elementor-element-populated\">\n\t\t\t\t\t\t\t\t<div class=\"elementor-element elementor-element-b8cab6f elementor-widget elementor-widget-html\" data-id=\"b8cab6f\" data-element_type=\"widget\" data-widget_type=\"html.default\">\n\t\t\t\t<div class=\"elementor-widget-container\">\n\t\t\t<style>\r\n       h2.projekte {\r\n        color: #0600000F;\r\n        font-family: \"Open Sans\", Sans-serif;\r\n        font-size: 100px;\r\n        font-weight: 900;\r\n        text-transform: uppercase;\r\n      }     \r\n      .portfolio h3{ color: #000000;\r\n        font-family: \"Open Sans\", Sans-serif;\r\n        font-size: 45px;\r\n        font-weight: 700;\r\n        text-transform: uppercase;\r\n        padding: 50px 0 10px;}\r\n      .portfolio h4{ color: #000000;\r\n        font-family: \"Open Sans\", Sans-serif;\r\n        font-size: 35px;\r\n        font-weight: 700;\r\n        text-transform: uppercase;\r\n        padding: 50px 0 10px;}          \r\n      .portfolio p {\r\n        color: #7a7a7a;\r\n        font-family: Roboto, sans-serif;\r\n        font-size: 15px;\r\n        font-weight: 300;\r\n        line-height: 2em;\r\n      }<\/style><div><script type=\"text\/javascript\" src=\"https:\/\/cdn.jsdelivr.net\/npm\/jquery@3.3.1\/dist\/jquery.min.js\"><\/script><link href=\"https:\/\/cdn.jsdelivr.net\/npm\/nanogallery2@3\/dist\/css\/nanogallery2.min.css\" rel=\"stylesheet\" type=\"text\/css\"\/><script type=\"text\/javascript\" src=\"https:\/\/cdn.jsdelivr.net\/npm\/nanogallery2@3\/dist\/jquery.nanogallery2.min.js\"><\/script><h2 class=\"projekte\">PROJECTS<\/h2><div class=\"portfolio\"><h3>IRGENDWAS MIT DATEN, MOBILIT\u00c4T UND LOGISTIK?<\/h3><img src=\"https:\/\/hybrid-x-cms-assets.s3.eu-central-1.amazonaws.com\/2021\/09\/14\/bild-bw_uid_61407d93628c4.png\" alt=\"IRGENDWAS MIT DATEN, MOBILIT\u00c4T UND LOGISTIK?\"\/><h4>Video<\/h4><video playsinline=\"\" controls=\"\" preload=\"meta\" src=\"https:\/\/hybrid-x-cms-assets.s3.eu-central-1.amazonaws.com\/2021\/09\/15\/BW-1_uid_61418e71abfcd.mp4\"><\/video><p><p><h5><\/h5>IDEEN, INNOVATIONEN, IMPLEMENTIERUNG- Die Megatrends Digitalisierung und Nachhaltigkeit haben disruptive und tiefgreifende Auswirkungen auf Mobilit\u00e4t und Logistik \u2013 in Unternehmen, St\u00e4dten, Regionen und in der Gesellschaft insgesamt. Besonders die Digitalisierung fordert und f\u00f6rdert neue Ideen, echte Innovationen und die nachhaltige Implementierung daraus folgender Konzepte. Ziel ist die Anpassung an die sich zunehmend ver\u00e4ndernden Ma\u00dfst\u00e4be und Blickwinkel der Kunden, Nutzer, Mitarbeiter und B\u00fcrger.<\/div><\/div><br>\r\n      <p><\/p><h1><b>MA\u00dfGESCHNEIDERTE URBANE LOGISTIKKONZEPTE<\/b><\/h1>\r\n      <h5><\/h5>Logistik ist ein erfolgsbestimmender Faktor f\u00fcr die Existenz urbaner R\u00e4ume:\r\nLebendige und vielf\u00e4ltige Stadtstrukturen k\u00f6nnen nur dann existieren, wenn die\r\nVer- und Entsorgung im Hintergrund funktioniert. Haushalte, Handel und\r\nProduktion sind auf Belieferungsstrukturen angewiesen, die sich die\r\nInfrastruktur mit unserer Mobilit\u00e4t teilen.\r\nDer innerst\u00e4dtische Lieferverkehr steht aber unter steigendem\r\nAnpassungsdruck: Emissionsreduktion, Klimarelevanz, Verkehrssicherheit,\r\nNutzungskonflikte, Fl\u00e4chenknappheit, Fahrermangel und st\u00e4dtebauliche\r\nIntegration sind wesentliche Ver\u00e4nderungstreiber. Hervorgerufen durch die\r\nanhaltende Urbanisierung und das ver\u00e4nderte Konsumverhalten der\r\nBev\u00f6lkerung, nimmt der Lieferverkehr stetig zu. Gr\u00fcnde hierf\u00fcr sind unter\r\nanderem das starke Wachstum im Onlinehandel, steigende Qualit\u00e4tsanspr\u00fcche\r\nder Kunden, sowie die voranschreitende Digitalisierung in allen\r\nLebensbereichen.\r\n<p><\/p>Unter urbaner Logistik wird eine Vielzahl von Konzepten und T\u00e4tigkeiten\r\nsubsumiert, die der Gestaltung und Optimierung des st\u00e4dtischen\r\nWirtschaftsverkehrs dienen. Dabei spielen organisatorische Konzepte, wie\r\nbeispielsweise neue Ver- und Entsorgungskonzepte f\u00fcr urbane R\u00e4ume, oder\r\nTechnologien, wie beispielsweise emissionsfreie Antriebe oder neue Verlade-\r\nund Transportm\u00f6glichkeiten, eine besondere Rolle. Die entwickelten Konzepte\r\nsollen die Effizienz und Umweltvertr\u00e4glichkeit auf der sogenannten &quot;letzten\r\nMeile&quot; steigern. Aufgrund der Klimarelevanz wird dem Einsatz alternativer\r\nAntriebe dabei eine bedeutende Rolle zugewiesen. Das Ziel der Konzepte im\r\nBereich der urbanen Logistik ist die Entlastung st\u00e4dtischer Infrastrukturen bei\r\ngleichzeitig h\u00f6herer Wirtschaftlichkeit und Leistungsf\u00e4higkeit.Aufgrund ihrer Erfahrung vereinen B+W &amp; LNC vielf\u00e4ltige Kompetenzen im\r\nZusammenhang mit der Analyse, Planung und Umsetzung von urbanen\r\nLogistikkonzepten.\r\n<p><\/p>Beide Partner sind versiert im Umgang mit dem Rohstoff Daten, deren\r\nBeschaffung, Analyse, Aufbereitung und Visualisierung. Insbesondere ist den\r\nUnternehmen aus langj\u00e4hriger Erfahrung klar, was Big Data Analytics\r\ninsbesondere f\u00fcr die Logistik bedeutet und zu welchen Vorz\u00fcgen dies f\u00fcr die\r\nKunden f\u00fchrt. Dar\u00fcber hinaus verf\u00fcgen beide Unternehmen \u00fcber Zug\u00e4nge zu\r\nunterschiedlichen Branchennetzwerken und entsprechend zu logistischen\r\nAkteuren.\r\nDie LNC LogisticNetwork Consultants GmbH, mit Sitz in Hannover und Berlin,\r\nverf\u00fcgt \u00fcber langj\u00e4hrige Erfahrungen in der Bearbeitung von regionalen und\r\nstandortbezogenen Machbarkeits- und Konzeptstudien. Dieses umfasst die\r\nErstellung von Standortentwicklungs-, Vermarktungs- und\r\nVernetzungskonzepten von logistischen Knoten der Verkehrstr\u00e4ger auf allen\r\nStandortebenen, die Entwicklung neuer Logistik- und Mobilit\u00e4tskonzepte, die\r\nden Einsatz und die Umsetzung von Branchen-, Verkehrstr\u00e4ger-, und\r\nTechnologieinnovationen erm\u00f6glichen sowie in der Planung, Durchf\u00fchrung und\r\nModeration von Konferenzen, Workshops oder Seminaren in diesem\r\nThemenfeld.\r\n<p><\/p>Die Benz &amp; Walter GmbH ist ein unabh\u00e4ngiger und inhabergef\u00fchrter\r\nDienstleister f\u00fcr Strategie- und Managementberatung sowie Big Data Analytics\r\nmit Sitz in Wiesbaden. Im Fokus der Arbeit stehen die Bereiche Big Data +\r\nAdvanced Analytics (BDA), Green City + Mobilit\u00e4t (MOB), Urbane Logistik +\r\nSupply Chain Management (LOG) sowie Events + Cluster (EVC). F\u00fcr die Bereiche\r\nMobilit\u00e4t und Logistik r\u00fccken vor allem innovative Konzepte f\u00fcr eine\r\n\r\nnachhaltige Stadtentwicklung in den Vordergrund. Unter anderem werden\r\nKommunen bei der Erstellung sowie Umsetzung von Green City Masterpl\u00e4nen\r\noder der Erstellung von Mobilit\u00e4ts- und Logistikleitbildern unter Einbindung von\r\nB\u00fcrger*innen im Rahmen von verschiedenen moderierten Symposien begleitet.<br><br><p>Auszug aktuelle Referenzen zur urbanen Logistik:<\/p><p><\/p><ul><\/ul><b>o<\/b>Logistikkonzept Stadt Frankfurt (2021 - laufend)\r\n<p><\/p><ul><\/ul><b>o<\/b>Logistikkonzept Stadt Hanau (2021 - laufend)\r\n<p><\/p><ul><\/ul><b>o<\/b>Logistikkonzept Stadt Bielefeld (laufend)\r\n<p><\/p><ul><\/ul><b>o<\/b>Logistikkonzept Stadt Lindau (2020 - laufend)\r\n<p><\/p><ul><\/ul><b>o<\/b>Logistikkonzept Stadt Osnabr\u00fcck (2020 - laufend)\r\n<p><\/p><ul><\/ul><b>o<\/b>Stadtquartier 4.0 Berlin (BMBF, 2019) und 4.1 (BMBF 2020-laufend)\r\n<p><\/p><ul><\/ul><b>o<\/b>KoMoDo Berlin (BMUB, 2018-2020)\r\n<p><\/p><ul><\/ul><b>o<\/b>Ver\u00e4nderung des gewerblichen Lieferverkehrs und dessen Auswirkungen\r\nauf die st\u00e4dtische Logistik (Forschungsvorhaben BMVI, 2018-2020)\r\n<p><\/p><ul><\/ul><b>o<\/b>Urbane Midi-Hubs Wien (BMVIT, 2018-2020)\r\n\t\t<\/div>\n\t\t\t\t<\/div>\n\t\t\t\t\t<\/div>\n\t\t<\/div>\n\t\t\t\t\t\t\t<\/div>\n\t\t<\/section>\n\t\t\t\t<section class=\"elementor-section elementor-top-section elementor-element elementor-element-2a7183e7 elementor-section-boxed elementor-section-height-default elementor-section-height-default\" data-id=\"2a7183e7\" data-element_type=\"section\">\n\t\t\t\t\t\t<div class=\"elementor-container elementor-column-gap-default\">\n\t\t\t\t\t<div class=\"elementor-column elementor-col-100 elementor-top-column elementor-element elementor-element-5c9089e6\" data-id=\"5c9089e6\" data-element_type=\"column\">\n\t\t\t<div class=\"elementor-widget-wrap elementor-element-populated\">\n\t\t\t\t\t\t\t\t<div class=\"elementor-element elementor-element-431e3ad7 elementor-widget elementor-widget-spacer\" data-id=\"431e3ad7\" data-element_type=\"widget\" data-widget_type=\"spacer.default\">\n\t\t\t\t<div class=\"elementor-widget-container\">\n\t\t\t\t\t<div class=\"elementor-spacer\">\n\t\t\t<div class=\"elementor-spacer-inner\"><\/div>\n\t\t<\/div>\n\t\t\t\t<\/div>\n\t\t\t\t<\/div>\n\t\t\t\t<div class=\"elementor-element elementor-element-56834d5a elementor-widget elementor-widget-heading\" data-id=\"56834d5a\" data-element_type=\"widget\" data-widget_type=\"heading.default\">\n\t\t\t\t<div class=\"elementor-widget-container\">\n\t\t\t<h2 class=\"elementor-heading-title elementor-size-large\">Zum Herunterladen<\/h2>\t\t<\/div>\n\t\t\t\t<\/div>\n\t\t\t\t\t<\/div>\n\t\t<\/div>\n\t\t\t\t\t\t\t<\/div>\n\t\t<\/section>\n\t\t\t\t<section class=\"elementor-section elementor-top-section elementor-element elementor-element-760bc587 elementor-section-boxed elementor-section-height-default elementor-section-height-default\" data-id=\"760bc587\" data-element_type=\"section\">\n\t\t\t\t\t\t<div class=\"elementor-container elementor-column-gap-default\">\n\t\t\t\t\t<div class=\"elementor-column elementor-col-100 elementor-top-column elementor-element elementor-element-77b7fdea\" data-id=\"77b7fdea\" data-element_type=\"column\">\n\t\t\t<div class=\"elementor-widget-wrap elementor-element-populated\">\n\t\t\t\t\t\t\t\t<div class=\"elementor-element elementor-element-d3e0d64 elementor--h-position-center elementor--v-position-middle elementor-arrows-position-inside elementor-pagination-position-inside elementor-widget elementor-widget-slides\" data-id=\"d3e0d64\" data-element_type=\"widget\" data-settings=\"{&quot;navigation&quot;:&quot;both&quot;,&quot;infinite&quot;:&quot;yes&quot;,&quot;transition&quot;:&quot;slide&quot;,&quot;transition_speed&quot;:500}\" data-widget_type=\"slides.default\">\n\t\t\t\t<div class=\"elementor-widget-container\">\n\t\t\t\t\t<div class=\"elementor-swiper\">\n\t\t\t<div class=\"elementor-slides-wrapper elementor-main-swiper swiper-container\" dir=\"ltr\" data-animation=\"fadeInUp\">\n\t\t\t\t<div class=\"swiper-wrapper elementor-slides\">\n\t\t\t\t\t\t\t\t\t\t<div class=\"elementor-repeater-item-13c4984 swiper-slide\"><div class=\"swiper-slide-bg\"><\/div><div class=\"swiper-slide-inner\" ><div class=\"swiper-slide-contents\"><div class=\"elementor-slide-heading\">Benz & Walter<\/div><\/div><\/div><\/div><div class=\"elementor-repeater-item-162d1d0 swiper-slide\"><div class=\"swiper-slide-bg\"><\/div><div class=\"swiper-slide-inner\" ><div class=\"swiper-slide-contents\"><div class=\"elementor-slide-heading\">Green City Masterplan Darmstadt<\/div><a href=\"https:\/\/motion-x.net\/wp-content\/uploads\/2021\/10\/Green-City-Masterplan-Darmstadt.pdf\" target=\"_blank\" class=\"elementor-button elementor-slide-button elementor-size-sm\">Download<\/a><\/div><\/div><\/div><div class=\"elementor-repeater-item-09ac25f swiper-slide\"><div class=\"swiper-slide-bg\"><\/div><div class=\"swiper-slide-inner\" ><div class=\"swiper-slide-contents\"><div class=\"elementor-slide-heading\">Green City Masterplan Mainz<\/div><a href=\"https:\/\/motion-x.net\/wp-content\/uploads\/2021\/10\/Green-City-Masterplan-Mainz.pdf\" target=\"_blank\" class=\"elementor-button elementor-slide-button elementor-size-sm\">Download<\/a><\/div><\/div><\/div><div class=\"elementor-repeater-item-e2aa89f swiper-slide\"><div class=\"swiper-slide-bg\"><\/div><div class=\"swiper-slide-inner\" ><div class=\"swiper-slide-contents\"><div class=\"elementor-slide-heading\">Green City Masterplan Wiesbaden<\/div><a href=\"https:\/\/motion-x.net\/wp-content\/uploads\/2021\/10\/Green-City-Masterplan-Wiesbaden.pdf\" target=\"_blank\" class=\"elementor-button elementor-slide-button elementor-size-sm\">Download<\/a><\/div><\/div><\/div>\t\t\t\t<\/div>\n\t\t\t\t\t\t\t\t\t\t\t\t\t\t\t<div class=\"swiper-pagination\"><\/div>\n\t\t\t\t\t\t\t\t\t\t\t\t\t\t\t\t<div class=\"elementor-swiper-button elementor-swiper-button-prev\">\n\t\t\t\t\t\t\t<i aria-hidden=\"true\" class=\"eicon-chevron-left\"><\/i>\t\t\t\t\t\t\t<span class=\"elementor-screen-only\">Previous<\/span>\n\t\t\t\t\t\t<\/div>\n\t\t\t\t\t\t<div class=\"elementor-swiper-button elementor-swiper-button-next\">\n\t\t\t\t\t\t\t<i aria-hidden=\"true\" class=\"eicon-chevron-right\"><\/i>\t\t\t\t\t\t\t<span class=\"elementor-screen-only\">Next<\/span>\n\t\t\t\t\t\t<\/div>\n\t\t\t\t\t\t\t\t\t\t\t\t<\/div>\n\t\t<\/div>\n\t\t\t\t<\/div>\n\t\t\t\t<\/div>\n\t\t\t\t\t<\/div>\n\t\t<\/div>\n\t\t\t\t\t\t\t<\/div>\n\t\t<\/section>\n\t\t\t\t\t\t\t<\/div>","protected":false},"excerpt":{"rendered":"<p>\u00dcber den Aussteller BENZ + WALTER steht f\u00fcr individuelle L\u00f6sungen, Zuverl\u00e4ssigkeit, Kompetenz und pers\u00f6nlichen Einsatz: Wir sind da, wenn Sie uns brauchen! Hier erhalten Sie Unterst\u00fctzung, um neue und vorhandene L\u00f6sungen und Daten so zu kombinieren, dass aus Ihren Ideen wertvolle Konzepte f\u00fcr eine digitale Zukunft geschaffen werden. Wir erzeugen Innovation durch Kombination \u2013 und [&hellip;]<\/p>","protected":false},"author":1,"featured_media":6226,"parent":6508,"menu_order":0,"comment_status":"closed","ping_status":"closed","template":"","meta":[],"aioseo_notices":[],"_links":{"self":[{"href":"https:\/\/motion-x.net\/en\/wp-json\/wp\/v2\/pages\/6447"}],"collection":[{"href":"https:\/\/motion-x.net\/en\/wp-json\/wp\/v2\/pages"}],"about":[{"href":"https:\/\/motion-x.net\/en\/wp-json\/wp\/v2\/types\/page"}],"author":[{"embeddable":true,"href":"https:\/\/motion-x.net\/en\/wp-json\/wp\/v2\/users\/1"}],"replies":[{"embeddable":true,"href":"https:\/\/motion-x.net\/en\/wp-json\/wp\/v2\/comments?post=6447"}],"version-history":[{"count":22,"href":"https:\/\/motion-x.net\/en\/wp-json\/wp\/v2\/pages\/6447\/revisions"}],"predecessor-version":[{"id":9663,"href":"https:\/\/motion-x.net\/en\/wp-json\/wp\/v2\/pages\/6447\/revisions\/9663"}],"up":[{"embeddable":true,"href":"https:\/\/motion-x.net\/en\/wp-json\/wp\/v2\/pages\/6508"}],"wp:featuredmedia":[{"embeddable":true,"href":"https:\/\/motion-x.net\/en\/wp-json\/wp\/v2\/media\/6226"}],"wp:attachment":[{"href":"https:\/\/motion-x.net\/en\/wp-json\/wp\/v2\/media?parent=6447"}],"curies":[{"name":"wp","href":"https:\/\/api.w.org\/{rel}","templated":true}]}}